{"id":8971,"date":"2025-12-03T09:11:00","date_gmt":"2025-12-03T08:11:00","guid":{"rendered":"https:\/\/www.anatomic.sk\/eshop\/?post_type=product&#038;p=8971"},"modified":"2026-04-21T10:28:04","modified_gmt":"2026-04-21T08:28:04","slug":"nibs-2","status":"publish","type":"product","link":"https:\/\/www.anatomic.sk\/eshop\/en\/produkt\/nibs-2\/","title":{"rendered":"Nibs"},"content":{"rendered":"<h2>Nibs<\/h2>\n<p>Set includes 12 almost identical climbing holds with mini grips. Designed as footholds, they can also function as mini holds in technical bouldering, for balance training, footwork or fingerwork\u2014mounts with wood screws.<\/p>\n<table>\n<tbody>\n<tr>\n<td>Fasteners are not included in the climbing set.<\/td>\n<\/tr>\n<tr>\n<td>All climbing holds are suitable for outdoor and indoor use.<\/td>\n<\/tr>\n<\/tbody>\n<\/table>\n<p style=\"text-align: center\">\u00a9 Anatomic 2025, Design by Marek Rep\u010d\u00edk<\/p>\n\n    <div class=\"xs_social_share_widget xs_share_url after_content \t\tmain_content  wslu-style-1 wslu-share-box-shaped wslu-fill-colored wslu-none wslu-share-horizontal wslu-theme-font-no wslu-main_content\">\n\n\t\t\n        <ul>\n\t\t\t        <\/ul>\n    <\/div> \n","protected":false},"excerpt":{"rendered":"<table>\n<tbody>\n<tr>\n<td>Holds in set<\/td>\n<td>12<\/td>\n<\/tr>\n<tr>\n<td>Sizes<\/td>\n<td>S, M<\/td>\n<\/tr>\n<tr>\n<td>Grip types<\/td>\n<td>Footholds, Crimps<\/td>\n<\/tr>\n<tr>\n<td style=\"vertical-align: middle\">Usage<\/td>\n<td style=\"vertical-align: middle\">0\u00b0-15\u00b0<\/td>\n<\/tr>\n<\/tbody>\n<\/table>\n<table>\n<tbody>\n<tr>\n<td style=\"text-align: center\">Assembly<\/td>\n<\/tr>\n<tr>\n<td style=\"text-align: center\">24x<\/td>\n<\/tr>\n<tr>\n<td><a href=\"https:\/\/www.anatomic.sk\/eshop\/en\/produkt\/wood-screw-45x40-torx-t20\/\"><img decoding=\"async\" class=\"wp-image-14339 aligncenter\" src=\"https:\/\/www.anatomic.sk\/eshop\/wp-content\/uploads\/2025\/12\/s-40.png\" alt=\"Wood screw 4,5x40\" width=\"40\" height=\"40\" srcset=\"https:\/\/www.anatomic.sk\/eshop\/wp-content\/uploads\/2025\/12\/s-40.png 120w, https:\/\/www.anatomic.sk\/eshop\/wp-content\/uploads\/2025\/12\/s-40-100x100.png 100w, https:\/\/www.anatomic.sk\/eshop\/wp-content\/uploads\/2025\/12\/s-40-50x50.png 50w\" sizes=\"(max-width: 40px) 100vw, 40px\" \/><\/a><\/td>\n<\/tr>\n<\/tbody>\n<\/table>\n<p>&nbsp;<\/p>\n","protected":false},"featured_media":9009,"template":"","meta":{"_acf_changed":false},"product_brand":[],"product_cat":[54,460],"product_tag":[462,464],"class_list":{"0":"post-8971","1":"product","2":"type-product","3":"status-publish","4":"has-post-thumbnail","6":"product_cat-climbing-holds-polyurethan","7":"product_cat-micro-en","8":"product_tag-crimps-en","9":"product_tag-footholds-en","10":"product_shipping_class-max-lenght-120","12":"first","13":"instock","14":"taxable","15":"shipping-taxable","16":"purchasable","17":"product-type-variable","18":"has-default-attributes"},"acf":[],"yoast_head":"<!-- This site is optimized with the Yoast SEO plugin v27.4 - https:\/\/yoast.com\/product\/yoast-seo-wordpress\/ -->\n<title>Nibs - Anatomic.sk<\/title>\n<meta name=\"description\" content=\"Nibs - Climbing Holds | Footholds for climbing | Grip type - crimps | 11 holds in set | Installation on the lower part of the wall.\" \/>\n<meta name=\"robots\" content=\"index, follow, max-snippet:-1, max-image-preview:large, max-video-preview:-1\" \/>\n<link rel=\"canonical\" href=\"https:\/\/www.anatomic.sk\/eshop\/en\/produkt\/nibs-2\/\" \/>\n<meta property=\"og:locale\" content=\"sk_SK\" \/>\n<meta property=\"og:type\" content=\"article\" \/>\n<meta property=\"og:title\" content=\"Nibs - Anatomic.sk\" \/>\n<meta property=\"og:description\" content=\"Nibs - Climbing Holds | Footholds for climbing | Grip type - crimps | 11 holds in set | Installation on the lower part of the wall.\" \/>\n<meta property=\"og:url\" content=\"https:\/\/www.anatomic.sk\/eshop\/en\/produkt\/nibs-2\/\" \/>\n<meta property=\"og:site_name\" content=\"Anatomic.sk\" \/>\n<meta property=\"article:publisher\" content=\"https:\/\/www.facebook.com\/anatomic.sk\" \/>\n<meta property=\"article:modified_time\" content=\"2026-04-21T08:28:04+00:00\" \/>\n<meta property=\"og:image\" content=\"https:\/\/www.anatomic.sk\/eshop\/wp-content\/uploads\/2025\/12\/climbing-holds-screwers-oval-2-1.jpg\" \/>\n\t<meta property=\"og:image:width\" content=\"1024\" \/>\n\t<meta property=\"og:image:height\" content=\"1024\" \/>\n\t<meta property=\"og:image:type\" content=\"image\/jpeg\" \/>\n<meta name=\"twitter:card\" content=\"summary_large_image\" \/>\n<meta name=\"twitter:label1\" content=\"Predpokladan\u00fd \u010das \u010d\u00edtania\" \/>\n\t<meta name=\"twitter:data1\" content=\"1 min\u00fata\" \/>\n<script type=\"application\/ld+json\" class=\"yoast-schema-graph\">{\"@context\":\"https:\\\/\\\/schema.org\",\"@graph\":[{\"@type\":\"WebPage\",\"@id\":\"https:\\\/\\\/www.anatomic.sk\\\/eshop\\\/en\\\/produkt\\\/nibs-2\\\/\",\"url\":\"https:\\\/\\\/www.anatomic.sk\\\/eshop\\\/en\\\/produkt\\\/nibs-2\\\/\",\"name\":\"Nibs - Anatomic.sk\",\"isPartOf\":{\"@id\":\"https:\\\/\\\/www.anatomic.sk\\\/eshop\\\/#website\"},\"primaryImageOfPage\":{\"@id\":\"https:\\\/\\\/www.anatomic.sk\\\/eshop\\\/en\\\/produkt\\\/nibs-2\\\/#primaryimage\"},\"image\":{\"@id\":\"https:\\\/\\\/www.anatomic.sk\\\/eshop\\\/en\\\/produkt\\\/nibs-2\\\/#primaryimage\"},\"thumbnailUrl\":\"https:\\\/\\\/www.anatomic.sk\\\/eshop\\\/wp-content\\\/uploads\\\/2025\\\/12\\\/climbing-holds-screwers-oval-2-1.jpg\",\"datePublished\":\"2025-12-03T08:11:00+00:00\",\"dateModified\":\"2026-04-21T08:28:04+00:00\",\"description\":\"Nibs - Climbing Holds | Footholds for climbing | Grip type - crimps | 11 holds in set | Installation on the lower part of the wall.\",\"breadcrumb\":{\"@id\":\"https:\\\/\\\/www.anatomic.sk\\\/eshop\\\/en\\\/produkt\\\/nibs-2\\\/#breadcrumb\"},\"inLanguage\":\"sk-SK\",\"potentialAction\":[{\"@type\":\"ReadAction\",\"target\":[\"https:\\\/\\\/www.anatomic.sk\\\/eshop\\\/en\\\/produkt\\\/nibs-2\\\/\"]}]},{\"@type\":\"ImageObject\",\"inLanguage\":\"sk-SK\",\"@id\":\"https:\\\/\\\/www.anatomic.sk\\\/eshop\\\/en\\\/produkt\\\/nibs-2\\\/#primaryimage\",\"url\":\"https:\\\/\\\/www.anatomic.sk\\\/eshop\\\/wp-content\\\/uploads\\\/2025\\\/12\\\/climbing-holds-screwers-oval-2-1.jpg\",\"contentUrl\":\"https:\\\/\\\/www.anatomic.sk\\\/eshop\\\/wp-content\\\/uploads\\\/2025\\\/12\\\/climbing-holds-screwers-oval-2-1.jpg\",\"width\":1024,\"height\":1024},{\"@type\":\"BreadcrumbList\",\"@id\":\"https:\\\/\\\/www.anatomic.sk\\\/eshop\\\/en\\\/produkt\\\/nibs-2\\\/#breadcrumb\",\"itemListElement\":[{\"@type\":\"ListItem\",\"position\":1,\"name\":\"Domovsk\u00e1 str\u00e1nka\",\"item\":\"https:\\\/\\\/www.anatomic.sk\\\/eshop\\\/\"},{\"@type\":\"ListItem\",\"position\":2,\"name\":\"Obchod\",\"item\":\"https:\\\/\\\/www.anatomic.sk\\\/eshop\\\/obchod\\\/\"},{\"@type\":\"ListItem\",\"position\":3,\"name\":\"Nibs\"}]},{\"@type\":\"WebSite\",\"@id\":\"https:\\\/\\\/www.anatomic.sk\\\/eshop\\\/#website\",\"url\":\"https:\\\/\\\/www.anatomic.sk\\\/eshop\\\/\",\"name\":\"Anatomic Climbing Holds\",\"description\":\"Lezeck\u00e9 chyty a \u0161trukt\u00fary\",\"publisher\":{\"@id\":\"https:\\\/\\\/www.anatomic.sk\\\/eshop\\\/#organization\"},\"potentialAction\":[{\"@type\":\"SearchAction\",\"target\":{\"@type\":\"EntryPoint\",\"urlTemplate\":\"https:\\\/\\\/www.anatomic.sk\\\/eshop\\\/?s={search_term_string}\"},\"query-input\":{\"@type\":\"PropertyValueSpecification\",\"valueRequired\":true,\"valueName\":\"search_term_string\"}}],\"inLanguage\":\"sk-SK\"},{\"@type\":\"Organization\",\"@id\":\"https:\\\/\\\/www.anatomic.sk\\\/eshop\\\/#organization\",\"name\":\"Anatomic Climbing Holds\",\"url\":\"https:\\\/\\\/www.anatomic.sk\\\/eshop\\\/\",\"logo\":{\"@type\":\"ImageObject\",\"inLanguage\":\"sk-SK\",\"@id\":\"https:\\\/\\\/www.anatomic.sk\\\/eshop\\\/#\\\/schema\\\/logo\\\/image\\\/\",\"url\":\"https:\\\/\\\/www.anatomic.sk\\\/eshop\\\/wp-content\\\/uploads\\\/2025\\\/12\\\/cropped-logo-anatomic-sk.png\",\"contentUrl\":\"https:\\\/\\\/www.anatomic.sk\\\/eshop\\\/wp-content\\\/uploads\\\/2025\\\/12\\\/cropped-logo-anatomic-sk.png\",\"width\":200,\"height\":67,\"caption\":\"Anatomic Climbing Holds\"},\"image\":{\"@id\":\"https:\\\/\\\/www.anatomic.sk\\\/eshop\\\/#\\\/schema\\\/logo\\\/image\\\/\"},\"sameAs\":[\"https:\\\/\\\/www.facebook.com\\\/anatomic.sk\",\"https:\\\/\\\/www.instagram.com\\\/anatomic_holds_walls\\\/\"]}]}<\/script>\n<!-- \/ Yoast SEO plugin. -->","yoast_head_json":{"title":"Nibs - Anatomic.sk","description":"Nibs - Climbing Holds | Footholds for climbing | Grip type - crimps | 11 holds in set | Installation on the lower part of the wall.","robots":{"index":"index","follow":"follow","max-snippet":"max-snippet:-1","max-image-preview":"max-image-preview:large","max-video-preview":"max-video-preview:-1"},"canonical":"https:\/\/www.anatomic.sk\/eshop\/en\/produkt\/nibs-2\/","og_locale":"sk_SK","og_type":"article","og_title":"Nibs - Anatomic.sk","og_description":"Nibs - Climbing Holds | Footholds for climbing | Grip type - crimps | 11 holds in set | Installation on the lower part of the wall.","og_url":"https:\/\/www.anatomic.sk\/eshop\/en\/produkt\/nibs-2\/","og_site_name":"Anatomic.sk","article_publisher":"https:\/\/www.facebook.com\/anatomic.sk","article_modified_time":"2026-04-21T08:28:04+00:00","og_image":[{"width":1024,"height":1024,"url":"https:\/\/www.anatomic.sk\/eshop\/wp-content\/uploads\/2025\/12\/climbing-holds-screwers-oval-2-1.jpg","type":"image\/jpeg"}],"twitter_card":"summary_large_image","twitter_misc":{"Predpokladan\u00fd \u010das \u010d\u00edtania":"1 min\u00fata"},"schema":{"@context":"https:\/\/schema.org","@graph":[{"@type":"WebPage","@id":"https:\/\/www.anatomic.sk\/eshop\/en\/produkt\/nibs-2\/","url":"https:\/\/www.anatomic.sk\/eshop\/en\/produkt\/nibs-2\/","name":"Nibs - Anatomic.sk","isPartOf":{"@id":"https:\/\/www.anatomic.sk\/eshop\/#website"},"primaryImageOfPage":{"@id":"https:\/\/www.anatomic.sk\/eshop\/en\/produkt\/nibs-2\/#primaryimage"},"image":{"@id":"https:\/\/www.anatomic.sk\/eshop\/en\/produkt\/nibs-2\/#primaryimage"},"thumbnailUrl":"https:\/\/www.anatomic.sk\/eshop\/wp-content\/uploads\/2025\/12\/climbing-holds-screwers-oval-2-1.jpg","datePublished":"2025-12-03T08:11:00+00:00","dateModified":"2026-04-21T08:28:04+00:00","description":"Nibs - Climbing Holds | Footholds for climbing | Grip type - crimps | 11 holds in set | Installation on the lower part of the wall.","breadcrumb":{"@id":"https:\/\/www.anatomic.sk\/eshop\/en\/produkt\/nibs-2\/#breadcrumb"},"inLanguage":"sk-SK","potentialAction":[{"@type":"ReadAction","target":["https:\/\/www.anatomic.sk\/eshop\/en\/produkt\/nibs-2\/"]}]},{"@type":"ImageObject","inLanguage":"sk-SK","@id":"https:\/\/www.anatomic.sk\/eshop\/en\/produkt\/nibs-2\/#primaryimage","url":"https:\/\/www.anatomic.sk\/eshop\/wp-content\/uploads\/2025\/12\/climbing-holds-screwers-oval-2-1.jpg","contentUrl":"https:\/\/www.anatomic.sk\/eshop\/wp-content\/uploads\/2025\/12\/climbing-holds-screwers-oval-2-1.jpg","width":1024,"height":1024},{"@type":"BreadcrumbList","@id":"https:\/\/www.anatomic.sk\/eshop\/en\/produkt\/nibs-2\/#breadcrumb","itemListElement":[{"@type":"ListItem","position":1,"name":"Domovsk\u00e1 str\u00e1nka","item":"https:\/\/www.anatomic.sk\/eshop\/"},{"@type":"ListItem","position":2,"name":"Obchod","item":"https:\/\/www.anatomic.sk\/eshop\/obchod\/"},{"@type":"ListItem","position":3,"name":"Nibs"}]},{"@type":"WebSite","@id":"https:\/\/www.anatomic.sk\/eshop\/#website","url":"https:\/\/www.anatomic.sk\/eshop\/","name":"Anatomic Climbing Holds","description":"Lezeck\u00e9 chyty a \u0161trukt\u00fary","publisher":{"@id":"https:\/\/www.anatomic.sk\/eshop\/#organization"},"potentialAction":[{"@type":"SearchAction","target":{"@type":"EntryPoint","urlTemplate":"https:\/\/www.anatomic.sk\/eshop\/?s={search_term_string}"},"query-input":{"@type":"PropertyValueSpecification","valueRequired":true,"valueName":"search_term_string"}}],"inLanguage":"sk-SK"},{"@type":"Organization","@id":"https:\/\/www.anatomic.sk\/eshop\/#organization","name":"Anatomic Climbing Holds","url":"https:\/\/www.anatomic.sk\/eshop\/","logo":{"@type":"ImageObject","inLanguage":"sk-SK","@id":"https:\/\/www.anatomic.sk\/eshop\/#\/schema\/logo\/image\/","url":"https:\/\/www.anatomic.sk\/eshop\/wp-content\/uploads\/2025\/12\/cropped-logo-anatomic-sk.png","contentUrl":"https:\/\/www.anatomic.sk\/eshop\/wp-content\/uploads\/2025\/12\/cropped-logo-anatomic-sk.png","width":200,"height":67,"caption":"Anatomic Climbing Holds"},"image":{"@id":"https:\/\/www.anatomic.sk\/eshop\/#\/schema\/logo\/image\/"},"sameAs":["https:\/\/www.facebook.com\/anatomic.sk","https:\/\/www.instagram.com\/anatomic_holds_walls\/"]}]}},"_links":{"self":[{"href":"https:\/\/www.anatomic.sk\/eshop\/wp-json\/wp\/v2\/product\/8971","targetHints":{"allow":["GET"]}}],"collection":[{"href":"https:\/\/www.anatomic.sk\/eshop\/wp-json\/wp\/v2\/product"}],"about":[{"href":"https:\/\/www.anatomic.sk\/eshop\/wp-json\/wp\/v2\/types\/product"}],"version-history":[{"count":2,"href":"https:\/\/www.anatomic.sk\/eshop\/wp-json\/wp\/v2\/product\/8971\/revisions"}],"predecessor-version":[{"id":15094,"href":"https:\/\/www.anatomic.sk\/eshop\/wp-json\/wp\/v2\/product\/8971\/revisions\/15094"}],"wp:featuredmedia":[{"embeddable":true,"href":"https:\/\/www.anatomic.sk\/eshop\/wp-json\/wp\/v2\/media\/9009"}],"wp:attachment":[{"href":"https:\/\/www.anatomic.sk\/eshop\/wp-json\/wp\/v2\/media?parent=8971"}],"wp:term":[{"taxonomy":"product_brand","embeddable":true,"href":"https:\/\/www.anatomic.sk\/eshop\/wp-json\/wp\/v2\/product_brand?post=8971"},{"taxonomy":"product_cat","embeddable":true,"href":"https:\/\/www.anatomic.sk\/eshop\/wp-json\/wp\/v2\/product_cat?post=8971"},{"taxonomy":"product_tag","embeddable":true,"href":"https:\/\/www.anatomic.sk\/eshop\/wp-json\/wp\/v2\/product_tag?post=8971"}],"curies":[{"name":"wp","href":"https:\/\/api.w.org\/{rel}","templated":true}]}}