{"id":8887,"date":"2025-12-03T09:09:08","date_gmt":"2025-12-03T08:09:08","guid":{"rendered":"https:\/\/www.anatomic.sk\/eshop\/?post_type=product&#038;p=8887"},"modified":"2026-04-22T07:33:54","modified_gmt":"2026-04-22T05:33:54","slug":"sabers-family-2","status":"publish","type":"product","link":"https:\/\/www.anatomic.sk\/eshop\/en\/produkt\/sabers-family-2\/","title":{"rendered":"Sabers Family"},"content":{"rendered":"<h2>Sabers Family<\/h2>\n<p>The Sabers climbing hold family combines the Sabers 1, 2, and 3 sets and offers 17 holds. This complex set includes sizes M, ,L, and XL. The set is dominated by holds with a bar grip type, with a few holds with a handrail grip type. The smaller holds are ideal for technical moves, while the larger holds provide stability on dynamic routes. The perfect choice for creating diverse routes for climbers of all levels!<\/p>\n<p>The climbing holds are made of durable polyurethane. They are mounted on the climbing wall using Allen screws and wood screws.<\/p>\n<table>\n<tbody>\n<tr>\n<td>Fasteners are not included in the climbing set.<\/td>\n<\/tr>\n<tr>\n<td>All climbing holds are suitable for outdoor and indoor use.<\/td>\n<\/tr>\n<\/tbody>\n<\/table>\n<p style=\"text-align: center\">\u00a9 Anatomic 2025, Design by Marek Rep\u010d\u00edk.<\/p>\n\n    <div class=\"xs_social_share_widget xs_share_url after_content \t\tmain_content  wslu-style-1 wslu-share-box-shaped wslu-fill-colored wslu-none wslu-share-horizontal wslu-theme-font-no wslu-main_content\">\n\n\t\t\n        <ul>\n\t\t\t        <\/ul>\n    <\/div> \n","protected":false},"excerpt":{"rendered":"<table>\n<tbody>\n<tr>\n<td>Holds in set<\/td>\n<td>17<\/td>\n<\/tr>\n<tr>\n<td>Size<\/td>\n<td>M, L, XL<\/td>\n<\/tr>\n<tr>\n<td>Grip type<\/td>\n<td>Jugs, Edges<\/td>\n<\/tr>\n<tr>\n<td style=\"text-align: center\" colspan=\"2\">Dual Texture<\/td>\n<\/tr>\n<tr>\n<td>Usage &#8211; angle<\/td>\n<td>0\u00b0-60\u00b0<\/td>\n<\/tr>\n<\/tbody>\n<\/table>\n<table>\n<tbody>\n<tr>\n<td style=\"text-align: center\" colspan=\"5\">Assembly<\/td>\n<\/tr>\n<tr>\n<td style=\"text-align: center\">41x<\/td>\n<td style=\"text-align: center\">1x<\/td>\n<td style=\"text-align: center\">2x<\/td>\n<td style=\"text-align: center\">3x<\/td>\n<td style=\"text-align: center\">6x<\/td>\n<\/tr>\n<tr>\n<td style=\"text-align: center\"><a href=\"https:\/\/www.anatomic.sk\/eshop\/en\/produkt\/wood-screw-45x40-torx-t20\/\"><img decoding=\"async\" class=\"size-full wp-image-117 aligncenter\" src=\"http:\/\/www.anatomic.sk\/eshop\/wp-content\/uploads\/2025\/12\/s-40.png\" alt=\"Wood screw 4,5x40\" width=\"40\" height=\"40\" \/><\/a><\/td>\n<td style=\"text-align: center\"><a href=\"https:\/\/www.anatomic.sk\/eshop\/produkt\/allan-screw-10-60\/\"><img decoding=\"async\" class=\"size-full wp-image-117 aligncenter\" src=\"http:\/\/www.anatomic.sk\/eshop\/wp-content\/uploads\/2025\/12\/60.png\" alt=\"Allen screw 10\/60\" width=\"40\" height=\"40\" \/><\/a><\/td>\n<td style=\"text-align: center\"><a href=\"https:\/\/www.anatomic.sk\/eshop\/produkt\/allan-screw-10-80\/\"><img decoding=\"async\" class=\"size-full wp-image-117 aligncenter\" src=\"http:\/\/www.anatomic.sk\/eshop\/wp-content\/uploads\/2025\/12\/80.png\" alt=\"Allen screw 10\/80\" width=\"40\" height=\"40\" \/><\/a><\/td>\n<td style=\"text-align: center\"><a href=\"https:\/\/www.anatomic.sk\/eshop\/en\/produkt\/round-base-t-nut-m10-with-holes\/\"><img loading=\"lazy\" decoding=\"async\" class=\"size-full wp-image-117 aligncenter\" src=\"http:\/\/www.anatomic.sk\/eshop\/wp-content\/uploads\/2025\/12\/nut.png\" alt=\"T-nut M10\" width=\"40\" height=\"40\" \/><\/a><\/td>\n<td style=\"text-align: center\"><a href=\"https:\/\/www.anatomic.sk\/eshop\/en\/produkt\/wood-screw-40x18-torx-t20\/\"><img loading=\"lazy\" decoding=\"async\" class=\"size-full wp-image-117 aligncenter\" src=\"http:\/\/www.anatomic.sk\/eshop\/wp-content\/uploads\/2025\/12\/s-20.png\" alt=\"Wood screw 4,0x20\" width=\"40\" height=\"40\" \/><\/a><\/td>\n<\/tr>\n<\/tbody>\n<\/table>\n<p>&nbsp;<\/p>\n","protected":false},"featured_media":8943,"template":"","meta":{"_acf_changed":false},"product_brand":[],"product_cat":[54,482],"product_tag":[446,452],"class_list":{"0":"post-8887","1":"product","2":"type-product","3":"status-publish","4":"has-post-thumbnail","6":"product_cat-climbing-holds-polyurethan","7":"product_cat-sabers-en","8":"product_tag-edges-en","9":"product_tag-jugs-en","10":"product_shipping_class-hmotnost-nad-5kg","12":"first","13":"instock","14":"taxable","15":"shipping-taxable","16":"purchasable","17":"product-type-variable","18":"has-default-attributes"},"acf":[],"yoast_head":"<!-- This site is optimized with the Yoast SEO plugin v27.4 - https:\/\/yoast.com\/product\/yoast-seo-wordpress\/ -->\n<title>Sabers Family Climbing holds - Anatomic.sk<\/title>\n<meta name=\"description\" content=\"Sabers Family Climbing Holds | complex set includes sizes M, ,L, and XL with 17 holds in set | Grip-type edges, jug | Suitable for climbing profiles up to 60\u00b0 angle.\" \/>\n<meta name=\"robots\" content=\"index, follow, max-snippet:-1, max-image-preview:large, max-video-preview:-1\" \/>\n<link rel=\"canonical\" href=\"https:\/\/www.anatomic.sk\/eshop\/en\/produkt\/sabers-family-2\/\" \/>\n<meta property=\"og:locale\" content=\"sk_SK\" \/>\n<meta property=\"og:type\" content=\"article\" \/>\n<meta property=\"og:title\" content=\"Sabers Family Climbing holds - Anatomic.sk\" \/>\n<meta property=\"og:description\" content=\"Sabers Family Climbing Holds | complex set includes sizes M, ,L, and XL with 17 holds in set | Grip-type edges, jug | Suitable for climbing profiles up to 60\u00b0 angle.\" \/>\n<meta property=\"og:url\" content=\"https:\/\/www.anatomic.sk\/eshop\/en\/produkt\/sabers-family-2\/\" \/>\n<meta property=\"og:site_name\" content=\"Anatomic.sk\" \/>\n<meta property=\"article:publisher\" content=\"https:\/\/www.facebook.com\/anatomic.sk\" \/>\n<meta property=\"article:modified_time\" content=\"2026-04-22T05:33:54+00:00\" \/>\n<meta property=\"og:image\" content=\"https:\/\/www.anatomic.sk\/eshop\/wp-content\/uploads\/2025\/12\/sabers-family-holds-1.jpg\" \/>\n\t<meta property=\"og:image:width\" content=\"1024\" \/>\n\t<meta property=\"og:image:height\" content=\"1024\" \/>\n\t<meta property=\"og:image:type\" content=\"image\/jpeg\" \/>\n<meta name=\"twitter:card\" content=\"summary_large_image\" \/>\n<meta name=\"twitter:label1\" content=\"Predpokladan\u00fd \u010das \u010d\u00edtania\" \/>\n\t<meta name=\"twitter:data1\" content=\"1 min\u00fata\" \/>\n<script type=\"application\/ld+json\" class=\"yoast-schema-graph\">{\"@context\":\"https:\\\/\\\/schema.org\",\"@graph\":[{\"@type\":\"WebPage\",\"@id\":\"https:\\\/\\\/www.anatomic.sk\\\/eshop\\\/en\\\/produkt\\\/sabers-family-2\\\/\",\"url\":\"https:\\\/\\\/www.anatomic.sk\\\/eshop\\\/en\\\/produkt\\\/sabers-family-2\\\/\",\"name\":\"Sabers Family Climbing holds - Anatomic.sk\",\"isPartOf\":{\"@id\":\"https:\\\/\\\/www.anatomic.sk\\\/eshop\\\/#website\"},\"primaryImageOfPage\":{\"@id\":\"https:\\\/\\\/www.anatomic.sk\\\/eshop\\\/en\\\/produkt\\\/sabers-family-2\\\/#primaryimage\"},\"image\":{\"@id\":\"https:\\\/\\\/www.anatomic.sk\\\/eshop\\\/en\\\/produkt\\\/sabers-family-2\\\/#primaryimage\"},\"thumbnailUrl\":\"https:\\\/\\\/www.anatomic.sk\\\/eshop\\\/wp-content\\\/uploads\\\/2025\\\/12\\\/sabers-family-holds-1.jpg\",\"datePublished\":\"2025-12-03T08:09:08+00:00\",\"dateModified\":\"2026-04-22T05:33:54+00:00\",\"description\":\"Sabers Family Climbing Holds | complex set includes sizes M, ,L, and XL with 17 holds in set | Grip-type edges, jug | Suitable for climbing profiles up to 60\u00b0 angle.\",\"breadcrumb\":{\"@id\":\"https:\\\/\\\/www.anatomic.sk\\\/eshop\\\/en\\\/produkt\\\/sabers-family-2\\\/#breadcrumb\"},\"inLanguage\":\"sk-SK\",\"potentialAction\":[{\"@type\":\"ReadAction\",\"target\":[\"https:\\\/\\\/www.anatomic.sk\\\/eshop\\\/en\\\/produkt\\\/sabers-family-2\\\/\"]}]},{\"@type\":\"ImageObject\",\"inLanguage\":\"sk-SK\",\"@id\":\"https:\\\/\\\/www.anatomic.sk\\\/eshop\\\/en\\\/produkt\\\/sabers-family-2\\\/#primaryimage\",\"url\":\"https:\\\/\\\/www.anatomic.sk\\\/eshop\\\/wp-content\\\/uploads\\\/2025\\\/12\\\/sabers-family-holds-1.jpg\",\"contentUrl\":\"https:\\\/\\\/www.anatomic.sk\\\/eshop\\\/wp-content\\\/uploads\\\/2025\\\/12\\\/sabers-family-holds-1.jpg\",\"width\":1024,\"height\":1024,\"caption\":\"Sabers Family | Anatomic Climbing Holds\"},{\"@type\":\"BreadcrumbList\",\"@id\":\"https:\\\/\\\/www.anatomic.sk\\\/eshop\\\/en\\\/produkt\\\/sabers-family-2\\\/#breadcrumb\",\"itemListElement\":[{\"@type\":\"ListItem\",\"position\":1,\"name\":\"Domovsk\u00e1 str\u00e1nka\",\"item\":\"https:\\\/\\\/www.anatomic.sk\\\/eshop\\\/\"},{\"@type\":\"ListItem\",\"position\":2,\"name\":\"Obchod\",\"item\":\"https:\\\/\\\/www.anatomic.sk\\\/eshop\\\/obchod\\\/\"},{\"@type\":\"ListItem\",\"position\":3,\"name\":\"Sabers Family\"}]},{\"@type\":\"WebSite\",\"@id\":\"https:\\\/\\\/www.anatomic.sk\\\/eshop\\\/#website\",\"url\":\"https:\\\/\\\/www.anatomic.sk\\\/eshop\\\/\",\"name\":\"Anatomic Climbing Holds\",\"description\":\"Lezeck\u00e9 chyty a \u0161trukt\u00fary\",\"publisher\":{\"@id\":\"https:\\\/\\\/www.anatomic.sk\\\/eshop\\\/#organization\"},\"potentialAction\":[{\"@type\":\"SearchAction\",\"target\":{\"@type\":\"EntryPoint\",\"urlTemplate\":\"https:\\\/\\\/www.anatomic.sk\\\/eshop\\\/?s={search_term_string}\"},\"query-input\":{\"@type\":\"PropertyValueSpecification\",\"valueRequired\":true,\"valueName\":\"search_term_string\"}}],\"inLanguage\":\"sk-SK\"},{\"@type\":\"Organization\",\"@id\":\"https:\\\/\\\/www.anatomic.sk\\\/eshop\\\/#organization\",\"name\":\"Anatomic Climbing Holds\",\"url\":\"https:\\\/\\\/www.anatomic.sk\\\/eshop\\\/\",\"logo\":{\"@type\":\"ImageObject\",\"inLanguage\":\"sk-SK\",\"@id\":\"https:\\\/\\\/www.anatomic.sk\\\/eshop\\\/#\\\/schema\\\/logo\\\/image\\\/\",\"url\":\"https:\\\/\\\/www.anatomic.sk\\\/eshop\\\/wp-content\\\/uploads\\\/2025\\\/12\\\/cropped-logo-anatomic-sk.png\",\"contentUrl\":\"https:\\\/\\\/www.anatomic.sk\\\/eshop\\\/wp-content\\\/uploads\\\/2025\\\/12\\\/cropped-logo-anatomic-sk.png\",\"width\":200,\"height\":67,\"caption\":\"Anatomic Climbing Holds\"},\"image\":{\"@id\":\"https:\\\/\\\/www.anatomic.sk\\\/eshop\\\/#\\\/schema\\\/logo\\\/image\\\/\"},\"sameAs\":[\"https:\\\/\\\/www.facebook.com\\\/anatomic.sk\",\"https:\\\/\\\/www.instagram.com\\\/anatomic_holds_walls\\\/\"]}]}<\/script>\n<!-- \/ Yoast SEO plugin. -->","yoast_head_json":{"title":"Sabers Family Climbing holds - Anatomic.sk","description":"Sabers Family Climbing Holds | complex set includes sizes M, ,L, and XL with 17 holds in set | Grip-type edges, jug | Suitable for climbing profiles up to 60\u00b0 angle.","robots":{"index":"index","follow":"follow","max-snippet":"max-snippet:-1","max-image-preview":"max-image-preview:large","max-video-preview":"max-video-preview:-1"},"canonical":"https:\/\/www.anatomic.sk\/eshop\/en\/produkt\/sabers-family-2\/","og_locale":"sk_SK","og_type":"article","og_title":"Sabers Family Climbing holds - Anatomic.sk","og_description":"Sabers Family Climbing Holds | complex set includes sizes M, ,L, and XL with 17 holds in set | Grip-type edges, jug | Suitable for climbing profiles up to 60\u00b0 angle.","og_url":"https:\/\/www.anatomic.sk\/eshop\/en\/produkt\/sabers-family-2\/","og_site_name":"Anatomic.sk","article_publisher":"https:\/\/www.facebook.com\/anatomic.sk","article_modified_time":"2026-04-22T05:33:54+00:00","og_image":[{"width":1024,"height":1024,"url":"https:\/\/www.anatomic.sk\/eshop\/wp-content\/uploads\/2025\/12\/sabers-family-holds-1.jpg","type":"image\/jpeg"}],"twitter_card":"summary_large_image","twitter_misc":{"Predpokladan\u00fd \u010das \u010d\u00edtania":"1 min\u00fata"},"schema":{"@context":"https:\/\/schema.org","@graph":[{"@type":"WebPage","@id":"https:\/\/www.anatomic.sk\/eshop\/en\/produkt\/sabers-family-2\/","url":"https:\/\/www.anatomic.sk\/eshop\/en\/produkt\/sabers-family-2\/","name":"Sabers Family Climbing holds - Anatomic.sk","isPartOf":{"@id":"https:\/\/www.anatomic.sk\/eshop\/#website"},"primaryImageOfPage":{"@id":"https:\/\/www.anatomic.sk\/eshop\/en\/produkt\/sabers-family-2\/#primaryimage"},"image":{"@id":"https:\/\/www.anatomic.sk\/eshop\/en\/produkt\/sabers-family-2\/#primaryimage"},"thumbnailUrl":"https:\/\/www.anatomic.sk\/eshop\/wp-content\/uploads\/2025\/12\/sabers-family-holds-1.jpg","datePublished":"2025-12-03T08:09:08+00:00","dateModified":"2026-04-22T05:33:54+00:00","description":"Sabers Family Climbing Holds | complex set includes sizes M, ,L, and XL with 17 holds in set | Grip-type edges, jug | Suitable for climbing profiles up to 60\u00b0 angle.","breadcrumb":{"@id":"https:\/\/www.anatomic.sk\/eshop\/en\/produkt\/sabers-family-2\/#breadcrumb"},"inLanguage":"sk-SK","potentialAction":[{"@type":"ReadAction","target":["https:\/\/www.anatomic.sk\/eshop\/en\/produkt\/sabers-family-2\/"]}]},{"@type":"ImageObject","inLanguage":"sk-SK","@id":"https:\/\/www.anatomic.sk\/eshop\/en\/produkt\/sabers-family-2\/#primaryimage","url":"https:\/\/www.anatomic.sk\/eshop\/wp-content\/uploads\/2025\/12\/sabers-family-holds-1.jpg","contentUrl":"https:\/\/www.anatomic.sk\/eshop\/wp-content\/uploads\/2025\/12\/sabers-family-holds-1.jpg","width":1024,"height":1024,"caption":"Sabers Family | Anatomic Climbing Holds"},{"@type":"BreadcrumbList","@id":"https:\/\/www.anatomic.sk\/eshop\/en\/produkt\/sabers-family-2\/#breadcrumb","itemListElement":[{"@type":"ListItem","position":1,"name":"Domovsk\u00e1 str\u00e1nka","item":"https:\/\/www.anatomic.sk\/eshop\/"},{"@type":"ListItem","position":2,"name":"Obchod","item":"https:\/\/www.anatomic.sk\/eshop\/obchod\/"},{"@type":"ListItem","position":3,"name":"Sabers Family"}]},{"@type":"WebSite","@id":"https:\/\/www.anatomic.sk\/eshop\/#website","url":"https:\/\/www.anatomic.sk\/eshop\/","name":"Anatomic Climbing Holds","description":"Lezeck\u00e9 chyty a \u0161trukt\u00fary","publisher":{"@id":"https:\/\/www.anatomic.sk\/eshop\/#organization"},"potentialAction":[{"@type":"SearchAction","target":{"@type":"EntryPoint","urlTemplate":"https:\/\/www.anatomic.sk\/eshop\/?s={search_term_string}"},"query-input":{"@type":"PropertyValueSpecification","valueRequired":true,"valueName":"search_term_string"}}],"inLanguage":"sk-SK"},{"@type":"Organization","@id":"https:\/\/www.anatomic.sk\/eshop\/#organization","name":"Anatomic Climbing Holds","url":"https:\/\/www.anatomic.sk\/eshop\/","logo":{"@type":"ImageObject","inLanguage":"sk-SK","@id":"https:\/\/www.anatomic.sk\/eshop\/#\/schema\/logo\/image\/","url":"https:\/\/www.anatomic.sk\/eshop\/wp-content\/uploads\/2025\/12\/cropped-logo-anatomic-sk.png","contentUrl":"https:\/\/www.anatomic.sk\/eshop\/wp-content\/uploads\/2025\/12\/cropped-logo-anatomic-sk.png","width":200,"height":67,"caption":"Anatomic Climbing Holds"},"image":{"@id":"https:\/\/www.anatomic.sk\/eshop\/#\/schema\/logo\/image\/"},"sameAs":["https:\/\/www.facebook.com\/anatomic.sk","https:\/\/www.instagram.com\/anatomic_holds_walls\/"]}]}},"_links":{"self":[{"href":"https:\/\/www.anatomic.sk\/eshop\/wp-json\/wp\/v2\/product\/8887","targetHints":{"allow":["GET"]}}],"collection":[{"href":"https:\/\/www.anatomic.sk\/eshop\/wp-json\/wp\/v2\/product"}],"about":[{"href":"https:\/\/www.anatomic.sk\/eshop\/wp-json\/wp\/v2\/types\/product"}],"version-history":[{"count":2,"href":"https:\/\/www.anatomic.sk\/eshop\/wp-json\/wp\/v2\/product\/8887\/revisions"}],"predecessor-version":[{"id":15178,"href":"https:\/\/www.anatomic.sk\/eshop\/wp-json\/wp\/v2\/product\/8887\/revisions\/15178"}],"wp:featuredmedia":[{"embeddable":true,"href":"https:\/\/www.anatomic.sk\/eshop\/wp-json\/wp\/v2\/media\/8943"}],"wp:attachment":[{"href":"https:\/\/www.anatomic.sk\/eshop\/wp-json\/wp\/v2\/media?parent=8887"}],"wp:term":[{"taxonomy":"product_brand","embeddable":true,"href":"https:\/\/www.anatomic.sk\/eshop\/wp-json\/wp\/v2\/product_brand?post=8887"},{"taxonomy":"product_cat","embeddable":true,"href":"https:\/\/www.anatomic.sk\/eshop\/wp-json\/wp\/v2\/product_cat?post=8887"},{"taxonomy":"product_tag","embeddable":true,"href":"https:\/\/www.anatomic.sk\/eshop\/wp-json\/wp\/v2\/product_tag?post=8887"}],"curies":[{"name":"wp","href":"https:\/\/api.w.org\/{rel}","templated":true}]}}