{"id":8168,"date":"2025-12-03T08:56:51","date_gmt":"2025-12-03T07:56:51","guid":{"rendered":"https:\/\/www.anatomic.sk\/eshop\/?post_type=product&#038;p=8168"},"modified":"2026-04-22T14:17:34","modified_gmt":"2026-04-22T12:17:34","slug":"moon-m3-2","status":"publish","type":"product","link":"https:\/\/www.anatomic.sk\/eshop\/en\/produkt\/moon-m3-2\/","title":{"rendered":"Moon M3"},"content":{"rendered":"<h2>Moon M3 \u2013 Climbing Volume<\/h2>\n<p>The Moon M3 is a laminated climbing volume designed for route setting, combining low weight with a solid and durable construction.<\/p>\n<p>It features a crescent-inspired shape with edge and rounded sloper grip types, offering routesetters flexible options depending on orientation and placement. It performs best on walls up to 30\u00b0, where it supports more technical and controlled movement sequences. The volume measures 100 \u00d7 50 \u00d7 14 cm and is considered a medium-difficulty element.<\/p>\n<p>Installation is done using wood screws. All screw holes are fitted with metal washers, significantly improving durability during repeated route setting and adjustments.<\/p>\n<p>Structural strength is ensured by internal ribs that widen toward the edges, reinforcing the structure and forming stable support around the mounting points.<\/p>\n<p>Note: Mounting screws are not included.<\/p>\n<p>\u00a9 Anatomic 2023, Model created by Marek Rep\u010d\u00edk.<\/p>\n\n    <div class=\"xs_social_share_widget xs_share_url after_content \t\tmain_content  wslu-style-1 wslu-share-box-shaped wslu-fill-colored wslu-none wslu-share-horizontal wslu-theme-font-no wslu-main_content\">\n\n\t\t\n        <ul>\n\t\t\t        <\/ul>\n    <\/div> \n","protected":false},"excerpt":{"rendered":"<table style=\"max-width: 600px\">\n<tbody>\n<tr>\n<td>Dimensions (cm)<\/td>\n<td>100x50x14<\/td>\n<\/tr>\n<tr>\n<td>Size<\/td>\n<td>XTR<\/td>\n<\/tr>\n<tr>\n<td>Grip<\/td>\n<td>Sloper, Edge<\/td>\n<\/tr>\n<tr>\n<td>Usage<\/td>\n<td>0\u00b0-30\u00b0<\/td>\n<\/tr>\n<\/tbody>\n<\/table>\n<table>\n<tbody>\n<tr>\n<td style=\"text-align: center\">Assembly<\/td>\n<\/tr>\n<tr>\n<td style=\"text-align: center\">8x<\/td>\n<\/tr>\n<tr>\n<td><a href=\"https:\/\/www.anatomic.sk\/eshop\/en\/produkt\/wood-screw-45x40-torx-t20\/\"><img decoding=\"async\" class=\"wp-image-14339 aligncenter\" src=\"https:\/\/www.anatomic.sk\/eshop\/wp-content\/uploads\/2025\/12\/s-40.png\" alt=\"Wood screw 4,5x40\" width=\"40\" height=\"40\" srcset=\"https:\/\/www.anatomic.sk\/eshop\/wp-content\/uploads\/2025\/12\/s-40.png 120w, https:\/\/www.anatomic.sk\/eshop\/wp-content\/uploads\/2025\/12\/s-40-100x100.png 100w, https:\/\/www.anatomic.sk\/eshop\/wp-content\/uploads\/2025\/12\/s-40-50x50.png 50w\" sizes=\"(max-width: 40px) 100vw, 40px\" \/><\/a><\/td>\n<\/tr>\n<\/tbody>\n<\/table>\n","protected":false},"featured_media":8198,"template":"","meta":{"_acf_changed":false},"product_brand":[],"product_cat":[490,545],"product_tag":[],"class_list":{"0":"post-8168","1":"product","2":"type-product","3":"status-publish","4":"has-post-thumbnail","6":"product_cat-volumes","7":"product_cat-moon-en","8":"product_shipping_class-max-lenght-120","10":"first","11":"instock","12":"taxable","13":"shipping-taxable","14":"purchasable","15":"product-type-variable","16":"has-default-attributes"},"acf":[],"yoast_head":"<!-- This site is optimized with the Yoast SEO plugin v27.4 - https:\/\/yoast.com\/product\/yoast-seo-wordpress\/ -->\n<title>Climbing Volume Moon M3 - Anatomic.sk<\/title>\n<meta name=\"description\" content=\"Climbing Volume Moon M3 - Fiberglass | Dimensions 100x50x14cm | Grip type - edge and sloper | Lightweight and strong volume |\" \/>\n<meta name=\"robots\" content=\"index, follow, max-snippet:-1, max-image-preview:large, max-video-preview:-1\" \/>\n<link rel=\"canonical\" href=\"https:\/\/www.anatomic.sk\/eshop\/en\/produkt\/moon-m3-2\/\" \/>\n<meta property=\"og:locale\" content=\"sk_SK\" \/>\n<meta property=\"og:type\" content=\"article\" \/>\n<meta property=\"og:title\" content=\"Climbing Volume Moon M3 - Anatomic.sk\" \/>\n<meta property=\"og:description\" content=\"Climbing Volume Moon M3 - Fiberglass | Dimensions 100x50x14cm | Grip type - edge and sloper | Lightweight and strong volume |\" \/>\n<meta property=\"og:url\" content=\"https:\/\/www.anatomic.sk\/eshop\/en\/produkt\/moon-m3-2\/\" \/>\n<meta property=\"og:site_name\" content=\"Anatomic.sk\" \/>\n<meta property=\"article:publisher\" content=\"https:\/\/www.facebook.com\/anatomic.sk\" \/>\n<meta property=\"article:modified_time\" content=\"2026-04-22T12:17:34+00:00\" \/>\n<meta property=\"og:image\" content=\"https:\/\/www.anatomic.sk\/eshop\/wp-content\/uploads\/2025\/12\/volume-moon-m3-8-1.jpg\" \/>\n\t<meta property=\"og:image:width\" content=\"1200\" \/>\n\t<meta property=\"og:image:height\" content=\"1200\" \/>\n\t<meta property=\"og:image:type\" content=\"image\/jpeg\" \/>\n<meta name=\"twitter:card\" content=\"summary_large_image\" \/>\n<meta name=\"twitter:label1\" content=\"Predpokladan\u00fd \u010das \u010d\u00edtania\" \/>\n\t<meta name=\"twitter:data1\" content=\"1 min\u00fata\" \/>\n<script type=\"application\/ld+json\" class=\"yoast-schema-graph\">{\"@context\":\"https:\\\/\\\/schema.org\",\"@graph\":[{\"@type\":\"WebPage\",\"@id\":\"https:\\\/\\\/www.anatomic.sk\\\/eshop\\\/en\\\/produkt\\\/moon-m3-2\\\/\",\"url\":\"https:\\\/\\\/www.anatomic.sk\\\/eshop\\\/en\\\/produkt\\\/moon-m3-2\\\/\",\"name\":\"Climbing Volume Moon M3 - Anatomic.sk\",\"isPartOf\":{\"@id\":\"https:\\\/\\\/www.anatomic.sk\\\/eshop\\\/#website\"},\"primaryImageOfPage\":{\"@id\":\"https:\\\/\\\/www.anatomic.sk\\\/eshop\\\/en\\\/produkt\\\/moon-m3-2\\\/#primaryimage\"},\"image\":{\"@id\":\"https:\\\/\\\/www.anatomic.sk\\\/eshop\\\/en\\\/produkt\\\/moon-m3-2\\\/#primaryimage\"},\"thumbnailUrl\":\"https:\\\/\\\/www.anatomic.sk\\\/eshop\\\/wp-content\\\/uploads\\\/2025\\\/12\\\/volume-moon-m3-8-1.jpg\",\"datePublished\":\"2025-12-03T07:56:51+00:00\",\"dateModified\":\"2026-04-22T12:17:34+00:00\",\"description\":\"Climbing Volume Moon M3 - Fiberglass | Dimensions 100x50x14cm | Grip type - edge and sloper | Lightweight and strong volume |\",\"breadcrumb\":{\"@id\":\"https:\\\/\\\/www.anatomic.sk\\\/eshop\\\/en\\\/produkt\\\/moon-m3-2\\\/#breadcrumb\"},\"inLanguage\":\"sk-SK\",\"potentialAction\":[{\"@type\":\"ReadAction\",\"target\":[\"https:\\\/\\\/www.anatomic.sk\\\/eshop\\\/en\\\/produkt\\\/moon-m3-2\\\/\"]}]},{\"@type\":\"ImageObject\",\"inLanguage\":\"sk-SK\",\"@id\":\"https:\\\/\\\/www.anatomic.sk\\\/eshop\\\/en\\\/produkt\\\/moon-m3-2\\\/#primaryimage\",\"url\":\"https:\\\/\\\/www.anatomic.sk\\\/eshop\\\/wp-content\\\/uploads\\\/2025\\\/12\\\/volume-moon-m3-8-1.jpg\",\"contentUrl\":\"https:\\\/\\\/www.anatomic.sk\\\/eshop\\\/wp-content\\\/uploads\\\/2025\\\/12\\\/volume-moon-m3-8-1.jpg\",\"width\":1200,\"height\":1200},{\"@type\":\"BreadcrumbList\",\"@id\":\"https:\\\/\\\/www.anatomic.sk\\\/eshop\\\/en\\\/produkt\\\/moon-m3-2\\\/#breadcrumb\",\"itemListElement\":[{\"@type\":\"ListItem\",\"position\":1,\"name\":\"Domovsk\u00e1 str\u00e1nka\",\"item\":\"https:\\\/\\\/www.anatomic.sk\\\/eshop\\\/\"},{\"@type\":\"ListItem\",\"position\":2,\"name\":\"Obchod\",\"item\":\"https:\\\/\\\/www.anatomic.sk\\\/eshop\\\/obchod\\\/\"},{\"@type\":\"ListItem\",\"position\":3,\"name\":\"Moon M3\"}]},{\"@type\":\"WebSite\",\"@id\":\"https:\\\/\\\/www.anatomic.sk\\\/eshop\\\/#website\",\"url\":\"https:\\\/\\\/www.anatomic.sk\\\/eshop\\\/\",\"name\":\"Anatomic Climbing Holds\",\"description\":\"Lezeck\u00e9 chyty a \u0161trukt\u00fary\",\"publisher\":{\"@id\":\"https:\\\/\\\/www.anatomic.sk\\\/eshop\\\/#organization\"},\"potentialAction\":[{\"@type\":\"SearchAction\",\"target\":{\"@type\":\"EntryPoint\",\"urlTemplate\":\"https:\\\/\\\/www.anatomic.sk\\\/eshop\\\/?s={search_term_string}\"},\"query-input\":{\"@type\":\"PropertyValueSpecification\",\"valueRequired\":true,\"valueName\":\"search_term_string\"}}],\"inLanguage\":\"sk-SK\"},{\"@type\":\"Organization\",\"@id\":\"https:\\\/\\\/www.anatomic.sk\\\/eshop\\\/#organization\",\"name\":\"Anatomic Climbing Holds\",\"url\":\"https:\\\/\\\/www.anatomic.sk\\\/eshop\\\/\",\"logo\":{\"@type\":\"ImageObject\",\"inLanguage\":\"sk-SK\",\"@id\":\"https:\\\/\\\/www.anatomic.sk\\\/eshop\\\/#\\\/schema\\\/logo\\\/image\\\/\",\"url\":\"https:\\\/\\\/www.anatomic.sk\\\/eshop\\\/wp-content\\\/uploads\\\/2025\\\/12\\\/cropped-logo-anatomic-sk.png\",\"contentUrl\":\"https:\\\/\\\/www.anatomic.sk\\\/eshop\\\/wp-content\\\/uploads\\\/2025\\\/12\\\/cropped-logo-anatomic-sk.png\",\"width\":200,\"height\":67,\"caption\":\"Anatomic Climbing Holds\"},\"image\":{\"@id\":\"https:\\\/\\\/www.anatomic.sk\\\/eshop\\\/#\\\/schema\\\/logo\\\/image\\\/\"},\"sameAs\":[\"https:\\\/\\\/www.facebook.com\\\/anatomic.sk\",\"https:\\\/\\\/www.instagram.com\\\/anatomic_holds_walls\\\/\"]}]}<\/script>\n<!-- \/ Yoast SEO plugin. -->","yoast_head_json":{"title":"Climbing Volume Moon M3 - Anatomic.sk","description":"Climbing Volume Moon M3 - Fiberglass | Dimensions 100x50x14cm | Grip type - edge and sloper | Lightweight and strong volume |","robots":{"index":"index","follow":"follow","max-snippet":"max-snippet:-1","max-image-preview":"max-image-preview:large","max-video-preview":"max-video-preview:-1"},"canonical":"https:\/\/www.anatomic.sk\/eshop\/en\/produkt\/moon-m3-2\/","og_locale":"sk_SK","og_type":"article","og_title":"Climbing Volume Moon M3 - Anatomic.sk","og_description":"Climbing Volume Moon M3 - Fiberglass | Dimensions 100x50x14cm | Grip type - edge and sloper | Lightweight and strong volume |","og_url":"https:\/\/www.anatomic.sk\/eshop\/en\/produkt\/moon-m3-2\/","og_site_name":"Anatomic.sk","article_publisher":"https:\/\/www.facebook.com\/anatomic.sk","article_modified_time":"2026-04-22T12:17:34+00:00","og_image":[{"width":1200,"height":1200,"url":"https:\/\/www.anatomic.sk\/eshop\/wp-content\/uploads\/2025\/12\/volume-moon-m3-8-1.jpg","type":"image\/jpeg"}],"twitter_card":"summary_large_image","twitter_misc":{"Predpokladan\u00fd \u010das \u010d\u00edtania":"1 min\u00fata"},"schema":{"@context":"https:\/\/schema.org","@graph":[{"@type":"WebPage","@id":"https:\/\/www.anatomic.sk\/eshop\/en\/produkt\/moon-m3-2\/","url":"https:\/\/www.anatomic.sk\/eshop\/en\/produkt\/moon-m3-2\/","name":"Climbing Volume Moon M3 - Anatomic.sk","isPartOf":{"@id":"https:\/\/www.anatomic.sk\/eshop\/#website"},"primaryImageOfPage":{"@id":"https:\/\/www.anatomic.sk\/eshop\/en\/produkt\/moon-m3-2\/#primaryimage"},"image":{"@id":"https:\/\/www.anatomic.sk\/eshop\/en\/produkt\/moon-m3-2\/#primaryimage"},"thumbnailUrl":"https:\/\/www.anatomic.sk\/eshop\/wp-content\/uploads\/2025\/12\/volume-moon-m3-8-1.jpg","datePublished":"2025-12-03T07:56:51+00:00","dateModified":"2026-04-22T12:17:34+00:00","description":"Climbing Volume Moon M3 - Fiberglass | Dimensions 100x50x14cm | Grip type - edge and sloper | Lightweight and strong volume |","breadcrumb":{"@id":"https:\/\/www.anatomic.sk\/eshop\/en\/produkt\/moon-m3-2\/#breadcrumb"},"inLanguage":"sk-SK","potentialAction":[{"@type":"ReadAction","target":["https:\/\/www.anatomic.sk\/eshop\/en\/produkt\/moon-m3-2\/"]}]},{"@type":"ImageObject","inLanguage":"sk-SK","@id":"https:\/\/www.anatomic.sk\/eshop\/en\/produkt\/moon-m3-2\/#primaryimage","url":"https:\/\/www.anatomic.sk\/eshop\/wp-content\/uploads\/2025\/12\/volume-moon-m3-8-1.jpg","contentUrl":"https:\/\/www.anatomic.sk\/eshop\/wp-content\/uploads\/2025\/12\/volume-moon-m3-8-1.jpg","width":1200,"height":1200},{"@type":"BreadcrumbList","@id":"https:\/\/www.anatomic.sk\/eshop\/en\/produkt\/moon-m3-2\/#breadcrumb","itemListElement":[{"@type":"ListItem","position":1,"name":"Domovsk\u00e1 str\u00e1nka","item":"https:\/\/www.anatomic.sk\/eshop\/"},{"@type":"ListItem","position":2,"name":"Obchod","item":"https:\/\/www.anatomic.sk\/eshop\/obchod\/"},{"@type":"ListItem","position":3,"name":"Moon M3"}]},{"@type":"WebSite","@id":"https:\/\/www.anatomic.sk\/eshop\/#website","url":"https:\/\/www.anatomic.sk\/eshop\/","name":"Anatomic Climbing Holds","description":"Lezeck\u00e9 chyty a \u0161trukt\u00fary","publisher":{"@id":"https:\/\/www.anatomic.sk\/eshop\/#organization"},"potentialAction":[{"@type":"SearchAction","target":{"@type":"EntryPoint","urlTemplate":"https:\/\/www.anatomic.sk\/eshop\/?s={search_term_string}"},"query-input":{"@type":"PropertyValueSpecification","valueRequired":true,"valueName":"search_term_string"}}],"inLanguage":"sk-SK"},{"@type":"Organization","@id":"https:\/\/www.anatomic.sk\/eshop\/#organization","name":"Anatomic Climbing Holds","url":"https:\/\/www.anatomic.sk\/eshop\/","logo":{"@type":"ImageObject","inLanguage":"sk-SK","@id":"https:\/\/www.anatomic.sk\/eshop\/#\/schema\/logo\/image\/","url":"https:\/\/www.anatomic.sk\/eshop\/wp-content\/uploads\/2025\/12\/cropped-logo-anatomic-sk.png","contentUrl":"https:\/\/www.anatomic.sk\/eshop\/wp-content\/uploads\/2025\/12\/cropped-logo-anatomic-sk.png","width":200,"height":67,"caption":"Anatomic Climbing Holds"},"image":{"@id":"https:\/\/www.anatomic.sk\/eshop\/#\/schema\/logo\/image\/"},"sameAs":["https:\/\/www.facebook.com\/anatomic.sk","https:\/\/www.instagram.com\/anatomic_holds_walls\/"]}]}},"_links":{"self":[{"href":"https:\/\/www.anatomic.sk\/eshop\/wp-json\/wp\/v2\/product\/8168","targetHints":{"allow":["GET"]}}],"collection":[{"href":"https:\/\/www.anatomic.sk\/eshop\/wp-json\/wp\/v2\/product"}],"about":[{"href":"https:\/\/www.anatomic.sk\/eshop\/wp-json\/wp\/v2\/types\/product"}],"version-history":[{"count":7,"href":"https:\/\/www.anatomic.sk\/eshop\/wp-json\/wp\/v2\/product\/8168\/revisions"}],"predecessor-version":[{"id":15406,"href":"https:\/\/www.anatomic.sk\/eshop\/wp-json\/wp\/v2\/product\/8168\/revisions\/15406"}],"wp:featuredmedia":[{"embeddable":true,"href":"https:\/\/www.anatomic.sk\/eshop\/wp-json\/wp\/v2\/media\/8198"}],"wp:attachment":[{"href":"https:\/\/www.anatomic.sk\/eshop\/wp-json\/wp\/v2\/media?parent=8168"}],"wp:term":[{"taxonomy":"product_brand","embeddable":true,"href":"https:\/\/www.anatomic.sk\/eshop\/wp-json\/wp\/v2\/product_brand?post=8168"},{"taxonomy":"product_cat","embeddable":true,"href":"https:\/\/www.anatomic.sk\/eshop\/wp-json\/wp\/v2\/product_cat?post=8168"},{"taxonomy":"product_tag","embeddable":true,"href":"https:\/\/www.anatomic.sk\/eshop\/wp-json\/wp\/v2\/product_tag?post=8168"}],"curies":[{"name":"wp","href":"https:\/\/api.w.org\/{rel}","templated":true}]}}