{"id":7626,"date":"2025-12-03T08:41:58","date_gmt":"2025-12-03T07:41:58","guid":{"rendered":"https:\/\/www.anatomic.sk\/eshop\/?post_type=product&#038;p=7626"},"modified":"2026-04-22T13:06:16","modified_gmt":"2026-04-22T11:06:16","slug":"struktura-lamino-2-dual","status":"publish","type":"product","link":"https:\/\/www.anatomic.sk\/eshop\/produkt\/struktura-lamino-2-dual\/","title":{"rendered":"Lamino 2 DUAL"},"content":{"rendered":"<h2>Lamino 2 DUAL &#8211; Lezeck\u00e1 \u0161trukt\u00fara<\/h2>\n<p>Lamino 2 DUAL je lamin\u00e1tov\u00e1 \u0161trukt\u00fara s n\u00edzkou hmotnos\u0165ou a vysokou pevnos\u0165ou. Tvar kombinuje madlo a oblinu, \u010do umo\u017e\u0148uje r\u00f4zne sp\u00f4soby \u00fachopu a variabiln\u00e9 vyu\u017eitie na stene. Na profiloch do 60\u00b0 dobre funguje pri stavbe ciest aj bouldrov, kde vie podpori\u0165 silovej\u0161ie aj technickej\u0161ie pas\u00e1\u017ee. Rozmer \u0161trukt\u00fary je 98 \u00d7 60 \u00d7 20 cm a patr\u00ed medzi stredne n\u00e1ro\u010dn\u00e9 prvky.<\/p>\n<p>Du\u00e1lny povrch prin\u00e1\u0161a kontrast medzi chytate\u013en\u00fdmi a \u201eslip\u201c z\u00f3nami, v\u010faka \u010domu sa d\u00e1 jemne upravi\u0165 n\u00e1ro\u010dnos\u0165 jednotliv\u00fdch krokov a celkov\u00fd charakter cesty alebo bouldra.<\/p>\n<p>Mont\u00e1\u017e je mo\u017en\u00e1 pomocou skrutiek do dreva. Otvory s\u00fa vybaven\u00e9 kovov\u00fdmi podlo\u017ekami, ktor\u00e9 zvy\u0161uj\u00fa ich \u017eivotnos\u0165 pri opakovanom pou\u017eit\u00ed.<\/p>\n<p>Pevnos\u0165 kon\u0161trukcie zabezpe\u010duj\u00fa vn\u00fatorn\u00e9 rebr\u00e1, ktor\u00e9 sa smerom ku krajom roz\u0161iruj\u00fa a spev\u0148uj\u00fa mont\u00e1\u017ene body.<\/p>\n<p>Vhodn\u00e1 na pou\u017eitie v interi\u00e9ri aj exteri\u00e9ri.<\/p>\n<p>Upozornenie: Mont\u00e1\u017ene skrutky nie s\u00fa s\u00fa\u010das\u0165ou balenia.<\/p>\n<p style=\"text-align: center\">\u00a9 Anatomic 2023, Model vytvoril Marek Rep\u010d\u00edk.<\/p>\n\n    <div class=\"xs_social_share_widget xs_share_url after_content \t\tmain_content  wslu-style-1 wslu-share-box-shaped wslu-fill-colored wslu-none wslu-share-horizontal wslu-theme-font-no wslu-main_content\">\n\n\t\t\n        <ul>\n\t\t\t        <\/ul>\n    <\/div> \n","protected":false},"excerpt":{"rendered":"<table style=\"max-width: 600px\">\n<tbody>\n<tr>\n<td>Rozmery (cm)<\/td>\n<td>98x60x20<\/td>\n<\/tr>\n<tr>\n<td>Ve\u013ekos\u0165<\/td>\n<td>XTR<\/td>\n<\/tr>\n<tr>\n<td>\u00dachop<\/td>\n<td>Oblina<\/td>\n<\/tr>\n<tr>\n<td>Typ<\/td>\n<td>Du\u00e1lny povrch<\/td>\n<\/tr>\n<tr>\n<td>Pou\u017eitie<\/td>\n<td>0\u00b0-30\u00b0<\/td>\n<\/tr>\n<\/tbody>\n<\/table>\n<table>\n<tbody>\n<tr>\n<td style=\"text-align: center\">Mont\u00e1\u017e<\/td>\n<\/tr>\n<tr>\n<td style=\"text-align: center\">7x<\/td>\n<\/tr>\n<tr>\n<td><a href=\"https:\/\/www.anatomic.sk\/eshop\/produkt\/skrutka-do-dreva-45x40-torx-t20\/\"><img decoding=\"async\" class=\"wp-image-14339 aligncenter\" src=\"https:\/\/www.anatomic.sk\/eshop\/wp-content\/uploads\/2025\/12\/s-40.png\" alt=\"Skrutka do dreva 4,5x40\" width=\"40\" height=\"40\" srcset=\"https:\/\/www.anatomic.sk\/eshop\/wp-content\/uploads\/2025\/12\/s-40.png 120w, https:\/\/www.anatomic.sk\/eshop\/wp-content\/uploads\/2025\/12\/s-40-100x100.png 100w, https:\/\/www.anatomic.sk\/eshop\/wp-content\/uploads\/2025\/12\/s-40-50x50.png 50w\" sizes=\"(max-width: 40px) 100vw, 40px\" \/><\/a><\/td>\n<\/tr>\n<\/tbody>\n<\/table>\n","protected":false},"featured_media":7744,"template":"","meta":{"_acf_changed":false},"product_brand":[],"product_cat":[599,587],"product_tag":[],"class_list":{"0":"post-7626","1":"product","2":"type-product","3":"status-publish","4":"has-post-thumbnail","6":"product_cat-lamino-0","7":"product_cat-makro","8":"product_shipping_class-max-lenght-120","10":"first","11":"instock","12":"taxable","13":"shipping-taxable","14":"purchasable","15":"product-type-variable","16":"has-default-attributes"},"acf":[],"yoast_head":"<!-- This site is optimized with the Yoast SEO plugin v27.4 - https:\/\/yoast.com\/product\/yoast-seo-wordpress\/ -->\n<title>Lezeck\u00e1 \u0161trukt\u00fara Lamino 2 DUAL - Anatomic.sk<\/title>\n<meta name=\"description\" content=\"Lezeck\u00e1 \u0161trukt\u00fara Lamino 2 DUAL - \u0160trukt\u00fara vyroben\u00e1 z lamin\u00e1tu | Rozmery 98x60x20cm | Od\u013eah\u010den\u00e9 a z\u00e1rove\u0148 pevn\u00e9 \u0161trukt\u00fary na lezenie\" \/>\n<meta name=\"robots\" content=\"index, follow, max-snippet:-1, max-image-preview:large, max-video-preview:-1\" \/>\n<link rel=\"canonical\" href=\"https:\/\/www.anatomic.sk\/eshop\/produkt\/struktura-lamino-2-dual\/\" \/>\n<meta property=\"og:locale\" content=\"sk_SK\" \/>\n<meta property=\"og:type\" content=\"article\" \/>\n<meta property=\"og:title\" content=\"Lezeck\u00e1 \u0161trukt\u00fara Lamino 2 DUAL - Anatomic.sk\" \/>\n<meta property=\"og:description\" content=\"Lezeck\u00e1 \u0161trukt\u00fara Lamino 2 DUAL - \u0160trukt\u00fara vyroben\u00e1 z lamin\u00e1tu | Rozmery 98x60x20cm | Od\u013eah\u010den\u00e9 a z\u00e1rove\u0148 pevn\u00e9 \u0161trukt\u00fary na lezenie\" \/>\n<meta property=\"og:url\" content=\"https:\/\/www.anatomic.sk\/eshop\/produkt\/struktura-lamino-2-dual\/\" \/>\n<meta property=\"og:site_name\" content=\"Anatomic.sk\" \/>\n<meta property=\"article:publisher\" content=\"https:\/\/www.facebook.com\/anatomic.sk\" \/>\n<meta property=\"article:modified_time\" content=\"2026-04-22T11:06:16+00:00\" \/>\n<meta property=\"og:image\" content=\"https:\/\/www.anatomic.sk\/eshop\/wp-content\/uploads\/2025\/12\/volume-lamino-2-dual-1-1.jpg\" \/>\n\t<meta property=\"og:image:width\" content=\"1024\" \/>\n\t<meta property=\"og:image:height\" content=\"1024\" \/>\n\t<meta property=\"og:image:type\" content=\"image\/jpeg\" \/>\n<meta name=\"twitter:card\" content=\"summary_large_image\" \/>\n<meta name=\"twitter:label1\" content=\"Predpokladan\u00fd \u010das \u010d\u00edtania\" \/>\n\t<meta name=\"twitter:data1\" content=\"1 min\u00fata\" \/>\n<script type=\"application\/ld+json\" class=\"yoast-schema-graph\">{\"@context\":\"https:\\\/\\\/schema.org\",\"@graph\":[{\"@type\":\"WebPage\",\"@id\":\"https:\\\/\\\/www.anatomic.sk\\\/eshop\\\/produkt\\\/struktura-lamino-2-dual\\\/\",\"url\":\"https:\\\/\\\/www.anatomic.sk\\\/eshop\\\/produkt\\\/struktura-lamino-2-dual\\\/\",\"name\":\"Lezeck\u00e1 \u0161trukt\u00fara Lamino 2 DUAL - Anatomic.sk\",\"isPartOf\":{\"@id\":\"https:\\\/\\\/www.anatomic.sk\\\/eshop\\\/#website\"},\"primaryImageOfPage\":{\"@id\":\"https:\\\/\\\/www.anatomic.sk\\\/eshop\\\/produkt\\\/struktura-lamino-2-dual\\\/#primaryimage\"},\"image\":{\"@id\":\"https:\\\/\\\/www.anatomic.sk\\\/eshop\\\/produkt\\\/struktura-lamino-2-dual\\\/#primaryimage\"},\"thumbnailUrl\":\"https:\\\/\\\/www.anatomic.sk\\\/eshop\\\/wp-content\\\/uploads\\\/2025\\\/12\\\/volume-lamino-2-dual-1-1.jpg\",\"datePublished\":\"2025-12-03T07:41:58+00:00\",\"dateModified\":\"2026-04-22T11:06:16+00:00\",\"description\":\"Lezeck\u00e1 \u0161trukt\u00fara Lamino 2 DUAL - \u0160trukt\u00fara vyroben\u00e1 z lamin\u00e1tu | Rozmery 98x60x20cm | Od\u013eah\u010den\u00e9 a z\u00e1rove\u0148 pevn\u00e9 \u0161trukt\u00fary na lezenie\",\"breadcrumb\":{\"@id\":\"https:\\\/\\\/www.anatomic.sk\\\/eshop\\\/produkt\\\/struktura-lamino-2-dual\\\/#breadcrumb\"},\"inLanguage\":\"sk-SK\",\"potentialAction\":[{\"@type\":\"ReadAction\",\"target\":[\"https:\\\/\\\/www.anatomic.sk\\\/eshop\\\/produkt\\\/struktura-lamino-2-dual\\\/\"]}]},{\"@type\":\"ImageObject\",\"inLanguage\":\"sk-SK\",\"@id\":\"https:\\\/\\\/www.anatomic.sk\\\/eshop\\\/produkt\\\/struktura-lamino-2-dual\\\/#primaryimage\",\"url\":\"https:\\\/\\\/www.anatomic.sk\\\/eshop\\\/wp-content\\\/uploads\\\/2025\\\/12\\\/volume-lamino-2-dual-1-1.jpg\",\"contentUrl\":\"https:\\\/\\\/www.anatomic.sk\\\/eshop\\\/wp-content\\\/uploads\\\/2025\\\/12\\\/volume-lamino-2-dual-1-1.jpg\",\"width\":1024,\"height\":1024},{\"@type\":\"BreadcrumbList\",\"@id\":\"https:\\\/\\\/www.anatomic.sk\\\/eshop\\\/produkt\\\/struktura-lamino-2-dual\\\/#breadcrumb\",\"itemListElement\":[{\"@type\":\"ListItem\",\"position\":1,\"name\":\"Domovsk\u00e1 str\u00e1nka\",\"item\":\"https:\\\/\\\/www.anatomic.sk\\\/eshop\\\/\"},{\"@type\":\"ListItem\",\"position\":2,\"name\":\"Obchod\",\"item\":\"https:\\\/\\\/www.anatomic.sk\\\/eshop\\\/obchod\\\/\"},{\"@type\":\"ListItem\",\"position\":3,\"name\":\"Lamino 2 DUAL\"}]},{\"@type\":\"WebSite\",\"@id\":\"https:\\\/\\\/www.anatomic.sk\\\/eshop\\\/#website\",\"url\":\"https:\\\/\\\/www.anatomic.sk\\\/eshop\\\/\",\"name\":\"Anatomic Climbing Holds\",\"description\":\"Lezeck\u00e9 chyty a \u0161trukt\u00fary\",\"publisher\":{\"@id\":\"https:\\\/\\\/www.anatomic.sk\\\/eshop\\\/#organization\"},\"potentialAction\":[{\"@type\":\"SearchAction\",\"target\":{\"@type\":\"EntryPoint\",\"urlTemplate\":\"https:\\\/\\\/www.anatomic.sk\\\/eshop\\\/?s={search_term_string}\"},\"query-input\":{\"@type\":\"PropertyValueSpecification\",\"valueRequired\":true,\"valueName\":\"search_term_string\"}}],\"inLanguage\":\"sk-SK\"},{\"@type\":\"Organization\",\"@id\":\"https:\\\/\\\/www.anatomic.sk\\\/eshop\\\/#organization\",\"name\":\"Anatomic Climbing Holds\",\"url\":\"https:\\\/\\\/www.anatomic.sk\\\/eshop\\\/\",\"logo\":{\"@type\":\"ImageObject\",\"inLanguage\":\"sk-SK\",\"@id\":\"https:\\\/\\\/www.anatomic.sk\\\/eshop\\\/#\\\/schema\\\/logo\\\/image\\\/\",\"url\":\"https:\\\/\\\/www.anatomic.sk\\\/eshop\\\/wp-content\\\/uploads\\\/2025\\\/12\\\/cropped-logo-anatomic-sk.png\",\"contentUrl\":\"https:\\\/\\\/www.anatomic.sk\\\/eshop\\\/wp-content\\\/uploads\\\/2025\\\/12\\\/cropped-logo-anatomic-sk.png\",\"width\":200,\"height\":67,\"caption\":\"Anatomic Climbing Holds\"},\"image\":{\"@id\":\"https:\\\/\\\/www.anatomic.sk\\\/eshop\\\/#\\\/schema\\\/logo\\\/image\\\/\"},\"sameAs\":[\"https:\\\/\\\/www.facebook.com\\\/anatomic.sk\",\"https:\\\/\\\/www.instagram.com\\\/anatomic_holds_walls\\\/\"]}]}<\/script>\n<!-- \/ Yoast SEO plugin. -->","yoast_head_json":{"title":"Lezeck\u00e1 \u0161trukt\u00fara Lamino 2 DUAL - Anatomic.sk","description":"Lezeck\u00e1 \u0161trukt\u00fara Lamino 2 DUAL - \u0160trukt\u00fara vyroben\u00e1 z lamin\u00e1tu | Rozmery 98x60x20cm | Od\u013eah\u010den\u00e9 a z\u00e1rove\u0148 pevn\u00e9 \u0161trukt\u00fary na lezenie","robots":{"index":"index","follow":"follow","max-snippet":"max-snippet:-1","max-image-preview":"max-image-preview:large","max-video-preview":"max-video-preview:-1"},"canonical":"https:\/\/www.anatomic.sk\/eshop\/produkt\/struktura-lamino-2-dual\/","og_locale":"sk_SK","og_type":"article","og_title":"Lezeck\u00e1 \u0161trukt\u00fara Lamino 2 DUAL - Anatomic.sk","og_description":"Lezeck\u00e1 \u0161trukt\u00fara Lamino 2 DUAL - \u0160trukt\u00fara vyroben\u00e1 z lamin\u00e1tu | Rozmery 98x60x20cm | Od\u013eah\u010den\u00e9 a z\u00e1rove\u0148 pevn\u00e9 \u0161trukt\u00fary na lezenie","og_url":"https:\/\/www.anatomic.sk\/eshop\/produkt\/struktura-lamino-2-dual\/","og_site_name":"Anatomic.sk","article_publisher":"https:\/\/www.facebook.com\/anatomic.sk","article_modified_time":"2026-04-22T11:06:16+00:00","og_image":[{"width":1024,"height":1024,"url":"https:\/\/www.anatomic.sk\/eshop\/wp-content\/uploads\/2025\/12\/volume-lamino-2-dual-1-1.jpg","type":"image\/jpeg"}],"twitter_card":"summary_large_image","twitter_misc":{"Predpokladan\u00fd \u010das \u010d\u00edtania":"1 min\u00fata"},"schema":{"@context":"https:\/\/schema.org","@graph":[{"@type":"WebPage","@id":"https:\/\/www.anatomic.sk\/eshop\/produkt\/struktura-lamino-2-dual\/","url":"https:\/\/www.anatomic.sk\/eshop\/produkt\/struktura-lamino-2-dual\/","name":"Lezeck\u00e1 \u0161trukt\u00fara Lamino 2 DUAL - Anatomic.sk","isPartOf":{"@id":"https:\/\/www.anatomic.sk\/eshop\/#website"},"primaryImageOfPage":{"@id":"https:\/\/www.anatomic.sk\/eshop\/produkt\/struktura-lamino-2-dual\/#primaryimage"},"image":{"@id":"https:\/\/www.anatomic.sk\/eshop\/produkt\/struktura-lamino-2-dual\/#primaryimage"},"thumbnailUrl":"https:\/\/www.anatomic.sk\/eshop\/wp-content\/uploads\/2025\/12\/volume-lamino-2-dual-1-1.jpg","datePublished":"2025-12-03T07:41:58+00:00","dateModified":"2026-04-22T11:06:16+00:00","description":"Lezeck\u00e1 \u0161trukt\u00fara Lamino 2 DUAL - \u0160trukt\u00fara vyroben\u00e1 z lamin\u00e1tu | Rozmery 98x60x20cm | Od\u013eah\u010den\u00e9 a z\u00e1rove\u0148 pevn\u00e9 \u0161trukt\u00fary na lezenie","breadcrumb":{"@id":"https:\/\/www.anatomic.sk\/eshop\/produkt\/struktura-lamino-2-dual\/#breadcrumb"},"inLanguage":"sk-SK","potentialAction":[{"@type":"ReadAction","target":["https:\/\/www.anatomic.sk\/eshop\/produkt\/struktura-lamino-2-dual\/"]}]},{"@type":"ImageObject","inLanguage":"sk-SK","@id":"https:\/\/www.anatomic.sk\/eshop\/produkt\/struktura-lamino-2-dual\/#primaryimage","url":"https:\/\/www.anatomic.sk\/eshop\/wp-content\/uploads\/2025\/12\/volume-lamino-2-dual-1-1.jpg","contentUrl":"https:\/\/www.anatomic.sk\/eshop\/wp-content\/uploads\/2025\/12\/volume-lamino-2-dual-1-1.jpg","width":1024,"height":1024},{"@type":"BreadcrumbList","@id":"https:\/\/www.anatomic.sk\/eshop\/produkt\/struktura-lamino-2-dual\/#breadcrumb","itemListElement":[{"@type":"ListItem","position":1,"name":"Domovsk\u00e1 str\u00e1nka","item":"https:\/\/www.anatomic.sk\/eshop\/"},{"@type":"ListItem","position":2,"name":"Obchod","item":"https:\/\/www.anatomic.sk\/eshop\/obchod\/"},{"@type":"ListItem","position":3,"name":"Lamino 2 DUAL"}]},{"@type":"WebSite","@id":"https:\/\/www.anatomic.sk\/eshop\/#website","url":"https:\/\/www.anatomic.sk\/eshop\/","name":"Anatomic Climbing Holds","description":"Lezeck\u00e9 chyty a \u0161trukt\u00fary","publisher":{"@id":"https:\/\/www.anatomic.sk\/eshop\/#organization"},"potentialAction":[{"@type":"SearchAction","target":{"@type":"EntryPoint","urlTemplate":"https:\/\/www.anatomic.sk\/eshop\/?s={search_term_string}"},"query-input":{"@type":"PropertyValueSpecification","valueRequired":true,"valueName":"search_term_string"}}],"inLanguage":"sk-SK"},{"@type":"Organization","@id":"https:\/\/www.anatomic.sk\/eshop\/#organization","name":"Anatomic Climbing Holds","url":"https:\/\/www.anatomic.sk\/eshop\/","logo":{"@type":"ImageObject","inLanguage":"sk-SK","@id":"https:\/\/www.anatomic.sk\/eshop\/#\/schema\/logo\/image\/","url":"https:\/\/www.anatomic.sk\/eshop\/wp-content\/uploads\/2025\/12\/cropped-logo-anatomic-sk.png","contentUrl":"https:\/\/www.anatomic.sk\/eshop\/wp-content\/uploads\/2025\/12\/cropped-logo-anatomic-sk.png","width":200,"height":67,"caption":"Anatomic Climbing Holds"},"image":{"@id":"https:\/\/www.anatomic.sk\/eshop\/#\/schema\/logo\/image\/"},"sameAs":["https:\/\/www.facebook.com\/anatomic.sk","https:\/\/www.instagram.com\/anatomic_holds_walls\/"]}]}},"_links":{"self":[{"href":"https:\/\/www.anatomic.sk\/eshop\/wp-json\/wp\/v2\/product\/7626","targetHints":{"allow":["GET"]}}],"collection":[{"href":"https:\/\/www.anatomic.sk\/eshop\/wp-json\/wp\/v2\/product"}],"about":[{"href":"https:\/\/www.anatomic.sk\/eshop\/wp-json\/wp\/v2\/types\/product"}],"version-history":[{"count":8,"href":"https:\/\/www.anatomic.sk\/eshop\/wp-json\/wp\/v2\/product\/7626\/revisions"}],"predecessor-version":[{"id":15285,"href":"https:\/\/www.anatomic.sk\/eshop\/wp-json\/wp\/v2\/product\/7626\/revisions\/15285"}],"wp:featuredmedia":[{"embeddable":true,"href":"https:\/\/www.anatomic.sk\/eshop\/wp-json\/wp\/v2\/media\/7744"}],"wp:attachment":[{"href":"https:\/\/www.anatomic.sk\/eshop\/wp-json\/wp\/v2\/media?parent=7626"}],"wp:term":[{"taxonomy":"product_brand","embeddable":true,"href":"https:\/\/www.anatomic.sk\/eshop\/wp-json\/wp\/v2\/product_brand?post=7626"},{"taxonomy":"product_cat","embeddable":true,"href":"https:\/\/www.anatomic.sk\/eshop\/wp-json\/wp\/v2\/product_cat?post=7626"},{"taxonomy":"product_tag","embeddable":true,"href":"https:\/\/www.anatomic.sk\/eshop\/wp-json\/wp\/v2\/product_tag?post=7626"}],"curies":[{"name":"wp","href":"https:\/\/api.w.org\/{rel}","templated":true}]}}