{"id":7445,"date":"2025-12-03T08:37:02","date_gmt":"2025-12-03T07:37:02","guid":{"rendered":"https:\/\/www.anatomic.sk\/eshop\/?post_type=product&#038;p=7445"},"modified":"2026-04-17T11:39:12","modified_gmt":"2026-04-17T09:39:12","slug":"big-batman-family","status":"publish","type":"product","link":"https:\/\/www.anatomic.sk\/eshop\/produkt\/big-batman-family\/","title":{"rendered":"Big Batman Family"},"content":{"rendered":"<h2>Big Batman Family<\/h2>\n<p>Sada sa sklad\u00e1 z celej &#8220;rodiny&#8221; lezeck\u00fdch chytov Big Batman. Obsahuje spolu 10 ks \u00fachytov vyroben\u00fdch z polyuret\u00e1nu a s typom \u00fachopu &#8211; <a href=\"https:\/\/www.anatomic.sk\/eshop\/obchod\/?typ-uchop=madla\">madl\u00e1<\/a> a <a href=\"https:\/\/www.anatomic.sk\/eshop\/obchod\/?typ-uchop=obliny\">obliny<\/a>, z\u00e1le\u017e\u00ed od toho, ako chyty na lezeckej stene umiestnite. \u010cas\u0165 chytov m\u00e1 du\u00e1lny povrch. Chyty s\u00fa vhodn\u00e9 na kolm\u00e9 lezeck\u00e9 steny, alebo na steny ktor\u00fdch sklon m\u00e1 do 60\u00b0. Patria medzi stredne \u0165a\u017ek\u00e9 chyty na uchopenie.<\/p>\n<table>\n<tbody>\n<tr>\n<td>MONT\u00c1\u017dNE SKRUTKY NIE S\u00da S\u00da\u010cAS\u0164OU BALENIA.<\/td>\n<\/tr>\n<tr>\n<td>V\u0161etky lezeck\u00e9 chyty s\u00fa ur\u010den\u00e9 na vn\u00fatorn\u00e9 aj vonkaj\u0161ie pou\u017eitie.<\/td>\n<\/tr>\n<\/tbody>\n<\/table>\n<p style=\"text-align: center\">\u00a9 Anatomic 2022, Model vyhotovil Marek Rep\u010d\u00edk.<\/p>\n\n    <div class=\"xs_social_share_widget xs_share_url after_content \t\tmain_content  wslu-style-1 wslu-share-box-shaped wslu-fill-colored wslu-none wslu-share-horizontal wslu-theme-font-no wslu-main_content\">\n\n\t\t\n        <ul>\n\t\t\t        <\/ul>\n    <\/div> \n","protected":false},"excerpt":{"rendered":"<table>\n<tbody>\n<tr>\n<td>Po\u010det v sete<\/td>\n<td>10<\/td>\n<\/tr>\n<tr>\n<td>Ve\u013ekos\u0165<\/td>\n<td>XL, XXL<\/td>\n<\/tr>\n<tr>\n<td>Typ \u00fachopu<\/td>\n<td>obliny, madl\u00e1<\/td>\n<\/tr>\n<tr>\n<td colspan=\"2\" style=\"text-align: center\">Du\u00e1lny povrch<\/td>\n<\/tr>\n<tr>\n<td style=\"vertical-align: middle\">Pou\u017eitie<\/td>\n<td style=\"vertical-align: middle\">60\u00b0<\/td>\n<\/tr>\n<\/tbody>\n<\/table>\n<table>\n<tbody>\n<tr>\n<td style=\"text-align: center\">Mont\u00e1\u017e<\/td>\n<\/tr>\n<tr>\n<td style=\"text-align: center\">58x<\/td>\n<\/tr>\n<tr>\n<td><a href=\"https:\/\/www.anatomic.sk\/eshop\/produkt\/skrutka-do-dreva-45x40-torx-t20\/\"><img decoding=\"async\" height=\"40\" width=\"40\" alt=\"Skrutka do dreva 4,5x40\" src=\"https:\/\/www.anatomic.sk\/eshop\/wp-content\/uploads\/2025\/12\/s-40.png\" class=\"wp-image-14339 aligncenter\" srcset=\"https:\/\/www.anatomic.sk\/eshop\/wp-content\/uploads\/2025\/12\/s-40.png 120w, https:\/\/www.anatomic.sk\/eshop\/wp-content\/uploads\/2025\/12\/s-40-100x100.png 100w, https:\/\/www.anatomic.sk\/eshop\/wp-content\/uploads\/2025\/12\/s-40-50x50.png 50w\" sizes=\"(max-width: 40px) 100vw, 40px\" \/><\/a><\/td>\n<\/tr>\n<\/tbody>\n<\/table>\n","protected":false},"featured_media":8177,"template":"","meta":{"_acf_changed":false},"product_brand":[],"product_cat":[429,367],"product_tag":[47,48],"class_list":{"0":"post-7445","1":"product","2":"type-product","3":"status-publish","4":"has-post-thumbnail","6":"product_cat-big-batman-sk","7":"product_cat-lezecke-chyty-polyuretan","8":"product_tag-madla","9":"product_tag-obliny","10":"product_shipping_class-max-lenght-80","12":"first","13":"instock","14":"taxable","15":"shipping-taxable","16":"purchasable","17":"product-type-variable","18":"has-default-attributes"},"acf":[],"yoast_head":"<!-- This site is optimized with the Yoast SEO plugin v27.4 - https:\/\/yoast.com\/product\/yoast-seo-wordpress\/ -->\n<title>Big Batman Family Lezeck\u00e9 chyty - Anatomic.sk<\/title>\n<meta name=\"description\" content=\"Big Batman Family Lezeck\u00e9 chyty s du\u00e1lnym povrchom | Typ \u00fachopu - Obliny | Na zostavovanie ciest alebo bouldrov v profiloch so sklonom do 30\u00b0\" \/>\n<meta name=\"robots\" content=\"index, follow, max-snippet:-1, max-image-preview:large, max-video-preview:-1\" \/>\n<link rel=\"canonical\" href=\"https:\/\/www.anatomic.sk\/eshop\/produkt\/big-batman-family\/\" \/>\n<meta property=\"og:locale\" content=\"sk_SK\" \/>\n<meta property=\"og:type\" content=\"article\" \/>\n<meta property=\"og:title\" content=\"Big Batman Family Lezeck\u00e9 chyty - Anatomic.sk\" \/>\n<meta property=\"og:description\" content=\"Big Batman Family Lezeck\u00e9 chyty s du\u00e1lnym povrchom | Typ \u00fachopu - Obliny | Na zostavovanie ciest alebo bouldrov v profiloch so sklonom do 30\u00b0\" \/>\n<meta property=\"og:url\" content=\"https:\/\/www.anatomic.sk\/eshop\/produkt\/big-batman-family\/\" \/>\n<meta property=\"og:site_name\" content=\"Anatomic.sk\" \/>\n<meta property=\"article:publisher\" content=\"https:\/\/www.facebook.com\/anatomic.sk\" \/>\n<meta property=\"article:modified_time\" content=\"2026-04-17T09:39:12+00:00\" \/>\n<meta property=\"og:image\" content=\"https:\/\/www.anatomic.sk\/eshop\/wp-content\/uploads\/2025\/12\/group-big-batman-1-1.jpg\" \/>\n\t<meta property=\"og:image:width\" content=\"1200\" \/>\n\t<meta property=\"og:image:height\" content=\"1200\" \/>\n\t<meta property=\"og:image:type\" content=\"image\/jpeg\" \/>\n<meta name=\"twitter:card\" content=\"summary_large_image\" \/>\n<meta name=\"twitter:label1\" content=\"Predpokladan\u00fd \u010das \u010d\u00edtania\" \/>\n\t<meta name=\"twitter:data1\" content=\"1 min\u00fata\" \/>\n<script type=\"application\/ld+json\" class=\"yoast-schema-graph\">{\"@context\":\"https:\\\/\\\/schema.org\",\"@graph\":[{\"@type\":\"WebPage\",\"@id\":\"https:\\\/\\\/www.anatomic.sk\\\/eshop\\\/produkt\\\/big-batman-family\\\/\",\"url\":\"https:\\\/\\\/www.anatomic.sk\\\/eshop\\\/produkt\\\/big-batman-family\\\/\",\"name\":\"Big Batman Family Lezeck\u00e9 chyty - Anatomic.sk\",\"isPartOf\":{\"@id\":\"https:\\\/\\\/www.anatomic.sk\\\/eshop\\\/#website\"},\"primaryImageOfPage\":{\"@id\":\"https:\\\/\\\/www.anatomic.sk\\\/eshop\\\/produkt\\\/big-batman-family\\\/#primaryimage\"},\"image\":{\"@id\":\"https:\\\/\\\/www.anatomic.sk\\\/eshop\\\/produkt\\\/big-batman-family\\\/#primaryimage\"},\"thumbnailUrl\":\"https:\\\/\\\/www.anatomic.sk\\\/eshop\\\/wp-content\\\/uploads\\\/2025\\\/12\\\/group-big-batman-1-1.jpg\",\"datePublished\":\"2025-12-03T07:37:02+00:00\",\"dateModified\":\"2026-04-17T09:39:12+00:00\",\"description\":\"Big Batman Family Lezeck\u00e9 chyty s du\u00e1lnym povrchom | Typ \u00fachopu - Obliny | Na zostavovanie ciest alebo bouldrov v profiloch so sklonom do 30\u00b0\",\"breadcrumb\":{\"@id\":\"https:\\\/\\\/www.anatomic.sk\\\/eshop\\\/produkt\\\/big-batman-family\\\/#breadcrumb\"},\"inLanguage\":\"sk-SK\",\"potentialAction\":[{\"@type\":\"ReadAction\",\"target\":[\"https:\\\/\\\/www.anatomic.sk\\\/eshop\\\/produkt\\\/big-batman-family\\\/\"]}]},{\"@type\":\"ImageObject\",\"inLanguage\":\"sk-SK\",\"@id\":\"https:\\\/\\\/www.anatomic.sk\\\/eshop\\\/produkt\\\/big-batman-family\\\/#primaryimage\",\"url\":\"https:\\\/\\\/www.anatomic.sk\\\/eshop\\\/wp-content\\\/uploads\\\/2025\\\/12\\\/group-big-batman-1-1.jpg\",\"contentUrl\":\"https:\\\/\\\/www.anatomic.sk\\\/eshop\\\/wp-content\\\/uploads\\\/2025\\\/12\\\/group-big-batman-1-1.jpg\",\"width\":1200,\"height\":1200},{\"@type\":\"BreadcrumbList\",\"@id\":\"https:\\\/\\\/www.anatomic.sk\\\/eshop\\\/produkt\\\/big-batman-family\\\/#breadcrumb\",\"itemListElement\":[{\"@type\":\"ListItem\",\"position\":1,\"name\":\"Domovsk\u00e1 str\u00e1nka\",\"item\":\"https:\\\/\\\/www.anatomic.sk\\\/eshop\\\/\"},{\"@type\":\"ListItem\",\"position\":2,\"name\":\"Obchod\",\"item\":\"https:\\\/\\\/www.anatomic.sk\\\/eshop\\\/obchod\\\/\"},{\"@type\":\"ListItem\",\"position\":3,\"name\":\"Big Batman Family\"}]},{\"@type\":\"WebSite\",\"@id\":\"https:\\\/\\\/www.anatomic.sk\\\/eshop\\\/#website\",\"url\":\"https:\\\/\\\/www.anatomic.sk\\\/eshop\\\/\",\"name\":\"Anatomic Climbing Holds\",\"description\":\"Lezeck\u00e9 chyty a \u0161trukt\u00fary\",\"publisher\":{\"@id\":\"https:\\\/\\\/www.anatomic.sk\\\/eshop\\\/#organization\"},\"potentialAction\":[{\"@type\":\"SearchAction\",\"target\":{\"@type\":\"EntryPoint\",\"urlTemplate\":\"https:\\\/\\\/www.anatomic.sk\\\/eshop\\\/?s={search_term_string}\"},\"query-input\":{\"@type\":\"PropertyValueSpecification\",\"valueRequired\":true,\"valueName\":\"search_term_string\"}}],\"inLanguage\":\"sk-SK\"},{\"@type\":\"Organization\",\"@id\":\"https:\\\/\\\/www.anatomic.sk\\\/eshop\\\/#organization\",\"name\":\"Anatomic Climbing Holds\",\"url\":\"https:\\\/\\\/www.anatomic.sk\\\/eshop\\\/\",\"logo\":{\"@type\":\"ImageObject\",\"inLanguage\":\"sk-SK\",\"@id\":\"https:\\\/\\\/www.anatomic.sk\\\/eshop\\\/#\\\/schema\\\/logo\\\/image\\\/\",\"url\":\"https:\\\/\\\/www.anatomic.sk\\\/eshop\\\/wp-content\\\/uploads\\\/2025\\\/12\\\/cropped-logo-anatomic-sk.png\",\"contentUrl\":\"https:\\\/\\\/www.anatomic.sk\\\/eshop\\\/wp-content\\\/uploads\\\/2025\\\/12\\\/cropped-logo-anatomic-sk.png\",\"width\":200,\"height\":67,\"caption\":\"Anatomic Climbing Holds\"},\"image\":{\"@id\":\"https:\\\/\\\/www.anatomic.sk\\\/eshop\\\/#\\\/schema\\\/logo\\\/image\\\/\"},\"sameAs\":[\"https:\\\/\\\/www.facebook.com\\\/anatomic.sk\",\"https:\\\/\\\/www.instagram.com\\\/anatomic_holds_walls\\\/\"]}]}<\/script>\n<!-- \/ Yoast SEO plugin. -->","yoast_head_json":{"title":"Big Batman Family Lezeck\u00e9 chyty - Anatomic.sk","description":"Big Batman Family Lezeck\u00e9 chyty s du\u00e1lnym povrchom | Typ \u00fachopu - Obliny | Na zostavovanie ciest alebo bouldrov v profiloch so sklonom do 30\u00b0","robots":{"index":"index","follow":"follow","max-snippet":"max-snippet:-1","max-image-preview":"max-image-preview:large","max-video-preview":"max-video-preview:-1"},"canonical":"https:\/\/www.anatomic.sk\/eshop\/produkt\/big-batman-family\/","og_locale":"sk_SK","og_type":"article","og_title":"Big Batman Family Lezeck\u00e9 chyty - Anatomic.sk","og_description":"Big Batman Family Lezeck\u00e9 chyty s du\u00e1lnym povrchom | Typ \u00fachopu - Obliny | Na zostavovanie ciest alebo bouldrov v profiloch so sklonom do 30\u00b0","og_url":"https:\/\/www.anatomic.sk\/eshop\/produkt\/big-batman-family\/","og_site_name":"Anatomic.sk","article_publisher":"https:\/\/www.facebook.com\/anatomic.sk","article_modified_time":"2026-04-17T09:39:12+00:00","og_image":[{"width":1200,"height":1200,"url":"https:\/\/www.anatomic.sk\/eshop\/wp-content\/uploads\/2025\/12\/group-big-batman-1-1.jpg","type":"image\/jpeg"}],"twitter_card":"summary_large_image","twitter_misc":{"Predpokladan\u00fd \u010das \u010d\u00edtania":"1 min\u00fata"},"schema":{"@context":"https:\/\/schema.org","@graph":[{"@type":"WebPage","@id":"https:\/\/www.anatomic.sk\/eshop\/produkt\/big-batman-family\/","url":"https:\/\/www.anatomic.sk\/eshop\/produkt\/big-batman-family\/","name":"Big Batman Family Lezeck\u00e9 chyty - Anatomic.sk","isPartOf":{"@id":"https:\/\/www.anatomic.sk\/eshop\/#website"},"primaryImageOfPage":{"@id":"https:\/\/www.anatomic.sk\/eshop\/produkt\/big-batman-family\/#primaryimage"},"image":{"@id":"https:\/\/www.anatomic.sk\/eshop\/produkt\/big-batman-family\/#primaryimage"},"thumbnailUrl":"https:\/\/www.anatomic.sk\/eshop\/wp-content\/uploads\/2025\/12\/group-big-batman-1-1.jpg","datePublished":"2025-12-03T07:37:02+00:00","dateModified":"2026-04-17T09:39:12+00:00","description":"Big Batman Family Lezeck\u00e9 chyty s du\u00e1lnym povrchom | Typ \u00fachopu - Obliny | Na zostavovanie ciest alebo bouldrov v profiloch so sklonom do 30\u00b0","breadcrumb":{"@id":"https:\/\/www.anatomic.sk\/eshop\/produkt\/big-batman-family\/#breadcrumb"},"inLanguage":"sk-SK","potentialAction":[{"@type":"ReadAction","target":["https:\/\/www.anatomic.sk\/eshop\/produkt\/big-batman-family\/"]}]},{"@type":"ImageObject","inLanguage":"sk-SK","@id":"https:\/\/www.anatomic.sk\/eshop\/produkt\/big-batman-family\/#primaryimage","url":"https:\/\/www.anatomic.sk\/eshop\/wp-content\/uploads\/2025\/12\/group-big-batman-1-1.jpg","contentUrl":"https:\/\/www.anatomic.sk\/eshop\/wp-content\/uploads\/2025\/12\/group-big-batman-1-1.jpg","width":1200,"height":1200},{"@type":"BreadcrumbList","@id":"https:\/\/www.anatomic.sk\/eshop\/produkt\/big-batman-family\/#breadcrumb","itemListElement":[{"@type":"ListItem","position":1,"name":"Domovsk\u00e1 str\u00e1nka","item":"https:\/\/www.anatomic.sk\/eshop\/"},{"@type":"ListItem","position":2,"name":"Obchod","item":"https:\/\/www.anatomic.sk\/eshop\/obchod\/"},{"@type":"ListItem","position":3,"name":"Big Batman Family"}]},{"@type":"WebSite","@id":"https:\/\/www.anatomic.sk\/eshop\/#website","url":"https:\/\/www.anatomic.sk\/eshop\/","name":"Anatomic Climbing Holds","description":"Lezeck\u00e9 chyty a \u0161trukt\u00fary","publisher":{"@id":"https:\/\/www.anatomic.sk\/eshop\/#organization"},"potentialAction":[{"@type":"SearchAction","target":{"@type":"EntryPoint","urlTemplate":"https:\/\/www.anatomic.sk\/eshop\/?s={search_term_string}"},"query-input":{"@type":"PropertyValueSpecification","valueRequired":true,"valueName":"search_term_string"}}],"inLanguage":"sk-SK"},{"@type":"Organization","@id":"https:\/\/www.anatomic.sk\/eshop\/#organization","name":"Anatomic Climbing Holds","url":"https:\/\/www.anatomic.sk\/eshop\/","logo":{"@type":"ImageObject","inLanguage":"sk-SK","@id":"https:\/\/www.anatomic.sk\/eshop\/#\/schema\/logo\/image\/","url":"https:\/\/www.anatomic.sk\/eshop\/wp-content\/uploads\/2025\/12\/cropped-logo-anatomic-sk.png","contentUrl":"https:\/\/www.anatomic.sk\/eshop\/wp-content\/uploads\/2025\/12\/cropped-logo-anatomic-sk.png","width":200,"height":67,"caption":"Anatomic Climbing Holds"},"image":{"@id":"https:\/\/www.anatomic.sk\/eshop\/#\/schema\/logo\/image\/"},"sameAs":["https:\/\/www.facebook.com\/anatomic.sk","https:\/\/www.instagram.com\/anatomic_holds_walls\/"]}]}},"_links":{"self":[{"href":"https:\/\/www.anatomic.sk\/eshop\/wp-json\/wp\/v2\/product\/7445","targetHints":{"allow":["GET"]}}],"collection":[{"href":"https:\/\/www.anatomic.sk\/eshop\/wp-json\/wp\/v2\/product"}],"about":[{"href":"https:\/\/www.anatomic.sk\/eshop\/wp-json\/wp\/v2\/types\/product"}],"version-history":[{"count":10,"href":"https:\/\/www.anatomic.sk\/eshop\/wp-json\/wp\/v2\/product\/7445\/revisions"}],"predecessor-version":[{"id":14962,"href":"https:\/\/www.anatomic.sk\/eshop\/wp-json\/wp\/v2\/product\/7445\/revisions\/14962"}],"wp:featuredmedia":[{"embeddable":true,"href":"https:\/\/www.anatomic.sk\/eshop\/wp-json\/wp\/v2\/media\/8177"}],"wp:attachment":[{"href":"https:\/\/www.anatomic.sk\/eshop\/wp-json\/wp\/v2\/media?parent=7445"}],"wp:term":[{"taxonomy":"product_brand","embeddable":true,"href":"https:\/\/www.anatomic.sk\/eshop\/wp-json\/wp\/v2\/product_brand?post=7445"},{"taxonomy":"product_cat","embeddable":true,"href":"https:\/\/www.anatomic.sk\/eshop\/wp-json\/wp\/v2\/product_cat?post=7445"},{"taxonomy":"product_tag","embeddable":true,"href":"https:\/\/www.anatomic.sk\/eshop\/wp-json\/wp\/v2\/product_tag?post=7445"}],"curies":[{"name":"wp","href":"https:\/\/api.w.org\/{rel}","templated":true}]}}