{"id":6674,"date":"2025-12-03T08:20:02","date_gmt":"2025-12-03T07:20:02","guid":{"rendered":"https:\/\/www.anatomic.sk\/eshop\/?post_type=product&#038;p=6674"},"modified":"2026-03-18T11:28:14","modified_gmt":"2026-03-18T10:28:14","slug":"lezecka-struktura-tulip","status":"publish","type":"product","link":"https:\/\/www.anatomic.sk\/eshop\/produkt\/lezecka-struktura-tulip\/","title":{"rendered":"Tulip, ve\u013e. S"},"content":{"rendered":"<h2>Tulip &#8211;\u00a0Lezeck\u00e1 \u0161trukt\u00fara<\/h2>\n<p>Tulip je symetrick\u00e1 \u0161trukt\u00fara, ktorej hrany sa nedaj\u00fa chyta\u0165 a t\u00fdm je mo\u017en\u00e9 ju vy\u00fa\u017e\u00edva\u0165 na komplikovanej\u0161ie cesty. Av\u0161ak doplnen\u00edm vhodn\u00fdch chytov je mo\u017en\u00e9 dosiahnu\u0165 aj jednoduch\u00e9 kroky. Hlavn\u00e1 plocha je naklonen\u00e1 a preto dosiahnete miernu zmenu sklonu steny, ktor\u00e1 v\u0161ak nieje a\u017e tak\u00e1 v\u00fdrazn\u00e1. Vhodn\u00fdm stohovan\u00edm sa d\u00e1 sklon postupne zv\u00e4\u010d\u0161ova\u0165.<\/p>\n<p>Pre u\u013eah\u010denie mont\u00e1\u017ee a ochranu mont\u00e1\u017enych otvorov s\u00fa osaden\u00e9 oce\u013eov\u00e9 vlo\u017eky M5. \u0160trukt\u00fara obsahuje aj matice M10 pre in\u0161tal\u00e1ciu chytov pomocou imbusov\u00fdch skrutiek.<\/p>\n<p>\u0160trukt\u00fary s\u00fa ide\u00e1lne rie\u0161enie ako obohati\u0165 o nov\u00e9 mo\u017enosti a v\u00fdzvy pre v\u0161etky <a href=\"https:\/\/www.anatomic.sk\/lezecke-steny\/1-lezecke-steny-s-lanom\/\" target=\"_blank\" rel=\"noopener\">lezeck\u00e9 steny<\/a>.<\/p>\n<p><strong>Upozornenie:<\/strong> Mont\u00e1\u017ene skrutky nie s\u00fa s\u00fa\u010das\u0165ou balenia.<\/p>\n<p>\u00a9 Anatomic 2021<\/p>\n\n    <div class=\"xs_social_share_widget xs_share_url after_content \t\tmain_content  wslu-style-1 wslu-share-box-shaped wslu-fill-colored wslu-none wslu-share-horizontal wslu-theme-font-no wslu-main_content\">\n\n\t\t\n        <ul>\n\t\t\t        <\/ul>\n    <\/div> \n","protected":false},"excerpt":{"rendered":"<table>\n<tbody>\n<tr>\n<td>Ve\u013ekos\u0165 -varianty<\/td>\n<td>S<\/td>\n<\/tr>\n<tr>\n<td>Rozmery (cm)<\/td>\n<td>78 x 57 x 9,6<\/td>\n<\/tr>\n<tr>\n<td colspan=\"3\"><img fetchpriority=\"high\" decoding=\"async\" class=\"alignnone size-medium wp-image-11277\" src=\"https:\/\/www.anatomic.sk\/eshop\/wp-content\/uploads\/2025\/12\/tulip-anatomic-plywood-300x180.png\" alt=\"Tulip Anatomic Plywood Volume \" width=\"300\" height=\"180\" srcset=\"https:\/\/www.anatomic.sk\/eshop\/wp-content\/uploads\/2025\/12\/tulip-anatomic-plywood-300x180.png 300w, https:\/\/www.anatomic.sk\/eshop\/wp-content\/uploads\/2025\/12\/tulip-anatomic-plywood.png 600w\" sizes=\"(max-width: 300px) 100vw, 300px\" \/><\/td>\n<\/tr>\n<tr>\n<td style=\"vertical-align: middle;\">Mont\u00e1\u017e<\/td>\n<td style=\"vertical-align: middle;\">8x<\/td>\n<td style=\"vertical-align: middle;\"><img decoding=\"async\" class=\"aligncenter wp-image-10985 size-full\" src=\"https:\/\/www.anatomic.sk\/eshop\/wp-content\/uploads\/2025\/12\/screw.png\" alt=\"\" width=\"50\" height=\"50\" \/><\/td>\n<\/tr>\n<tr>\n<td style=\"vertical-align: middle;\">Pou\u017eitie<\/td>\n<td style=\"vertical-align: middle;\"><img decoding=\"async\" class=\"aligncenter wp-image-10989\" src=\"https:\/\/www.anatomic.sk\/eshop\/wp-content\/uploads\/2025\/12\/90-angle.jpg\" alt=\"\" width=\"45\" height=\"45\" srcset=\"https:\/\/www.anatomic.sk\/eshop\/wp-content\/uploads\/2025\/12\/90-angle.jpg 60w, https:\/\/www.anatomic.sk\/eshop\/wp-content\/uploads\/2025\/12\/90-angle-50x50.jpg 50w\" sizes=\"(max-width: 45px) 100vw, 45px\" \/><\/td>\n<td style=\"vertical-align: middle;\"><img loading=\"lazy\" decoding=\"async\" class=\"aligncenter wp-image-10987\" src=\"https:\/\/www.anatomic.sk\/eshop\/wp-content\/uploads\/2025\/12\/0-angle.jpg\" alt=\"\" width=\"45\" height=\"45\" srcset=\"https:\/\/www.anatomic.sk\/eshop\/wp-content\/uploads\/2025\/12\/0-angle.jpg 60w, https:\/\/www.anatomic.sk\/eshop\/wp-content\/uploads\/2025\/12\/0-angle-50x50.jpg 50w\" sizes=\"(max-width: 45px) 100vw, 45px\" \/><\/td>\n<\/tr>\n<\/tbody>\n<\/table>\n","protected":false},"featured_media":6778,"template":"","meta":{"_acf_changed":false},"product_brand":[],"product_cat":[335,327],"product_tag":[],"class_list":{"0":"post-6674","1":"product","2":"type-product","3":"status-publish","4":"has-post-thumbnail","6":"product_cat-typ-apple","7":"product_cat-drevene-struktury","8":"product_shipping_class-max-lenght-80","10":"first","11":"instock","12":"taxable","13":"shipping-taxable","14":"purchasable","15":"product-type-variable","16":"has-default-attributes"},"acf":[],"yoast_head":"<!-- This site is optimized with the Yoast SEO plugin v27.4 - https:\/\/yoast.com\/product\/yoast-seo-wordpress\/ -->\n<title>Tulip, ve\u013e. S - Symetrick\u00e1 \u0161trukt\u00fara na lezenie<\/title>\n<meta name=\"description\" content=\"Tulip, ve\u013e. S - Symetrick\u00e1 \u0161trukt\u00fara, ktorej hrany sa nedaj\u00fa chyta\u0165 a t\u00fdm je mo\u017en\u00e9 ju vy\u00fa\u017e\u00edva\u0165 na komplikovanej\u0161ie cesty.\" \/>\n<meta name=\"robots\" content=\"index, follow, max-snippet:-1, max-image-preview:large, max-video-preview:-1\" \/>\n<link rel=\"canonical\" href=\"https:\/\/www.anatomic.sk\/eshop\/produkt\/lezecka-struktura-tulip\/\" \/>\n<meta property=\"og:locale\" content=\"sk_SK\" \/>\n<meta property=\"og:type\" content=\"article\" \/>\n<meta property=\"og:title\" content=\"Tulip, ve\u013e. S - Symetrick\u00e1 \u0161trukt\u00fara na lezenie\" \/>\n<meta property=\"og:description\" content=\"Tulip, ve\u013e. S - Symetrick\u00e1 \u0161trukt\u00fara, ktorej hrany sa nedaj\u00fa chyta\u0165 a t\u00fdm je mo\u017en\u00e9 ju vy\u00fa\u017e\u00edva\u0165 na komplikovanej\u0161ie cesty.\" \/>\n<meta property=\"og:url\" content=\"https:\/\/www.anatomic.sk\/eshop\/produkt\/lezecka-struktura-tulip\/\" \/>\n<meta property=\"og:site_name\" content=\"Anatomic.sk\" \/>\n<meta property=\"article:publisher\" content=\"https:\/\/www.facebook.com\/anatomic.sk\" \/>\n<meta property=\"article:modified_time\" content=\"2026-03-18T10:28:14+00:00\" \/>\n<meta property=\"og:image\" content=\"https:\/\/www.anatomic.sk\/eshop\/wp-content\/uploads\/2025\/12\/plywood-volumes-tulip-s-2-1.jpg\" \/>\n\t<meta property=\"og:image:width\" content=\"1024\" \/>\n\t<meta property=\"og:image:height\" content=\"1024\" \/>\n\t<meta property=\"og:image:type\" content=\"image\/jpeg\" \/>\n<meta name=\"twitter:card\" content=\"summary_large_image\" \/>\n<meta name=\"twitter:label1\" content=\"Predpokladan\u00fd \u010das \u010d\u00edtania\" \/>\n\t<meta name=\"twitter:data1\" content=\"1 min\u00fata\" \/>\n<script type=\"application\/ld+json\" class=\"yoast-schema-graph\">{\"@context\":\"https:\\\/\\\/schema.org\",\"@graph\":[{\"@type\":\"WebPage\",\"@id\":\"https:\\\/\\\/www.anatomic.sk\\\/eshop\\\/produkt\\\/lezecka-struktura-tulip\\\/\",\"url\":\"https:\\\/\\\/www.anatomic.sk\\\/eshop\\\/produkt\\\/lezecka-struktura-tulip\\\/\",\"name\":\"Tulip, ve\u013e. S - Symetrick\u00e1 \u0161trukt\u00fara na lezenie\",\"isPartOf\":{\"@id\":\"https:\\\/\\\/www.anatomic.sk\\\/eshop\\\/#website\"},\"primaryImageOfPage\":{\"@id\":\"https:\\\/\\\/www.anatomic.sk\\\/eshop\\\/produkt\\\/lezecka-struktura-tulip\\\/#primaryimage\"},\"image\":{\"@id\":\"https:\\\/\\\/www.anatomic.sk\\\/eshop\\\/produkt\\\/lezecka-struktura-tulip\\\/#primaryimage\"},\"thumbnailUrl\":\"https:\\\/\\\/www.anatomic.sk\\\/eshop\\\/wp-content\\\/uploads\\\/2025\\\/12\\\/plywood-volumes-tulip-s-2-1.jpg\",\"datePublished\":\"2025-12-03T07:20:02+00:00\",\"dateModified\":\"2026-03-18T10:28:14+00:00\",\"description\":\"Tulip, ve\u013e. S - Symetrick\u00e1 \u0161trukt\u00fara, ktorej hrany sa nedaj\u00fa chyta\u0165 a t\u00fdm je mo\u017en\u00e9 ju vy\u00fa\u017e\u00edva\u0165 na komplikovanej\u0161ie cesty.\",\"breadcrumb\":{\"@id\":\"https:\\\/\\\/www.anatomic.sk\\\/eshop\\\/produkt\\\/lezecka-struktura-tulip\\\/#breadcrumb\"},\"inLanguage\":\"sk-SK\",\"potentialAction\":[{\"@type\":\"ReadAction\",\"target\":[\"https:\\\/\\\/www.anatomic.sk\\\/eshop\\\/produkt\\\/lezecka-struktura-tulip\\\/\"]}]},{\"@type\":\"ImageObject\",\"inLanguage\":\"sk-SK\",\"@id\":\"https:\\\/\\\/www.anatomic.sk\\\/eshop\\\/produkt\\\/lezecka-struktura-tulip\\\/#primaryimage\",\"url\":\"https:\\\/\\\/www.anatomic.sk\\\/eshop\\\/wp-content\\\/uploads\\\/2025\\\/12\\\/plywood-volumes-tulip-s-2-1.jpg\",\"contentUrl\":\"https:\\\/\\\/www.anatomic.sk\\\/eshop\\\/wp-content\\\/uploads\\\/2025\\\/12\\\/plywood-volumes-tulip-s-2-1.jpg\",\"width\":1024,\"height\":1024,\"caption\":\"Tulip Plywood Volume | anatomic\"},{\"@type\":\"BreadcrumbList\",\"@id\":\"https:\\\/\\\/www.anatomic.sk\\\/eshop\\\/produkt\\\/lezecka-struktura-tulip\\\/#breadcrumb\",\"itemListElement\":[{\"@type\":\"ListItem\",\"position\":1,\"name\":\"Domovsk\u00e1 str\u00e1nka\",\"item\":\"https:\\\/\\\/www.anatomic.sk\\\/eshop\\\/\"},{\"@type\":\"ListItem\",\"position\":2,\"name\":\"Obchod\",\"item\":\"https:\\\/\\\/www.anatomic.sk\\\/eshop\\\/obchod\\\/\"},{\"@type\":\"ListItem\",\"position\":3,\"name\":\"Tulip, ve\u013e. S\"}]},{\"@type\":\"WebSite\",\"@id\":\"https:\\\/\\\/www.anatomic.sk\\\/eshop\\\/#website\",\"url\":\"https:\\\/\\\/www.anatomic.sk\\\/eshop\\\/\",\"name\":\"Anatomic Climbing Holds\",\"description\":\"Lezeck\u00e9 chyty a \u0161trukt\u00fary\",\"publisher\":{\"@id\":\"https:\\\/\\\/www.anatomic.sk\\\/eshop\\\/#organization\"},\"potentialAction\":[{\"@type\":\"SearchAction\",\"target\":{\"@type\":\"EntryPoint\",\"urlTemplate\":\"https:\\\/\\\/www.anatomic.sk\\\/eshop\\\/?s={search_term_string}\"},\"query-input\":{\"@type\":\"PropertyValueSpecification\",\"valueRequired\":true,\"valueName\":\"search_term_string\"}}],\"inLanguage\":\"sk-SK\"},{\"@type\":\"Organization\",\"@id\":\"https:\\\/\\\/www.anatomic.sk\\\/eshop\\\/#organization\",\"name\":\"Anatomic Climbing Holds\",\"url\":\"https:\\\/\\\/www.anatomic.sk\\\/eshop\\\/\",\"logo\":{\"@type\":\"ImageObject\",\"inLanguage\":\"sk-SK\",\"@id\":\"https:\\\/\\\/www.anatomic.sk\\\/eshop\\\/#\\\/schema\\\/logo\\\/image\\\/\",\"url\":\"https:\\\/\\\/www.anatomic.sk\\\/eshop\\\/wp-content\\\/uploads\\\/2025\\\/12\\\/cropped-logo-anatomic-sk.png\",\"contentUrl\":\"https:\\\/\\\/www.anatomic.sk\\\/eshop\\\/wp-content\\\/uploads\\\/2025\\\/12\\\/cropped-logo-anatomic-sk.png\",\"width\":200,\"height\":67,\"caption\":\"Anatomic Climbing Holds\"},\"image\":{\"@id\":\"https:\\\/\\\/www.anatomic.sk\\\/eshop\\\/#\\\/schema\\\/logo\\\/image\\\/\"},\"sameAs\":[\"https:\\\/\\\/www.facebook.com\\\/anatomic.sk\",\"https:\\\/\\\/www.instagram.com\\\/anatomic_holds_walls\\\/\"]}]}<\/script>\n<!-- \/ Yoast SEO plugin. -->","yoast_head_json":{"title":"Tulip, ve\u013e. S - Symetrick\u00e1 \u0161trukt\u00fara na lezenie","description":"Tulip, ve\u013e. S - Symetrick\u00e1 \u0161trukt\u00fara, ktorej hrany sa nedaj\u00fa chyta\u0165 a t\u00fdm je mo\u017en\u00e9 ju vy\u00fa\u017e\u00edva\u0165 na komplikovanej\u0161ie cesty.","robots":{"index":"index","follow":"follow","max-snippet":"max-snippet:-1","max-image-preview":"max-image-preview:large","max-video-preview":"max-video-preview:-1"},"canonical":"https:\/\/www.anatomic.sk\/eshop\/produkt\/lezecka-struktura-tulip\/","og_locale":"sk_SK","og_type":"article","og_title":"Tulip, ve\u013e. S - Symetrick\u00e1 \u0161trukt\u00fara na lezenie","og_description":"Tulip, ve\u013e. S - Symetrick\u00e1 \u0161trukt\u00fara, ktorej hrany sa nedaj\u00fa chyta\u0165 a t\u00fdm je mo\u017en\u00e9 ju vy\u00fa\u017e\u00edva\u0165 na komplikovanej\u0161ie cesty.","og_url":"https:\/\/www.anatomic.sk\/eshop\/produkt\/lezecka-struktura-tulip\/","og_site_name":"Anatomic.sk","article_publisher":"https:\/\/www.facebook.com\/anatomic.sk","article_modified_time":"2026-03-18T10:28:14+00:00","og_image":[{"width":1024,"height":1024,"url":"https:\/\/www.anatomic.sk\/eshop\/wp-content\/uploads\/2025\/12\/plywood-volumes-tulip-s-2-1.jpg","type":"image\/jpeg"}],"twitter_card":"summary_large_image","twitter_misc":{"Predpokladan\u00fd \u010das \u010d\u00edtania":"1 min\u00fata"},"schema":{"@context":"https:\/\/schema.org","@graph":[{"@type":"WebPage","@id":"https:\/\/www.anatomic.sk\/eshop\/produkt\/lezecka-struktura-tulip\/","url":"https:\/\/www.anatomic.sk\/eshop\/produkt\/lezecka-struktura-tulip\/","name":"Tulip, ve\u013e. S - Symetrick\u00e1 \u0161trukt\u00fara na lezenie","isPartOf":{"@id":"https:\/\/www.anatomic.sk\/eshop\/#website"},"primaryImageOfPage":{"@id":"https:\/\/www.anatomic.sk\/eshop\/produkt\/lezecka-struktura-tulip\/#primaryimage"},"image":{"@id":"https:\/\/www.anatomic.sk\/eshop\/produkt\/lezecka-struktura-tulip\/#primaryimage"},"thumbnailUrl":"https:\/\/www.anatomic.sk\/eshop\/wp-content\/uploads\/2025\/12\/plywood-volumes-tulip-s-2-1.jpg","datePublished":"2025-12-03T07:20:02+00:00","dateModified":"2026-03-18T10:28:14+00:00","description":"Tulip, ve\u013e. S - Symetrick\u00e1 \u0161trukt\u00fara, ktorej hrany sa nedaj\u00fa chyta\u0165 a t\u00fdm je mo\u017en\u00e9 ju vy\u00fa\u017e\u00edva\u0165 na komplikovanej\u0161ie cesty.","breadcrumb":{"@id":"https:\/\/www.anatomic.sk\/eshop\/produkt\/lezecka-struktura-tulip\/#breadcrumb"},"inLanguage":"sk-SK","potentialAction":[{"@type":"ReadAction","target":["https:\/\/www.anatomic.sk\/eshop\/produkt\/lezecka-struktura-tulip\/"]}]},{"@type":"ImageObject","inLanguage":"sk-SK","@id":"https:\/\/www.anatomic.sk\/eshop\/produkt\/lezecka-struktura-tulip\/#primaryimage","url":"https:\/\/www.anatomic.sk\/eshop\/wp-content\/uploads\/2025\/12\/plywood-volumes-tulip-s-2-1.jpg","contentUrl":"https:\/\/www.anatomic.sk\/eshop\/wp-content\/uploads\/2025\/12\/plywood-volumes-tulip-s-2-1.jpg","width":1024,"height":1024,"caption":"Tulip Plywood Volume | anatomic"},{"@type":"BreadcrumbList","@id":"https:\/\/www.anatomic.sk\/eshop\/produkt\/lezecka-struktura-tulip\/#breadcrumb","itemListElement":[{"@type":"ListItem","position":1,"name":"Domovsk\u00e1 str\u00e1nka","item":"https:\/\/www.anatomic.sk\/eshop\/"},{"@type":"ListItem","position":2,"name":"Obchod","item":"https:\/\/www.anatomic.sk\/eshop\/obchod\/"},{"@type":"ListItem","position":3,"name":"Tulip, ve\u013e. S"}]},{"@type":"WebSite","@id":"https:\/\/www.anatomic.sk\/eshop\/#website","url":"https:\/\/www.anatomic.sk\/eshop\/","name":"Anatomic Climbing Holds","description":"Lezeck\u00e9 chyty a \u0161trukt\u00fary","publisher":{"@id":"https:\/\/www.anatomic.sk\/eshop\/#organization"},"potentialAction":[{"@type":"SearchAction","target":{"@type":"EntryPoint","urlTemplate":"https:\/\/www.anatomic.sk\/eshop\/?s={search_term_string}"},"query-input":{"@type":"PropertyValueSpecification","valueRequired":true,"valueName":"search_term_string"}}],"inLanguage":"sk-SK"},{"@type":"Organization","@id":"https:\/\/www.anatomic.sk\/eshop\/#organization","name":"Anatomic Climbing Holds","url":"https:\/\/www.anatomic.sk\/eshop\/","logo":{"@type":"ImageObject","inLanguage":"sk-SK","@id":"https:\/\/www.anatomic.sk\/eshop\/#\/schema\/logo\/image\/","url":"https:\/\/www.anatomic.sk\/eshop\/wp-content\/uploads\/2025\/12\/cropped-logo-anatomic-sk.png","contentUrl":"https:\/\/www.anatomic.sk\/eshop\/wp-content\/uploads\/2025\/12\/cropped-logo-anatomic-sk.png","width":200,"height":67,"caption":"Anatomic Climbing Holds"},"image":{"@id":"https:\/\/www.anatomic.sk\/eshop\/#\/schema\/logo\/image\/"},"sameAs":["https:\/\/www.facebook.com\/anatomic.sk","https:\/\/www.instagram.com\/anatomic_holds_walls\/"]}]}},"_links":{"self":[{"href":"https:\/\/www.anatomic.sk\/eshop\/wp-json\/wp\/v2\/product\/6674","targetHints":{"allow":["GET"]}}],"collection":[{"href":"https:\/\/www.anatomic.sk\/eshop\/wp-json\/wp\/v2\/product"}],"about":[{"href":"https:\/\/www.anatomic.sk\/eshop\/wp-json\/wp\/v2\/types\/product"}],"version-history":[{"count":10,"href":"https:\/\/www.anatomic.sk\/eshop\/wp-json\/wp\/v2\/product\/6674\/revisions"}],"predecessor-version":[{"id":12087,"href":"https:\/\/www.anatomic.sk\/eshop\/wp-json\/wp\/v2\/product\/6674\/revisions\/12087"}],"wp:featuredmedia":[{"embeddable":true,"href":"https:\/\/www.anatomic.sk\/eshop\/wp-json\/wp\/v2\/media\/6778"}],"wp:attachment":[{"href":"https:\/\/www.anatomic.sk\/eshop\/wp-json\/wp\/v2\/media?parent=6674"}],"wp:term":[{"taxonomy":"product_brand","embeddable":true,"href":"https:\/\/www.anatomic.sk\/eshop\/wp-json\/wp\/v2\/product_brand?post=6674"},{"taxonomy":"product_cat","embeddable":true,"href":"https:\/\/www.anatomic.sk\/eshop\/wp-json\/wp\/v2\/product_cat?post=6674"},{"taxonomy":"product_tag","embeddable":true,"href":"https:\/\/www.anatomic.sk\/eshop\/wp-json\/wp\/v2\/product_tag?post=6674"}],"curies":[{"name":"wp","href":"https:\/\/api.w.org\/{rel}","templated":true}]}}