{"id":6563,"date":"2025-12-03T08:17:25","date_gmt":"2025-12-03T07:17:25","guid":{"rendered":"https:\/\/www.anatomic.sk\/eshop\/?post_type=product&#038;p=6563"},"modified":"2026-04-09T14:27:01","modified_gmt":"2026-04-09T12:27:01","slug":"pines-2","status":"publish","type":"product","link":"https:\/\/www.anatomic.sk\/eshop\/en\/produkt\/pines-2\/","title":{"rendered":"Pines"},"content":{"rendered":"<h2>Pines climbing holds<\/h2>\n<p>Pines are medium-large and large climbing holds with the type of grip Jugs or slopers, it depends on how you place the holds on the wall. There are 5 pieces of holds in the set made of polyester. They are good for simple walls for children, and for children&#8217;s playgrounds as an exit to a slide or a house, the holds are also suitable for climbing for beginners, but they can also be mounted on &#8220;steep&#8221; climbing walls, or on walls whose slope is up to 60\u00b0. They are good for climbing for beginners, and perfectly suitable for kids. Holds are easy to grip. They are made of polyester.<\/p>\n<ul>\n<li>Fasteners are not included in the climbing set.<\/li>\n<li>All climbing holds are suitable for outdoor and indoor use.<\/li>\n<\/ul>\n<p style=\"text-align: center\">\u00a9 Anatomic 2021, Design made by Marek Rep\u010d\u00edk.<\/p>\n\n    <div class=\"xs_social_share_widget xs_share_url after_content \t\tmain_content  wslu-style-1 wslu-share-box-shaped wslu-fill-colored wslu-none wslu-share-horizontal wslu-theme-font-no wslu-main_content\">\n\n\t\t\n        <ul>\n\t\t\t        <\/ul>\n    <\/div> \n","protected":false},"excerpt":{"rendered":"<table>\n<tbody>\n<tr>\n<td style=\"font-size: 14px\" colspan=\"1\">Holds in set<\/td>\n<td style=\"font-size: 14px\"><strong>5<\/strong><\/td>\n<\/tr>\n<tr>\n<td style=\"font-size: 14px\" colspan=\"1\">Size<\/td>\n<td style=\"font-size: 14px\"><strong>M &#8211; L<\/strong><\/td>\n<\/tr>\n<tr>\n<td style=\"font-size: 14px\" colspan=\"1\">Grip type<\/td>\n<td style=\"font-size: 14px\"><strong>Jugs, Slopers<\/strong><\/td>\n<\/tr>\n<tr>\n<td style=\"font-size: 14px\" colspan=\"1\">Usage<\/td>\n<td style=\"font-size: 14px\"><strong>60\u00b0<\/strong><\/td>\n<\/tr>\n<\/tbody>\n<\/table>\n<table>\n<tbody>\n<tr>\n<td style=\"text-align: center;font-size: 14px\" colspan=\"5\">Assembly<\/td>\n<\/tr>\n<tr>\n<td style=\"text-align: center;font-size: 14px\">5x<\/td>\n<td style=\"text-align: center;font-size: 14px\">5x<\/td>\n<td style=\"text-align: center;font-size: 14px\">5x<\/td>\n<td style=\"text-align: center;font-size: 14px\">10x<\/td>\n<\/tr>\n<tr>\n<td><a href=\"https:\/\/www.anatomic.sk\/eshop\/produkt\/skrutka-do-dreva\/\"><img decoding=\"async\" class=\"alignnone size-full wp-image-117\" src=\"http:\/\/www.anatomic.sk\/eshop\/wp-content\/uploads\/2016\/02\/screw.jpg\" alt=\"screw\" width=\"40\" height=\"40\" \/><\/a><\/td>\n<td><a href=\"https:\/\/www.anatomic.sk\/eshop\/produkt\/imbusova-skrutka-10-40\/\"><img decoding=\"async\" class=\"alignnone size-full wp-image-117\" src=\"http:\/\/www.anatomic.sk\/eshop\/wp-content\/uploads\/2016\/02\/imbus-40.jpg\" alt=\"Imbusov\u00e1 skrutka 10\/40\" width=\"40\" height=\"40\" \/><\/a><\/td>\n<td><a href=\"https:\/\/www.anatomic.sk\/eshop\/produkt\/skrutkovacia-matica-m10\/\"><img decoding=\"async\" class=\"alignnone size-full wp-image-113\" src=\"http:\/\/www.anatomic.sk\/eshop\/wp-content\/uploads\/2016\/02\/r-nut.jpg\" alt=\"t-nut\" width=\"40\" height=\"40\" \/><\/a><\/td>\n<td><a href=\"https:\/\/www.anatomic.sk\/eshop\/produkt\/skrutka-do-dreva-45x18\/\"><img loading=\"lazy\" decoding=\"async\" class=\"alignnone size-full wp-image-117\" src=\"http:\/\/www.anatomic.sk\/eshop\/wp-content\/uploads\/2016\/02\/screw-s.jpg\" alt=\"screw\" width=\"40\" height=\"40\" \/><\/a><\/td>\n<\/tr>\n<\/tbody>\n<\/table>\n","protected":false},"featured_media":6613,"template":"","meta":{"_acf_changed":false},"product_brand":[],"product_cat":[1832,579],"product_tag":[452,1824,468],"class_list":{"0":"post-6563","1":"product","2":"type-product","3":"status-publish","4":"has-post-thumbnail","6":"product_cat-pe-en","7":"product_cat-accessories","8":"product_tag-jugs-en","9":"product_tag-mini-jugs","10":"product_tag-slopers-en","11":"product_shipping_class-max-lenght-120","13":"first","14":"instock","15":"taxable","16":"shipping-taxable","17":"purchasable","18":"product-type-variable","19":"has-default-attributes"},"acf":[],"yoast_head":"<!-- This site is optimized with the Yoast SEO plugin v27.4 - https:\/\/yoast.com\/product\/yoast-seo-wordpress\/ -->\n<title>Pines Climbing Holds | Anatomic.sk<\/title>\n<meta name=\"description\" content=\"Pines Climbing Holds | Size M - L | Grip type - Jug, Slopers | Holds for kids | For vertical climbing walls or with an inclination of up to 60\u00b0\" \/>\n<meta name=\"robots\" content=\"index, follow, max-snippet:-1, max-image-preview:large, max-video-preview:-1\" \/>\n<link rel=\"canonical\" href=\"https:\/\/www.anatomic.sk\/eshop\/en\/produkt\/pines-2\/\" \/>\n<meta property=\"og:locale\" content=\"sk_SK\" \/>\n<meta property=\"og:type\" content=\"article\" \/>\n<meta property=\"og:title\" content=\"Pines Climbing Holds | Anatomic.sk\" \/>\n<meta property=\"og:description\" content=\"Pines Climbing Holds | Size M - L | Grip type - Jug, Slopers | Holds for kids | For vertical climbing walls or with an inclination of up to 60\u00b0\" \/>\n<meta property=\"og:url\" content=\"https:\/\/www.anatomic.sk\/eshop\/en\/produkt\/pines-2\/\" \/>\n<meta property=\"og:site_name\" content=\"Anatomic.sk\" \/>\n<meta property=\"article:publisher\" content=\"https:\/\/www.facebook.com\/anatomic.sk\" \/>\n<meta property=\"article:modified_time\" content=\"2026-04-09T12:27:01+00:00\" \/>\n<meta property=\"og:image\" content=\"https:\/\/www.anatomic.sk\/eshop\/wp-content\/uploads\/2025\/12\/pine-climbing-holds-1-1.jpg\" \/>\n\t<meta property=\"og:image:width\" content=\"1024\" \/>\n\t<meta property=\"og:image:height\" content=\"1024\" \/>\n\t<meta property=\"og:image:type\" content=\"image\/jpeg\" \/>\n<meta name=\"twitter:card\" content=\"summary_large_image\" \/>\n<meta name=\"twitter:label1\" content=\"Predpokladan\u00fd \u010das \u010d\u00edtania\" \/>\n\t<meta name=\"twitter:data1\" content=\"2 min\u00faty\" \/>\n<script type=\"application\/ld+json\" class=\"yoast-schema-graph\">{\"@context\":\"https:\\\/\\\/schema.org\",\"@graph\":[{\"@type\":\"WebPage\",\"@id\":\"https:\\\/\\\/www.anatomic.sk\\\/eshop\\\/en\\\/produkt\\\/pines-2\\\/\",\"url\":\"https:\\\/\\\/www.anatomic.sk\\\/eshop\\\/en\\\/produkt\\\/pines-2\\\/\",\"name\":\"Pines Climbing Holds | Anatomic.sk\",\"isPartOf\":{\"@id\":\"https:\\\/\\\/www.anatomic.sk\\\/eshop\\\/#website\"},\"primaryImageOfPage\":{\"@id\":\"https:\\\/\\\/www.anatomic.sk\\\/eshop\\\/en\\\/produkt\\\/pines-2\\\/#primaryimage\"},\"image\":{\"@id\":\"https:\\\/\\\/www.anatomic.sk\\\/eshop\\\/en\\\/produkt\\\/pines-2\\\/#primaryimage\"},\"thumbnailUrl\":\"https:\\\/\\\/www.anatomic.sk\\\/eshop\\\/wp-content\\\/uploads\\\/2025\\\/12\\\/pine-climbing-holds-1-1.jpg\",\"datePublished\":\"2025-12-03T07:17:25+00:00\",\"dateModified\":\"2026-04-09T12:27:01+00:00\",\"description\":\"Pines Climbing Holds | Size M - L | Grip type - Jug, Slopers | Holds for kids | For vertical climbing walls or with an inclination of up to 60\u00b0\",\"breadcrumb\":{\"@id\":\"https:\\\/\\\/www.anatomic.sk\\\/eshop\\\/en\\\/produkt\\\/pines-2\\\/#breadcrumb\"},\"inLanguage\":\"sk-SK\",\"potentialAction\":[{\"@type\":\"ReadAction\",\"target\":[\"https:\\\/\\\/www.anatomic.sk\\\/eshop\\\/en\\\/produkt\\\/pines-2\\\/\"]}]},{\"@type\":\"ImageObject\",\"inLanguage\":\"sk-SK\",\"@id\":\"https:\\\/\\\/www.anatomic.sk\\\/eshop\\\/en\\\/produkt\\\/pines-2\\\/#primaryimage\",\"url\":\"https:\\\/\\\/www.anatomic.sk\\\/eshop\\\/wp-content\\\/uploads\\\/2025\\\/12\\\/pine-climbing-holds-1-1.jpg\",\"contentUrl\":\"https:\\\/\\\/www.anatomic.sk\\\/eshop\\\/wp-content\\\/uploads\\\/2025\\\/12\\\/pine-climbing-holds-1-1.jpg\",\"width\":1024,\"height\":1024},{\"@type\":\"BreadcrumbList\",\"@id\":\"https:\\\/\\\/www.anatomic.sk\\\/eshop\\\/en\\\/produkt\\\/pines-2\\\/#breadcrumb\",\"itemListElement\":[{\"@type\":\"ListItem\",\"position\":1,\"name\":\"Domovsk\u00e1 str\u00e1nka\",\"item\":\"https:\\\/\\\/www.anatomic.sk\\\/eshop\\\/\"},{\"@type\":\"ListItem\",\"position\":2,\"name\":\"Obchod\",\"item\":\"https:\\\/\\\/www.anatomic.sk\\\/eshop\\\/obchod\\\/\"},{\"@type\":\"ListItem\",\"position\":3,\"name\":\"Pines\"}]},{\"@type\":\"WebSite\",\"@id\":\"https:\\\/\\\/www.anatomic.sk\\\/eshop\\\/#website\",\"url\":\"https:\\\/\\\/www.anatomic.sk\\\/eshop\\\/\",\"name\":\"Anatomic Climbing Holds\",\"description\":\"Lezeck\u00e9 chyty a \u0161trukt\u00fary\",\"publisher\":{\"@id\":\"https:\\\/\\\/www.anatomic.sk\\\/eshop\\\/#organization\"},\"potentialAction\":[{\"@type\":\"SearchAction\",\"target\":{\"@type\":\"EntryPoint\",\"urlTemplate\":\"https:\\\/\\\/www.anatomic.sk\\\/eshop\\\/?s={search_term_string}\"},\"query-input\":{\"@type\":\"PropertyValueSpecification\",\"valueRequired\":true,\"valueName\":\"search_term_string\"}}],\"inLanguage\":\"sk-SK\"},{\"@type\":\"Organization\",\"@id\":\"https:\\\/\\\/www.anatomic.sk\\\/eshop\\\/#organization\",\"name\":\"Anatomic Climbing Holds\",\"url\":\"https:\\\/\\\/www.anatomic.sk\\\/eshop\\\/\",\"logo\":{\"@type\":\"ImageObject\",\"inLanguage\":\"sk-SK\",\"@id\":\"https:\\\/\\\/www.anatomic.sk\\\/eshop\\\/#\\\/schema\\\/logo\\\/image\\\/\",\"url\":\"https:\\\/\\\/www.anatomic.sk\\\/eshop\\\/wp-content\\\/uploads\\\/2025\\\/12\\\/cropped-logo-anatomic-sk.png\",\"contentUrl\":\"https:\\\/\\\/www.anatomic.sk\\\/eshop\\\/wp-content\\\/uploads\\\/2025\\\/12\\\/cropped-logo-anatomic-sk.png\",\"width\":200,\"height\":67,\"caption\":\"Anatomic Climbing Holds\"},\"image\":{\"@id\":\"https:\\\/\\\/www.anatomic.sk\\\/eshop\\\/#\\\/schema\\\/logo\\\/image\\\/\"},\"sameAs\":[\"https:\\\/\\\/www.facebook.com\\\/anatomic.sk\",\"https:\\\/\\\/www.instagram.com\\\/anatomic_holds_walls\\\/\"]}]}<\/script>\n<!-- \/ Yoast SEO plugin. -->","yoast_head_json":{"title":"Pines Climbing Holds | Anatomic.sk","description":"Pines Climbing Holds | Size M - L | Grip type - Jug, Slopers | Holds for kids | For vertical climbing walls or with an inclination of up to 60\u00b0","robots":{"index":"index","follow":"follow","max-snippet":"max-snippet:-1","max-image-preview":"max-image-preview:large","max-video-preview":"max-video-preview:-1"},"canonical":"https:\/\/www.anatomic.sk\/eshop\/en\/produkt\/pines-2\/","og_locale":"sk_SK","og_type":"article","og_title":"Pines Climbing Holds | Anatomic.sk","og_description":"Pines Climbing Holds | Size M - L | Grip type - Jug, Slopers | Holds for kids | For vertical climbing walls or with an inclination of up to 60\u00b0","og_url":"https:\/\/www.anatomic.sk\/eshop\/en\/produkt\/pines-2\/","og_site_name":"Anatomic.sk","article_publisher":"https:\/\/www.facebook.com\/anatomic.sk","article_modified_time":"2026-04-09T12:27:01+00:00","og_image":[{"width":1024,"height":1024,"url":"https:\/\/www.anatomic.sk\/eshop\/wp-content\/uploads\/2025\/12\/pine-climbing-holds-1-1.jpg","type":"image\/jpeg"}],"twitter_card":"summary_large_image","twitter_misc":{"Predpokladan\u00fd \u010das \u010d\u00edtania":"2 min\u00faty"},"schema":{"@context":"https:\/\/schema.org","@graph":[{"@type":"WebPage","@id":"https:\/\/www.anatomic.sk\/eshop\/en\/produkt\/pines-2\/","url":"https:\/\/www.anatomic.sk\/eshop\/en\/produkt\/pines-2\/","name":"Pines Climbing Holds | Anatomic.sk","isPartOf":{"@id":"https:\/\/www.anatomic.sk\/eshop\/#website"},"primaryImageOfPage":{"@id":"https:\/\/www.anatomic.sk\/eshop\/en\/produkt\/pines-2\/#primaryimage"},"image":{"@id":"https:\/\/www.anatomic.sk\/eshop\/en\/produkt\/pines-2\/#primaryimage"},"thumbnailUrl":"https:\/\/www.anatomic.sk\/eshop\/wp-content\/uploads\/2025\/12\/pine-climbing-holds-1-1.jpg","datePublished":"2025-12-03T07:17:25+00:00","dateModified":"2026-04-09T12:27:01+00:00","description":"Pines Climbing Holds | Size M - L | Grip type - Jug, Slopers | Holds for kids | For vertical climbing walls or with an inclination of up to 60\u00b0","breadcrumb":{"@id":"https:\/\/www.anatomic.sk\/eshop\/en\/produkt\/pines-2\/#breadcrumb"},"inLanguage":"sk-SK","potentialAction":[{"@type":"ReadAction","target":["https:\/\/www.anatomic.sk\/eshop\/en\/produkt\/pines-2\/"]}]},{"@type":"ImageObject","inLanguage":"sk-SK","@id":"https:\/\/www.anatomic.sk\/eshop\/en\/produkt\/pines-2\/#primaryimage","url":"https:\/\/www.anatomic.sk\/eshop\/wp-content\/uploads\/2025\/12\/pine-climbing-holds-1-1.jpg","contentUrl":"https:\/\/www.anatomic.sk\/eshop\/wp-content\/uploads\/2025\/12\/pine-climbing-holds-1-1.jpg","width":1024,"height":1024},{"@type":"BreadcrumbList","@id":"https:\/\/www.anatomic.sk\/eshop\/en\/produkt\/pines-2\/#breadcrumb","itemListElement":[{"@type":"ListItem","position":1,"name":"Domovsk\u00e1 str\u00e1nka","item":"https:\/\/www.anatomic.sk\/eshop\/"},{"@type":"ListItem","position":2,"name":"Obchod","item":"https:\/\/www.anatomic.sk\/eshop\/obchod\/"},{"@type":"ListItem","position":3,"name":"Pines"}]},{"@type":"WebSite","@id":"https:\/\/www.anatomic.sk\/eshop\/#website","url":"https:\/\/www.anatomic.sk\/eshop\/","name":"Anatomic Climbing Holds","description":"Lezeck\u00e9 chyty a \u0161trukt\u00fary","publisher":{"@id":"https:\/\/www.anatomic.sk\/eshop\/#organization"},"potentialAction":[{"@type":"SearchAction","target":{"@type":"EntryPoint","urlTemplate":"https:\/\/www.anatomic.sk\/eshop\/?s={search_term_string}"},"query-input":{"@type":"PropertyValueSpecification","valueRequired":true,"valueName":"search_term_string"}}],"inLanguage":"sk-SK"},{"@type":"Organization","@id":"https:\/\/www.anatomic.sk\/eshop\/#organization","name":"Anatomic Climbing Holds","url":"https:\/\/www.anatomic.sk\/eshop\/","logo":{"@type":"ImageObject","inLanguage":"sk-SK","@id":"https:\/\/www.anatomic.sk\/eshop\/#\/schema\/logo\/image\/","url":"https:\/\/www.anatomic.sk\/eshop\/wp-content\/uploads\/2025\/12\/cropped-logo-anatomic-sk.png","contentUrl":"https:\/\/www.anatomic.sk\/eshop\/wp-content\/uploads\/2025\/12\/cropped-logo-anatomic-sk.png","width":200,"height":67,"caption":"Anatomic Climbing Holds"},"image":{"@id":"https:\/\/www.anatomic.sk\/eshop\/#\/schema\/logo\/image\/"},"sameAs":["https:\/\/www.facebook.com\/anatomic.sk","https:\/\/www.instagram.com\/anatomic_holds_walls\/"]}]}},"_links":{"self":[{"href":"https:\/\/www.anatomic.sk\/eshop\/wp-json\/wp\/v2\/product\/6563","targetHints":{"allow":["GET"]}}],"collection":[{"href":"https:\/\/www.anatomic.sk\/eshop\/wp-json\/wp\/v2\/product"}],"about":[{"href":"https:\/\/www.anatomic.sk\/eshop\/wp-json\/wp\/v2\/types\/product"}],"version-history":[{"count":2,"href":"https:\/\/www.anatomic.sk\/eshop\/wp-json\/wp\/v2\/product\/6563\/revisions"}],"predecessor-version":[{"id":14646,"href":"https:\/\/www.anatomic.sk\/eshop\/wp-json\/wp\/v2\/product\/6563\/revisions\/14646"}],"wp:featuredmedia":[{"embeddable":true,"href":"https:\/\/www.anatomic.sk\/eshop\/wp-json\/wp\/v2\/media\/6613"}],"wp:attachment":[{"href":"https:\/\/www.anatomic.sk\/eshop\/wp-json\/wp\/v2\/media?parent=6563"}],"wp:term":[{"taxonomy":"product_brand","embeddable":true,"href":"https:\/\/www.anatomic.sk\/eshop\/wp-json\/wp\/v2\/product_brand?post=6563"},{"taxonomy":"product_cat","embeddable":true,"href":"https:\/\/www.anatomic.sk\/eshop\/wp-json\/wp\/v2\/product_cat?post=6563"},{"taxonomy":"product_tag","embeddable":true,"href":"https:\/\/www.anatomic.sk\/eshop\/wp-json\/wp\/v2\/product_tag?post=6563"}],"curies":[{"name":"wp","href":"https:\/\/api.w.org\/{rel}","templated":true}]}}