{"id":5956,"date":"2025-12-03T08:06:40","date_gmt":"2025-12-03T07:06:40","guid":{"rendered":"https:\/\/www.anatomic.sk\/eshop\/?post_type=product&#038;p=5956"},"modified":"2026-04-10T09:22:12","modified_gmt":"2026-04-10T07:22:12","slug":"detska-sada-2","status":"publish","type":"product","link":"https:\/\/www.anatomic.sk\/eshop\/produkt\/detska-sada-2\/","title":{"rendered":"Detsk\u00e1 sada 2"},"content":{"rendered":"<h2>Detsk\u00e1 sada 2 lezeck\u00e9 chyty<\/h2>\n<p>Detsk\u00e1 sada 2 s\u00fa stredne ve\u013ek\u00e9 lezeck\u00e9 chyty s typom \u00fachopu madl\u00e1, s\u00fa ve\u013emi jednoduch\u00e9 na uchopenie. Sada obsahuje 12 kusov lezeck\u00fdch chytov, ktor\u00e9 s\u00fa vyroben\u00e9 z polyesteru. S\u00fa v\u00fdborn\u00e9 na jednoduch\u00e9 steny pre deti, na detsk\u00e9 ihrisk\u00e1 ako v\u00fdlez na \u0161m\u00fdk\u013eavku alebo na dom\u010dek, chyty s\u00fa tie\u017e vhodn\u00e9 na lezenie pre za\u010diato\u010dn\u00edkov, av\u017eak je mo\u017en\u00e9 ich montova\u0165 aj na &#8220;strm\u00e9&#8221; lezeck\u00e9 steny, resp. na steny ktor\u00fdch sklon do 60\u00b0.,<\/p>\n<ul>\n<li>MONT\u00c1\u017dNE SKRUTKY NIE S\u00da S\u00da\u010cAS\u0164OU BALENIA.<\/li>\n<li>V\u0161etky lezeck\u00e9 chyty s\u00fa vhodn\u00e9 na pou\u017eitie v interi\u00e9ri aj exteri\u00e9ri.<\/li>\n<\/ul>\n<p style=\"text-align: center;\">\u00a9 Anatomic 2018, Model vytvoril Marek Rep\u010d\u00edk.<\/p>\n\n    <div class=\"xs_social_share_widget xs_share_url after_content \t\tmain_content  wslu-style-1 wslu-share-box-shaped wslu-fill-colored wslu-none wslu-share-horizontal wslu-theme-font-no wslu-main_content\">\n\n\t\t\n        <ul>\n\t\t\t        <\/ul>\n    <\/div> \n","protected":false},"excerpt":{"rendered":"<table>\n<tbody>\n<tr>\n<td style=\"font-size: 14px;\" colspan=\"1\">Chytov v sade<\/td>\n<td style=\"font-size: 14px;\"><strong>12<\/strong><\/td>\n<\/tr>\n<tr>\n<td style=\"font-size: 14px;\" colspan=\"1\">Ve\u013ekos\u0165<\/td>\n<td style=\"font-size: 14px;\"><strong>M<\/strong><\/td>\n<\/tr>\n<tr>\n<td style=\"font-size: 14px;\" colspan=\"1\">Typ \u00fachopu<\/td>\n<td style=\"font-size: 14px;\"><strong>Madl\u00e1<\/strong><\/td>\n<\/tr>\n<tr>\n<td style=\"font-size: 14px;\" colspan=\"1\">Pou\u017eitie<\/td>\n<td style=\"font-size: 14px;\"><strong>60\u00b0<\/strong><\/td>\n<\/tr>\n<\/tbody>\n<\/table>\n<table>\n<tbody>\n<tr>\n<td style=\"text-align: center; font-size: 14px;\" colspan=\"5\">Mont\u00e1\u017e<\/td>\n<\/tr>\n<tr>\n<td style=\"text-align: center; font-size: 14px;\">9x<\/td>\n<td style=\"text-align: center; font-size: 14px;\">9x<\/td>\n<td style=\"text-align: center; font-size: 14px;\">3x<\/td>\n<td style=\"text-align: center; font-size: 14px;\">12x<\/td>\n<td style=\"text-align: center; font-size: 14px;\">24x<\/td>\n<\/tr>\n<tr>\n<td><a href=\"https:\/\/www.anatomic.sk\/eshop\/produkt\/skrutka-do-dreva-45x40-torx-t20\/\"><img decoding=\"async\" class=\"alignnone size-full wp-image-14339\" src=\"https:\/\/www.anatomic.sk\/eshop\/wp-content\/uploads\/2025\/12\/s-40.png\" alt=\"\" width=\"50\" height=\"50\" srcset=\"https:\/\/www.anatomic.sk\/eshop\/wp-content\/uploads\/2025\/12\/s-40.png 120w, https:\/\/www.anatomic.sk\/eshop\/wp-content\/uploads\/2025\/12\/s-40-100x100.png 100w, https:\/\/www.anatomic.sk\/eshop\/wp-content\/uploads\/2025\/12\/s-40-50x50.png 50w\" sizes=\"(max-width: 50px) 100vw, 50px\" \/><\/a><\/td>\n<td><a href=\"https:\/\/www.anatomic.sk\/eshop\/produkt\/imbusova-skrutka-10-40\/\"><img decoding=\"async\" class=\"alignnone size-full wp-image-14330\" src=\"https:\/\/www.anatomic.sk\/eshop\/wp-content\/uploads\/2025\/12\/40.png\" alt=\"\" width=\"50\" height=\"50\" srcset=\"https:\/\/www.anatomic.sk\/eshop\/wp-content\/uploads\/2025\/12\/40.png 120w, https:\/\/www.anatomic.sk\/eshop\/wp-content\/uploads\/2025\/12\/40-100x100.png 100w, https:\/\/www.anatomic.sk\/eshop\/wp-content\/uploads\/2025\/12\/40-50x50.png 50w\" sizes=\"(max-width: 50px) 100vw, 50px\" \/><\/a><\/td>\n<td><a href=\"https:\/\/www.anatomic.sk\/eshop\/produkt\/imbusova-skrutka-10-60\/\"><img decoding=\"async\" class=\"alignnone size-full wp-image-14329\" src=\"https:\/\/www.anatomic.sk\/eshop\/wp-content\/uploads\/2025\/12\/60.png\" alt=\"\" width=\"50\" height=\"50\" srcset=\"https:\/\/www.anatomic.sk\/eshop\/wp-content\/uploads\/2025\/12\/60.png 120w, https:\/\/www.anatomic.sk\/eshop\/wp-content\/uploads\/2025\/12\/60-100x100.png 100w, https:\/\/www.anatomic.sk\/eshop\/wp-content\/uploads\/2025\/12\/60-50x50.png 50w\" sizes=\"(max-width: 50px) 100vw, 50px\" \/><\/a><\/td>\n<td><a href=\"https:\/\/www.anatomic.sk\/eshop\/produkt\/skrutkovacia-matica-m10\/\"><img loading=\"lazy\" decoding=\"async\" class=\"alignnone size-full wp-image-14337\" src=\"https:\/\/www.anatomic.sk\/eshop\/wp-content\/uploads\/2025\/12\/nut.png\" alt=\"\" width=\"50\" height=\"50\" srcset=\"https:\/\/www.anatomic.sk\/eshop\/wp-content\/uploads\/2025\/12\/nut.png 120w, https:\/\/www.anatomic.sk\/eshop\/wp-content\/uploads\/2025\/12\/nut-100x100.png 100w, https:\/\/www.anatomic.sk\/eshop\/wp-content\/uploads\/2025\/12\/nut-50x50.png 50w\" sizes=\"(max-width: 50px) 100vw, 50px\" \/><\/a><\/td>\n<td><a href=\"https:\/\/www.anatomic.sk\/eshop\/produkt\/skrutka-do-dreva-40x20-torx-t20\/\"><img loading=\"lazy\" decoding=\"async\" class=\"alignnone size-full wp-image-14338\" src=\"https:\/\/www.anatomic.sk\/eshop\/wp-content\/uploads\/2025\/12\/s-20.png\" alt=\"\" width=\"50\" height=\"50\" srcset=\"https:\/\/www.anatomic.sk\/eshop\/wp-content\/uploads\/2025\/12\/s-20.png 120w, https:\/\/www.anatomic.sk\/eshop\/wp-content\/uploads\/2025\/12\/s-20-100x100.png 100w, https:\/\/www.anatomic.sk\/eshop\/wp-content\/uploads\/2025\/12\/s-20-50x50.png 50w\" sizes=\"(max-width: 50px) 100vw, 50px\" \/><\/a><\/td>\n<\/tr>\n<\/tbody>\n<\/table>\n","protected":false},"featured_media":6016,"template":"","meta":{"_acf_changed":false},"product_brand":[],"product_cat":[1830,565],"product_tag":[46],"class_list":{"0":"post-5956","1":"product","2":"type-product","3":"status-publish","4":"has-post-thumbnail","6":"product_cat-pe","7":"product_cat-doplnky","8":"product_tag-madielka","9":"product_shipping_class-hmotnost-do-5kg","11":"first","12":"instock","13":"taxable","14":"shipping-taxable","15":"purchasable","16":"product-type-variable","17":"has-default-attributes"},"acf":[],"yoast_head":"<!-- This site is optimized with the Yoast SEO plugin v27.4 - https:\/\/yoast.com\/product\/yoast-seo-wordpress\/ -->\n<title>Detsk\u00e1 sada 2 Lezeck\u00e9 chyty - Anatomic.sk<\/title>\n<meta name=\"description\" content=\"Detsk\u00e1 sada 2 Lezeck\u00e9 chyty | Ve\u013emi jednoduch\u00e9 na uchopenie | Vhodn\u00e9 pre deti a za\u010diato\u010dn\u00edkov v lezen\u00ed | Na lezeck\u00e9 steny so sklonom do 60\u00b0 | Ve\u013ekos\u0165 M\" \/>\n<meta name=\"robots\" content=\"index, follow, max-snippet:-1, max-image-preview:large, max-video-preview:-1\" \/>\n<link rel=\"canonical\" href=\"https:\/\/www.anatomic.sk\/eshop\/produkt\/detska-sada-2\/\" \/>\n<meta property=\"og:locale\" content=\"sk_SK\" \/>\n<meta property=\"og:type\" content=\"article\" \/>\n<meta property=\"og:title\" content=\"Detsk\u00e1 sada 2 Lezeck\u00e9 chyty - Anatomic.sk\" \/>\n<meta property=\"og:description\" content=\"Detsk\u00e1 sada 2 Lezeck\u00e9 chyty | Ve\u013emi jednoduch\u00e9 na uchopenie | Vhodn\u00e9 pre deti a za\u010diato\u010dn\u00edkov v lezen\u00ed | Na lezeck\u00e9 steny so sklonom do 60\u00b0 | Ve\u013ekos\u0165 M\" \/>\n<meta property=\"og:url\" content=\"https:\/\/www.anatomic.sk\/eshop\/produkt\/detska-sada-2\/\" \/>\n<meta property=\"og:site_name\" content=\"Anatomic.sk\" \/>\n<meta property=\"article:publisher\" content=\"https:\/\/www.facebook.com\/anatomic.sk\" \/>\n<meta property=\"article:modified_time\" content=\"2026-04-10T07:22:12+00:00\" \/>\n<meta property=\"og:image\" content=\"https:\/\/www.anatomic.sk\/eshop\/wp-content\/uploads\/2025\/12\/detska-sada-chyty-2021-2-1-1.jpg\" \/>\n\t<meta property=\"og:image:width\" content=\"1024\" \/>\n\t<meta property=\"og:image:height\" content=\"1024\" \/>\n\t<meta property=\"og:image:type\" content=\"image\/jpeg\" \/>\n<meta name=\"twitter:card\" content=\"summary_large_image\" \/>\n<meta name=\"twitter:label1\" content=\"Predpokladan\u00fd \u010das \u010d\u00edtania\" \/>\n\t<meta name=\"twitter:data1\" content=\"1 min\u00fata\" \/>\n<script type=\"application\/ld+json\" class=\"yoast-schema-graph\">{\"@context\":\"https:\\\/\\\/schema.org\",\"@graph\":[{\"@type\":\"WebPage\",\"@id\":\"https:\\\/\\\/www.anatomic.sk\\\/eshop\\\/produkt\\\/detska-sada-2\\\/\",\"url\":\"https:\\\/\\\/www.anatomic.sk\\\/eshop\\\/produkt\\\/detska-sada-2\\\/\",\"name\":\"Detsk\u00e1 sada 2 Lezeck\u00e9 chyty - Anatomic.sk\",\"isPartOf\":{\"@id\":\"https:\\\/\\\/www.anatomic.sk\\\/eshop\\\/#website\"},\"primaryImageOfPage\":{\"@id\":\"https:\\\/\\\/www.anatomic.sk\\\/eshop\\\/produkt\\\/detska-sada-2\\\/#primaryimage\"},\"image\":{\"@id\":\"https:\\\/\\\/www.anatomic.sk\\\/eshop\\\/produkt\\\/detska-sada-2\\\/#primaryimage\"},\"thumbnailUrl\":\"https:\\\/\\\/www.anatomic.sk\\\/eshop\\\/wp-content\\\/uploads\\\/2025\\\/12\\\/detska-sada-chyty-2021-2-1-1.jpg\",\"datePublished\":\"2025-12-03T07:06:40+00:00\",\"dateModified\":\"2026-04-10T07:22:12+00:00\",\"description\":\"Detsk\u00e1 sada 2 Lezeck\u00e9 chyty | Ve\u013emi jednoduch\u00e9 na uchopenie | Vhodn\u00e9 pre deti a za\u010diato\u010dn\u00edkov v lezen\u00ed | Na lezeck\u00e9 steny so sklonom do 60\u00b0 | Ve\u013ekos\u0165 M\",\"breadcrumb\":{\"@id\":\"https:\\\/\\\/www.anatomic.sk\\\/eshop\\\/produkt\\\/detska-sada-2\\\/#breadcrumb\"},\"inLanguage\":\"sk-SK\",\"potentialAction\":[{\"@type\":\"ReadAction\",\"target\":[\"https:\\\/\\\/www.anatomic.sk\\\/eshop\\\/produkt\\\/detska-sada-2\\\/\"]}]},{\"@type\":\"ImageObject\",\"inLanguage\":\"sk-SK\",\"@id\":\"https:\\\/\\\/www.anatomic.sk\\\/eshop\\\/produkt\\\/detska-sada-2\\\/#primaryimage\",\"url\":\"https:\\\/\\\/www.anatomic.sk\\\/eshop\\\/wp-content\\\/uploads\\\/2025\\\/12\\\/detska-sada-chyty-2021-2-1-1.jpg\",\"contentUrl\":\"https:\\\/\\\/www.anatomic.sk\\\/eshop\\\/wp-content\\\/uploads\\\/2025\\\/12\\\/detska-sada-chyty-2021-2-1-1.jpg\",\"width\":1024,\"height\":1024},{\"@type\":\"BreadcrumbList\",\"@id\":\"https:\\\/\\\/www.anatomic.sk\\\/eshop\\\/produkt\\\/detska-sada-2\\\/#breadcrumb\",\"itemListElement\":[{\"@type\":\"ListItem\",\"position\":1,\"name\":\"Domovsk\u00e1 str\u00e1nka\",\"item\":\"https:\\\/\\\/www.anatomic.sk\\\/eshop\\\/\"},{\"@type\":\"ListItem\",\"position\":2,\"name\":\"Obchod\",\"item\":\"https:\\\/\\\/www.anatomic.sk\\\/eshop\\\/obchod\\\/\"},{\"@type\":\"ListItem\",\"position\":3,\"name\":\"Detsk\u00e1 sada 2\"}]},{\"@type\":\"WebSite\",\"@id\":\"https:\\\/\\\/www.anatomic.sk\\\/eshop\\\/#website\",\"url\":\"https:\\\/\\\/www.anatomic.sk\\\/eshop\\\/\",\"name\":\"Anatomic Climbing Holds\",\"description\":\"Lezeck\u00e9 chyty a \u0161trukt\u00fary\",\"publisher\":{\"@id\":\"https:\\\/\\\/www.anatomic.sk\\\/eshop\\\/#organization\"},\"potentialAction\":[{\"@type\":\"SearchAction\",\"target\":{\"@type\":\"EntryPoint\",\"urlTemplate\":\"https:\\\/\\\/www.anatomic.sk\\\/eshop\\\/?s={search_term_string}\"},\"query-input\":{\"@type\":\"PropertyValueSpecification\",\"valueRequired\":true,\"valueName\":\"search_term_string\"}}],\"inLanguage\":\"sk-SK\"},{\"@type\":\"Organization\",\"@id\":\"https:\\\/\\\/www.anatomic.sk\\\/eshop\\\/#organization\",\"name\":\"Anatomic Climbing Holds\",\"url\":\"https:\\\/\\\/www.anatomic.sk\\\/eshop\\\/\",\"logo\":{\"@type\":\"ImageObject\",\"inLanguage\":\"sk-SK\",\"@id\":\"https:\\\/\\\/www.anatomic.sk\\\/eshop\\\/#\\\/schema\\\/logo\\\/image\\\/\",\"url\":\"https:\\\/\\\/www.anatomic.sk\\\/eshop\\\/wp-content\\\/uploads\\\/2025\\\/12\\\/cropped-logo-anatomic-sk.png\",\"contentUrl\":\"https:\\\/\\\/www.anatomic.sk\\\/eshop\\\/wp-content\\\/uploads\\\/2025\\\/12\\\/cropped-logo-anatomic-sk.png\",\"width\":200,\"height\":67,\"caption\":\"Anatomic Climbing Holds\"},\"image\":{\"@id\":\"https:\\\/\\\/www.anatomic.sk\\\/eshop\\\/#\\\/schema\\\/logo\\\/image\\\/\"},\"sameAs\":[\"https:\\\/\\\/www.facebook.com\\\/anatomic.sk\",\"https:\\\/\\\/www.instagram.com\\\/anatomic_holds_walls\\\/\"]}]}<\/script>\n<!-- \/ Yoast SEO plugin. -->","yoast_head_json":{"title":"Detsk\u00e1 sada 2 Lezeck\u00e9 chyty - Anatomic.sk","description":"Detsk\u00e1 sada 2 Lezeck\u00e9 chyty | Ve\u013emi jednoduch\u00e9 na uchopenie | Vhodn\u00e9 pre deti a za\u010diato\u010dn\u00edkov v lezen\u00ed | Na lezeck\u00e9 steny so sklonom do 60\u00b0 | Ve\u013ekos\u0165 M","robots":{"index":"index","follow":"follow","max-snippet":"max-snippet:-1","max-image-preview":"max-image-preview:large","max-video-preview":"max-video-preview:-1"},"canonical":"https:\/\/www.anatomic.sk\/eshop\/produkt\/detska-sada-2\/","og_locale":"sk_SK","og_type":"article","og_title":"Detsk\u00e1 sada 2 Lezeck\u00e9 chyty - Anatomic.sk","og_description":"Detsk\u00e1 sada 2 Lezeck\u00e9 chyty | Ve\u013emi jednoduch\u00e9 na uchopenie | Vhodn\u00e9 pre deti a za\u010diato\u010dn\u00edkov v lezen\u00ed | Na lezeck\u00e9 steny so sklonom do 60\u00b0 | Ve\u013ekos\u0165 M","og_url":"https:\/\/www.anatomic.sk\/eshop\/produkt\/detska-sada-2\/","og_site_name":"Anatomic.sk","article_publisher":"https:\/\/www.facebook.com\/anatomic.sk","article_modified_time":"2026-04-10T07:22:12+00:00","og_image":[{"width":1024,"height":1024,"url":"https:\/\/www.anatomic.sk\/eshop\/wp-content\/uploads\/2025\/12\/detska-sada-chyty-2021-2-1-1.jpg","type":"image\/jpeg"}],"twitter_card":"summary_large_image","twitter_misc":{"Predpokladan\u00fd \u010das \u010d\u00edtania":"1 min\u00fata"},"schema":{"@context":"https:\/\/schema.org","@graph":[{"@type":"WebPage","@id":"https:\/\/www.anatomic.sk\/eshop\/produkt\/detska-sada-2\/","url":"https:\/\/www.anatomic.sk\/eshop\/produkt\/detska-sada-2\/","name":"Detsk\u00e1 sada 2 Lezeck\u00e9 chyty - Anatomic.sk","isPartOf":{"@id":"https:\/\/www.anatomic.sk\/eshop\/#website"},"primaryImageOfPage":{"@id":"https:\/\/www.anatomic.sk\/eshop\/produkt\/detska-sada-2\/#primaryimage"},"image":{"@id":"https:\/\/www.anatomic.sk\/eshop\/produkt\/detska-sada-2\/#primaryimage"},"thumbnailUrl":"https:\/\/www.anatomic.sk\/eshop\/wp-content\/uploads\/2025\/12\/detska-sada-chyty-2021-2-1-1.jpg","datePublished":"2025-12-03T07:06:40+00:00","dateModified":"2026-04-10T07:22:12+00:00","description":"Detsk\u00e1 sada 2 Lezeck\u00e9 chyty | Ve\u013emi jednoduch\u00e9 na uchopenie | Vhodn\u00e9 pre deti a za\u010diato\u010dn\u00edkov v lezen\u00ed | Na lezeck\u00e9 steny so sklonom do 60\u00b0 | Ve\u013ekos\u0165 M","breadcrumb":{"@id":"https:\/\/www.anatomic.sk\/eshop\/produkt\/detska-sada-2\/#breadcrumb"},"inLanguage":"sk-SK","potentialAction":[{"@type":"ReadAction","target":["https:\/\/www.anatomic.sk\/eshop\/produkt\/detska-sada-2\/"]}]},{"@type":"ImageObject","inLanguage":"sk-SK","@id":"https:\/\/www.anatomic.sk\/eshop\/produkt\/detska-sada-2\/#primaryimage","url":"https:\/\/www.anatomic.sk\/eshop\/wp-content\/uploads\/2025\/12\/detska-sada-chyty-2021-2-1-1.jpg","contentUrl":"https:\/\/www.anatomic.sk\/eshop\/wp-content\/uploads\/2025\/12\/detska-sada-chyty-2021-2-1-1.jpg","width":1024,"height":1024},{"@type":"BreadcrumbList","@id":"https:\/\/www.anatomic.sk\/eshop\/produkt\/detska-sada-2\/#breadcrumb","itemListElement":[{"@type":"ListItem","position":1,"name":"Domovsk\u00e1 str\u00e1nka","item":"https:\/\/www.anatomic.sk\/eshop\/"},{"@type":"ListItem","position":2,"name":"Obchod","item":"https:\/\/www.anatomic.sk\/eshop\/obchod\/"},{"@type":"ListItem","position":3,"name":"Detsk\u00e1 sada 2"}]},{"@type":"WebSite","@id":"https:\/\/www.anatomic.sk\/eshop\/#website","url":"https:\/\/www.anatomic.sk\/eshop\/","name":"Anatomic Climbing Holds","description":"Lezeck\u00e9 chyty a \u0161trukt\u00fary","publisher":{"@id":"https:\/\/www.anatomic.sk\/eshop\/#organization"},"potentialAction":[{"@type":"SearchAction","target":{"@type":"EntryPoint","urlTemplate":"https:\/\/www.anatomic.sk\/eshop\/?s={search_term_string}"},"query-input":{"@type":"PropertyValueSpecification","valueRequired":true,"valueName":"search_term_string"}}],"inLanguage":"sk-SK"},{"@type":"Organization","@id":"https:\/\/www.anatomic.sk\/eshop\/#organization","name":"Anatomic Climbing Holds","url":"https:\/\/www.anatomic.sk\/eshop\/","logo":{"@type":"ImageObject","inLanguage":"sk-SK","@id":"https:\/\/www.anatomic.sk\/eshop\/#\/schema\/logo\/image\/","url":"https:\/\/www.anatomic.sk\/eshop\/wp-content\/uploads\/2025\/12\/cropped-logo-anatomic-sk.png","contentUrl":"https:\/\/www.anatomic.sk\/eshop\/wp-content\/uploads\/2025\/12\/cropped-logo-anatomic-sk.png","width":200,"height":67,"caption":"Anatomic Climbing Holds"},"image":{"@id":"https:\/\/www.anatomic.sk\/eshop\/#\/schema\/logo\/image\/"},"sameAs":["https:\/\/www.facebook.com\/anatomic.sk","https:\/\/www.instagram.com\/anatomic_holds_walls\/"]}]}},"_links":{"self":[{"href":"https:\/\/www.anatomic.sk\/eshop\/wp-json\/wp\/v2\/product\/5956","targetHints":{"allow":["GET"]}}],"collection":[{"href":"https:\/\/www.anatomic.sk\/eshop\/wp-json\/wp\/v2\/product"}],"about":[{"href":"https:\/\/www.anatomic.sk\/eshop\/wp-json\/wp\/v2\/types\/product"}],"version-history":[{"count":6,"href":"https:\/\/www.anatomic.sk\/eshop\/wp-json\/wp\/v2\/product\/5956\/revisions"}],"predecessor-version":[{"id":14679,"href":"https:\/\/www.anatomic.sk\/eshop\/wp-json\/wp\/v2\/product\/5956\/revisions\/14679"}],"wp:featuredmedia":[{"embeddable":true,"href":"https:\/\/www.anatomic.sk\/eshop\/wp-json\/wp\/v2\/media\/6016"}],"wp:attachment":[{"href":"https:\/\/www.anatomic.sk\/eshop\/wp-json\/wp\/v2\/media?parent=5956"}],"wp:term":[{"taxonomy":"product_brand","embeddable":true,"href":"https:\/\/www.anatomic.sk\/eshop\/wp-json\/wp\/v2\/product_brand?post=5956"},{"taxonomy":"product_cat","embeddable":true,"href":"https:\/\/www.anatomic.sk\/eshop\/wp-json\/wp\/v2\/product_cat?post=5956"},{"taxonomy":"product_tag","embeddable":true,"href":"https:\/\/www.anatomic.sk\/eshop\/wp-json\/wp\/v2\/product_tag?post=5956"}],"curies":[{"name":"wp","href":"https:\/\/api.w.org\/{rel}","templated":true}]}}