{"id":5823,"date":"2025-12-03T08:05:59","date_gmt":"2025-12-03T07:05:59","guid":{"rendered":"https:\/\/www.anatomic.sk\/eshop\/?post_type=product&#038;p=5823"},"modified":"2026-04-21T11:14:49","modified_gmt":"2026-04-21T09:14:49","slug":"imbusova-skrutka-10-80","status":"publish","type":"product","link":"https:\/\/www.anatomic.sk\/eshop\/produkt\/imbusova-skrutka-10-80\/","title":{"rendered":"Imbusov\u00e1 skrutka 10\/80"},"content":{"rendered":"<h3>Imbusov\u00e1 skrutka 10\/80<\/h3>\n<p>Imbusov\u00e1 skrutka s vn\u00fatorn\u00fdm \u0161es\u0165hranom o ve\u013ekosti 10\/80 sa pou\u017e\u00edva na samotn\u00fa mont\u00e1\u017e lezeck\u00fdch chytov. Aby imbusov\u00e1 skrutka sp\u013a\u0148ala sv\u00f4j \u00fa\u010del, mus\u00ed by\u0165 pou\u017eit\u00e1 v kombin\u00e1cii s nar\u00e1\u017eac\u00edmi alebo <a href=\"https:\/\/www.anatomic.sk\/eshop\/produkt\/skrutkovacia-matica-m10\/\">skrutkovac\u00edmi maticami M10\/12<\/a> s vn\u00fatorn\u00fdm z\u00e1vitom.<\/p>\n<p>Pri mont\u00e1\u017ei lezeck\u00fdch chytov imbusov\u00fa skrutku <strong>NEZA\u0164AHUJTE NA VE\u013dMI VE\u013dK\u00da SILU<\/strong>, aby nedo\u0161lo k po\u0161kodeniu chytov. <strong>D\u00f4le\u017eit\u00e9 je, aby sa vn\u00fatorn\u00fd z\u00e1vit matice a vonkaj\u0161\u00ed z\u00e1vit imbusovej skrutky \u00faplne prekr\u00fdvali!<\/strong><\/p>\n<p>Potrebn\u00fd po\u010det imbusov\u00fdch skrutiek uv\u00e1dzame pre ka\u017ed\u00fd lezeck\u00fd chyt alebo lezeck\u00fa sadu v e-shope.<\/p>\n\n    <div class=\"xs_social_share_widget xs_share_url after_content \t\tmain_content  wslu-style-1 wslu-share-box-shaped wslu-fill-colored wslu-none wslu-share-horizontal wslu-theme-font-no wslu-main_content\">\n\n\t\t\n        <ul>\n\t\t\t        <\/ul>\n    <\/div> \n","protected":false},"excerpt":{"rendered":"<table>\n<tbody>\n<tr>\n<td><img fetchpriority=\"high\" decoding=\"async\" class=\"alignnone wp-image-15122 size-medium\" src=\"https:\/\/www.anatomic.sk\/eshop\/wp-content\/uploads\/2025\/12\/allen-screw-80-300x269.png\" alt=\"Allen screw 10\/80\" width=\"300\" height=\"269\" srcset=\"https:\/\/www.anatomic.sk\/eshop\/wp-content\/uploads\/2025\/12\/allen-screw-80-300x269.png 300w, https:\/\/www.anatomic.sk\/eshop\/wp-content\/uploads\/2025\/12\/allen-screw-80.png 600w\" sizes=\"(max-width: 300px) 100vw, 300px\" \/><\/td>\n<\/tr>\n<\/tbody>\n<\/table>\n","protected":false},"featured_media":5847,"template":"","meta":{"_acf_changed":false},"product_brand":[],"product_cat":[565],"product_tag":[],"class_list":{"0":"post-5823","1":"product","2":"type-product","3":"status-publish","4":"has-post-thumbnail","6":"product_cat-doplnky","7":"product_shipping_class-hmotnost-do-3kg","9":"first","10":"instock","11":"taxable","12":"shipping-taxable","13":"purchasable","14":"product-type-simple"},"acf":[],"yoast_head":"<!-- This site is optimized with the Yoast SEO plugin v27.4 - https:\/\/yoast.com\/product\/yoast-seo-wordpress\/ -->\n<title>Imbusov\u00e1 skrutka 10\/80 | Anatomic.sk<\/title>\n<meta name=\"description\" content=\"Imbusov\u00e1 skrutka 10\/80 | In\u0161tal\u00e1cia lezeck\u00fdch chytov | Pou\u017e\u00edva sa v kombin\u00e1cii s nar\u00e1\u017eac\u00edmi alebo skrutkovac\u00edmi maticami M10\/12 s vn\u00fatorn\u00fdm z\u00e1vitom.\" \/>\n<meta name=\"robots\" content=\"index, follow, max-snippet:-1, max-image-preview:large, max-video-preview:-1\" \/>\n<link rel=\"canonical\" href=\"https:\/\/www.anatomic.sk\/eshop\/produkt\/imbusova-skrutka-10-80\/\" \/>\n<meta property=\"og:locale\" content=\"sk_SK\" \/>\n<meta property=\"og:type\" content=\"article\" \/>\n<meta property=\"og:title\" content=\"Imbusov\u00e1 skrutka 10\/80 | Anatomic.sk\" \/>\n<meta property=\"og:description\" content=\"Imbusov\u00e1 skrutka 10\/80 | In\u0161tal\u00e1cia lezeck\u00fdch chytov | Pou\u017e\u00edva sa v kombin\u00e1cii s nar\u00e1\u017eac\u00edmi alebo skrutkovac\u00edmi maticami M10\/12 s vn\u00fatorn\u00fdm z\u00e1vitom.\" \/>\n<meta property=\"og:url\" content=\"https:\/\/www.anatomic.sk\/eshop\/produkt\/imbusova-skrutka-10-80\/\" \/>\n<meta property=\"og:site_name\" content=\"Anatomic.sk\" \/>\n<meta property=\"article:publisher\" content=\"https:\/\/www.facebook.com\/anatomic.sk\" \/>\n<meta property=\"article:modified_time\" content=\"2026-04-21T09:14:49+00:00\" \/>\n<meta property=\"og:image\" content=\"https:\/\/www.anatomic.sk\/eshop\/wp-content\/uploads\/2025\/12\/imbusova-skrutka-10-80-1-1.jpg\" \/>\n\t<meta property=\"og:image:width\" content=\"690\" \/>\n\t<meta property=\"og:image:height\" content=\"690\" \/>\n\t<meta property=\"og:image:type\" content=\"image\/jpeg\" \/>\n<meta name=\"twitter:card\" content=\"summary_large_image\" \/>\n<meta name=\"twitter:label1\" content=\"Predpokladan\u00fd \u010das \u010d\u00edtania\" \/>\n\t<meta name=\"twitter:data1\" content=\"1 min\u00fata\" \/>\n<script type=\"application\/ld+json\" class=\"yoast-schema-graph\">{\"@context\":\"https:\\\/\\\/schema.org\",\"@graph\":[{\"@type\":\"WebPage\",\"@id\":\"https:\\\/\\\/www.anatomic.sk\\\/eshop\\\/produkt\\\/imbusova-skrutka-10-80\\\/\",\"url\":\"https:\\\/\\\/www.anatomic.sk\\\/eshop\\\/produkt\\\/imbusova-skrutka-10-80\\\/\",\"name\":\"Imbusov\u00e1 skrutka 10\\\/80 | Anatomic.sk\",\"isPartOf\":{\"@id\":\"https:\\\/\\\/www.anatomic.sk\\\/eshop\\\/#website\"},\"primaryImageOfPage\":{\"@id\":\"https:\\\/\\\/www.anatomic.sk\\\/eshop\\\/produkt\\\/imbusova-skrutka-10-80\\\/#primaryimage\"},\"image\":{\"@id\":\"https:\\\/\\\/www.anatomic.sk\\\/eshop\\\/produkt\\\/imbusova-skrutka-10-80\\\/#primaryimage\"},\"thumbnailUrl\":\"https:\\\/\\\/www.anatomic.sk\\\/eshop\\\/wp-content\\\/uploads\\\/2025\\\/12\\\/imbusova-skrutka-10-80-1-1.jpg\",\"datePublished\":\"2025-12-03T07:05:59+00:00\",\"dateModified\":\"2026-04-21T09:14:49+00:00\",\"description\":\"Imbusov\u00e1 skrutka 10\\\/80 | In\u0161tal\u00e1cia lezeck\u00fdch chytov | Pou\u017e\u00edva sa v kombin\u00e1cii s nar\u00e1\u017eac\u00edmi alebo skrutkovac\u00edmi maticami M10\\\/12 s vn\u00fatorn\u00fdm z\u00e1vitom.\",\"breadcrumb\":{\"@id\":\"https:\\\/\\\/www.anatomic.sk\\\/eshop\\\/produkt\\\/imbusova-skrutka-10-80\\\/#breadcrumb\"},\"inLanguage\":\"sk-SK\",\"potentialAction\":[{\"@type\":\"ReadAction\",\"target\":[\"https:\\\/\\\/www.anatomic.sk\\\/eshop\\\/produkt\\\/imbusova-skrutka-10-80\\\/\"]}]},{\"@type\":\"ImageObject\",\"inLanguage\":\"sk-SK\",\"@id\":\"https:\\\/\\\/www.anatomic.sk\\\/eshop\\\/produkt\\\/imbusova-skrutka-10-80\\\/#primaryimage\",\"url\":\"https:\\\/\\\/www.anatomic.sk\\\/eshop\\\/wp-content\\\/uploads\\\/2025\\\/12\\\/imbusova-skrutka-10-80-1-1.jpg\",\"contentUrl\":\"https:\\\/\\\/www.anatomic.sk\\\/eshop\\\/wp-content\\\/uploads\\\/2025\\\/12\\\/imbusova-skrutka-10-80-1-1.jpg\",\"width\":690,\"height\":690},{\"@type\":\"BreadcrumbList\",\"@id\":\"https:\\\/\\\/www.anatomic.sk\\\/eshop\\\/produkt\\\/imbusova-skrutka-10-80\\\/#breadcrumb\",\"itemListElement\":[{\"@type\":\"ListItem\",\"position\":1,\"name\":\"Domovsk\u00e1 str\u00e1nka\",\"item\":\"https:\\\/\\\/www.anatomic.sk\\\/eshop\\\/\"},{\"@type\":\"ListItem\",\"position\":2,\"name\":\"Obchod\",\"item\":\"https:\\\/\\\/www.anatomic.sk\\\/eshop\\\/obchod\\\/\"},{\"@type\":\"ListItem\",\"position\":3,\"name\":\"Imbusov\u00e1 skrutka 10\\\/80\"}]},{\"@type\":\"WebSite\",\"@id\":\"https:\\\/\\\/www.anatomic.sk\\\/eshop\\\/#website\",\"url\":\"https:\\\/\\\/www.anatomic.sk\\\/eshop\\\/\",\"name\":\"Anatomic Climbing Holds\",\"description\":\"Lezeck\u00e9 chyty a \u0161trukt\u00fary\",\"publisher\":{\"@id\":\"https:\\\/\\\/www.anatomic.sk\\\/eshop\\\/#organization\"},\"potentialAction\":[{\"@type\":\"SearchAction\",\"target\":{\"@type\":\"EntryPoint\",\"urlTemplate\":\"https:\\\/\\\/www.anatomic.sk\\\/eshop\\\/?s={search_term_string}\"},\"query-input\":{\"@type\":\"PropertyValueSpecification\",\"valueRequired\":true,\"valueName\":\"search_term_string\"}}],\"inLanguage\":\"sk-SK\"},{\"@type\":\"Organization\",\"@id\":\"https:\\\/\\\/www.anatomic.sk\\\/eshop\\\/#organization\",\"name\":\"Anatomic Climbing Holds\",\"url\":\"https:\\\/\\\/www.anatomic.sk\\\/eshop\\\/\",\"logo\":{\"@type\":\"ImageObject\",\"inLanguage\":\"sk-SK\",\"@id\":\"https:\\\/\\\/www.anatomic.sk\\\/eshop\\\/#\\\/schema\\\/logo\\\/image\\\/\",\"url\":\"https:\\\/\\\/www.anatomic.sk\\\/eshop\\\/wp-content\\\/uploads\\\/2025\\\/12\\\/cropped-logo-anatomic-sk.png\",\"contentUrl\":\"https:\\\/\\\/www.anatomic.sk\\\/eshop\\\/wp-content\\\/uploads\\\/2025\\\/12\\\/cropped-logo-anatomic-sk.png\",\"width\":200,\"height\":67,\"caption\":\"Anatomic Climbing Holds\"},\"image\":{\"@id\":\"https:\\\/\\\/www.anatomic.sk\\\/eshop\\\/#\\\/schema\\\/logo\\\/image\\\/\"},\"sameAs\":[\"https:\\\/\\\/www.facebook.com\\\/anatomic.sk\",\"https:\\\/\\\/www.instagram.com\\\/anatomic_holds_walls\\\/\"]}]}<\/script>\n<!-- \/ Yoast SEO plugin. -->","yoast_head_json":{"title":"Imbusov\u00e1 skrutka 10\/80 | Anatomic.sk","description":"Imbusov\u00e1 skrutka 10\/80 | In\u0161tal\u00e1cia lezeck\u00fdch chytov | Pou\u017e\u00edva sa v kombin\u00e1cii s nar\u00e1\u017eac\u00edmi alebo skrutkovac\u00edmi maticami M10\/12 s vn\u00fatorn\u00fdm z\u00e1vitom.","robots":{"index":"index","follow":"follow","max-snippet":"max-snippet:-1","max-image-preview":"max-image-preview:large","max-video-preview":"max-video-preview:-1"},"canonical":"https:\/\/www.anatomic.sk\/eshop\/produkt\/imbusova-skrutka-10-80\/","og_locale":"sk_SK","og_type":"article","og_title":"Imbusov\u00e1 skrutka 10\/80 | Anatomic.sk","og_description":"Imbusov\u00e1 skrutka 10\/80 | In\u0161tal\u00e1cia lezeck\u00fdch chytov | Pou\u017e\u00edva sa v kombin\u00e1cii s nar\u00e1\u017eac\u00edmi alebo skrutkovac\u00edmi maticami M10\/12 s vn\u00fatorn\u00fdm z\u00e1vitom.","og_url":"https:\/\/www.anatomic.sk\/eshop\/produkt\/imbusova-skrutka-10-80\/","og_site_name":"Anatomic.sk","article_publisher":"https:\/\/www.facebook.com\/anatomic.sk","article_modified_time":"2026-04-21T09:14:49+00:00","og_image":[{"width":690,"height":690,"url":"https:\/\/www.anatomic.sk\/eshop\/wp-content\/uploads\/2025\/12\/imbusova-skrutka-10-80-1-1.jpg","type":"image\/jpeg"}],"twitter_card":"summary_large_image","twitter_misc":{"Predpokladan\u00fd \u010das \u010d\u00edtania":"1 min\u00fata"},"schema":{"@context":"https:\/\/schema.org","@graph":[{"@type":"WebPage","@id":"https:\/\/www.anatomic.sk\/eshop\/produkt\/imbusova-skrutka-10-80\/","url":"https:\/\/www.anatomic.sk\/eshop\/produkt\/imbusova-skrutka-10-80\/","name":"Imbusov\u00e1 skrutka 10\/80 | Anatomic.sk","isPartOf":{"@id":"https:\/\/www.anatomic.sk\/eshop\/#website"},"primaryImageOfPage":{"@id":"https:\/\/www.anatomic.sk\/eshop\/produkt\/imbusova-skrutka-10-80\/#primaryimage"},"image":{"@id":"https:\/\/www.anatomic.sk\/eshop\/produkt\/imbusova-skrutka-10-80\/#primaryimage"},"thumbnailUrl":"https:\/\/www.anatomic.sk\/eshop\/wp-content\/uploads\/2025\/12\/imbusova-skrutka-10-80-1-1.jpg","datePublished":"2025-12-03T07:05:59+00:00","dateModified":"2026-04-21T09:14:49+00:00","description":"Imbusov\u00e1 skrutka 10\/80 | In\u0161tal\u00e1cia lezeck\u00fdch chytov | Pou\u017e\u00edva sa v kombin\u00e1cii s nar\u00e1\u017eac\u00edmi alebo skrutkovac\u00edmi maticami M10\/12 s vn\u00fatorn\u00fdm z\u00e1vitom.","breadcrumb":{"@id":"https:\/\/www.anatomic.sk\/eshop\/produkt\/imbusova-skrutka-10-80\/#breadcrumb"},"inLanguage":"sk-SK","potentialAction":[{"@type":"ReadAction","target":["https:\/\/www.anatomic.sk\/eshop\/produkt\/imbusova-skrutka-10-80\/"]}]},{"@type":"ImageObject","inLanguage":"sk-SK","@id":"https:\/\/www.anatomic.sk\/eshop\/produkt\/imbusova-skrutka-10-80\/#primaryimage","url":"https:\/\/www.anatomic.sk\/eshop\/wp-content\/uploads\/2025\/12\/imbusova-skrutka-10-80-1-1.jpg","contentUrl":"https:\/\/www.anatomic.sk\/eshop\/wp-content\/uploads\/2025\/12\/imbusova-skrutka-10-80-1-1.jpg","width":690,"height":690},{"@type":"BreadcrumbList","@id":"https:\/\/www.anatomic.sk\/eshop\/produkt\/imbusova-skrutka-10-80\/#breadcrumb","itemListElement":[{"@type":"ListItem","position":1,"name":"Domovsk\u00e1 str\u00e1nka","item":"https:\/\/www.anatomic.sk\/eshop\/"},{"@type":"ListItem","position":2,"name":"Obchod","item":"https:\/\/www.anatomic.sk\/eshop\/obchod\/"},{"@type":"ListItem","position":3,"name":"Imbusov\u00e1 skrutka 10\/80"}]},{"@type":"WebSite","@id":"https:\/\/www.anatomic.sk\/eshop\/#website","url":"https:\/\/www.anatomic.sk\/eshop\/","name":"Anatomic Climbing Holds","description":"Lezeck\u00e9 chyty a \u0161trukt\u00fary","publisher":{"@id":"https:\/\/www.anatomic.sk\/eshop\/#organization"},"potentialAction":[{"@type":"SearchAction","target":{"@type":"EntryPoint","urlTemplate":"https:\/\/www.anatomic.sk\/eshop\/?s={search_term_string}"},"query-input":{"@type":"PropertyValueSpecification","valueRequired":true,"valueName":"search_term_string"}}],"inLanguage":"sk-SK"},{"@type":"Organization","@id":"https:\/\/www.anatomic.sk\/eshop\/#organization","name":"Anatomic Climbing Holds","url":"https:\/\/www.anatomic.sk\/eshop\/","logo":{"@type":"ImageObject","inLanguage":"sk-SK","@id":"https:\/\/www.anatomic.sk\/eshop\/#\/schema\/logo\/image\/","url":"https:\/\/www.anatomic.sk\/eshop\/wp-content\/uploads\/2025\/12\/cropped-logo-anatomic-sk.png","contentUrl":"https:\/\/www.anatomic.sk\/eshop\/wp-content\/uploads\/2025\/12\/cropped-logo-anatomic-sk.png","width":200,"height":67,"caption":"Anatomic Climbing Holds"},"image":{"@id":"https:\/\/www.anatomic.sk\/eshop\/#\/schema\/logo\/image\/"},"sameAs":["https:\/\/www.facebook.com\/anatomic.sk","https:\/\/www.instagram.com\/anatomic_holds_walls\/"]}]}},"_links":{"self":[{"href":"https:\/\/www.anatomic.sk\/eshop\/wp-json\/wp\/v2\/product\/5823","targetHints":{"allow":["GET"]}}],"collection":[{"href":"https:\/\/www.anatomic.sk\/eshop\/wp-json\/wp\/v2\/product"}],"about":[{"href":"https:\/\/www.anatomic.sk\/eshop\/wp-json\/wp\/v2\/types\/product"}],"version-history":[{"count":3,"href":"https:\/\/www.anatomic.sk\/eshop\/wp-json\/wp\/v2\/product\/5823\/revisions"}],"predecessor-version":[{"id":15129,"href":"https:\/\/www.anatomic.sk\/eshop\/wp-json\/wp\/v2\/product\/5823\/revisions\/15129"}],"wp:featuredmedia":[{"embeddable":true,"href":"https:\/\/www.anatomic.sk\/eshop\/wp-json\/wp\/v2\/media\/5847"}],"wp:attachment":[{"href":"https:\/\/www.anatomic.sk\/eshop\/wp-json\/wp\/v2\/media?parent=5823"}],"wp:term":[{"taxonomy":"product_brand","embeddable":true,"href":"https:\/\/www.anatomic.sk\/eshop\/wp-json\/wp\/v2\/product_brand?post=5823"},{"taxonomy":"product_cat","embeddable":true,"href":"https:\/\/www.anatomic.sk\/eshop\/wp-json\/wp\/v2\/product_cat?post=5823"},{"taxonomy":"product_tag","embeddable":true,"href":"https:\/\/www.anatomic.sk\/eshop\/wp-json\/wp\/v2\/product_tag?post=5823"}],"curies":[{"name":"wp","href":"https:\/\/api.w.org\/{rel}","templated":true}]}}