{"id":14769,"date":"2026-04-15T10:24:35","date_gmt":"2026-04-15T08:24:35","guid":{"rendered":"https:\/\/www.anatomic.sk\/eshop\/?post_type=product&#038;p=14769"},"modified":"2026-04-22T07:35:31","modified_gmt":"2026-04-22T05:35:31","slug":"screwers-2-2","status":"publish","type":"product","link":"https:\/\/www.anatomic.sk\/eshop\/en\/produkt\/screwers-2-2\/","title":{"rendered":"Screwers 2"},"content":{"rendered":"<h2>Screwers 2<\/h2>\n<p>Screwers 2 are small climbing holds made of polyurethane. The set includes 10 pieces of approximately the same size.<\/p>\n<p>They are mainly used as footholds and are typically mounted on the lower part of the climbing wall. This type of hold is not recommended for children\u2019s climbing walls, especially outdoor ones, where children do not use specialized climbing shoes.<\/p>\n<p>They are mounted to the climbing wall using wood screws.<\/p>\n<ul>\n<li>MOUNTING SCREWS ARE NOT INCLUDED IN THE PACKAGE.<\/li>\n<li>All climbing holds are suitable for both indoor and outdoor use.<\/li>\n<\/ul>\n<p>\u00a9 Anatomic 2025, model created by Marek Rep\u010d\u00edk<\/p>\n\n    <div class=\"xs_social_share_widget xs_share_url after_content \t\tmain_content  wslu-style-1 wslu-share-box-shaped wslu-fill-colored wslu-none wslu-share-horizontal wslu-theme-font-no wslu-main_content\">\n\n\t\t\n        <ul>\n\t\t\t        <\/ul>\n    <\/div> \n","protected":false},"excerpt":{"rendered":"<table>\n<tbody>\n<tr>\n<td style=\"font-size: 14px\" colspan=\"1\">Holds in set<\/td>\n<td>10<\/td>\n<\/tr>\n<tr>\n<td>Size<\/td>\n<td>S, M<\/td>\n<\/tr>\n<tr>\n<td>Grip type<\/td>\n<td>Footholds, Crimps<\/td>\n<\/tr>\n<tr>\n<td>Usage &#8211; angle<\/td>\n<td>0\u00b0 &#8211; 15\u00b0<\/td>\n<\/tr>\n<\/tbody>\n<\/table>\n<table>\n<tbody>\n<tr>\n<td style=\"text-align: center\">Assembly<\/td>\n<\/tr>\n<tr>\n<td style=\"text-align: center;font-size: 14px\">24x<\/td>\n<\/tr>\n<tr>\n<td><a href=\"https:\/\/www.anatomic.sk\/eshop\/produkt\/skrutka-do-dreva-45x40-torx-t20\/\"><img decoding=\"async\" class=\"alignnone size-full wp-image-117\" src=\"http:\/\/www.anatomic.sk\/eshop\/wp-content\/uploads\/2025\/12\/s-40.png\" alt=\"Skrutka do dreva 4,50x40\" width=\"40\" height=\"40\" \/><\/a><\/td>\n<\/tr>\n<\/tbody>\n<\/table>\n","protected":false},"featured_media":14772,"template":"","meta":{"_acf_changed":false},"product_brand":[],"product_cat":[54,460],"product_tag":[462,464],"class_list":{"0":"post-14769","1":"product","2":"type-product","3":"status-publish","4":"has-post-thumbnail","6":"product_cat-climbing-holds-polyurethan","7":"product_cat-micro-en","8":"product_tag-crimps-en","9":"product_tag-footholds-en","10":"product_shipping_class-max-lenght-120","12":"first","13":"instock","14":"taxable","15":"shipping-taxable","16":"purchasable","17":"product-type-variable","18":"has-default-attributes"},"acf":[],"yoast_head":"<!-- This site is optimized with the Yoast SEO plugin v27.4 - https:\/\/yoast.com\/product\/yoast-seo-wordpress\/ -->\n<title>Screwers 2 - Anatomic.sk<\/title>\n<meta name=\"description\" content=\"Screwers 2 Small climbing holds made of polyurethane, primarily used as footholds on climbing walls. The set includes 10 pieces in sizes S and M.\" \/>\n<meta name=\"robots\" content=\"index, follow, max-snippet:-1, max-image-preview:large, max-video-preview:-1\" \/>\n<link rel=\"canonical\" href=\"https:\/\/www.anatomic.sk\/eshop\/en\/produkt\/screwers-2-2\/\" \/>\n<meta property=\"og:locale\" content=\"sk_SK\" \/>\n<meta property=\"og:type\" content=\"article\" \/>\n<meta property=\"og:title\" content=\"Screwers 2 - Anatomic.sk\" \/>\n<meta property=\"og:description\" content=\"Screwers 2 Small climbing holds made of polyurethane, primarily used as footholds on climbing walls. The set includes 10 pieces in sizes S and M.\" \/>\n<meta property=\"og:url\" content=\"https:\/\/www.anatomic.sk\/eshop\/en\/produkt\/screwers-2-2\/\" \/>\n<meta property=\"og:site_name\" content=\"Anatomic.sk\" \/>\n<meta property=\"article:publisher\" content=\"https:\/\/www.facebook.com\/anatomic.sk\" \/>\n<meta property=\"article:modified_time\" content=\"2026-04-22T05:35:31+00:00\" \/>\n<meta property=\"og:image\" content=\"https:\/\/www.anatomic.sk\/eshop\/wp-content\/uploads\/2026\/04\/climbing-holds-screwers-2-1.jpg\" \/>\n\t<meta property=\"og:image:width\" content=\"1024\" \/>\n\t<meta property=\"og:image:height\" content=\"1024\" \/>\n\t<meta property=\"og:image:type\" content=\"image\/jpeg\" \/>\n<meta name=\"twitter:card\" content=\"summary_large_image\" \/>\n<meta name=\"twitter:label1\" content=\"Predpokladan\u00fd \u010das \u010d\u00edtania\" \/>\n\t<meta name=\"twitter:data1\" content=\"1 min\u00fata\" \/>\n<script type=\"application\/ld+json\" class=\"yoast-schema-graph\">{\"@context\":\"https:\\\/\\\/schema.org\",\"@graph\":[{\"@type\":\"WebPage\",\"@id\":\"https:\\\/\\\/www.anatomic.sk\\\/eshop\\\/en\\\/produkt\\\/screwers-2-2\\\/\",\"url\":\"https:\\\/\\\/www.anatomic.sk\\\/eshop\\\/en\\\/produkt\\\/screwers-2-2\\\/\",\"name\":\"Screwers 2 - Anatomic.sk\",\"isPartOf\":{\"@id\":\"https:\\\/\\\/www.anatomic.sk\\\/eshop\\\/#website\"},\"primaryImageOfPage\":{\"@id\":\"https:\\\/\\\/www.anatomic.sk\\\/eshop\\\/en\\\/produkt\\\/screwers-2-2\\\/#primaryimage\"},\"image\":{\"@id\":\"https:\\\/\\\/www.anatomic.sk\\\/eshop\\\/en\\\/produkt\\\/screwers-2-2\\\/#primaryimage\"},\"thumbnailUrl\":\"https:\\\/\\\/www.anatomic.sk\\\/eshop\\\/wp-content\\\/uploads\\\/2026\\\/04\\\/climbing-holds-screwers-2-1.jpg\",\"datePublished\":\"2026-04-15T08:24:35+00:00\",\"dateModified\":\"2026-04-22T05:35:31+00:00\",\"description\":\"Screwers 2 Small climbing holds made of polyurethane, primarily used as footholds on climbing walls. The set includes 10 pieces in sizes S and M.\",\"breadcrumb\":{\"@id\":\"https:\\\/\\\/www.anatomic.sk\\\/eshop\\\/en\\\/produkt\\\/screwers-2-2\\\/#breadcrumb\"},\"inLanguage\":\"sk-SK\",\"potentialAction\":[{\"@type\":\"ReadAction\",\"target\":[\"https:\\\/\\\/www.anatomic.sk\\\/eshop\\\/en\\\/produkt\\\/screwers-2-2\\\/\"]}]},{\"@type\":\"ImageObject\",\"inLanguage\":\"sk-SK\",\"@id\":\"https:\\\/\\\/www.anatomic.sk\\\/eshop\\\/en\\\/produkt\\\/screwers-2-2\\\/#primaryimage\",\"url\":\"https:\\\/\\\/www.anatomic.sk\\\/eshop\\\/wp-content\\\/uploads\\\/2026\\\/04\\\/climbing-holds-screwers-2-1.jpg\",\"contentUrl\":\"https:\\\/\\\/www.anatomic.sk\\\/eshop\\\/wp-content\\\/uploads\\\/2026\\\/04\\\/climbing-holds-screwers-2-1.jpg\",\"width\":1024,\"height\":1024,\"caption\":\"Screwers 2 - Stupy na lezeck\u00fa stenu, anatomic.sk\"},{\"@type\":\"BreadcrumbList\",\"@id\":\"https:\\\/\\\/www.anatomic.sk\\\/eshop\\\/en\\\/produkt\\\/screwers-2-2\\\/#breadcrumb\",\"itemListElement\":[{\"@type\":\"ListItem\",\"position\":1,\"name\":\"Domovsk\u00e1 str\u00e1nka\",\"item\":\"https:\\\/\\\/www.anatomic.sk\\\/eshop\\\/\"},{\"@type\":\"ListItem\",\"position\":2,\"name\":\"Obchod\",\"item\":\"https:\\\/\\\/www.anatomic.sk\\\/eshop\\\/obchod\\\/\"},{\"@type\":\"ListItem\",\"position\":3,\"name\":\"Screwers 2\"}]},{\"@type\":\"WebSite\",\"@id\":\"https:\\\/\\\/www.anatomic.sk\\\/eshop\\\/#website\",\"url\":\"https:\\\/\\\/www.anatomic.sk\\\/eshop\\\/\",\"name\":\"Anatomic Climbing Holds\",\"description\":\"Lezeck\u00e9 chyty a \u0161trukt\u00fary\",\"publisher\":{\"@id\":\"https:\\\/\\\/www.anatomic.sk\\\/eshop\\\/#organization\"},\"potentialAction\":[{\"@type\":\"SearchAction\",\"target\":{\"@type\":\"EntryPoint\",\"urlTemplate\":\"https:\\\/\\\/www.anatomic.sk\\\/eshop\\\/?s={search_term_string}\"},\"query-input\":{\"@type\":\"PropertyValueSpecification\",\"valueRequired\":true,\"valueName\":\"search_term_string\"}}],\"inLanguage\":\"sk-SK\"},{\"@type\":\"Organization\",\"@id\":\"https:\\\/\\\/www.anatomic.sk\\\/eshop\\\/#organization\",\"name\":\"Anatomic Climbing Holds\",\"url\":\"https:\\\/\\\/www.anatomic.sk\\\/eshop\\\/\",\"logo\":{\"@type\":\"ImageObject\",\"inLanguage\":\"sk-SK\",\"@id\":\"https:\\\/\\\/www.anatomic.sk\\\/eshop\\\/#\\\/schema\\\/logo\\\/image\\\/\",\"url\":\"https:\\\/\\\/www.anatomic.sk\\\/eshop\\\/wp-content\\\/uploads\\\/2025\\\/12\\\/cropped-logo-anatomic-sk.png\",\"contentUrl\":\"https:\\\/\\\/www.anatomic.sk\\\/eshop\\\/wp-content\\\/uploads\\\/2025\\\/12\\\/cropped-logo-anatomic-sk.png\",\"width\":200,\"height\":67,\"caption\":\"Anatomic Climbing Holds\"},\"image\":{\"@id\":\"https:\\\/\\\/www.anatomic.sk\\\/eshop\\\/#\\\/schema\\\/logo\\\/image\\\/\"},\"sameAs\":[\"https:\\\/\\\/www.facebook.com\\\/anatomic.sk\",\"https:\\\/\\\/www.instagram.com\\\/anatomic_holds_walls\\\/\"]}]}<\/script>\n<!-- \/ Yoast SEO plugin. -->","yoast_head_json":{"title":"Screwers 2 - Anatomic.sk","description":"Screwers 2 Small climbing holds made of polyurethane, primarily used as footholds on climbing walls. The set includes 10 pieces in sizes S and M.","robots":{"index":"index","follow":"follow","max-snippet":"max-snippet:-1","max-image-preview":"max-image-preview:large","max-video-preview":"max-video-preview:-1"},"canonical":"https:\/\/www.anatomic.sk\/eshop\/en\/produkt\/screwers-2-2\/","og_locale":"sk_SK","og_type":"article","og_title":"Screwers 2 - Anatomic.sk","og_description":"Screwers 2 Small climbing holds made of polyurethane, primarily used as footholds on climbing walls. The set includes 10 pieces in sizes S and M.","og_url":"https:\/\/www.anatomic.sk\/eshop\/en\/produkt\/screwers-2-2\/","og_site_name":"Anatomic.sk","article_publisher":"https:\/\/www.facebook.com\/anatomic.sk","article_modified_time":"2026-04-22T05:35:31+00:00","og_image":[{"width":1024,"height":1024,"url":"https:\/\/www.anatomic.sk\/eshop\/wp-content\/uploads\/2026\/04\/climbing-holds-screwers-2-1.jpg","type":"image\/jpeg"}],"twitter_card":"summary_large_image","twitter_misc":{"Predpokladan\u00fd \u010das \u010d\u00edtania":"1 min\u00fata"},"schema":{"@context":"https:\/\/schema.org","@graph":[{"@type":"WebPage","@id":"https:\/\/www.anatomic.sk\/eshop\/en\/produkt\/screwers-2-2\/","url":"https:\/\/www.anatomic.sk\/eshop\/en\/produkt\/screwers-2-2\/","name":"Screwers 2 - Anatomic.sk","isPartOf":{"@id":"https:\/\/www.anatomic.sk\/eshop\/#website"},"primaryImageOfPage":{"@id":"https:\/\/www.anatomic.sk\/eshop\/en\/produkt\/screwers-2-2\/#primaryimage"},"image":{"@id":"https:\/\/www.anatomic.sk\/eshop\/en\/produkt\/screwers-2-2\/#primaryimage"},"thumbnailUrl":"https:\/\/www.anatomic.sk\/eshop\/wp-content\/uploads\/2026\/04\/climbing-holds-screwers-2-1.jpg","datePublished":"2026-04-15T08:24:35+00:00","dateModified":"2026-04-22T05:35:31+00:00","description":"Screwers 2 Small climbing holds made of polyurethane, primarily used as footholds on climbing walls. The set includes 10 pieces in sizes S and M.","breadcrumb":{"@id":"https:\/\/www.anatomic.sk\/eshop\/en\/produkt\/screwers-2-2\/#breadcrumb"},"inLanguage":"sk-SK","potentialAction":[{"@type":"ReadAction","target":["https:\/\/www.anatomic.sk\/eshop\/en\/produkt\/screwers-2-2\/"]}]},{"@type":"ImageObject","inLanguage":"sk-SK","@id":"https:\/\/www.anatomic.sk\/eshop\/en\/produkt\/screwers-2-2\/#primaryimage","url":"https:\/\/www.anatomic.sk\/eshop\/wp-content\/uploads\/2026\/04\/climbing-holds-screwers-2-1.jpg","contentUrl":"https:\/\/www.anatomic.sk\/eshop\/wp-content\/uploads\/2026\/04\/climbing-holds-screwers-2-1.jpg","width":1024,"height":1024,"caption":"Screwers 2 - Stupy na lezeck\u00fa stenu, anatomic.sk"},{"@type":"BreadcrumbList","@id":"https:\/\/www.anatomic.sk\/eshop\/en\/produkt\/screwers-2-2\/#breadcrumb","itemListElement":[{"@type":"ListItem","position":1,"name":"Domovsk\u00e1 str\u00e1nka","item":"https:\/\/www.anatomic.sk\/eshop\/"},{"@type":"ListItem","position":2,"name":"Obchod","item":"https:\/\/www.anatomic.sk\/eshop\/obchod\/"},{"@type":"ListItem","position":3,"name":"Screwers 2"}]},{"@type":"WebSite","@id":"https:\/\/www.anatomic.sk\/eshop\/#website","url":"https:\/\/www.anatomic.sk\/eshop\/","name":"Anatomic Climbing Holds","description":"Lezeck\u00e9 chyty a \u0161trukt\u00fary","publisher":{"@id":"https:\/\/www.anatomic.sk\/eshop\/#organization"},"potentialAction":[{"@type":"SearchAction","target":{"@type":"EntryPoint","urlTemplate":"https:\/\/www.anatomic.sk\/eshop\/?s={search_term_string}"},"query-input":{"@type":"PropertyValueSpecification","valueRequired":true,"valueName":"search_term_string"}}],"inLanguage":"sk-SK"},{"@type":"Organization","@id":"https:\/\/www.anatomic.sk\/eshop\/#organization","name":"Anatomic Climbing Holds","url":"https:\/\/www.anatomic.sk\/eshop\/","logo":{"@type":"ImageObject","inLanguage":"sk-SK","@id":"https:\/\/www.anatomic.sk\/eshop\/#\/schema\/logo\/image\/","url":"https:\/\/www.anatomic.sk\/eshop\/wp-content\/uploads\/2025\/12\/cropped-logo-anatomic-sk.png","contentUrl":"https:\/\/www.anatomic.sk\/eshop\/wp-content\/uploads\/2025\/12\/cropped-logo-anatomic-sk.png","width":200,"height":67,"caption":"Anatomic Climbing Holds"},"image":{"@id":"https:\/\/www.anatomic.sk\/eshop\/#\/schema\/logo\/image\/"},"sameAs":["https:\/\/www.facebook.com\/anatomic.sk","https:\/\/www.instagram.com\/anatomic_holds_walls\/"]}]}},"_links":{"self":[{"href":"https:\/\/www.anatomic.sk\/eshop\/wp-json\/wp\/v2\/product\/14769","targetHints":{"allow":["GET"]}}],"collection":[{"href":"https:\/\/www.anatomic.sk\/eshop\/wp-json\/wp\/v2\/product"}],"about":[{"href":"https:\/\/www.anatomic.sk\/eshop\/wp-json\/wp\/v2\/types\/product"}],"version-history":[{"count":2,"href":"https:\/\/www.anatomic.sk\/eshop\/wp-json\/wp\/v2\/product\/14769\/revisions"}],"predecessor-version":[{"id":15183,"href":"https:\/\/www.anatomic.sk\/eshop\/wp-json\/wp\/v2\/product\/14769\/revisions\/15183"}],"wp:featuredmedia":[{"embeddable":true,"href":"https:\/\/www.anatomic.sk\/eshop\/wp-json\/wp\/v2\/media\/14772"}],"wp:attachment":[{"href":"https:\/\/www.anatomic.sk\/eshop\/wp-json\/wp\/v2\/media?parent=14769"}],"wp:term":[{"taxonomy":"product_brand","embeddable":true,"href":"https:\/\/www.anatomic.sk\/eshop\/wp-json\/wp\/v2\/product_brand?post=14769"},{"taxonomy":"product_cat","embeddable":true,"href":"https:\/\/www.anatomic.sk\/eshop\/wp-json\/wp\/v2\/product_cat?post=14769"},{"taxonomy":"product_tag","embeddable":true,"href":"https:\/\/www.anatomic.sk\/eshop\/wp-json\/wp\/v2\/product_tag?post=14769"}],"curies":[{"name":"wp","href":"https:\/\/api.w.org\/{rel}","templated":true}]}}