{"id":11508,"date":"2026-01-21T11:04:49","date_gmt":"2026-01-21T10:04:49","guid":{"rendered":"https:\/\/www.anatomic.sk\/eshop\/?post_type=product&#038;p=11508"},"modified":"2026-03-18T11:27:54","modified_gmt":"2026-03-18T10:27:54","slug":"tulip-vel-l","status":"publish","type":"product","link":"https:\/\/www.anatomic.sk\/eshop\/produkt\/tulip-vel-l\/","title":{"rendered":"Tulip, ve\u013e. L"},"content":{"rendered":"<h2>Tulip \u2013 lezeck\u00e1 \u0161trukt\u00fara (ve\u013ekos\u0165 L)<\/h2>\n<p>Tulip L je naozaj ve\u013ek\u00e1 lezeck\u00e1 \u0161trukt\u00fara s rozmerom 122 \u00d7 90 \u00d7 15 cm, ktor\u00e1 v\u00fdrazne men\u00ed charakter celej lezeckej steny. V\u010faka svojim rozmerom dok\u00e1\u017ee kompletne zmeni\u0165 \u201efacelift\u201c lezeck\u00e9ho profilu a vytvori\u0165 \u00faplne nov\u00e9 l\u00ednie a mo\u017enosti kreova\u0165 nov\u00e9 cesty a bouldre. Dominantn\u00e1 hlavn\u00e1 plocha poskytuje dostatok priestoru aj na osadenie v\u00e4\u010d\u0161\u00edch chytov alebo \u010fal\u0161\u00edch \u0161trukt\u00far, \u010do z nej rob\u00ed siln\u00fd n\u00e1stroj pre routesetterov.<\/p>\n<p>Hrany \u0161trukt\u00fary s\u00fa preva\u017ene nechytate\u013en\u00e9, v\u010faka \u010domu je Tulip L ide\u00e1lna na technick\u00e9 a n\u00e1ro\u010dnej\u0161ie pas\u00e1\u017ee, kde rozhoduje pr\u00e1ca s telom a rovnov\u00e1ha. Vhodn\u00fdm v\u00fdberom chytov je v\u0161ak mo\u017en\u00e9 vytvori\u0165 aj plynulej\u0161ie a pr\u00edstupnej\u0161ie kroky. Naklonen\u00e1 hlavn\u00e1 plocha prin\u00e1\u0161a v\u00fdrazn\u00fa, no st\u00e1le kontrolovan\u00fa zmenu sklonu steny, ktor\u00fa je mo\u017en\u00e9 \u010fal\u0161\u00edm stohovan\u00edm e\u0161te viac zv\u00fdrazni\u0165.<\/p>\n<p>Upozornenie: Mont\u00e1\u017ene skrutky nie s\u00fa s\u00fa\u010das\u0165ou balenia.<\/p>\n<p>\u00a9 Anatomic 2021<\/p>\n\n    <div class=\"xs_social_share_widget xs_share_url after_content \t\tmain_content  wslu-style-1 wslu-share-box-shaped wslu-fill-colored wslu-none wslu-share-horizontal wslu-theme-font-no wslu-main_content\">\n\n\t\t\n        <ul>\n\t\t\t        <\/ul>\n    <\/div> \n","protected":false},"excerpt":{"rendered":"<table>\n<tbody>\n<tr>\n<td>Ve\u013ekos\u0165 -varianty<\/td>\n<td>L<\/td>\n<\/tr>\n<tr>\n<td>Rozmery (cm)<\/td>\n<td>122 x 90 x 15<\/td>\n<\/tr>\n<tr>\n<td colspan=\"3\"><img fetchpriority=\"high\" decoding=\"async\" class=\"alignnone size-medium wp-image-11277\" src=\"https:\/\/www.anatomic.sk\/eshop\/wp-content\/uploads\/2025\/12\/tulip-anatomic-plywood-300x180.png\" alt=\"Tulip Anatomic Plywood Volume \" width=\"300\" height=\"180\" srcset=\"https:\/\/www.anatomic.sk\/eshop\/wp-content\/uploads\/2025\/12\/tulip-anatomic-plywood-300x180.png 300w, https:\/\/www.anatomic.sk\/eshop\/wp-content\/uploads\/2025\/12\/tulip-anatomic-plywood.png 600w\" sizes=\"(max-width: 300px) 100vw, 300px\" \/><\/td>\n<\/tr>\n<tr>\n<td style=\"vertical-align: middle;\">Mont\u00e1\u017e<\/td>\n<td style=\"vertical-align: middle;\">10x<\/td>\n<td style=\"vertical-align: middle;\"><img decoding=\"async\" class=\"aligncenter wp-image-10985 size-full\" src=\"https:\/\/www.anatomic.sk\/eshop\/wp-content\/uploads\/2025\/12\/screw.png\" alt=\"\" width=\"50\" height=\"50\" \/><\/td>\n<\/tr>\n<tr>\n<td style=\"vertical-align: middle;\">Pou\u017eitie<\/td>\n<td style=\"vertical-align: middle;\"><img decoding=\"async\" class=\"aligncenter wp-image-10989\" src=\"https:\/\/www.anatomic.sk\/eshop\/wp-content\/uploads\/2025\/12\/90-angle.jpg\" alt=\"\" width=\"45\" height=\"45\" srcset=\"https:\/\/www.anatomic.sk\/eshop\/wp-content\/uploads\/2025\/12\/90-angle.jpg 60w, https:\/\/www.anatomic.sk\/eshop\/wp-content\/uploads\/2025\/12\/90-angle-50x50.jpg 50w\" sizes=\"(max-width: 45px) 100vw, 45px\" \/><\/td>\n<td style=\"vertical-align: middle;\"><img loading=\"lazy\" decoding=\"async\" class=\"aligncenter wp-image-10987\" src=\"https:\/\/www.anatomic.sk\/eshop\/wp-content\/uploads\/2025\/12\/0-angle.jpg\" alt=\"\" width=\"45\" height=\"45\" srcset=\"https:\/\/www.anatomic.sk\/eshop\/wp-content\/uploads\/2025\/12\/0-angle.jpg 60w, https:\/\/www.anatomic.sk\/eshop\/wp-content\/uploads\/2025\/12\/0-angle-50x50.jpg 50w\" sizes=\"(max-width: 45px) 100vw, 45px\" \/><\/td>\n<\/tr>\n<\/tbody>\n<\/table>\n","protected":false},"featured_media":6773,"template":"","meta":{"_acf_changed":false},"product_brand":[],"product_cat":[335,327],"product_tag":[],"class_list":{"0":"post-11508","1":"product","2":"type-product","3":"status-publish","4":"has-post-thumbnail","6":"product_cat-typ-apple","7":"product_cat-drevene-struktury","8":"product_shipping_class-over-120","10":"first","11":"instock","12":"taxable","13":"shipping-taxable","14":"purchasable","15":"product-type-variable","16":"has-default-attributes"},"acf":[],"yoast_head":"<!-- This site is optimized with the Yoast SEO plugin v27.4 - https:\/\/yoast.com\/product\/yoast-seo-wordpress\/ -->\n<title>Tulip, ve\u013e. L - Na zmenu tvaru lezeckej steny<\/title>\n<meta name=\"description\" content=\"Tulip, ve\u013e. L - V\u010faka svojim rozmerom dok\u00e1\u017ee kompletne zmeni\u0165 \u201efacelift\u201c lezeck\u00e9ho profilu a vytvori\u0165 \u00faplne nov\u00e9 l\u00ednie a mo\u017enosti svata\u0165 cesty a bouldre.\" \/>\n<meta name=\"robots\" content=\"index, follow, max-snippet:-1, max-image-preview:large, max-video-preview:-1\" \/>\n<link rel=\"canonical\" href=\"https:\/\/www.anatomic.sk\/eshop\/produkt\/tulip-vel-l\/\" \/>\n<meta property=\"og:locale\" content=\"sk_SK\" \/>\n<meta property=\"og:type\" content=\"article\" \/>\n<meta property=\"og:title\" content=\"Tulip, ve\u013e. L - Na zmenu tvaru lezeckej steny\" \/>\n<meta property=\"og:description\" content=\"Tulip, ve\u013e. L - V\u010faka svojim rozmerom dok\u00e1\u017ee kompletne zmeni\u0165 \u201efacelift\u201c lezeck\u00e9ho profilu a vytvori\u0165 \u00faplne nov\u00e9 l\u00ednie a mo\u017enosti svata\u0165 cesty a bouldre.\" \/>\n<meta property=\"og:url\" content=\"https:\/\/www.anatomic.sk\/eshop\/produkt\/tulip-vel-l\/\" \/>\n<meta property=\"og:site_name\" content=\"Anatomic.sk\" \/>\n<meta property=\"article:publisher\" content=\"https:\/\/www.facebook.com\/anatomic.sk\" \/>\n<meta property=\"article:modified_time\" content=\"2026-03-18T10:27:54+00:00\" \/>\n<meta property=\"og:image\" content=\"https:\/\/www.anatomic.sk\/eshop\/wp-content\/uploads\/2025\/12\/climbing-volume-tulip-2-1.jpg\" \/>\n\t<meta property=\"og:image:width\" content=\"1024\" \/>\n\t<meta property=\"og:image:height\" content=\"1024\" \/>\n\t<meta property=\"og:image:type\" content=\"image\/jpeg\" \/>\n<meta name=\"twitter:card\" content=\"summary_large_image\" \/>\n<meta name=\"twitter:label1\" content=\"Predpokladan\u00fd \u010das \u010d\u00edtania\" \/>\n\t<meta name=\"twitter:data1\" content=\"1 min\u00fata\" \/>\n<script type=\"application\/ld+json\" class=\"yoast-schema-graph\">{\"@context\":\"https:\\\/\\\/schema.org\",\"@graph\":[{\"@type\":\"WebPage\",\"@id\":\"https:\\\/\\\/www.anatomic.sk\\\/eshop\\\/produkt\\\/tulip-vel-l\\\/\",\"url\":\"https:\\\/\\\/www.anatomic.sk\\\/eshop\\\/produkt\\\/tulip-vel-l\\\/\",\"name\":\"Tulip, ve\u013e. L - Na zmenu tvaru lezeckej steny\",\"isPartOf\":{\"@id\":\"https:\\\/\\\/www.anatomic.sk\\\/eshop\\\/#website\"},\"primaryImageOfPage\":{\"@id\":\"https:\\\/\\\/www.anatomic.sk\\\/eshop\\\/produkt\\\/tulip-vel-l\\\/#primaryimage\"},\"image\":{\"@id\":\"https:\\\/\\\/www.anatomic.sk\\\/eshop\\\/produkt\\\/tulip-vel-l\\\/#primaryimage\"},\"thumbnailUrl\":\"https:\\\/\\\/www.anatomic.sk\\\/eshop\\\/wp-content\\\/uploads\\\/2025\\\/12\\\/climbing-volume-tulip-2-1.jpg\",\"datePublished\":\"2026-01-21T10:04:49+00:00\",\"dateModified\":\"2026-03-18T10:27:54+00:00\",\"description\":\"Tulip, ve\u013e. L - V\u010faka svojim rozmerom dok\u00e1\u017ee kompletne zmeni\u0165 \u201efacelift\u201c lezeck\u00e9ho profilu a vytvori\u0165 \u00faplne nov\u00e9 l\u00ednie a mo\u017enosti svata\u0165 cesty a bouldre.\",\"breadcrumb\":{\"@id\":\"https:\\\/\\\/www.anatomic.sk\\\/eshop\\\/produkt\\\/tulip-vel-l\\\/#breadcrumb\"},\"inLanguage\":\"sk-SK\",\"potentialAction\":[{\"@type\":\"ReadAction\",\"target\":[\"https:\\\/\\\/www.anatomic.sk\\\/eshop\\\/produkt\\\/tulip-vel-l\\\/\"]}]},{\"@type\":\"ImageObject\",\"inLanguage\":\"sk-SK\",\"@id\":\"https:\\\/\\\/www.anatomic.sk\\\/eshop\\\/produkt\\\/tulip-vel-l\\\/#primaryimage\",\"url\":\"https:\\\/\\\/www.anatomic.sk\\\/eshop\\\/wp-content\\\/uploads\\\/2025\\\/12\\\/climbing-volume-tulip-2-1.jpg\",\"contentUrl\":\"https:\\\/\\\/www.anatomic.sk\\\/eshop\\\/wp-content\\\/uploads\\\/2025\\\/12\\\/climbing-volume-tulip-2-1.jpg\",\"width\":1024,\"height\":1024,\"caption\":\"Tulip Plywood Volume | anatomic\"},{\"@type\":\"BreadcrumbList\",\"@id\":\"https:\\\/\\\/www.anatomic.sk\\\/eshop\\\/produkt\\\/tulip-vel-l\\\/#breadcrumb\",\"itemListElement\":[{\"@type\":\"ListItem\",\"position\":1,\"name\":\"Domovsk\u00e1 str\u00e1nka\",\"item\":\"https:\\\/\\\/www.anatomic.sk\\\/eshop\\\/\"},{\"@type\":\"ListItem\",\"position\":2,\"name\":\"Obchod\",\"item\":\"https:\\\/\\\/www.anatomic.sk\\\/eshop\\\/obchod\\\/\"},{\"@type\":\"ListItem\",\"position\":3,\"name\":\"Tulip, ve\u013e. L\"}]},{\"@type\":\"WebSite\",\"@id\":\"https:\\\/\\\/www.anatomic.sk\\\/eshop\\\/#website\",\"url\":\"https:\\\/\\\/www.anatomic.sk\\\/eshop\\\/\",\"name\":\"Anatomic Climbing Holds\",\"description\":\"Lezeck\u00e9 chyty a \u0161trukt\u00fary\",\"publisher\":{\"@id\":\"https:\\\/\\\/www.anatomic.sk\\\/eshop\\\/#organization\"},\"potentialAction\":[{\"@type\":\"SearchAction\",\"target\":{\"@type\":\"EntryPoint\",\"urlTemplate\":\"https:\\\/\\\/www.anatomic.sk\\\/eshop\\\/?s={search_term_string}\"},\"query-input\":{\"@type\":\"PropertyValueSpecification\",\"valueRequired\":true,\"valueName\":\"search_term_string\"}}],\"inLanguage\":\"sk-SK\"},{\"@type\":\"Organization\",\"@id\":\"https:\\\/\\\/www.anatomic.sk\\\/eshop\\\/#organization\",\"name\":\"Anatomic Climbing Holds\",\"url\":\"https:\\\/\\\/www.anatomic.sk\\\/eshop\\\/\",\"logo\":{\"@type\":\"ImageObject\",\"inLanguage\":\"sk-SK\",\"@id\":\"https:\\\/\\\/www.anatomic.sk\\\/eshop\\\/#\\\/schema\\\/logo\\\/image\\\/\",\"url\":\"https:\\\/\\\/www.anatomic.sk\\\/eshop\\\/wp-content\\\/uploads\\\/2025\\\/12\\\/cropped-logo-anatomic-sk.png\",\"contentUrl\":\"https:\\\/\\\/www.anatomic.sk\\\/eshop\\\/wp-content\\\/uploads\\\/2025\\\/12\\\/cropped-logo-anatomic-sk.png\",\"width\":200,\"height\":67,\"caption\":\"Anatomic Climbing Holds\"},\"image\":{\"@id\":\"https:\\\/\\\/www.anatomic.sk\\\/eshop\\\/#\\\/schema\\\/logo\\\/image\\\/\"},\"sameAs\":[\"https:\\\/\\\/www.facebook.com\\\/anatomic.sk\",\"https:\\\/\\\/www.instagram.com\\\/anatomic_holds_walls\\\/\"]}]}<\/script>\n<!-- \/ Yoast SEO plugin. -->","yoast_head_json":{"title":"Tulip, ve\u013e. L - Na zmenu tvaru lezeckej steny","description":"Tulip, ve\u013e. L - V\u010faka svojim rozmerom dok\u00e1\u017ee kompletne zmeni\u0165 \u201efacelift\u201c lezeck\u00e9ho profilu a vytvori\u0165 \u00faplne nov\u00e9 l\u00ednie a mo\u017enosti svata\u0165 cesty a bouldre.","robots":{"index":"index","follow":"follow","max-snippet":"max-snippet:-1","max-image-preview":"max-image-preview:large","max-video-preview":"max-video-preview:-1"},"canonical":"https:\/\/www.anatomic.sk\/eshop\/produkt\/tulip-vel-l\/","og_locale":"sk_SK","og_type":"article","og_title":"Tulip, ve\u013e. L - Na zmenu tvaru lezeckej steny","og_description":"Tulip, ve\u013e. L - V\u010faka svojim rozmerom dok\u00e1\u017ee kompletne zmeni\u0165 \u201efacelift\u201c lezeck\u00e9ho profilu a vytvori\u0165 \u00faplne nov\u00e9 l\u00ednie a mo\u017enosti svata\u0165 cesty a bouldre.","og_url":"https:\/\/www.anatomic.sk\/eshop\/produkt\/tulip-vel-l\/","og_site_name":"Anatomic.sk","article_publisher":"https:\/\/www.facebook.com\/anatomic.sk","article_modified_time":"2026-03-18T10:27:54+00:00","og_image":[{"width":1024,"height":1024,"url":"https:\/\/www.anatomic.sk\/eshop\/wp-content\/uploads\/2025\/12\/climbing-volume-tulip-2-1.jpg","type":"image\/jpeg"}],"twitter_card":"summary_large_image","twitter_misc":{"Predpokladan\u00fd \u010das \u010d\u00edtania":"1 min\u00fata"},"schema":{"@context":"https:\/\/schema.org","@graph":[{"@type":"WebPage","@id":"https:\/\/www.anatomic.sk\/eshop\/produkt\/tulip-vel-l\/","url":"https:\/\/www.anatomic.sk\/eshop\/produkt\/tulip-vel-l\/","name":"Tulip, ve\u013e. L - Na zmenu tvaru lezeckej steny","isPartOf":{"@id":"https:\/\/www.anatomic.sk\/eshop\/#website"},"primaryImageOfPage":{"@id":"https:\/\/www.anatomic.sk\/eshop\/produkt\/tulip-vel-l\/#primaryimage"},"image":{"@id":"https:\/\/www.anatomic.sk\/eshop\/produkt\/tulip-vel-l\/#primaryimage"},"thumbnailUrl":"https:\/\/www.anatomic.sk\/eshop\/wp-content\/uploads\/2025\/12\/climbing-volume-tulip-2-1.jpg","datePublished":"2026-01-21T10:04:49+00:00","dateModified":"2026-03-18T10:27:54+00:00","description":"Tulip, ve\u013e. L - V\u010faka svojim rozmerom dok\u00e1\u017ee kompletne zmeni\u0165 \u201efacelift\u201c lezeck\u00e9ho profilu a vytvori\u0165 \u00faplne nov\u00e9 l\u00ednie a mo\u017enosti svata\u0165 cesty a bouldre.","breadcrumb":{"@id":"https:\/\/www.anatomic.sk\/eshop\/produkt\/tulip-vel-l\/#breadcrumb"},"inLanguage":"sk-SK","potentialAction":[{"@type":"ReadAction","target":["https:\/\/www.anatomic.sk\/eshop\/produkt\/tulip-vel-l\/"]}]},{"@type":"ImageObject","inLanguage":"sk-SK","@id":"https:\/\/www.anatomic.sk\/eshop\/produkt\/tulip-vel-l\/#primaryimage","url":"https:\/\/www.anatomic.sk\/eshop\/wp-content\/uploads\/2025\/12\/climbing-volume-tulip-2-1.jpg","contentUrl":"https:\/\/www.anatomic.sk\/eshop\/wp-content\/uploads\/2025\/12\/climbing-volume-tulip-2-1.jpg","width":1024,"height":1024,"caption":"Tulip Plywood Volume | anatomic"},{"@type":"BreadcrumbList","@id":"https:\/\/www.anatomic.sk\/eshop\/produkt\/tulip-vel-l\/#breadcrumb","itemListElement":[{"@type":"ListItem","position":1,"name":"Domovsk\u00e1 str\u00e1nka","item":"https:\/\/www.anatomic.sk\/eshop\/"},{"@type":"ListItem","position":2,"name":"Obchod","item":"https:\/\/www.anatomic.sk\/eshop\/obchod\/"},{"@type":"ListItem","position":3,"name":"Tulip, ve\u013e. L"}]},{"@type":"WebSite","@id":"https:\/\/www.anatomic.sk\/eshop\/#website","url":"https:\/\/www.anatomic.sk\/eshop\/","name":"Anatomic Climbing Holds","description":"Lezeck\u00e9 chyty a \u0161trukt\u00fary","publisher":{"@id":"https:\/\/www.anatomic.sk\/eshop\/#organization"},"potentialAction":[{"@type":"SearchAction","target":{"@type":"EntryPoint","urlTemplate":"https:\/\/www.anatomic.sk\/eshop\/?s={search_term_string}"},"query-input":{"@type":"PropertyValueSpecification","valueRequired":true,"valueName":"search_term_string"}}],"inLanguage":"sk-SK"},{"@type":"Organization","@id":"https:\/\/www.anatomic.sk\/eshop\/#organization","name":"Anatomic Climbing Holds","url":"https:\/\/www.anatomic.sk\/eshop\/","logo":{"@type":"ImageObject","inLanguage":"sk-SK","@id":"https:\/\/www.anatomic.sk\/eshop\/#\/schema\/logo\/image\/","url":"https:\/\/www.anatomic.sk\/eshop\/wp-content\/uploads\/2025\/12\/cropped-logo-anatomic-sk.png","contentUrl":"https:\/\/www.anatomic.sk\/eshop\/wp-content\/uploads\/2025\/12\/cropped-logo-anatomic-sk.png","width":200,"height":67,"caption":"Anatomic Climbing Holds"},"image":{"@id":"https:\/\/www.anatomic.sk\/eshop\/#\/schema\/logo\/image\/"},"sameAs":["https:\/\/www.facebook.com\/anatomic.sk","https:\/\/www.instagram.com\/anatomic_holds_walls\/"]}]}},"_links":{"self":[{"href":"https:\/\/www.anatomic.sk\/eshop\/wp-json\/wp\/v2\/product\/11508","targetHints":{"allow":["GET"]}}],"collection":[{"href":"https:\/\/www.anatomic.sk\/eshop\/wp-json\/wp\/v2\/product"}],"about":[{"href":"https:\/\/www.anatomic.sk\/eshop\/wp-json\/wp\/v2\/types\/product"}],"version-history":[{"count":4,"href":"https:\/\/www.anatomic.sk\/eshop\/wp-json\/wp\/v2\/product\/11508\/revisions"}],"predecessor-version":[{"id":11676,"href":"https:\/\/www.anatomic.sk\/eshop\/wp-json\/wp\/v2\/product\/11508\/revisions\/11676"}],"wp:featuredmedia":[{"embeddable":true,"href":"https:\/\/www.anatomic.sk\/eshop\/wp-json\/wp\/v2\/media\/6773"}],"wp:attachment":[{"href":"https:\/\/www.anatomic.sk\/eshop\/wp-json\/wp\/v2\/media?parent=11508"}],"wp:term":[{"taxonomy":"product_brand","embeddable":true,"href":"https:\/\/www.anatomic.sk\/eshop\/wp-json\/wp\/v2\/product_brand?post=11508"},{"taxonomy":"product_cat","embeddable":true,"href":"https:\/\/www.anatomic.sk\/eshop\/wp-json\/wp\/v2\/product_cat?post=11508"},{"taxonomy":"product_tag","embeddable":true,"href":"https:\/\/www.anatomic.sk\/eshop\/wp-json\/wp\/v2\/product_tag?post=11508"}],"curies":[{"name":"wp","href":"https:\/\/api.w.org\/{rel}","templated":true}]}}