{"id":11497,"date":"2026-01-21T10:35:44","date_gmt":"2026-01-21T09:35:44","guid":{"rendered":"https:\/\/www.anatomic.sk\/eshop\/?post_type=product&#038;p=11497"},"modified":"2026-03-18T11:27:54","modified_gmt":"2026-03-18T10:27:54","slug":"trojuholnik-20-vel-m","status":"publish","type":"product","link":"https:\/\/www.anatomic.sk\/eshop\/produkt\/trojuholnik-20-vel-m\/","title":{"rendered":"Trojuholn\u00edk 20\u00b0, ve\u013e. M"},"content":{"rendered":"<h2>Trojuholn\u00edk 20\u00b0, ve\u013e. M<\/h2>\n<p>Klasick\u00fd trojuholn\u00edk v M-kovom variante m\u00e1 d\u013a\u017eku strany 40 cm a v\u00fd\u0161ku 9 cm. V\u0161etky tri plochy maj\u00fa sklon 20\u00b0. M\u00e1 v\u0161estrann\u00e9 vyu\u017eitie dobre funguje pri technick\u00fdch sekvenci\u00e1ch kombinuj\u00facich pr\u00e1cu r\u00fak aj n\u00f4h. Trojuholn\u00edk 20\u00b0 je dostupn\u00fd v \u0161tyroch ve\u013ekostiach, \u010do umo\u017e\u0148uje r\u00f4znu kombin\u00e1ciu na stene.<\/p>\n<p>Mont\u00e1\u017e u\u013eah\u010duj\u00fa oce\u013eov\u00e9 vlo\u017eky M5, pri\u010dom oce\u013eov\u00e9 matice M10 umo\u017e\u0148uj\u00fa pevn\u00e9 osadenie \u010fal\u0161\u00edch chytov a prisp\u00f4sobenie obtia\u017enosti \u010di \u0161t\u00fdlu lezenia.<\/p>\n<p>Povrch poskytuje dobr\u00e9 trenie a dlh\u00fa \u017eivotnos\u0165. \u0160trukt\u00fara je vhodn\u00e1 na o\u017eivenie akejko\u013evek <a href=\"https:\/\/www.anatomic.sk\/realizacie-lezeckych-stien\/\" target=\"_blank\" rel=\"noopener\">lezeckej steny.<\/a><\/p>\n<p>Je vyroben\u00e1 z kvalitnej 18 mm preglejky rezanej na CNC stroji. Jednotliv\u00e9 diely s\u00fa lepen\u00e9 a skrutkovan\u00e9 pre zabezpe\u010denie pevnosti a dlhej \u017eivotnosti. Povrchov\u00e1 \u00faprava poskytuje dobr\u00e9 trenie a odolnos\u0165 pri intenz\u00edvnom pou\u017e\u00edvan\u00ed.<\/p>\n<p>Upozornenie: Mont\u00e1\u017ene skrutky nie s\u00fa s\u00fa\u010das\u0165ou balenia.<\/p>\n<p>\u00a9 Anatomic 2021<\/p>\n<p style=\"text-align: center;\">\n\n    <div class=\"xs_social_share_widget xs_share_url after_content \t\tmain_content  wslu-style-1 wslu-share-box-shaped wslu-fill-colored wslu-none wslu-share-horizontal wslu-theme-font-no wslu-main_content\">\n\n\t\t\n        <ul>\n\t\t\t        <\/ul>\n    <\/div> \n","protected":false},"excerpt":{"rendered":"<table>\n<tbody>\n<tr>\n<td>Ve\u013ekos\u0165 -variant<\/td>\n<td>M<\/td>\n<\/tr>\n<tr>\n<td>Rozmery (cm)<\/td>\n<td>40 x 9<\/td>\n<\/tr>\n<tr>\n<td colspan=\"3\"><img fetchpriority=\"high\" decoding=\"async\" class=\"alignnone size-medium wp-image-11046\" src=\"https:\/\/www.anatomic.sk\/eshop\/wp-content\/uploads\/2025\/12\/plywood-volumes-triangle-20-family-300x178.png\" alt=\"Trojuholn\u00edky 20\u00b0 | Triangles - Plywood Volumes Anatomic\" width=\"300\" height=\"178\" srcset=\"https:\/\/www.anatomic.sk\/eshop\/wp-content\/uploads\/2025\/12\/plywood-volumes-triangle-20-family-300x178.png 300w, https:\/\/www.anatomic.sk\/eshop\/wp-content\/uploads\/2025\/12\/plywood-volumes-triangle-20-family.png 600w\" sizes=\"(max-width: 300px) 100vw, 300px\" \/><\/td>\n<\/tr>\n<tr>\n<td style=\"vertical-align: middle;\">Mont\u00e1\u017e<\/td>\n<td style=\"vertical-align: middle;\">3x<\/td>\n<td style=\"vertical-align: middle;\"><img decoding=\"async\" class=\"aligncenter wp-image-10985 size-full\" src=\"https:\/\/www.anatomic.sk\/eshop\/wp-content\/uploads\/2025\/12\/screw.png\" alt=\"\" width=\"50\" height=\"50\" \/><\/td>\n<\/tr>\n<tr>\n<td style=\"vertical-align: middle;\">Pou\u017eitie<\/td>\n<td style=\"vertical-align: middle;\"><img decoding=\"async\" class=\"aligncenter wp-image-10989\" src=\"https:\/\/www.anatomic.sk\/eshop\/wp-content\/uploads\/2025\/12\/90-angle.jpg\" alt=\"\" width=\"45\" height=\"45\" srcset=\"https:\/\/www.anatomic.sk\/eshop\/wp-content\/uploads\/2025\/12\/90-angle.jpg 60w, https:\/\/www.anatomic.sk\/eshop\/wp-content\/uploads\/2025\/12\/90-angle-50x50.jpg 50w\" sizes=\"(max-width: 45px) 100vw, 45px\" \/><\/td>\n<td style=\"vertical-align: middle;\"><img loading=\"lazy\" decoding=\"async\" class=\"aligncenter wp-image-10987\" src=\"https:\/\/www.anatomic.sk\/eshop\/wp-content\/uploads\/2025\/12\/0-angle.jpg\" alt=\"\" width=\"45\" height=\"45\" srcset=\"https:\/\/www.anatomic.sk\/eshop\/wp-content\/uploads\/2025\/12\/0-angle.jpg 60w, https:\/\/www.anatomic.sk\/eshop\/wp-content\/uploads\/2025\/12\/0-angle-50x50.jpg 50w\" sizes=\"(max-width: 45px) 100vw, 45px\" \/><\/td>\n<\/tr>\n<\/tbody>\n<\/table>\n","protected":false},"featured_media":6919,"template":"","meta":{"_acf_changed":false},"product_brand":[],"product_cat":[327,329],"product_tag":[],"class_list":{"0":"post-11497","1":"product","2":"type-product","3":"status-publish","4":"has-post-thumbnail","6":"product_cat-drevene-struktury","7":"product_cat-trojuholniky","8":"product_shipping_class-hmotnost-nad-5kg","10":"first","11":"instock","12":"taxable","13":"shipping-taxable","14":"purchasable","15":"product-type-variable","16":"has-default-attributes"},"acf":[],"yoast_head":"<!-- This site is optimized with the Yoast SEO plugin v27.4 - https:\/\/yoast.com\/product\/yoast-seo-wordpress\/ -->\n<title>Trojuholn\u00edk 20\u00b0, ve\u013e. M - Klasick\u00fd trojuholn\u00edk<\/title>\n<meta name=\"description\" content=\"Trojuholn\u00edk 20\u00b0, ve\u013e. M - Klasick\u00fd trojuholn\u00edk s d\u013a\u017ekou strany 40 cm, v\u00fd\u0161kou 9 cm. Funguje pri technick\u00fdch sekvenci\u00e1ch kombinuj\u00facich pr\u00e1cu r\u00fak aj n\u00f4h.\" \/>\n<meta name=\"robots\" content=\"index, follow, max-snippet:-1, max-image-preview:large, max-video-preview:-1\" \/>\n<link rel=\"canonical\" href=\"https:\/\/www.anatomic.sk\/eshop\/produkt\/trojuholnik-20-vel-m\/\" \/>\n<meta property=\"og:locale\" content=\"sk_SK\" \/>\n<meta property=\"og:type\" content=\"article\" \/>\n<meta property=\"og:title\" content=\"Trojuholn\u00edk 20\u00b0, ve\u013e. M - Klasick\u00fd trojuholn\u00edk\" \/>\n<meta property=\"og:description\" content=\"Trojuholn\u00edk 20\u00b0, ve\u013e. M - Klasick\u00fd trojuholn\u00edk s d\u013a\u017ekou strany 40 cm, v\u00fd\u0161kou 9 cm. Funguje pri technick\u00fdch sekvenci\u00e1ch kombinuj\u00facich pr\u00e1cu r\u00fak aj n\u00f4h.\" \/>\n<meta property=\"og:url\" content=\"https:\/\/www.anatomic.sk\/eshop\/produkt\/trojuholnik-20-vel-m\/\" \/>\n<meta property=\"og:site_name\" content=\"Anatomic.sk\" \/>\n<meta property=\"article:publisher\" content=\"https:\/\/www.facebook.com\/anatomic.sk\" \/>\n<meta property=\"article:modified_time\" content=\"2026-03-18T10:27:54+00:00\" \/>\n<meta property=\"og:image\" content=\"https:\/\/www.anatomic.sk\/eshop\/wp-content\/uploads\/2025\/12\/climbing-volume-size-m-low-2-1.jpg\" \/>\n\t<meta property=\"og:image:width\" content=\"1024\" \/>\n\t<meta property=\"og:image:height\" content=\"1024\" \/>\n\t<meta property=\"og:image:type\" content=\"image\/jpeg\" \/>\n<meta name=\"twitter:card\" content=\"summary_large_image\" \/>\n<meta name=\"twitter:label1\" content=\"Predpokladan\u00fd \u010das \u010d\u00edtania\" \/>\n\t<meta name=\"twitter:data1\" content=\"1 min\u00fata\" \/>\n<script type=\"application\/ld+json\" class=\"yoast-schema-graph\">{\"@context\":\"https:\\\/\\\/schema.org\",\"@graph\":[{\"@type\":\"WebPage\",\"@id\":\"https:\\\/\\\/www.anatomic.sk\\\/eshop\\\/produkt\\\/trojuholnik-20-vel-m\\\/\",\"url\":\"https:\\\/\\\/www.anatomic.sk\\\/eshop\\\/produkt\\\/trojuholnik-20-vel-m\\\/\",\"name\":\"Trojuholn\u00edk 20\u00b0, ve\u013e. M - Klasick\u00fd trojuholn\u00edk\",\"isPartOf\":{\"@id\":\"https:\\\/\\\/www.anatomic.sk\\\/eshop\\\/#website\"},\"primaryImageOfPage\":{\"@id\":\"https:\\\/\\\/www.anatomic.sk\\\/eshop\\\/produkt\\\/trojuholnik-20-vel-m\\\/#primaryimage\"},\"image\":{\"@id\":\"https:\\\/\\\/www.anatomic.sk\\\/eshop\\\/produkt\\\/trojuholnik-20-vel-m\\\/#primaryimage\"},\"thumbnailUrl\":\"https:\\\/\\\/www.anatomic.sk\\\/eshop\\\/wp-content\\\/uploads\\\/2025\\\/12\\\/climbing-volume-size-m-low-2-1.jpg\",\"datePublished\":\"2026-01-21T09:35:44+00:00\",\"dateModified\":\"2026-03-18T10:27:54+00:00\",\"description\":\"Trojuholn\u00edk 20\u00b0, ve\u013e. M - Klasick\u00fd trojuholn\u00edk s d\u013a\u017ekou strany 40 cm, v\u00fd\u0161kou 9 cm. Funguje pri technick\u00fdch sekvenci\u00e1ch kombinuj\u00facich pr\u00e1cu r\u00fak aj n\u00f4h.\",\"breadcrumb\":{\"@id\":\"https:\\\/\\\/www.anatomic.sk\\\/eshop\\\/produkt\\\/trojuholnik-20-vel-m\\\/#breadcrumb\"},\"inLanguage\":\"sk-SK\",\"potentialAction\":[{\"@type\":\"ReadAction\",\"target\":[\"https:\\\/\\\/www.anatomic.sk\\\/eshop\\\/produkt\\\/trojuholnik-20-vel-m\\\/\"]}]},{\"@type\":\"ImageObject\",\"inLanguage\":\"sk-SK\",\"@id\":\"https:\\\/\\\/www.anatomic.sk\\\/eshop\\\/produkt\\\/trojuholnik-20-vel-m\\\/#primaryimage\",\"url\":\"https:\\\/\\\/www.anatomic.sk\\\/eshop\\\/wp-content\\\/uploads\\\/2025\\\/12\\\/climbing-volume-size-m-low-2-1.jpg\",\"contentUrl\":\"https:\\\/\\\/www.anatomic.sk\\\/eshop\\\/wp-content\\\/uploads\\\/2025\\\/12\\\/climbing-volume-size-m-low-2-1.jpg\",\"width\":1024,\"height\":1024,\"caption\":\"Trojuhon\u00edk 20\u00b0 | Volume 20\u00b0 size M Wooden Volumes | anatomic\"},{\"@type\":\"BreadcrumbList\",\"@id\":\"https:\\\/\\\/www.anatomic.sk\\\/eshop\\\/produkt\\\/trojuholnik-20-vel-m\\\/#breadcrumb\",\"itemListElement\":[{\"@type\":\"ListItem\",\"position\":1,\"name\":\"Domovsk\u00e1 str\u00e1nka\",\"item\":\"https:\\\/\\\/www.anatomic.sk\\\/eshop\\\/\"},{\"@type\":\"ListItem\",\"position\":2,\"name\":\"Obchod\",\"item\":\"https:\\\/\\\/www.anatomic.sk\\\/eshop\\\/obchod\\\/\"},{\"@type\":\"ListItem\",\"position\":3,\"name\":\"Trojuholn\u00edk 20\u00b0, ve\u013e. M\"}]},{\"@type\":\"WebSite\",\"@id\":\"https:\\\/\\\/www.anatomic.sk\\\/eshop\\\/#website\",\"url\":\"https:\\\/\\\/www.anatomic.sk\\\/eshop\\\/\",\"name\":\"Anatomic Climbing Holds\",\"description\":\"Lezeck\u00e9 chyty a \u0161trukt\u00fary\",\"publisher\":{\"@id\":\"https:\\\/\\\/www.anatomic.sk\\\/eshop\\\/#organization\"},\"potentialAction\":[{\"@type\":\"SearchAction\",\"target\":{\"@type\":\"EntryPoint\",\"urlTemplate\":\"https:\\\/\\\/www.anatomic.sk\\\/eshop\\\/?s={search_term_string}\"},\"query-input\":{\"@type\":\"PropertyValueSpecification\",\"valueRequired\":true,\"valueName\":\"search_term_string\"}}],\"inLanguage\":\"sk-SK\"},{\"@type\":\"Organization\",\"@id\":\"https:\\\/\\\/www.anatomic.sk\\\/eshop\\\/#organization\",\"name\":\"Anatomic Climbing Holds\",\"url\":\"https:\\\/\\\/www.anatomic.sk\\\/eshop\\\/\",\"logo\":{\"@type\":\"ImageObject\",\"inLanguage\":\"sk-SK\",\"@id\":\"https:\\\/\\\/www.anatomic.sk\\\/eshop\\\/#\\\/schema\\\/logo\\\/image\\\/\",\"url\":\"https:\\\/\\\/www.anatomic.sk\\\/eshop\\\/wp-content\\\/uploads\\\/2025\\\/12\\\/cropped-logo-anatomic-sk.png\",\"contentUrl\":\"https:\\\/\\\/www.anatomic.sk\\\/eshop\\\/wp-content\\\/uploads\\\/2025\\\/12\\\/cropped-logo-anatomic-sk.png\",\"width\":200,\"height\":67,\"caption\":\"Anatomic Climbing Holds\"},\"image\":{\"@id\":\"https:\\\/\\\/www.anatomic.sk\\\/eshop\\\/#\\\/schema\\\/logo\\\/image\\\/\"},\"sameAs\":[\"https:\\\/\\\/www.facebook.com\\\/anatomic.sk\",\"https:\\\/\\\/www.instagram.com\\\/anatomic_holds_walls\\\/\"]}]}<\/script>\n<!-- \/ Yoast SEO plugin. -->","yoast_head_json":{"title":"Trojuholn\u00edk 20\u00b0, ve\u013e. M - Klasick\u00fd trojuholn\u00edk","description":"Trojuholn\u00edk 20\u00b0, ve\u013e. M - Klasick\u00fd trojuholn\u00edk s d\u013a\u017ekou strany 40 cm, v\u00fd\u0161kou 9 cm. Funguje pri technick\u00fdch sekvenci\u00e1ch kombinuj\u00facich pr\u00e1cu r\u00fak aj n\u00f4h.","robots":{"index":"index","follow":"follow","max-snippet":"max-snippet:-1","max-image-preview":"max-image-preview:large","max-video-preview":"max-video-preview:-1"},"canonical":"https:\/\/www.anatomic.sk\/eshop\/produkt\/trojuholnik-20-vel-m\/","og_locale":"sk_SK","og_type":"article","og_title":"Trojuholn\u00edk 20\u00b0, ve\u013e. M - Klasick\u00fd trojuholn\u00edk","og_description":"Trojuholn\u00edk 20\u00b0, ve\u013e. M - Klasick\u00fd trojuholn\u00edk s d\u013a\u017ekou strany 40 cm, v\u00fd\u0161kou 9 cm. Funguje pri technick\u00fdch sekvenci\u00e1ch kombinuj\u00facich pr\u00e1cu r\u00fak aj n\u00f4h.","og_url":"https:\/\/www.anatomic.sk\/eshop\/produkt\/trojuholnik-20-vel-m\/","og_site_name":"Anatomic.sk","article_publisher":"https:\/\/www.facebook.com\/anatomic.sk","article_modified_time":"2026-03-18T10:27:54+00:00","og_image":[{"width":1024,"height":1024,"url":"https:\/\/www.anatomic.sk\/eshop\/wp-content\/uploads\/2025\/12\/climbing-volume-size-m-low-2-1.jpg","type":"image\/jpeg"}],"twitter_card":"summary_large_image","twitter_misc":{"Predpokladan\u00fd \u010das \u010d\u00edtania":"1 min\u00fata"},"schema":{"@context":"https:\/\/schema.org","@graph":[{"@type":"WebPage","@id":"https:\/\/www.anatomic.sk\/eshop\/produkt\/trojuholnik-20-vel-m\/","url":"https:\/\/www.anatomic.sk\/eshop\/produkt\/trojuholnik-20-vel-m\/","name":"Trojuholn\u00edk 20\u00b0, ve\u013e. M - Klasick\u00fd trojuholn\u00edk","isPartOf":{"@id":"https:\/\/www.anatomic.sk\/eshop\/#website"},"primaryImageOfPage":{"@id":"https:\/\/www.anatomic.sk\/eshop\/produkt\/trojuholnik-20-vel-m\/#primaryimage"},"image":{"@id":"https:\/\/www.anatomic.sk\/eshop\/produkt\/trojuholnik-20-vel-m\/#primaryimage"},"thumbnailUrl":"https:\/\/www.anatomic.sk\/eshop\/wp-content\/uploads\/2025\/12\/climbing-volume-size-m-low-2-1.jpg","datePublished":"2026-01-21T09:35:44+00:00","dateModified":"2026-03-18T10:27:54+00:00","description":"Trojuholn\u00edk 20\u00b0, ve\u013e. M - Klasick\u00fd trojuholn\u00edk s d\u013a\u017ekou strany 40 cm, v\u00fd\u0161kou 9 cm. Funguje pri technick\u00fdch sekvenci\u00e1ch kombinuj\u00facich pr\u00e1cu r\u00fak aj n\u00f4h.","breadcrumb":{"@id":"https:\/\/www.anatomic.sk\/eshop\/produkt\/trojuholnik-20-vel-m\/#breadcrumb"},"inLanguage":"sk-SK","potentialAction":[{"@type":"ReadAction","target":["https:\/\/www.anatomic.sk\/eshop\/produkt\/trojuholnik-20-vel-m\/"]}]},{"@type":"ImageObject","inLanguage":"sk-SK","@id":"https:\/\/www.anatomic.sk\/eshop\/produkt\/trojuholnik-20-vel-m\/#primaryimage","url":"https:\/\/www.anatomic.sk\/eshop\/wp-content\/uploads\/2025\/12\/climbing-volume-size-m-low-2-1.jpg","contentUrl":"https:\/\/www.anatomic.sk\/eshop\/wp-content\/uploads\/2025\/12\/climbing-volume-size-m-low-2-1.jpg","width":1024,"height":1024,"caption":"Trojuhon\u00edk 20\u00b0 | Volume 20\u00b0 size M Wooden Volumes | anatomic"},{"@type":"BreadcrumbList","@id":"https:\/\/www.anatomic.sk\/eshop\/produkt\/trojuholnik-20-vel-m\/#breadcrumb","itemListElement":[{"@type":"ListItem","position":1,"name":"Domovsk\u00e1 str\u00e1nka","item":"https:\/\/www.anatomic.sk\/eshop\/"},{"@type":"ListItem","position":2,"name":"Obchod","item":"https:\/\/www.anatomic.sk\/eshop\/obchod\/"},{"@type":"ListItem","position":3,"name":"Trojuholn\u00edk 20\u00b0, ve\u013e. M"}]},{"@type":"WebSite","@id":"https:\/\/www.anatomic.sk\/eshop\/#website","url":"https:\/\/www.anatomic.sk\/eshop\/","name":"Anatomic Climbing Holds","description":"Lezeck\u00e9 chyty a \u0161trukt\u00fary","publisher":{"@id":"https:\/\/www.anatomic.sk\/eshop\/#organization"},"potentialAction":[{"@type":"SearchAction","target":{"@type":"EntryPoint","urlTemplate":"https:\/\/www.anatomic.sk\/eshop\/?s={search_term_string}"},"query-input":{"@type":"PropertyValueSpecification","valueRequired":true,"valueName":"search_term_string"}}],"inLanguage":"sk-SK"},{"@type":"Organization","@id":"https:\/\/www.anatomic.sk\/eshop\/#organization","name":"Anatomic Climbing Holds","url":"https:\/\/www.anatomic.sk\/eshop\/","logo":{"@type":"ImageObject","inLanguage":"sk-SK","@id":"https:\/\/www.anatomic.sk\/eshop\/#\/schema\/logo\/image\/","url":"https:\/\/www.anatomic.sk\/eshop\/wp-content\/uploads\/2025\/12\/cropped-logo-anatomic-sk.png","contentUrl":"https:\/\/www.anatomic.sk\/eshop\/wp-content\/uploads\/2025\/12\/cropped-logo-anatomic-sk.png","width":200,"height":67,"caption":"Anatomic Climbing Holds"},"image":{"@id":"https:\/\/www.anatomic.sk\/eshop\/#\/schema\/logo\/image\/"},"sameAs":["https:\/\/www.facebook.com\/anatomic.sk","https:\/\/www.instagram.com\/anatomic_holds_walls\/"]}]}},"_links":{"self":[{"href":"https:\/\/www.anatomic.sk\/eshop\/wp-json\/wp\/v2\/product\/11497","targetHints":{"allow":["GET"]}}],"collection":[{"href":"https:\/\/www.anatomic.sk\/eshop\/wp-json\/wp\/v2\/product"}],"about":[{"href":"https:\/\/www.anatomic.sk\/eshop\/wp-json\/wp\/v2\/types\/product"}],"version-history":[{"count":5,"href":"https:\/\/www.anatomic.sk\/eshop\/wp-json\/wp\/v2\/product\/11497\/revisions"}],"predecessor-version":[{"id":12060,"href":"https:\/\/www.anatomic.sk\/eshop\/wp-json\/wp\/v2\/product\/11497\/revisions\/12060"}],"wp:featuredmedia":[{"embeddable":true,"href":"https:\/\/www.anatomic.sk\/eshop\/wp-json\/wp\/v2\/media\/6919"}],"wp:attachment":[{"href":"https:\/\/www.anatomic.sk\/eshop\/wp-json\/wp\/v2\/media?parent=11497"}],"wp:term":[{"taxonomy":"product_brand","embeddable":true,"href":"https:\/\/www.anatomic.sk\/eshop\/wp-json\/wp\/v2\/product_brand?post=11497"},{"taxonomy":"product_cat","embeddable":true,"href":"https:\/\/www.anatomic.sk\/eshop\/wp-json\/wp\/v2\/product_cat?post=11497"},{"taxonomy":"product_tag","embeddable":true,"href":"https:\/\/www.anatomic.sk\/eshop\/wp-json\/wp\/v2\/product_tag?post=11497"}],"curies":[{"name":"wp","href":"https:\/\/api.w.org\/{rel}","templated":true}]}}