{"id":11483,"date":"2026-01-20T15:13:10","date_gmt":"2026-01-20T14:13:10","guid":{"rendered":"https:\/\/www.anatomic.sk\/eshop\/?post_type=product&#038;p=11483"},"modified":"2026-03-18T11:17:34","modified_gmt":"2026-03-18T10:17:34","slug":"tatra-l","status":"publish","type":"product","link":"https:\/\/www.anatomic.sk\/eshop\/produkt\/tatra-l\/","title":{"rendered":"Tatra, ve\u013e. L"},"content":{"rendered":"<h2>Lezeck\u00e1 \u0161trukt\u00fara Tatra<\/h2>\n<p>Tatra je dlh\u00e1 \u0161trukt\u00fara so stiskov\u00fdm typom uchytenia. S d\u013a\u017ekou 130cm m\u00e1 v\u0161estrann\u00e9 vyu\u017eitie. N\u00e1ro\u010dnos\u0165 uchopenia sa men\u00ed pozd\u013a\u017e vrchnej \u010dasti \u0161trukt\u00fary.V najvy\u0161om bode m\u00e1 \u0161trukt\u00fara v\u00fd\u0161ku 23cm je mo\u017en\u00e9 ju vyu\u017ei\u0165 ako ako policu.<\/p>\n<p>\u0160trukt\u00fara obsahuje oce\u013eov\u00e9 matice M10 s vn\u00fatorn\u00fdm z\u00e1vitom na osadenie \u010fal\u0161\u00edch chytov, v\u010faka \u010domu si m\u00f4\u017eete prisp\u00f4sobi\u0165 obtia\u017enos\u0165 a \u0161t\u00fdl lezenia. Chyty m\u00f4\u017eete osadi\u0165 aj kdeko\u013evek na povrchu \u0161trukt\u00fary pomocou skrutiek do dreva.<\/p>\n<p>V\u010faka ochrann\u00fdm oce\u013eov\u00fdm vlo\u017ek\u00e1m M5 v skrutkovac\u00edch otvoroch ju \u013eahko namontujete.<\/p>\n<p>Je vyroben\u00e1 z kvalitnej 18 mm hrubej preglejky, \u010do zaru\u010duje pevnos\u0165 a odolnos\u0165. Povrch \u0161trukt\u00fary o\u0161etrujeme tak, aby sme zabezpe\u010dili dobr\u00e9 trenie pri lezen\u00ed.\u00a0 \u0160trukt\u00faru pon\u00fakame v dvoch \u010fal\u0161\u00edch ve\u013ekostiach M a S.<\/p>\n<p><strong>Upozornenie:<\/strong> Mont\u00e1\u017ene skrutky nie s\u00fa s\u00fa\u010das\u0165ou balenia.<\/p>\n<p>\u00a9 Anatomic 2021<\/p>\n\n    <div class=\"xs_social_share_widget xs_share_url after_content \t\tmain_content  wslu-style-1 wslu-share-box-shaped wslu-fill-colored wslu-none wslu-share-horizontal wslu-theme-font-no wslu-main_content\">\n\n\t\t\n        <ul>\n\t\t\t        <\/ul>\n    <\/div> \n","protected":false},"excerpt":{"rendered":"<table>\n<tbody>\n<tr>\n<td>Ve\u013ekos\u0165\/ Variant<\/td>\n<td>L<\/td>\n<\/tr>\n<tr>\n<td>Rozmery (cm)<\/td>\n<td>130 x 24 x 23<\/td>\n<\/tr>\n<tr>\n<td colspan=\"3\"><img decoding=\"async\" class=\"size-medium wp-image-10962 aligncenter\" src=\"https:\/\/www.anatomic.sk\/eshop\/wp-content\/uploads\/2025\/12\/climbing-plywood-tatras-300x141.png\" alt=\"Tatry | The Tatras | Anatomic plywood volumes\" width=\"300\" height=\"141\" srcset=\"https:\/\/www.anatomic.sk\/eshop\/wp-content\/uploads\/2025\/12\/climbing-plywood-tatras-300x141.png 300w, https:\/\/www.anatomic.sk\/eshop\/wp-content\/uploads\/2025\/12\/climbing-plywood-tatras.png 600w\" sizes=\"(max-width: 300px) 100vw, 300px\" \/><\/td>\n<\/tr>\n<tr>\n<td>Mont\u00e1\u017e<\/td>\n<td>10x<\/td>\n<td style=\"vertical-align: middle;\"><img decoding=\"async\" class=\"aligncenter wp-image-10985 size-full\" src=\"https:\/\/www.anatomic.sk\/eshop\/wp-content\/uploads\/2025\/12\/screw.png\" alt=\"\" width=\"50\" height=\"50\" \/><\/td>\n<\/tr>\n<tr>\n<td>Pou\u017eitie<\/td>\n<td style=\"vertical-align: middle;\"><img decoding=\"async\" class=\"aligncenter wp-image-10989\" src=\"https:\/\/www.anatomic.sk\/eshop\/wp-content\/uploads\/2025\/12\/90-angle.jpg\" alt=\"\" width=\"45\" height=\"45\" srcset=\"https:\/\/www.anatomic.sk\/eshop\/wp-content\/uploads\/2025\/12\/90-angle.jpg 60w, https:\/\/www.anatomic.sk\/eshop\/wp-content\/uploads\/2025\/12\/90-angle-50x50.jpg 50w\" sizes=\"(max-width: 45px) 100vw, 45px\" \/><\/td>\n<td style=\"vertical-align: middle;\"><img loading=\"lazy\" decoding=\"async\" class=\"aligncenter wp-image-10987\" src=\"https:\/\/www.anatomic.sk\/eshop\/wp-content\/uploads\/2025\/12\/0-angle.jpg\" alt=\"\" width=\"45\" height=\"45\" srcset=\"https:\/\/www.anatomic.sk\/eshop\/wp-content\/uploads\/2025\/12\/0-angle.jpg 60w, https:\/\/www.anatomic.sk\/eshop\/wp-content\/uploads\/2025\/12\/0-angle-50x50.jpg 50w\" sizes=\"(max-width: 45px) 100vw, 45px\" \/><\/td>\n<\/tr>\n<\/tbody>\n<\/table>\n","protected":false},"featured_media":6757,"template":"","meta":{"_acf_changed":false},"product_brand":[],"product_cat":[327,343],"product_tag":[],"class_list":{"0":"post-11483","1":"product","2":"type-product","3":"status-publish","4":"has-post-thumbnail","6":"product_cat-drevene-struktury","7":"product_cat-typ-tatra","8":"product_shipping_class-max-lenght-120","10":"first","11":"instock","12":"taxable","13":"shipping-taxable","14":"purchasable","15":"product-type-variable","16":"has-default-attributes"},"acf":[],"yoast_head":"<!-- This site is optimized with the Yoast SEO plugin v27.4 - https:\/\/yoast.com\/product\/yoast-seo-wordpress\/ -->\n<title>Tatra, ve\u013e. L | Dreven\u00e1 \u0161trukt\u00fara | anatomic.sk<\/title>\n<meta name=\"description\" content=\"Tatra je dlh\u00e1 \u0161trukt\u00fara so stiskov\u00fdm typom uchytenia. S d\u013a\u017ekou 130cm m\u00e1 v\u0161estrann\u00e9 vyu\u017eitie. N\u00e1ro\u010dnos\u0165 uchopenia sa men\u00ed pozd\u013a\u017e vrchnej \u010dasti \u0161trukt\u00fary.\" \/>\n<meta name=\"robots\" content=\"index, follow, max-snippet:-1, max-image-preview:large, max-video-preview:-1\" \/>\n<link rel=\"canonical\" href=\"https:\/\/www.anatomic.sk\/eshop\/produkt\/tatra-l\/\" \/>\n<meta property=\"og:locale\" content=\"sk_SK\" \/>\n<meta property=\"og:type\" content=\"article\" \/>\n<meta property=\"og:title\" content=\"Tatra, ve\u013e. L | Dreven\u00e1 \u0161trukt\u00fara | anatomic.sk\" \/>\n<meta property=\"og:description\" content=\"Tatra je dlh\u00e1 \u0161trukt\u00fara so stiskov\u00fdm typom uchytenia. S d\u013a\u017ekou 130cm m\u00e1 v\u0161estrann\u00e9 vyu\u017eitie. N\u00e1ro\u010dnos\u0165 uchopenia sa men\u00ed pozd\u013a\u017e vrchnej \u010dasti \u0161trukt\u00fary.\" \/>\n<meta property=\"og:url\" content=\"https:\/\/www.anatomic.sk\/eshop\/produkt\/tatra-l\/\" \/>\n<meta property=\"og:site_name\" content=\"Anatomic.sk\" \/>\n<meta property=\"article:publisher\" content=\"https:\/\/www.facebook.com\/anatomic.sk\" \/>\n<meta property=\"article:modified_time\" content=\"2026-03-18T10:17:34+00:00\" \/>\n<meta property=\"og:image\" content=\"https:\/\/www.anatomic.sk\/eshop\/wp-content\/uploads\/2025\/12\/tatra-plywood-volumes-l-1-1.jpg\" \/>\n\t<meta property=\"og:image:width\" content=\"1024\" \/>\n\t<meta property=\"og:image:height\" content=\"1024\" \/>\n\t<meta property=\"og:image:type\" content=\"image\/jpeg\" \/>\n<meta name=\"twitter:card\" content=\"summary_large_image\" \/>\n<meta name=\"twitter:label1\" content=\"Predpokladan\u00fd \u010das \u010d\u00edtania\" \/>\n\t<meta name=\"twitter:data1\" content=\"1 min\u00fata\" \/>\n<script type=\"application\/ld+json\" class=\"yoast-schema-graph\">{\"@context\":\"https:\\\/\\\/schema.org\",\"@graph\":[{\"@type\":\"WebPage\",\"@id\":\"https:\\\/\\\/www.anatomic.sk\\\/eshop\\\/produkt\\\/tatra-l\\\/\",\"url\":\"https:\\\/\\\/www.anatomic.sk\\\/eshop\\\/produkt\\\/tatra-l\\\/\",\"name\":\"Tatra, ve\u013e. L | Dreven\u00e1 \u0161trukt\u00fara | anatomic.sk\",\"isPartOf\":{\"@id\":\"https:\\\/\\\/www.anatomic.sk\\\/eshop\\\/#website\"},\"primaryImageOfPage\":{\"@id\":\"https:\\\/\\\/www.anatomic.sk\\\/eshop\\\/produkt\\\/tatra-l\\\/#primaryimage\"},\"image\":{\"@id\":\"https:\\\/\\\/www.anatomic.sk\\\/eshop\\\/produkt\\\/tatra-l\\\/#primaryimage\"},\"thumbnailUrl\":\"https:\\\/\\\/www.anatomic.sk\\\/eshop\\\/wp-content\\\/uploads\\\/2025\\\/12\\\/tatra-plywood-volumes-l-1-1.jpg\",\"datePublished\":\"2026-01-20T14:13:10+00:00\",\"dateModified\":\"2026-03-18T10:17:34+00:00\",\"description\":\"Tatra je dlh\u00e1 \u0161trukt\u00fara so stiskov\u00fdm typom uchytenia. S d\u013a\u017ekou 130cm m\u00e1 v\u0161estrann\u00e9 vyu\u017eitie. N\u00e1ro\u010dnos\u0165 uchopenia sa men\u00ed pozd\u013a\u017e vrchnej \u010dasti \u0161trukt\u00fary.\",\"breadcrumb\":{\"@id\":\"https:\\\/\\\/www.anatomic.sk\\\/eshop\\\/produkt\\\/tatra-l\\\/#breadcrumb\"},\"inLanguage\":\"sk-SK\",\"potentialAction\":[{\"@type\":\"ReadAction\",\"target\":[\"https:\\\/\\\/www.anatomic.sk\\\/eshop\\\/produkt\\\/tatra-l\\\/\"]}]},{\"@type\":\"ImageObject\",\"inLanguage\":\"sk-SK\",\"@id\":\"https:\\\/\\\/www.anatomic.sk\\\/eshop\\\/produkt\\\/tatra-l\\\/#primaryimage\",\"url\":\"https:\\\/\\\/www.anatomic.sk\\\/eshop\\\/wp-content\\\/uploads\\\/2025\\\/12\\\/tatra-plywood-volumes-l-1-1.jpg\",\"contentUrl\":\"https:\\\/\\\/www.anatomic.sk\\\/eshop\\\/wp-content\\\/uploads\\\/2025\\\/12\\\/tatra-plywood-volumes-l-1-1.jpg\",\"width\":1024,\"height\":1024,\"caption\":\"Tatra size L | Birtch Plywood Volume | Anatomic.sk\"},{\"@type\":\"BreadcrumbList\",\"@id\":\"https:\\\/\\\/www.anatomic.sk\\\/eshop\\\/produkt\\\/tatra-l\\\/#breadcrumb\",\"itemListElement\":[{\"@type\":\"ListItem\",\"position\":1,\"name\":\"Domovsk\u00e1 str\u00e1nka\",\"item\":\"https:\\\/\\\/www.anatomic.sk\\\/eshop\\\/\"},{\"@type\":\"ListItem\",\"position\":2,\"name\":\"Obchod\",\"item\":\"https:\\\/\\\/www.anatomic.sk\\\/eshop\\\/obchod\\\/\"},{\"@type\":\"ListItem\",\"position\":3,\"name\":\"Tatra, ve\u013e. L\"}]},{\"@type\":\"WebSite\",\"@id\":\"https:\\\/\\\/www.anatomic.sk\\\/eshop\\\/#website\",\"url\":\"https:\\\/\\\/www.anatomic.sk\\\/eshop\\\/\",\"name\":\"Anatomic Climbing Holds\",\"description\":\"Lezeck\u00e9 chyty a \u0161trukt\u00fary\",\"publisher\":{\"@id\":\"https:\\\/\\\/www.anatomic.sk\\\/eshop\\\/#organization\"},\"potentialAction\":[{\"@type\":\"SearchAction\",\"target\":{\"@type\":\"EntryPoint\",\"urlTemplate\":\"https:\\\/\\\/www.anatomic.sk\\\/eshop\\\/?s={search_term_string}\"},\"query-input\":{\"@type\":\"PropertyValueSpecification\",\"valueRequired\":true,\"valueName\":\"search_term_string\"}}],\"inLanguage\":\"sk-SK\"},{\"@type\":\"Organization\",\"@id\":\"https:\\\/\\\/www.anatomic.sk\\\/eshop\\\/#organization\",\"name\":\"Anatomic Climbing Holds\",\"url\":\"https:\\\/\\\/www.anatomic.sk\\\/eshop\\\/\",\"logo\":{\"@type\":\"ImageObject\",\"inLanguage\":\"sk-SK\",\"@id\":\"https:\\\/\\\/www.anatomic.sk\\\/eshop\\\/#\\\/schema\\\/logo\\\/image\\\/\",\"url\":\"https:\\\/\\\/www.anatomic.sk\\\/eshop\\\/wp-content\\\/uploads\\\/2025\\\/12\\\/cropped-logo-anatomic-sk.png\",\"contentUrl\":\"https:\\\/\\\/www.anatomic.sk\\\/eshop\\\/wp-content\\\/uploads\\\/2025\\\/12\\\/cropped-logo-anatomic-sk.png\",\"width\":200,\"height\":67,\"caption\":\"Anatomic Climbing Holds\"},\"image\":{\"@id\":\"https:\\\/\\\/www.anatomic.sk\\\/eshop\\\/#\\\/schema\\\/logo\\\/image\\\/\"},\"sameAs\":[\"https:\\\/\\\/www.facebook.com\\\/anatomic.sk\",\"https:\\\/\\\/www.instagram.com\\\/anatomic_holds_walls\\\/\"]}]}<\/script>\n<!-- \/ Yoast SEO plugin. -->","yoast_head_json":{"title":"Tatra, ve\u013e. L | Dreven\u00e1 \u0161trukt\u00fara | anatomic.sk","description":"Tatra je dlh\u00e1 \u0161trukt\u00fara so stiskov\u00fdm typom uchytenia. S d\u013a\u017ekou 130cm m\u00e1 v\u0161estrann\u00e9 vyu\u017eitie. N\u00e1ro\u010dnos\u0165 uchopenia sa men\u00ed pozd\u013a\u017e vrchnej \u010dasti \u0161trukt\u00fary.","robots":{"index":"index","follow":"follow","max-snippet":"max-snippet:-1","max-image-preview":"max-image-preview:large","max-video-preview":"max-video-preview:-1"},"canonical":"https:\/\/www.anatomic.sk\/eshop\/produkt\/tatra-l\/","og_locale":"sk_SK","og_type":"article","og_title":"Tatra, ve\u013e. L | Dreven\u00e1 \u0161trukt\u00fara | anatomic.sk","og_description":"Tatra je dlh\u00e1 \u0161trukt\u00fara so stiskov\u00fdm typom uchytenia. S d\u013a\u017ekou 130cm m\u00e1 v\u0161estrann\u00e9 vyu\u017eitie. N\u00e1ro\u010dnos\u0165 uchopenia sa men\u00ed pozd\u013a\u017e vrchnej \u010dasti \u0161trukt\u00fary.","og_url":"https:\/\/www.anatomic.sk\/eshop\/produkt\/tatra-l\/","og_site_name":"Anatomic.sk","article_publisher":"https:\/\/www.facebook.com\/anatomic.sk","article_modified_time":"2026-03-18T10:17:34+00:00","og_image":[{"width":1024,"height":1024,"url":"https:\/\/www.anatomic.sk\/eshop\/wp-content\/uploads\/2025\/12\/tatra-plywood-volumes-l-1-1.jpg","type":"image\/jpeg"}],"twitter_card":"summary_large_image","twitter_misc":{"Predpokladan\u00fd \u010das \u010d\u00edtania":"1 min\u00fata"},"schema":{"@context":"https:\/\/schema.org","@graph":[{"@type":"WebPage","@id":"https:\/\/www.anatomic.sk\/eshop\/produkt\/tatra-l\/","url":"https:\/\/www.anatomic.sk\/eshop\/produkt\/tatra-l\/","name":"Tatra, ve\u013e. L | Dreven\u00e1 \u0161trukt\u00fara | anatomic.sk","isPartOf":{"@id":"https:\/\/www.anatomic.sk\/eshop\/#website"},"primaryImageOfPage":{"@id":"https:\/\/www.anatomic.sk\/eshop\/produkt\/tatra-l\/#primaryimage"},"image":{"@id":"https:\/\/www.anatomic.sk\/eshop\/produkt\/tatra-l\/#primaryimage"},"thumbnailUrl":"https:\/\/www.anatomic.sk\/eshop\/wp-content\/uploads\/2025\/12\/tatra-plywood-volumes-l-1-1.jpg","datePublished":"2026-01-20T14:13:10+00:00","dateModified":"2026-03-18T10:17:34+00:00","description":"Tatra je dlh\u00e1 \u0161trukt\u00fara so stiskov\u00fdm typom uchytenia. S d\u013a\u017ekou 130cm m\u00e1 v\u0161estrann\u00e9 vyu\u017eitie. N\u00e1ro\u010dnos\u0165 uchopenia sa men\u00ed pozd\u013a\u017e vrchnej \u010dasti \u0161trukt\u00fary.","breadcrumb":{"@id":"https:\/\/www.anatomic.sk\/eshop\/produkt\/tatra-l\/#breadcrumb"},"inLanguage":"sk-SK","potentialAction":[{"@type":"ReadAction","target":["https:\/\/www.anatomic.sk\/eshop\/produkt\/tatra-l\/"]}]},{"@type":"ImageObject","inLanguage":"sk-SK","@id":"https:\/\/www.anatomic.sk\/eshop\/produkt\/tatra-l\/#primaryimage","url":"https:\/\/www.anatomic.sk\/eshop\/wp-content\/uploads\/2025\/12\/tatra-plywood-volumes-l-1-1.jpg","contentUrl":"https:\/\/www.anatomic.sk\/eshop\/wp-content\/uploads\/2025\/12\/tatra-plywood-volumes-l-1-1.jpg","width":1024,"height":1024,"caption":"Tatra size L | Birtch Plywood Volume | Anatomic.sk"},{"@type":"BreadcrumbList","@id":"https:\/\/www.anatomic.sk\/eshop\/produkt\/tatra-l\/#breadcrumb","itemListElement":[{"@type":"ListItem","position":1,"name":"Domovsk\u00e1 str\u00e1nka","item":"https:\/\/www.anatomic.sk\/eshop\/"},{"@type":"ListItem","position":2,"name":"Obchod","item":"https:\/\/www.anatomic.sk\/eshop\/obchod\/"},{"@type":"ListItem","position":3,"name":"Tatra, ve\u013e. L"}]},{"@type":"WebSite","@id":"https:\/\/www.anatomic.sk\/eshop\/#website","url":"https:\/\/www.anatomic.sk\/eshop\/","name":"Anatomic Climbing Holds","description":"Lezeck\u00e9 chyty a \u0161trukt\u00fary","publisher":{"@id":"https:\/\/www.anatomic.sk\/eshop\/#organization"},"potentialAction":[{"@type":"SearchAction","target":{"@type":"EntryPoint","urlTemplate":"https:\/\/www.anatomic.sk\/eshop\/?s={search_term_string}"},"query-input":{"@type":"PropertyValueSpecification","valueRequired":true,"valueName":"search_term_string"}}],"inLanguage":"sk-SK"},{"@type":"Organization","@id":"https:\/\/www.anatomic.sk\/eshop\/#organization","name":"Anatomic Climbing Holds","url":"https:\/\/www.anatomic.sk\/eshop\/","logo":{"@type":"ImageObject","inLanguage":"sk-SK","@id":"https:\/\/www.anatomic.sk\/eshop\/#\/schema\/logo\/image\/","url":"https:\/\/www.anatomic.sk\/eshop\/wp-content\/uploads\/2025\/12\/cropped-logo-anatomic-sk.png","contentUrl":"https:\/\/www.anatomic.sk\/eshop\/wp-content\/uploads\/2025\/12\/cropped-logo-anatomic-sk.png","width":200,"height":67,"caption":"Anatomic Climbing Holds"},"image":{"@id":"https:\/\/www.anatomic.sk\/eshop\/#\/schema\/logo\/image\/"},"sameAs":["https:\/\/www.facebook.com\/anatomic.sk","https:\/\/www.instagram.com\/anatomic_holds_walls\/"]}]}},"_links":{"self":[{"href":"https:\/\/www.anatomic.sk\/eshop\/wp-json\/wp\/v2\/product\/11483","targetHints":{"allow":["GET"]}}],"collection":[{"href":"https:\/\/www.anatomic.sk\/eshop\/wp-json\/wp\/v2\/product"}],"about":[{"href":"https:\/\/www.anatomic.sk\/eshop\/wp-json\/wp\/v2\/types\/product"}],"version-history":[{"count":6,"href":"https:\/\/www.anatomic.sk\/eshop\/wp-json\/wp\/v2\/product\/11483\/revisions"}],"predecessor-version":[{"id":11568,"href":"https:\/\/www.anatomic.sk\/eshop\/wp-json\/wp\/v2\/product\/11483\/revisions\/11568"}],"wp:featuredmedia":[{"embeddable":true,"href":"https:\/\/www.anatomic.sk\/eshop\/wp-json\/wp\/v2\/media\/6757"}],"wp:attachment":[{"href":"https:\/\/www.anatomic.sk\/eshop\/wp-json\/wp\/v2\/media?parent=11483"}],"wp:term":[{"taxonomy":"product_brand","embeddable":true,"href":"https:\/\/www.anatomic.sk\/eshop\/wp-json\/wp\/v2\/product_brand?post=11483"},{"taxonomy":"product_cat","embeddable":true,"href":"https:\/\/www.anatomic.sk\/eshop\/wp-json\/wp\/v2\/product_cat?post=11483"},{"taxonomy":"product_tag","embeddable":true,"href":"https:\/\/www.anatomic.sk\/eshop\/wp-json\/wp\/v2\/product_tag?post=11483"}],"curies":[{"name":"wp","href":"https:\/\/api.w.org\/{rel}","templated":true}]}}