{"id":11462,"date":"2026-01-20T14:54:01","date_gmt":"2026-01-20T13:54:01","guid":{"rendered":"https:\/\/www.anatomic.sk\/eshop\/?post_type=product&#038;p=11462"},"modified":"2026-03-18T11:10:41","modified_gmt":"2026-03-18T10:10:41","slug":"rock-velkost-l","status":"publish","type":"product","link":"https:\/\/www.anatomic.sk\/eshop\/produkt\/rock-velkost-l\/","title":{"rendered":"Rock, ve\u013e. L"},"content":{"rendered":"<h2>Lezeck\u00e1 \u0161trukt\u00fara Rock<\/h2>\n<p>Trojuholn\u00edkov\u00e1 \u0161trukt\u00fara s nepravideln\u00fdm tvarom, r\u00f4znymi uhlami a d\u013a\u017ekami po stran\u00e1ch m\u00e1 v\u0161estrann\u00e9 vyu\u017eitie. Tento typ \u0161trukt\u00fary nech\u00fdba na \u017eiadnej <a href=\"https:\/\/www.anatomic.sk\/realizacie-lezeckych-stien\/\">lezeckej stene<\/a>. \u0160trukt\u00fara pon\u00faka nekone\u010dn\u00e9 mo\u017enosti pre stavbu modern\u00fdch ciest. L-kov\u00fd variant m\u00e1 rozmer 65x40x18cm.<\/p>\n<p>V skrutkovac\u00edch otvoroch s\u00fa osaden\u00e9 oce\u013eov\u00e9 vlo\u017eky M5, ktor\u00e9 u\u013eah\u010duj\u00fa in\u0161tal\u00e1ciu a zna\u010dne predl\u017euj\u00fa \u017eivotnos\u0165 otvorov.<\/p>\n<p>Pre pevn\u00e9 upevnenie lezeck\u00fdch chytov s\u00fa na \u0161trukt\u00fare osaden\u00e9 oce\u013eov\u00e9 matice s vn\u00fatorn\u00fdm z\u00e1vitom M10.<\/p>\n<p>Ka\u017ed\u00fd kus \u0161trukt\u00fary je presne narezan\u00fd pomocou CNC stroja z kvalitnej 18mm hrubej preglejky. Jednotliv\u00e9 diely prec\u00edzne zlep\u00edme a zoskrutkujeme, \u010do zaru\u010duje pevnos\u0165 a odolnos\u0165 \u0161trukt\u00fary. Povrch \u0161trukt\u00fary o\u0161etrujeme n\u00e1terom, ktor\u00e9ho vlastnosti zabezpe\u010duj\u00fa dobr\u00e9 trenie a z\u00e1rove\u0148 zabra\u0148uje opotrebeniu pri intenz\u00edvnom lezen\u00ed.<\/p>\n<p>\u0160trukt\u00fara je dostupn\u00e1 \u010fal\u0161\u00edch troch ve\u013ekostiach.<\/p>\n<p><strong>Upozornenie:<\/strong> Mont\u00e1\u017ene skrutky nie s\u00fa s\u00fa\u010das\u0165ou balenia.<\/p>\n<p>\u00a9 Anatomic 2019<\/p>\n\n    <div class=\"xs_social_share_widget xs_share_url after_content \t\tmain_content  wslu-style-1 wslu-share-box-shaped wslu-fill-colored wslu-none wslu-share-horizontal wslu-theme-font-no wslu-main_content\">\n\n\t\t\n        <ul>\n\t\t\t        <\/ul>\n    <\/div> \n","protected":false},"excerpt":{"rendered":"<table>\n<tbody>\n<tr>\n<td>Ve\u013ekos\u0165 -variant<\/td>\n<td>L<\/td>\n<\/tr>\n<tr>\n<td>Rozmery (cm)<\/td>\n<td>65x40x18<\/td>\n<\/tr>\n<tr>\n<td colspan=\"3\"><img decoding=\"async\" class=\"alignnone size-medium wp-image-11348\" src=\"https:\/\/www.anatomic.sk\/eshop\/wp-content\/uploads\/2025\/12\/rock-anatomic-volume-300x128.png\" alt=\"Rock | Anatomic Plywood Climbing Volumes\" width=\"300\" height=\"128\" srcset=\"https:\/\/www.anatomic.sk\/eshop\/wp-content\/uploads\/2025\/12\/rock-anatomic-volume-300x128.png 300w, https:\/\/www.anatomic.sk\/eshop\/wp-content\/uploads\/2025\/12\/rock-anatomic-volume.png 600w\" sizes=\"(max-width: 300px) 100vw, 300px\" \/><\/td>\n<\/tr>\n<tr>\n<td style=\"vertical-align: middle;\">Mont\u00e1\u017e<\/td>\n<td style=\"vertical-align: middle;\">5x<\/td>\n<td style=\"vertical-align: middle;\"><img decoding=\"async\" class=\"aligncenter wp-image-10985 size-full\" src=\"https:\/\/www.anatomic.sk\/eshop\/wp-content\/uploads\/2025\/12\/screw.png\" alt=\"\" width=\"50\" height=\"50\" \/><\/td>\n<\/tr>\n<tr>\n<td style=\"vertical-align: middle;\">Pou\u017eitie<\/td>\n<td style=\"vertical-align: middle;\"><img decoding=\"async\" class=\"aligncenter wp-image-10989\" src=\"https:\/\/www.anatomic.sk\/eshop\/wp-content\/uploads\/2025\/12\/90-angle.jpg\" alt=\"\" width=\"45\" height=\"45\" srcset=\"https:\/\/www.anatomic.sk\/eshop\/wp-content\/uploads\/2025\/12\/90-angle.jpg 60w, https:\/\/www.anatomic.sk\/eshop\/wp-content\/uploads\/2025\/12\/90-angle-50x50.jpg 50w\" sizes=\"(max-width: 45px) 100vw, 45px\" \/><\/td>\n<td style=\"vertical-align: middle;\"><img loading=\"lazy\" decoding=\"async\" class=\"aligncenter wp-image-10987\" src=\"https:\/\/www.anatomic.sk\/eshop\/wp-content\/uploads\/2025\/12\/0-angle.jpg\" alt=\"\" width=\"45\" height=\"45\" srcset=\"https:\/\/www.anatomic.sk\/eshop\/wp-content\/uploads\/2025\/12\/0-angle.jpg 60w, https:\/\/www.anatomic.sk\/eshop\/wp-content\/uploads\/2025\/12\/0-angle-50x50.jpg 50w\" sizes=\"(max-width: 45px) 100vw, 45px\" \/><\/td>\n<\/tr>\n<\/tbody>\n<\/table>\n","protected":false},"featured_media":6059,"template":"","meta":{"_acf_changed":false},"product_brand":[],"product_cat":[327,329],"product_tag":[],"class_list":{"0":"post-11462","1":"product","2":"type-product","3":"status-publish","4":"has-post-thumbnail","6":"product_cat-drevene-struktury","7":"product_cat-trojuholniky","8":"product_shipping_class-max-lenght-80","10":"first","11":"instock","12":"taxable","13":"shipping-taxable","14":"purchasable","15":"product-type-variable","16":"has-default-attributes"},"acf":[],"yoast_head":"<!-- This site is optimized with the Yoast SEO plugin v27.4 - https:\/\/yoast.com\/product\/yoast-seo-wordpress\/ -->\n<title>Rock, ve\u013e. L | Dreven\u00e1 \u0161trukt\u00fara | anatomic.sk<\/title>\n<meta name=\"description\" content=\"Rock, ve\u013e. L: Trojuholn\u00edkov\u00e1 \u0161trukt\u00fara s nepravideln\u00fdm tvarom, r\u00f4znymi uhlami a d\u013a\u017ekami po stran\u00e1n m\u00e1 v\u0161estrann\u00e9 vyu\u017eitie.\" \/>\n<meta name=\"robots\" content=\"index, follow, max-snippet:-1, max-image-preview:large, max-video-preview:-1\" \/>\n<link rel=\"canonical\" href=\"https:\/\/www.anatomic.sk\/eshop\/produkt\/rock-velkost-l\/\" \/>\n<meta property=\"og:locale\" content=\"sk_SK\" \/>\n<meta property=\"og:type\" content=\"article\" \/>\n<meta property=\"og:title\" content=\"Rock, ve\u013e. L | Dreven\u00e1 \u0161trukt\u00fara | anatomic.sk\" \/>\n<meta property=\"og:description\" content=\"Rock, ve\u013e. L: Trojuholn\u00edkov\u00e1 \u0161trukt\u00fara s nepravideln\u00fdm tvarom, r\u00f4znymi uhlami a d\u013a\u017ekami po stran\u00e1n m\u00e1 v\u0161estrann\u00e9 vyu\u017eitie.\" \/>\n<meta property=\"og:url\" content=\"https:\/\/www.anatomic.sk\/eshop\/produkt\/rock-velkost-l\/\" \/>\n<meta property=\"og:site_name\" content=\"Anatomic.sk\" \/>\n<meta property=\"article:publisher\" content=\"https:\/\/www.facebook.com\/anatomic.sk\" \/>\n<meta property=\"article:modified_time\" content=\"2026-03-18T10:10:41+00:00\" \/>\n<meta property=\"og:image\" content=\"https:\/\/www.anatomic.sk\/eshop\/wp-content\/uploads\/2025\/12\/climbing-volumes-skala-6-1.jpg\" \/>\n\t<meta property=\"og:image:width\" content=\"1024\" \/>\n\t<meta property=\"og:image:height\" content=\"1024\" \/>\n\t<meta property=\"og:image:type\" content=\"image\/jpeg\" \/>\n<meta name=\"twitter:card\" content=\"summary_large_image\" \/>\n<meta name=\"twitter:label1\" content=\"Predpokladan\u00fd \u010das \u010d\u00edtania\" \/>\n\t<meta name=\"twitter:data1\" content=\"1 min\u00fata\" \/>\n<script type=\"application\/ld+json\" class=\"yoast-schema-graph\">{\"@context\":\"https:\\\/\\\/schema.org\",\"@graph\":[{\"@type\":\"WebPage\",\"@id\":\"https:\\\/\\\/www.anatomic.sk\\\/eshop\\\/produkt\\\/rock-velkost-l\\\/\",\"url\":\"https:\\\/\\\/www.anatomic.sk\\\/eshop\\\/produkt\\\/rock-velkost-l\\\/\",\"name\":\"Rock, ve\u013e. L | Dreven\u00e1 \u0161trukt\u00fara | anatomic.sk\",\"isPartOf\":{\"@id\":\"https:\\\/\\\/www.anatomic.sk\\\/eshop\\\/#website\"},\"primaryImageOfPage\":{\"@id\":\"https:\\\/\\\/www.anatomic.sk\\\/eshop\\\/produkt\\\/rock-velkost-l\\\/#primaryimage\"},\"image\":{\"@id\":\"https:\\\/\\\/www.anatomic.sk\\\/eshop\\\/produkt\\\/rock-velkost-l\\\/#primaryimage\"},\"thumbnailUrl\":\"https:\\\/\\\/www.anatomic.sk\\\/eshop\\\/wp-content\\\/uploads\\\/2025\\\/12\\\/climbing-volumes-skala-6-1.jpg\",\"datePublished\":\"2026-01-20T13:54:01+00:00\",\"dateModified\":\"2026-03-18T10:10:41+00:00\",\"description\":\"Rock, ve\u013e. L: Trojuholn\u00edkov\u00e1 \u0161trukt\u00fara s nepravideln\u00fdm tvarom, r\u00f4znymi uhlami a d\u013a\u017ekami po stran\u00e1n m\u00e1 v\u0161estrann\u00e9 vyu\u017eitie.\",\"breadcrumb\":{\"@id\":\"https:\\\/\\\/www.anatomic.sk\\\/eshop\\\/produkt\\\/rock-velkost-l\\\/#breadcrumb\"},\"inLanguage\":\"sk-SK\",\"potentialAction\":[{\"@type\":\"ReadAction\",\"target\":[\"https:\\\/\\\/www.anatomic.sk\\\/eshop\\\/produkt\\\/rock-velkost-l\\\/\"]}]},{\"@type\":\"ImageObject\",\"inLanguage\":\"sk-SK\",\"@id\":\"https:\\\/\\\/www.anatomic.sk\\\/eshop\\\/produkt\\\/rock-velkost-l\\\/#primaryimage\",\"url\":\"https:\\\/\\\/www.anatomic.sk\\\/eshop\\\/wp-content\\\/uploads\\\/2025\\\/12\\\/climbing-volumes-skala-6-1.jpg\",\"contentUrl\":\"https:\\\/\\\/www.anatomic.sk\\\/eshop\\\/wp-content\\\/uploads\\\/2025\\\/12\\\/climbing-volumes-skala-6-1.jpg\",\"width\":1024,\"height\":1024,\"caption\":\"Rock - Lezeck\u00e1 \u0161trukt\u00fara | Plywood VOlume for Climbing | Anatomic\"},{\"@type\":\"BreadcrumbList\",\"@id\":\"https:\\\/\\\/www.anatomic.sk\\\/eshop\\\/produkt\\\/rock-velkost-l\\\/#breadcrumb\",\"itemListElement\":[{\"@type\":\"ListItem\",\"position\":1,\"name\":\"Domovsk\u00e1 str\u00e1nka\",\"item\":\"https:\\\/\\\/www.anatomic.sk\\\/eshop\\\/\"},{\"@type\":\"ListItem\",\"position\":2,\"name\":\"Obchod\",\"item\":\"https:\\\/\\\/www.anatomic.sk\\\/eshop\\\/obchod\\\/\"},{\"@type\":\"ListItem\",\"position\":3,\"name\":\"Rock, ve\u013e. L\"}]},{\"@type\":\"WebSite\",\"@id\":\"https:\\\/\\\/www.anatomic.sk\\\/eshop\\\/#website\",\"url\":\"https:\\\/\\\/www.anatomic.sk\\\/eshop\\\/\",\"name\":\"Anatomic Climbing Holds\",\"description\":\"Lezeck\u00e9 chyty a \u0161trukt\u00fary\",\"publisher\":{\"@id\":\"https:\\\/\\\/www.anatomic.sk\\\/eshop\\\/#organization\"},\"potentialAction\":[{\"@type\":\"SearchAction\",\"target\":{\"@type\":\"EntryPoint\",\"urlTemplate\":\"https:\\\/\\\/www.anatomic.sk\\\/eshop\\\/?s={search_term_string}\"},\"query-input\":{\"@type\":\"PropertyValueSpecification\",\"valueRequired\":true,\"valueName\":\"search_term_string\"}}],\"inLanguage\":\"sk-SK\"},{\"@type\":\"Organization\",\"@id\":\"https:\\\/\\\/www.anatomic.sk\\\/eshop\\\/#organization\",\"name\":\"Anatomic Climbing Holds\",\"url\":\"https:\\\/\\\/www.anatomic.sk\\\/eshop\\\/\",\"logo\":{\"@type\":\"ImageObject\",\"inLanguage\":\"sk-SK\",\"@id\":\"https:\\\/\\\/www.anatomic.sk\\\/eshop\\\/#\\\/schema\\\/logo\\\/image\\\/\",\"url\":\"https:\\\/\\\/www.anatomic.sk\\\/eshop\\\/wp-content\\\/uploads\\\/2025\\\/12\\\/cropped-logo-anatomic-sk.png\",\"contentUrl\":\"https:\\\/\\\/www.anatomic.sk\\\/eshop\\\/wp-content\\\/uploads\\\/2025\\\/12\\\/cropped-logo-anatomic-sk.png\",\"width\":200,\"height\":67,\"caption\":\"Anatomic Climbing Holds\"},\"image\":{\"@id\":\"https:\\\/\\\/www.anatomic.sk\\\/eshop\\\/#\\\/schema\\\/logo\\\/image\\\/\"},\"sameAs\":[\"https:\\\/\\\/www.facebook.com\\\/anatomic.sk\",\"https:\\\/\\\/www.instagram.com\\\/anatomic_holds_walls\\\/\"]}]}<\/script>\n<!-- \/ Yoast SEO plugin. -->","yoast_head_json":{"title":"Rock, ve\u013e. L | Dreven\u00e1 \u0161trukt\u00fara | anatomic.sk","description":"Rock, ve\u013e. L: Trojuholn\u00edkov\u00e1 \u0161trukt\u00fara s nepravideln\u00fdm tvarom, r\u00f4znymi uhlami a d\u013a\u017ekami po stran\u00e1n m\u00e1 v\u0161estrann\u00e9 vyu\u017eitie.","robots":{"index":"index","follow":"follow","max-snippet":"max-snippet:-1","max-image-preview":"max-image-preview:large","max-video-preview":"max-video-preview:-1"},"canonical":"https:\/\/www.anatomic.sk\/eshop\/produkt\/rock-velkost-l\/","og_locale":"sk_SK","og_type":"article","og_title":"Rock, ve\u013e. L | Dreven\u00e1 \u0161trukt\u00fara | anatomic.sk","og_description":"Rock, ve\u013e. L: Trojuholn\u00edkov\u00e1 \u0161trukt\u00fara s nepravideln\u00fdm tvarom, r\u00f4znymi uhlami a d\u013a\u017ekami po stran\u00e1n m\u00e1 v\u0161estrann\u00e9 vyu\u017eitie.","og_url":"https:\/\/www.anatomic.sk\/eshop\/produkt\/rock-velkost-l\/","og_site_name":"Anatomic.sk","article_publisher":"https:\/\/www.facebook.com\/anatomic.sk","article_modified_time":"2026-03-18T10:10:41+00:00","og_image":[{"width":1024,"height":1024,"url":"https:\/\/www.anatomic.sk\/eshop\/wp-content\/uploads\/2025\/12\/climbing-volumes-skala-6-1.jpg","type":"image\/jpeg"}],"twitter_card":"summary_large_image","twitter_misc":{"Predpokladan\u00fd \u010das \u010d\u00edtania":"1 min\u00fata"},"schema":{"@context":"https:\/\/schema.org","@graph":[{"@type":"WebPage","@id":"https:\/\/www.anatomic.sk\/eshop\/produkt\/rock-velkost-l\/","url":"https:\/\/www.anatomic.sk\/eshop\/produkt\/rock-velkost-l\/","name":"Rock, ve\u013e. L | Dreven\u00e1 \u0161trukt\u00fara | anatomic.sk","isPartOf":{"@id":"https:\/\/www.anatomic.sk\/eshop\/#website"},"primaryImageOfPage":{"@id":"https:\/\/www.anatomic.sk\/eshop\/produkt\/rock-velkost-l\/#primaryimage"},"image":{"@id":"https:\/\/www.anatomic.sk\/eshop\/produkt\/rock-velkost-l\/#primaryimage"},"thumbnailUrl":"https:\/\/www.anatomic.sk\/eshop\/wp-content\/uploads\/2025\/12\/climbing-volumes-skala-6-1.jpg","datePublished":"2026-01-20T13:54:01+00:00","dateModified":"2026-03-18T10:10:41+00:00","description":"Rock, ve\u013e. L: Trojuholn\u00edkov\u00e1 \u0161trukt\u00fara s nepravideln\u00fdm tvarom, r\u00f4znymi uhlami a d\u013a\u017ekami po stran\u00e1n m\u00e1 v\u0161estrann\u00e9 vyu\u017eitie.","breadcrumb":{"@id":"https:\/\/www.anatomic.sk\/eshop\/produkt\/rock-velkost-l\/#breadcrumb"},"inLanguage":"sk-SK","potentialAction":[{"@type":"ReadAction","target":["https:\/\/www.anatomic.sk\/eshop\/produkt\/rock-velkost-l\/"]}]},{"@type":"ImageObject","inLanguage":"sk-SK","@id":"https:\/\/www.anatomic.sk\/eshop\/produkt\/rock-velkost-l\/#primaryimage","url":"https:\/\/www.anatomic.sk\/eshop\/wp-content\/uploads\/2025\/12\/climbing-volumes-skala-6-1.jpg","contentUrl":"https:\/\/www.anatomic.sk\/eshop\/wp-content\/uploads\/2025\/12\/climbing-volumes-skala-6-1.jpg","width":1024,"height":1024,"caption":"Rock - Lezeck\u00e1 \u0161trukt\u00fara | Plywood VOlume for Climbing | Anatomic"},{"@type":"BreadcrumbList","@id":"https:\/\/www.anatomic.sk\/eshop\/produkt\/rock-velkost-l\/#breadcrumb","itemListElement":[{"@type":"ListItem","position":1,"name":"Domovsk\u00e1 str\u00e1nka","item":"https:\/\/www.anatomic.sk\/eshop\/"},{"@type":"ListItem","position":2,"name":"Obchod","item":"https:\/\/www.anatomic.sk\/eshop\/obchod\/"},{"@type":"ListItem","position":3,"name":"Rock, ve\u013e. L"}]},{"@type":"WebSite","@id":"https:\/\/www.anatomic.sk\/eshop\/#website","url":"https:\/\/www.anatomic.sk\/eshop\/","name":"Anatomic Climbing Holds","description":"Lezeck\u00e9 chyty a \u0161trukt\u00fary","publisher":{"@id":"https:\/\/www.anatomic.sk\/eshop\/#organization"},"potentialAction":[{"@type":"SearchAction","target":{"@type":"EntryPoint","urlTemplate":"https:\/\/www.anatomic.sk\/eshop\/?s={search_term_string}"},"query-input":{"@type":"PropertyValueSpecification","valueRequired":true,"valueName":"search_term_string"}}],"inLanguage":"sk-SK"},{"@type":"Organization","@id":"https:\/\/www.anatomic.sk\/eshop\/#organization","name":"Anatomic Climbing Holds","url":"https:\/\/www.anatomic.sk\/eshop\/","logo":{"@type":"ImageObject","inLanguage":"sk-SK","@id":"https:\/\/www.anatomic.sk\/eshop\/#\/schema\/logo\/image\/","url":"https:\/\/www.anatomic.sk\/eshop\/wp-content\/uploads\/2025\/12\/cropped-logo-anatomic-sk.png","contentUrl":"https:\/\/www.anatomic.sk\/eshop\/wp-content\/uploads\/2025\/12\/cropped-logo-anatomic-sk.png","width":200,"height":67,"caption":"Anatomic Climbing Holds"},"image":{"@id":"https:\/\/www.anatomic.sk\/eshop\/#\/schema\/logo\/image\/"},"sameAs":["https:\/\/www.facebook.com\/anatomic.sk","https:\/\/www.instagram.com\/anatomic_holds_walls\/"]}]}},"_links":{"self":[{"href":"https:\/\/www.anatomic.sk\/eshop\/wp-json\/wp\/v2\/product\/11462","targetHints":{"allow":["GET"]}}],"collection":[{"href":"https:\/\/www.anatomic.sk\/eshop\/wp-json\/wp\/v2\/product"}],"about":[{"href":"https:\/\/www.anatomic.sk\/eshop\/wp-json\/wp\/v2\/types\/product"}],"version-history":[{"count":7,"href":"https:\/\/www.anatomic.sk\/eshop\/wp-json\/wp\/v2\/product\/11462\/revisions"}],"predecessor-version":[{"id":11662,"href":"https:\/\/www.anatomic.sk\/eshop\/wp-json\/wp\/v2\/product\/11462\/revisions\/11662"}],"wp:featuredmedia":[{"embeddable":true,"href":"https:\/\/www.anatomic.sk\/eshop\/wp-json\/wp\/v2\/media\/6059"}],"wp:attachment":[{"href":"https:\/\/www.anatomic.sk\/eshop\/wp-json\/wp\/v2\/media?parent=11462"}],"wp:term":[{"taxonomy":"product_brand","embeddable":true,"href":"https:\/\/www.anatomic.sk\/eshop\/wp-json\/wp\/v2\/product_brand?post=11462"},{"taxonomy":"product_cat","embeddable":true,"href":"https:\/\/www.anatomic.sk\/eshop\/wp-json\/wp\/v2\/product_cat?post=11462"},{"taxonomy":"product_tag","embeddable":true,"href":"https:\/\/www.anatomic.sk\/eshop\/wp-json\/wp\/v2\/product_tag?post=11462"}],"curies":[{"name":"wp","href":"https:\/\/api.w.org\/{rel}","templated":true}]}}