{"id":11441,"date":"2026-01-20T14:09:33","date_gmt":"2026-01-20T13:09:33","guid":{"rendered":"https:\/\/www.anatomic.sk\/eshop\/?post_type=product&#038;p=11441"},"modified":"2026-03-18T11:02:42","modified_gmt":"2026-03-18T10:02:42","slug":"leguan-vel-m","status":"publish","type":"product","link":"https:\/\/www.anatomic.sk\/eshop\/produkt\/leguan-vel-m\/","title":{"rendered":"Legu\u00e1n, ve\u013e. M"},"content":{"rendered":"<h2>Lezeck\u00e1 \u0161trukt\u00fara Legu\u00e1n<\/h2>\n<p>Stredn\u00fd variant z Legu\u00e1nov je 119cm dlh\u00fd a pribli\u017ene 81cm \u0161irok\u00fd. S v\u00fd\u0161kou maxim\u00e1lne 13cm nezasahuje do priestoru. \u0160trukt\u00fara m\u00e1 nepravideln\u00fd tvar a s r\u00f4znymi uhlami a mo\u017enos\u0165ami \u00fachopov pon\u00faka mno\u017estvo variant jej vyu\u017eitia aj pri dlhodobom pou\u017e\u00edvan\u00ed. Krativite sa nekl\u00e1du medze, in\u0161pirujte sa v gal\u00e9rii na\u0161ich <a href=\"https:\/\/www.anatomic.sk\/realizacie-lezeckych-stien\/\" target=\"_blank\" rel=\"noopener\">realizovan\u00fdch lezeck\u00fdch stien.<\/a><\/p>\n<p>\u0160trukt\u00fary obsahuj\u00fa oce\u013eov\u00e9 matice M10 pre osadenie chytov imbusov\u00fdmi skrutkami. Upev\u0148ovacie otvory s\u00fa vybaven\u00e9 oce\u013eov\u00fdmi vlo\u017ekami M5, ktor\u00e9 zjednodu\u0161uj\u00fa upevnenie a chr\u00e1nia \u0161trukt\u00faru pri opakovanej mont\u00e1\u017ei.<\/p>\n<p>\u0160trukt\u00fary s\u00fa vyroben\u00e9 z 18 mm preglejky rezanej na CNC stroji. Jednotliv\u00e9 diely s\u00fa zlepen\u00e9 a zoskrutkovan\u00e9 pre zabezpe\u010denie pevnosti a odolnosti. Povrchov\u00e1 \u00faprava poskytuje dobr\u00e9 trenie a chr\u00e1ni materi\u00e1l pri intenz\u00edvnom pou\u017e\u00edvan\u00ed.<\/p>\n<p>\u0160trukt\u00faru pon\u00fakame aj vo ve\u013ekosti S a L<\/p>\n<p><strong>Upozornenie:<\/strong> Mont\u00e1\u017ene skrutky nie s\u00fa s\u00fa\u010das\u0165ou balenia.<br \/>\n\u00a9 Anatomic 2021<\/p>\n\n    <div class=\"xs_social_share_widget xs_share_url after_content \t\tmain_content  wslu-style-1 wslu-share-box-shaped wslu-fill-colored wslu-none wslu-share-horizontal wslu-theme-font-no wslu-main_content\">\n\n\t\t\n        <ul>\n\t\t\t        <\/ul>\n    <\/div> \n","protected":false},"excerpt":{"rendered":"<table>\n<tbody>\n<tr>\n<td>Ve\u013ekos\u0165 -varianty<\/td>\n<td>M<\/td>\n<\/tr>\n<tr>\n<td>Rozmery (cm)<\/td>\n<td>119x81x13<\/td>\n<\/tr>\n<tr>\n<td colspan=\"3\"><img fetchpriority=\"high\" decoding=\"async\" class=\"alignnone size-medium wp-image-11064\" src=\"https:\/\/www.anatomic.sk\/eshop\/wp-content\/uploads\/2025\/12\/iguana-plywood-anatomic-1-300x184.png\" alt=\"Leguan | Iguana Plywood Volumes for Climbing | anatomic.sk\" width=\"300\" height=\"184\" srcset=\"https:\/\/www.anatomic.sk\/eshop\/wp-content\/uploads\/2025\/12\/iguana-plywood-anatomic-1-300x184.png 300w, https:\/\/www.anatomic.sk\/eshop\/wp-content\/uploads\/2025\/12\/iguana-plywood-anatomic-1.png 600w\" sizes=\"(max-width: 300px) 100vw, 300px\" \/><\/td>\n<\/tr>\n<tr>\n<td style=\"vertical-align: middle;\">Mont\u00e1\u017e<\/td>\n<td style=\"vertical-align: middle;\">7x<\/td>\n<td style=\"vertical-align: middle;\"><img decoding=\"async\" class=\"aligncenter wp-image-10985 size-full\" src=\"https:\/\/www.anatomic.sk\/eshop\/wp-content\/uploads\/2025\/12\/screw.png\" alt=\"\" width=\"50\" height=\"50\" \/><\/td>\n<\/tr>\n<tr>\n<td style=\"vertical-align: middle;\">Pou\u017eitie<\/td>\n<td style=\"vertical-align: middle;\"><img decoding=\"async\" class=\"aligncenter wp-image-10989\" src=\"https:\/\/www.anatomic.sk\/eshop\/wp-content\/uploads\/2025\/12\/90-angle.jpg\" alt=\"\" width=\"45\" height=\"45\" srcset=\"https:\/\/www.anatomic.sk\/eshop\/wp-content\/uploads\/2025\/12\/90-angle.jpg 60w, https:\/\/www.anatomic.sk\/eshop\/wp-content\/uploads\/2025\/12\/90-angle-50x50.jpg 50w\" sizes=\"(max-width: 45px) 100vw, 45px\" \/><\/td>\n<td style=\"vertical-align: middle;\"><img loading=\"lazy\" decoding=\"async\" class=\"aligncenter wp-image-10987\" src=\"https:\/\/www.anatomic.sk\/eshop\/wp-content\/uploads\/2025\/12\/0-angle.jpg\" alt=\"\" width=\"45\" height=\"45\" srcset=\"https:\/\/www.anatomic.sk\/eshop\/wp-content\/uploads\/2025\/12\/0-angle.jpg 60w, https:\/\/www.anatomic.sk\/eshop\/wp-content\/uploads\/2025\/12\/0-angle-50x50.jpg 50w\" sizes=\"(max-width: 45px) 100vw, 45px\" \/><\/td>\n<\/tr>\n<\/tbody>\n<\/table>\n","protected":false},"featured_media":7250,"template":"","meta":{"_acf_changed":false},"product_brand":[],"product_cat":[327,345],"product_tag":[],"class_list":{"0":"post-11441","1":"product","2":"type-product","3":"status-publish","4":"has-post-thumbnail","6":"product_cat-drevene-struktury","7":"product_cat-typ-leguan","8":"product_shipping_class-max-lenght-120","10":"first","11":"instock","12":"taxable","13":"shipping-taxable","14":"purchasable","15":"product-type-variable","16":"has-default-attributes"},"acf":[],"yoast_head":"<!-- This site is optimized with the Yoast SEO plugin v27.4 - https:\/\/yoast.com\/product\/yoast-seo-wordpress\/ -->\n<title>Legu\u00e1n, ve\u013e. M | Dreven\u00e1 \u0161trukt\u00fara | anatomic.sk<\/title>\n<meta name=\"description\" content=\"Legu\u00e1n, ve\u013e. M: Stredn\u00fd variant z Legu\u00e1nov je\u00a0119cm dlh\u00fd a pribli\u017ene 81cm \u0161irok\u00fd. S v\u00fd\u0161kou maxim\u00e1lne 13cm nezasahuje do priestoru.\" \/>\n<meta name=\"robots\" content=\"index, follow, max-snippet:-1, max-image-preview:large, max-video-preview:-1\" \/>\n<link rel=\"canonical\" href=\"https:\/\/www.anatomic.sk\/eshop\/produkt\/leguan-vel-m\/\" \/>\n<meta property=\"og:locale\" content=\"sk_SK\" \/>\n<meta property=\"og:type\" content=\"article\" \/>\n<meta property=\"og:title\" content=\"Legu\u00e1n, ve\u013e. M | Dreven\u00e1 \u0161trukt\u00fara | anatomic.sk\" \/>\n<meta property=\"og:description\" content=\"Legu\u00e1n, ve\u013e. M: Stredn\u00fd variant z Legu\u00e1nov je\u00a0119cm dlh\u00fd a pribli\u017ene 81cm \u0161irok\u00fd. S v\u00fd\u0161kou maxim\u00e1lne 13cm nezasahuje do priestoru.\" \/>\n<meta property=\"og:url\" content=\"https:\/\/www.anatomic.sk\/eshop\/produkt\/leguan-vel-m\/\" \/>\n<meta property=\"og:site_name\" content=\"Anatomic.sk\" \/>\n<meta property=\"article:publisher\" content=\"https:\/\/www.facebook.com\/anatomic.sk\" \/>\n<meta property=\"article:modified_time\" content=\"2026-03-18T10:02:42+00:00\" \/>\n<meta property=\"og:image\" content=\"https:\/\/www.anatomic.sk\/eshop\/wp-content\/uploads\/2025\/12\/plywood-volumes-leguan-m-1-1.jpg\" \/>\n\t<meta property=\"og:image:width\" content=\"1024\" \/>\n\t<meta property=\"og:image:height\" content=\"1024\" \/>\n\t<meta property=\"og:image:type\" content=\"image\/jpeg\" \/>\n<meta name=\"twitter:card\" content=\"summary_large_image\" \/>\n<meta name=\"twitter:label1\" content=\"Predpokladan\u00fd \u010das \u010d\u00edtania\" \/>\n\t<meta name=\"twitter:data1\" content=\"1 min\u00fata\" \/>\n<script type=\"application\/ld+json\" class=\"yoast-schema-graph\">{\"@context\":\"https:\\\/\\\/schema.org\",\"@graph\":[{\"@type\":\"WebPage\",\"@id\":\"https:\\\/\\\/www.anatomic.sk\\\/eshop\\\/produkt\\\/leguan-vel-m\\\/\",\"url\":\"https:\\\/\\\/www.anatomic.sk\\\/eshop\\\/produkt\\\/leguan-vel-m\\\/\",\"name\":\"Legu\u00e1n, ve\u013e. M | Dreven\u00e1 \u0161trukt\u00fara | anatomic.sk\",\"isPartOf\":{\"@id\":\"https:\\\/\\\/www.anatomic.sk\\\/eshop\\\/#website\"},\"primaryImageOfPage\":{\"@id\":\"https:\\\/\\\/www.anatomic.sk\\\/eshop\\\/produkt\\\/leguan-vel-m\\\/#primaryimage\"},\"image\":{\"@id\":\"https:\\\/\\\/www.anatomic.sk\\\/eshop\\\/produkt\\\/leguan-vel-m\\\/#primaryimage\"},\"thumbnailUrl\":\"https:\\\/\\\/www.anatomic.sk\\\/eshop\\\/wp-content\\\/uploads\\\/2025\\\/12\\\/plywood-volumes-leguan-m-1-1.jpg\",\"datePublished\":\"2026-01-20T13:09:33+00:00\",\"dateModified\":\"2026-03-18T10:02:42+00:00\",\"description\":\"Legu\u00e1n, ve\u013e. M: Stredn\u00fd variant z Legu\u00e1nov je\u00a0119cm dlh\u00fd a pribli\u017ene 81cm \u0161irok\u00fd. S v\u00fd\u0161kou maxim\u00e1lne 13cm nezasahuje do priestoru.\",\"breadcrumb\":{\"@id\":\"https:\\\/\\\/www.anatomic.sk\\\/eshop\\\/produkt\\\/leguan-vel-m\\\/#breadcrumb\"},\"inLanguage\":\"sk-SK\",\"potentialAction\":[{\"@type\":\"ReadAction\",\"target\":[\"https:\\\/\\\/www.anatomic.sk\\\/eshop\\\/produkt\\\/leguan-vel-m\\\/\"]}]},{\"@type\":\"ImageObject\",\"inLanguage\":\"sk-SK\",\"@id\":\"https:\\\/\\\/www.anatomic.sk\\\/eshop\\\/produkt\\\/leguan-vel-m\\\/#primaryimage\",\"url\":\"https:\\\/\\\/www.anatomic.sk\\\/eshop\\\/wp-content\\\/uploads\\\/2025\\\/12\\\/plywood-volumes-leguan-m-1-1.jpg\",\"contentUrl\":\"https:\\\/\\\/www.anatomic.sk\\\/eshop\\\/wp-content\\\/uploads\\\/2025\\\/12\\\/plywood-volumes-leguan-m-1-1.jpg\",\"width\":1024,\"height\":1024,\"caption\":\"Iguana Wooden VOlume | anatomic.sk\"},{\"@type\":\"BreadcrumbList\",\"@id\":\"https:\\\/\\\/www.anatomic.sk\\\/eshop\\\/produkt\\\/leguan-vel-m\\\/#breadcrumb\",\"itemListElement\":[{\"@type\":\"ListItem\",\"position\":1,\"name\":\"Domovsk\u00e1 str\u00e1nka\",\"item\":\"https:\\\/\\\/www.anatomic.sk\\\/eshop\\\/\"},{\"@type\":\"ListItem\",\"position\":2,\"name\":\"Obchod\",\"item\":\"https:\\\/\\\/www.anatomic.sk\\\/eshop\\\/obchod\\\/\"},{\"@type\":\"ListItem\",\"position\":3,\"name\":\"Legu\u00e1n, ve\u013e. M\"}]},{\"@type\":\"WebSite\",\"@id\":\"https:\\\/\\\/www.anatomic.sk\\\/eshop\\\/#website\",\"url\":\"https:\\\/\\\/www.anatomic.sk\\\/eshop\\\/\",\"name\":\"Anatomic Climbing Holds\",\"description\":\"Lezeck\u00e9 chyty a \u0161trukt\u00fary\",\"publisher\":{\"@id\":\"https:\\\/\\\/www.anatomic.sk\\\/eshop\\\/#organization\"},\"potentialAction\":[{\"@type\":\"SearchAction\",\"target\":{\"@type\":\"EntryPoint\",\"urlTemplate\":\"https:\\\/\\\/www.anatomic.sk\\\/eshop\\\/?s={search_term_string}\"},\"query-input\":{\"@type\":\"PropertyValueSpecification\",\"valueRequired\":true,\"valueName\":\"search_term_string\"}}],\"inLanguage\":\"sk-SK\"},{\"@type\":\"Organization\",\"@id\":\"https:\\\/\\\/www.anatomic.sk\\\/eshop\\\/#organization\",\"name\":\"Anatomic Climbing Holds\",\"url\":\"https:\\\/\\\/www.anatomic.sk\\\/eshop\\\/\",\"logo\":{\"@type\":\"ImageObject\",\"inLanguage\":\"sk-SK\",\"@id\":\"https:\\\/\\\/www.anatomic.sk\\\/eshop\\\/#\\\/schema\\\/logo\\\/image\\\/\",\"url\":\"https:\\\/\\\/www.anatomic.sk\\\/eshop\\\/wp-content\\\/uploads\\\/2025\\\/12\\\/cropped-logo-anatomic-sk.png\",\"contentUrl\":\"https:\\\/\\\/www.anatomic.sk\\\/eshop\\\/wp-content\\\/uploads\\\/2025\\\/12\\\/cropped-logo-anatomic-sk.png\",\"width\":200,\"height\":67,\"caption\":\"Anatomic Climbing Holds\"},\"image\":{\"@id\":\"https:\\\/\\\/www.anatomic.sk\\\/eshop\\\/#\\\/schema\\\/logo\\\/image\\\/\"},\"sameAs\":[\"https:\\\/\\\/www.facebook.com\\\/anatomic.sk\",\"https:\\\/\\\/www.instagram.com\\\/anatomic_holds_walls\\\/\"]}]}<\/script>\n<!-- \/ Yoast SEO plugin. -->","yoast_head_json":{"title":"Legu\u00e1n, ve\u013e. M | Dreven\u00e1 \u0161trukt\u00fara | anatomic.sk","description":"Legu\u00e1n, ve\u013e. M: Stredn\u00fd variant z Legu\u00e1nov je\u00a0119cm dlh\u00fd a pribli\u017ene 81cm \u0161irok\u00fd. S v\u00fd\u0161kou maxim\u00e1lne 13cm nezasahuje do priestoru.","robots":{"index":"index","follow":"follow","max-snippet":"max-snippet:-1","max-image-preview":"max-image-preview:large","max-video-preview":"max-video-preview:-1"},"canonical":"https:\/\/www.anatomic.sk\/eshop\/produkt\/leguan-vel-m\/","og_locale":"sk_SK","og_type":"article","og_title":"Legu\u00e1n, ve\u013e. M | Dreven\u00e1 \u0161trukt\u00fara | anatomic.sk","og_description":"Legu\u00e1n, ve\u013e. M: Stredn\u00fd variant z Legu\u00e1nov je\u00a0119cm dlh\u00fd a pribli\u017ene 81cm \u0161irok\u00fd. S v\u00fd\u0161kou maxim\u00e1lne 13cm nezasahuje do priestoru.","og_url":"https:\/\/www.anatomic.sk\/eshop\/produkt\/leguan-vel-m\/","og_site_name":"Anatomic.sk","article_publisher":"https:\/\/www.facebook.com\/anatomic.sk","article_modified_time":"2026-03-18T10:02:42+00:00","og_image":[{"width":1024,"height":1024,"url":"https:\/\/www.anatomic.sk\/eshop\/wp-content\/uploads\/2025\/12\/plywood-volumes-leguan-m-1-1.jpg","type":"image\/jpeg"}],"twitter_card":"summary_large_image","twitter_misc":{"Predpokladan\u00fd \u010das \u010d\u00edtania":"1 min\u00fata"},"schema":{"@context":"https:\/\/schema.org","@graph":[{"@type":"WebPage","@id":"https:\/\/www.anatomic.sk\/eshop\/produkt\/leguan-vel-m\/","url":"https:\/\/www.anatomic.sk\/eshop\/produkt\/leguan-vel-m\/","name":"Legu\u00e1n, ve\u013e. M | Dreven\u00e1 \u0161trukt\u00fara | anatomic.sk","isPartOf":{"@id":"https:\/\/www.anatomic.sk\/eshop\/#website"},"primaryImageOfPage":{"@id":"https:\/\/www.anatomic.sk\/eshop\/produkt\/leguan-vel-m\/#primaryimage"},"image":{"@id":"https:\/\/www.anatomic.sk\/eshop\/produkt\/leguan-vel-m\/#primaryimage"},"thumbnailUrl":"https:\/\/www.anatomic.sk\/eshop\/wp-content\/uploads\/2025\/12\/plywood-volumes-leguan-m-1-1.jpg","datePublished":"2026-01-20T13:09:33+00:00","dateModified":"2026-03-18T10:02:42+00:00","description":"Legu\u00e1n, ve\u013e. M: Stredn\u00fd variant z Legu\u00e1nov je\u00a0119cm dlh\u00fd a pribli\u017ene 81cm \u0161irok\u00fd. S v\u00fd\u0161kou maxim\u00e1lne 13cm nezasahuje do priestoru.","breadcrumb":{"@id":"https:\/\/www.anatomic.sk\/eshop\/produkt\/leguan-vel-m\/#breadcrumb"},"inLanguage":"sk-SK","potentialAction":[{"@type":"ReadAction","target":["https:\/\/www.anatomic.sk\/eshop\/produkt\/leguan-vel-m\/"]}]},{"@type":"ImageObject","inLanguage":"sk-SK","@id":"https:\/\/www.anatomic.sk\/eshop\/produkt\/leguan-vel-m\/#primaryimage","url":"https:\/\/www.anatomic.sk\/eshop\/wp-content\/uploads\/2025\/12\/plywood-volumes-leguan-m-1-1.jpg","contentUrl":"https:\/\/www.anatomic.sk\/eshop\/wp-content\/uploads\/2025\/12\/plywood-volumes-leguan-m-1-1.jpg","width":1024,"height":1024,"caption":"Iguana Wooden VOlume | anatomic.sk"},{"@type":"BreadcrumbList","@id":"https:\/\/www.anatomic.sk\/eshop\/produkt\/leguan-vel-m\/#breadcrumb","itemListElement":[{"@type":"ListItem","position":1,"name":"Domovsk\u00e1 str\u00e1nka","item":"https:\/\/www.anatomic.sk\/eshop\/"},{"@type":"ListItem","position":2,"name":"Obchod","item":"https:\/\/www.anatomic.sk\/eshop\/obchod\/"},{"@type":"ListItem","position":3,"name":"Legu\u00e1n, ve\u013e. M"}]},{"@type":"WebSite","@id":"https:\/\/www.anatomic.sk\/eshop\/#website","url":"https:\/\/www.anatomic.sk\/eshop\/","name":"Anatomic Climbing Holds","description":"Lezeck\u00e9 chyty a \u0161trukt\u00fary","publisher":{"@id":"https:\/\/www.anatomic.sk\/eshop\/#organization"},"potentialAction":[{"@type":"SearchAction","target":{"@type":"EntryPoint","urlTemplate":"https:\/\/www.anatomic.sk\/eshop\/?s={search_term_string}"},"query-input":{"@type":"PropertyValueSpecification","valueRequired":true,"valueName":"search_term_string"}}],"inLanguage":"sk-SK"},{"@type":"Organization","@id":"https:\/\/www.anatomic.sk\/eshop\/#organization","name":"Anatomic Climbing Holds","url":"https:\/\/www.anatomic.sk\/eshop\/","logo":{"@type":"ImageObject","inLanguage":"sk-SK","@id":"https:\/\/www.anatomic.sk\/eshop\/#\/schema\/logo\/image\/","url":"https:\/\/www.anatomic.sk\/eshop\/wp-content\/uploads\/2025\/12\/cropped-logo-anatomic-sk.png","contentUrl":"https:\/\/www.anatomic.sk\/eshop\/wp-content\/uploads\/2025\/12\/cropped-logo-anatomic-sk.png","width":200,"height":67,"caption":"Anatomic Climbing Holds"},"image":{"@id":"https:\/\/www.anatomic.sk\/eshop\/#\/schema\/logo\/image\/"},"sameAs":["https:\/\/www.facebook.com\/anatomic.sk","https:\/\/www.instagram.com\/anatomic_holds_walls\/"]}]}},"_links":{"self":[{"href":"https:\/\/www.anatomic.sk\/eshop\/wp-json\/wp\/v2\/product\/11441","targetHints":{"allow":["GET"]}}],"collection":[{"href":"https:\/\/www.anatomic.sk\/eshop\/wp-json\/wp\/v2\/product"}],"about":[{"href":"https:\/\/www.anatomic.sk\/eshop\/wp-json\/wp\/v2\/types\/product"}],"version-history":[{"count":6,"href":"https:\/\/www.anatomic.sk\/eshop\/wp-json\/wp\/v2\/product\/11441\/revisions"}],"predecessor-version":[{"id":11648,"href":"https:\/\/www.anatomic.sk\/eshop\/wp-json\/wp\/v2\/product\/11441\/revisions\/11648"}],"wp:featuredmedia":[{"embeddable":true,"href":"https:\/\/www.anatomic.sk\/eshop\/wp-json\/wp\/v2\/media\/7250"}],"wp:attachment":[{"href":"https:\/\/www.anatomic.sk\/eshop\/wp-json\/wp\/v2\/media?parent=11441"}],"wp:term":[{"taxonomy":"product_brand","embeddable":true,"href":"https:\/\/www.anatomic.sk\/eshop\/wp-json\/wp\/v2\/product_brand?post=11441"},{"taxonomy":"product_cat","embeddable":true,"href":"https:\/\/www.anatomic.sk\/eshop\/wp-json\/wp\/v2\/product_cat?post=11441"},{"taxonomy":"product_tag","embeddable":true,"href":"https:\/\/www.anatomic.sk\/eshop\/wp-json\/wp\/v2\/product_tag?post=11441"}],"curies":[{"name":"wp","href":"https:\/\/api.w.org\/{rel}","templated":true}]}}