{"id":11433,"date":"2026-01-20T14:05:48","date_gmt":"2026-01-20T13:05:48","guid":{"rendered":"https:\/\/www.anatomic.sk\/eshop\/?post_type=product&#038;p=11433"},"modified":"2026-03-18T12:40:16","modified_gmt":"2026-03-18T11:40:16","slug":"croissant-velkost-m","status":"publish","type":"product","link":"https:\/\/www.anatomic.sk\/eshop\/produkt\/croissant-velkost-m\/","title":{"rendered":"Croissant, ve\u013e. M"},"content":{"rendered":"<h2>Lezeck\u00e1 \u0161trukt\u00fara Croissant<\/h2>\n<p>Stredne ve\u013ek\u00fd variant z Croissant-ov je 112cm dlh\u00fd a 34cm \u0161irok\u00fd. T\u00e1to 13,6cm n\u00edzka \u0161trukt\u00fara sa perfektne &#8220;hod\u00ed&#8221; na ak\u00fako\u013evek lezeck\u00fa stenu. Ak h\u013ead\u00e1te nie\u010do, \u010do lezeck\u00e9 cesty neurob\u00ed \u0165a\u017e\u0161\u00edmi ale sk\u00f4r pr\u00edjemnej\u0161\u00edmi, Croissant je spr\u00e1vna vo\u013eba. \u0160trukt\u00faru upevn\u00edte na stenu skrutkami do dreva. Oce\u013eov\u00e9 vlo\u017eky M5 zabezpe\u010duj\u00fa jednuduch\u00fa mont\u00e1\u017e a ochranu proti opotrebeniu pri opakovanom premiest\u0148ovan\u00ed \u0161trukt\u00fary.<\/p>\n<p>\u0160trukt\u00fara svojou plochou pon\u00faka mno\u017estvo priestoru na osadenie \u010fal\u0161\u00edch chytov, pr\u00edpadne men\u0161\u00edch \u0161trukt\u00far a to iba pomocou skrutiek do dreva. \u0160trukt\u00fara obsahuje aj oce\u013eov\u00e9 matice M10 s vn\u00fatorn\u00fdm z\u00e1vitom na upevnenie chytov pomocou imbusov\u00fdch skrutiek.<\/p>\n<p>Ka\u017ed\u00fd kus \u0161trukt\u00fary je presne narezan\u00fd pomocou CNC stroja z kvalitnej 18mm hrubej preglejky. Jednotliv\u00e9 diely prec\u00edzne zlep\u00edme a zoskrutkujeme, \u010do zaru\u010duje pevnos\u0165 a odolnos\u0165 \u0161trukt\u00fary. Povrch \u0161trukt\u00fary o\u0161etrujeme n\u00e1terom, ktor\u00e9ho vlastnosti zabezpe\u010duj\u00fa dobr\u00e9 trenie a z\u00e1rove\u0148 zabra\u0148uje opotrebeniu pri intenz\u00edvnom lezen\u00ed.<\/p>\n<p>\u0160trukt\u00faru pon\u00fakame v dvoch \u010fal\u0161\u00edch ve\u013ekostiach S a L.<\/p>\n<p><strong>Upozornenie:<\/strong> Mont\u00e1\u017ene skrutky nie s\u00fa s\u00fa\u010das\u0165ou balenia.<\/p>\n<p>\u00a9 Anatomic 2021<\/p>\n\n    <div class=\"xs_social_share_widget xs_share_url after_content \t\tmain_content  wslu-style-1 wslu-share-box-shaped wslu-fill-colored wslu-none wslu-share-horizontal wslu-theme-font-no wslu-main_content\">\n\n\t\t\n        <ul>\n\t\t\t        <\/ul>\n    <\/div> \n","protected":false},"excerpt":{"rendered":"<table>\n<tbody>\n<tr>\n<td>Ve\u013ekos\u0165 -variant<\/td>\n<td>M<\/td>\n<\/tr>\n<tr>\n<td>Rozmery (cm)<\/td>\n<td>112x34x13.6<\/td>\n<\/tr>\n<tr>\n<td colspan=\"3\"><img fetchpriority=\"high\" decoding=\"async\" class=\"alignnone size-medium wp-image-11414\" src=\"https:\/\/www.anatomic.sk\/eshop\/wp-content\/uploads\/2026\/01\/croissant-anatomic-wood-300x280.png\" alt=\"Croissant Wooden Volume | anatomic.sk\" width=\"300\" height=\"280\" srcset=\"https:\/\/www.anatomic.sk\/eshop\/wp-content\/uploads\/2026\/01\/croissant-anatomic-wood-300x280.png 300w, https:\/\/www.anatomic.sk\/eshop\/wp-content\/uploads\/2026\/01\/croissant-anatomic-wood.png 600w\" sizes=\"(max-width: 300px) 100vw, 300px\" \/><\/td>\n<\/tr>\n<tr>\n<td style=\"vertical-align: middle;\">Mont\u00e1\u017e<\/td>\n<td style=\"vertical-align: middle;\">10x<\/td>\n<td style=\"vertical-align: middle;\"><img decoding=\"async\" class=\"aligncenter wp-image-10985 size-full\" src=\"https:\/\/www.anatomic.sk\/eshop\/wp-content\/uploads\/2025\/12\/screw.png\" alt=\"\" width=\"50\" height=\"50\" \/><\/td>\n<\/tr>\n<tr>\n<td style=\"vertical-align: middle;\">Pou\u017eitie<\/td>\n<td style=\"vertical-align: middle;\"><img decoding=\"async\" class=\"aligncenter wp-image-10989\" src=\"https:\/\/www.anatomic.sk\/eshop\/wp-content\/uploads\/2025\/12\/90-angle.jpg\" alt=\"\" width=\"45\" height=\"45\" srcset=\"https:\/\/www.anatomic.sk\/eshop\/wp-content\/uploads\/2025\/12\/90-angle.jpg 60w, https:\/\/www.anatomic.sk\/eshop\/wp-content\/uploads\/2025\/12\/90-angle-50x50.jpg 50w\" sizes=\"(max-width: 45px) 100vw, 45px\" \/><\/td>\n<td style=\"vertical-align: middle;\"><img loading=\"lazy\" decoding=\"async\" class=\"aligncenter wp-image-10987\" src=\"https:\/\/www.anatomic.sk\/eshop\/wp-content\/uploads\/2025\/12\/0-angle.jpg\" alt=\"\" width=\"45\" height=\"45\" srcset=\"https:\/\/www.anatomic.sk\/eshop\/wp-content\/uploads\/2025\/12\/0-angle.jpg 60w, https:\/\/www.anatomic.sk\/eshop\/wp-content\/uploads\/2025\/12\/0-angle-50x50.jpg 50w\" sizes=\"(max-width: 45px) 100vw, 45px\" \/><\/td>\n<\/tr>\n<\/tbody>\n<\/table>\n","protected":false},"featured_media":14228,"template":"","meta":{"_acf_changed":false},"product_brand":[],"product_cat":[327,339],"product_tag":[],"class_list":{"0":"post-11433","1":"product","2":"type-product","3":"status-publish","4":"has-post-thumbnail","6":"product_cat-drevene-struktury","7":"product_cat-typ-pizza","8":"product_shipping_class-max-lenght-120","10":"first","11":"instock","12":"taxable","13":"shipping-taxable","14":"purchasable","15":"product-type-variable","16":"has-default-attributes"},"acf":[],"yoast_head":"<!-- This site is optimized with the Yoast SEO plugin v27.4 - https:\/\/yoast.com\/product\/yoast-seo-wordpress\/ -->\n<title>Croissant, ve\u013e. M - Dreven\u00e1 \u0161trukt\u00fara | anatomic.sk<\/title>\n<meta name=\"description\" content=\"Croissant, ve\u013e. M: Stredne ve\u013ek\u00fd variant z Croissant-ov, rozmer 112x34cmx13,6cm. \u0160trukt\u00fara sa perfektne &quot;hod\u00ed&quot; na ak\u00fako\u013evek lezeck\u00fa stenu.\" \/>\n<meta name=\"robots\" content=\"index, follow, max-snippet:-1, max-image-preview:large, max-video-preview:-1\" \/>\n<link rel=\"canonical\" href=\"https:\/\/www.anatomic.sk\/eshop\/produkt\/croissant-velkost-m\/\" \/>\n<meta property=\"og:locale\" content=\"sk_SK\" \/>\n<meta property=\"og:type\" content=\"article\" \/>\n<meta property=\"og:title\" content=\"Croissant, ve\u013e. M - Dreven\u00e1 \u0161trukt\u00fara | anatomic.sk\" \/>\n<meta property=\"og:description\" content=\"Croissant, ve\u013e. M: Stredne ve\u013ek\u00fd variant z Croissant-ov, rozmer 112x34cmx13,6cm. \u0160trukt\u00fara sa perfektne &quot;hod\u00ed&quot; na ak\u00fako\u013evek lezeck\u00fa stenu.\" \/>\n<meta property=\"og:url\" content=\"https:\/\/www.anatomic.sk\/eshop\/produkt\/croissant-velkost-m\/\" \/>\n<meta property=\"og:site_name\" content=\"Anatomic.sk\" \/>\n<meta property=\"article:publisher\" content=\"https:\/\/www.facebook.com\/anatomic.sk\" \/>\n<meta property=\"article:modified_time\" content=\"2026-03-18T11:40:16+00:00\" \/>\n<meta property=\"og:image\" content=\"https:\/\/www.anatomic.sk\/eshop\/wp-content\/uploads\/2026\/01\/volumes-croissant-8.jpg\" \/>\n\t<meta property=\"og:image:width\" content=\"1024\" \/>\n\t<meta property=\"og:image:height\" content=\"1024\" \/>\n\t<meta property=\"og:image:type\" content=\"image\/jpeg\" \/>\n<meta name=\"twitter:card\" content=\"summary_large_image\" \/>\n<meta name=\"twitter:label1\" content=\"Predpokladan\u00fd \u010das \u010d\u00edtania\" \/>\n\t<meta name=\"twitter:data1\" content=\"2 min\u00faty\" \/>\n<script type=\"application\/ld+json\" class=\"yoast-schema-graph\">{\"@context\":\"https:\\\/\\\/schema.org\",\"@graph\":[{\"@type\":\"WebPage\",\"@id\":\"https:\\\/\\\/www.anatomic.sk\\\/eshop\\\/produkt\\\/croissant-velkost-m\\\/\",\"url\":\"https:\\\/\\\/www.anatomic.sk\\\/eshop\\\/produkt\\\/croissant-velkost-m\\\/\",\"name\":\"Croissant, ve\u013e. M - Dreven\u00e1 \u0161trukt\u00fara | anatomic.sk\",\"isPartOf\":{\"@id\":\"https:\\\/\\\/www.anatomic.sk\\\/eshop\\\/#website\"},\"primaryImageOfPage\":{\"@id\":\"https:\\\/\\\/www.anatomic.sk\\\/eshop\\\/produkt\\\/croissant-velkost-m\\\/#primaryimage\"},\"image\":{\"@id\":\"https:\\\/\\\/www.anatomic.sk\\\/eshop\\\/produkt\\\/croissant-velkost-m\\\/#primaryimage\"},\"thumbnailUrl\":\"https:\\\/\\\/www.anatomic.sk\\\/eshop\\\/wp-content\\\/uploads\\\/2026\\\/01\\\/volumes-croissant-8.jpg\",\"datePublished\":\"2026-01-20T13:05:48+00:00\",\"dateModified\":\"2026-03-18T11:40:16+00:00\",\"description\":\"Croissant, ve\u013e. M: Stredne ve\u013ek\u00fd variant z Croissant-ov, rozmer 112x34cmx13,6cm. \u0160trukt\u00fara sa perfektne \\\"hod\u00ed\\\" na ak\u00fako\u013evek lezeck\u00fa stenu.\",\"breadcrumb\":{\"@id\":\"https:\\\/\\\/www.anatomic.sk\\\/eshop\\\/produkt\\\/croissant-velkost-m\\\/#breadcrumb\"},\"inLanguage\":\"sk-SK\",\"potentialAction\":[{\"@type\":\"ReadAction\",\"target\":[\"https:\\\/\\\/www.anatomic.sk\\\/eshop\\\/produkt\\\/croissant-velkost-m\\\/\"]}]},{\"@type\":\"ImageObject\",\"inLanguage\":\"sk-SK\",\"@id\":\"https:\\\/\\\/www.anatomic.sk\\\/eshop\\\/produkt\\\/croissant-velkost-m\\\/#primaryimage\",\"url\":\"https:\\\/\\\/www.anatomic.sk\\\/eshop\\\/wp-content\\\/uploads\\\/2026\\\/01\\\/volumes-croissant-8.jpg\",\"contentUrl\":\"https:\\\/\\\/www.anatomic.sk\\\/eshop\\\/wp-content\\\/uploads\\\/2026\\\/01\\\/volumes-croissant-8.jpg\",\"width\":1024,\"height\":1024,\"caption\":\"Croissant - Plywood Volume Anatomic\"},{\"@type\":\"BreadcrumbList\",\"@id\":\"https:\\\/\\\/www.anatomic.sk\\\/eshop\\\/produkt\\\/croissant-velkost-m\\\/#breadcrumb\",\"itemListElement\":[{\"@type\":\"ListItem\",\"position\":1,\"name\":\"Domovsk\u00e1 str\u00e1nka\",\"item\":\"https:\\\/\\\/www.anatomic.sk\\\/eshop\\\/\"},{\"@type\":\"ListItem\",\"position\":2,\"name\":\"Obchod\",\"item\":\"https:\\\/\\\/www.anatomic.sk\\\/eshop\\\/obchod\\\/\"},{\"@type\":\"ListItem\",\"position\":3,\"name\":\"Croissant, ve\u013e. M\"}]},{\"@type\":\"WebSite\",\"@id\":\"https:\\\/\\\/www.anatomic.sk\\\/eshop\\\/#website\",\"url\":\"https:\\\/\\\/www.anatomic.sk\\\/eshop\\\/\",\"name\":\"Anatomic Climbing Holds\",\"description\":\"Lezeck\u00e9 chyty a \u0161trukt\u00fary\",\"publisher\":{\"@id\":\"https:\\\/\\\/www.anatomic.sk\\\/eshop\\\/#organization\"},\"potentialAction\":[{\"@type\":\"SearchAction\",\"target\":{\"@type\":\"EntryPoint\",\"urlTemplate\":\"https:\\\/\\\/www.anatomic.sk\\\/eshop\\\/?s={search_term_string}\"},\"query-input\":{\"@type\":\"PropertyValueSpecification\",\"valueRequired\":true,\"valueName\":\"search_term_string\"}}],\"inLanguage\":\"sk-SK\"},{\"@type\":\"Organization\",\"@id\":\"https:\\\/\\\/www.anatomic.sk\\\/eshop\\\/#organization\",\"name\":\"Anatomic Climbing Holds\",\"url\":\"https:\\\/\\\/www.anatomic.sk\\\/eshop\\\/\",\"logo\":{\"@type\":\"ImageObject\",\"inLanguage\":\"sk-SK\",\"@id\":\"https:\\\/\\\/www.anatomic.sk\\\/eshop\\\/#\\\/schema\\\/logo\\\/image\\\/\",\"url\":\"https:\\\/\\\/www.anatomic.sk\\\/eshop\\\/wp-content\\\/uploads\\\/2025\\\/12\\\/cropped-logo-anatomic-sk.png\",\"contentUrl\":\"https:\\\/\\\/www.anatomic.sk\\\/eshop\\\/wp-content\\\/uploads\\\/2025\\\/12\\\/cropped-logo-anatomic-sk.png\",\"width\":200,\"height\":67,\"caption\":\"Anatomic Climbing Holds\"},\"image\":{\"@id\":\"https:\\\/\\\/www.anatomic.sk\\\/eshop\\\/#\\\/schema\\\/logo\\\/image\\\/\"},\"sameAs\":[\"https:\\\/\\\/www.facebook.com\\\/anatomic.sk\",\"https:\\\/\\\/www.instagram.com\\\/anatomic_holds_walls\\\/\"]}]}<\/script>\n<!-- \/ Yoast SEO plugin. -->","yoast_head_json":{"title":"Croissant, ve\u013e. M - Dreven\u00e1 \u0161trukt\u00fara | anatomic.sk","description":"Croissant, ve\u013e. M: Stredne ve\u013ek\u00fd variant z Croissant-ov, rozmer 112x34cmx13,6cm. \u0160trukt\u00fara sa perfektne \"hod\u00ed\" na ak\u00fako\u013evek lezeck\u00fa stenu.","robots":{"index":"index","follow":"follow","max-snippet":"max-snippet:-1","max-image-preview":"max-image-preview:large","max-video-preview":"max-video-preview:-1"},"canonical":"https:\/\/www.anatomic.sk\/eshop\/produkt\/croissant-velkost-m\/","og_locale":"sk_SK","og_type":"article","og_title":"Croissant, ve\u013e. M - Dreven\u00e1 \u0161trukt\u00fara | anatomic.sk","og_description":"Croissant, ve\u013e. M: Stredne ve\u013ek\u00fd variant z Croissant-ov, rozmer 112x34cmx13,6cm. \u0160trukt\u00fara sa perfektne \"hod\u00ed\" na ak\u00fako\u013evek lezeck\u00fa stenu.","og_url":"https:\/\/www.anatomic.sk\/eshop\/produkt\/croissant-velkost-m\/","og_site_name":"Anatomic.sk","article_publisher":"https:\/\/www.facebook.com\/anatomic.sk","article_modified_time":"2026-03-18T11:40:16+00:00","og_image":[{"width":1024,"height":1024,"url":"https:\/\/www.anatomic.sk\/eshop\/wp-content\/uploads\/2026\/01\/volumes-croissant-8.jpg","type":"image\/jpeg"}],"twitter_card":"summary_large_image","twitter_misc":{"Predpokladan\u00fd \u010das \u010d\u00edtania":"2 min\u00faty"},"schema":{"@context":"https:\/\/schema.org","@graph":[{"@type":"WebPage","@id":"https:\/\/www.anatomic.sk\/eshop\/produkt\/croissant-velkost-m\/","url":"https:\/\/www.anatomic.sk\/eshop\/produkt\/croissant-velkost-m\/","name":"Croissant, ve\u013e. M - Dreven\u00e1 \u0161trukt\u00fara | anatomic.sk","isPartOf":{"@id":"https:\/\/www.anatomic.sk\/eshop\/#website"},"primaryImageOfPage":{"@id":"https:\/\/www.anatomic.sk\/eshop\/produkt\/croissant-velkost-m\/#primaryimage"},"image":{"@id":"https:\/\/www.anatomic.sk\/eshop\/produkt\/croissant-velkost-m\/#primaryimage"},"thumbnailUrl":"https:\/\/www.anatomic.sk\/eshop\/wp-content\/uploads\/2026\/01\/volumes-croissant-8.jpg","datePublished":"2026-01-20T13:05:48+00:00","dateModified":"2026-03-18T11:40:16+00:00","description":"Croissant, ve\u013e. M: Stredne ve\u013ek\u00fd variant z Croissant-ov, rozmer 112x34cmx13,6cm. \u0160trukt\u00fara sa perfektne \"hod\u00ed\" na ak\u00fako\u013evek lezeck\u00fa stenu.","breadcrumb":{"@id":"https:\/\/www.anatomic.sk\/eshop\/produkt\/croissant-velkost-m\/#breadcrumb"},"inLanguage":"sk-SK","potentialAction":[{"@type":"ReadAction","target":["https:\/\/www.anatomic.sk\/eshop\/produkt\/croissant-velkost-m\/"]}]},{"@type":"ImageObject","inLanguage":"sk-SK","@id":"https:\/\/www.anatomic.sk\/eshop\/produkt\/croissant-velkost-m\/#primaryimage","url":"https:\/\/www.anatomic.sk\/eshop\/wp-content\/uploads\/2026\/01\/volumes-croissant-8.jpg","contentUrl":"https:\/\/www.anatomic.sk\/eshop\/wp-content\/uploads\/2026\/01\/volumes-croissant-8.jpg","width":1024,"height":1024,"caption":"Croissant - Plywood Volume Anatomic"},{"@type":"BreadcrumbList","@id":"https:\/\/www.anatomic.sk\/eshop\/produkt\/croissant-velkost-m\/#breadcrumb","itemListElement":[{"@type":"ListItem","position":1,"name":"Domovsk\u00e1 str\u00e1nka","item":"https:\/\/www.anatomic.sk\/eshop\/"},{"@type":"ListItem","position":2,"name":"Obchod","item":"https:\/\/www.anatomic.sk\/eshop\/obchod\/"},{"@type":"ListItem","position":3,"name":"Croissant, ve\u013e. M"}]},{"@type":"WebSite","@id":"https:\/\/www.anatomic.sk\/eshop\/#website","url":"https:\/\/www.anatomic.sk\/eshop\/","name":"Anatomic Climbing Holds","description":"Lezeck\u00e9 chyty a \u0161trukt\u00fary","publisher":{"@id":"https:\/\/www.anatomic.sk\/eshop\/#organization"},"potentialAction":[{"@type":"SearchAction","target":{"@type":"EntryPoint","urlTemplate":"https:\/\/www.anatomic.sk\/eshop\/?s={search_term_string}"},"query-input":{"@type":"PropertyValueSpecification","valueRequired":true,"valueName":"search_term_string"}}],"inLanguage":"sk-SK"},{"@type":"Organization","@id":"https:\/\/www.anatomic.sk\/eshop\/#organization","name":"Anatomic Climbing Holds","url":"https:\/\/www.anatomic.sk\/eshop\/","logo":{"@type":"ImageObject","inLanguage":"sk-SK","@id":"https:\/\/www.anatomic.sk\/eshop\/#\/schema\/logo\/image\/","url":"https:\/\/www.anatomic.sk\/eshop\/wp-content\/uploads\/2025\/12\/cropped-logo-anatomic-sk.png","contentUrl":"https:\/\/www.anatomic.sk\/eshop\/wp-content\/uploads\/2025\/12\/cropped-logo-anatomic-sk.png","width":200,"height":67,"caption":"Anatomic Climbing Holds"},"image":{"@id":"https:\/\/www.anatomic.sk\/eshop\/#\/schema\/logo\/image\/"},"sameAs":["https:\/\/www.facebook.com\/anatomic.sk","https:\/\/www.instagram.com\/anatomic_holds_walls\/"]}]}},"_links":{"self":[{"href":"https:\/\/www.anatomic.sk\/eshop\/wp-json\/wp\/v2\/product\/11433","targetHints":{"allow":["GET"]}}],"collection":[{"href":"https:\/\/www.anatomic.sk\/eshop\/wp-json\/wp\/v2\/product"}],"about":[{"href":"https:\/\/www.anatomic.sk\/eshop\/wp-json\/wp\/v2\/types\/product"}],"version-history":[{"count":5,"href":"https:\/\/www.anatomic.sk\/eshop\/wp-json\/wp\/v2\/product\/11433\/revisions"}],"predecessor-version":[{"id":11643,"href":"https:\/\/www.anatomic.sk\/eshop\/wp-json\/wp\/v2\/product\/11433\/revisions\/11643"}],"wp:featuredmedia":[{"embeddable":true,"href":"https:\/\/www.anatomic.sk\/eshop\/wp-json\/wp\/v2\/media\/14228"}],"wp:attachment":[{"href":"https:\/\/www.anatomic.sk\/eshop\/wp-json\/wp\/v2\/media?parent=11433"}],"wp:term":[{"taxonomy":"product_brand","embeddable":true,"href":"https:\/\/www.anatomic.sk\/eshop\/wp-json\/wp\/v2\/product_brand?post=11433"},{"taxonomy":"product_cat","embeddable":true,"href":"https:\/\/www.anatomic.sk\/eshop\/wp-json\/wp\/v2\/product_cat?post=11433"},{"taxonomy":"product_tag","embeddable":true,"href":"https:\/\/www.anatomic.sk\/eshop\/wp-json\/wp\/v2\/product_tag?post=11433"}],"curies":[{"name":"wp","href":"https:\/\/api.w.org\/{rel}","templated":true}]}}