{"id":11182,"date":"2026-01-19T08:24:05","date_gmt":"2026-01-19T07:24:05","guid":{"rendered":"https:\/\/www.anatomic.sk\/eshop\/?post_type=product&#038;p=11182"},"modified":"2026-03-18T11:27:54","modified_gmt":"2026-03-18T10:27:54","slug":"trojuholnik-20-vel-s","status":"publish","type":"product","link":"https:\/\/www.anatomic.sk\/eshop\/produkt\/trojuholnik-20-vel-s\/","title":{"rendered":"Trojuholn\u00edk 20\u00b0, ve\u013e. S"},"content":{"rendered":"<h2>Trojuholn\u00edk 20\u00b0, ve\u013e. S<\/h2>\n<p>Najmen\u0161\u00ed variant klasickej trojuholn\u00edkovej \u0161trukt\u00fary m\u00e1 d\u013a\u017eku strany 27 cm a v\u00fd\u0161ku 5,7 cm. Aj napriek mal\u00fdm rozmerom vytv\u00e1ra zauj\u00edmav\u00e9 mikro-nerovnosti na stene, vhodn\u00e9 najm\u00e4 na technick\u00e9 kroky a pr\u00e1cu s telom. V\u0161etky tri plochy maj\u00fa sklon 20\u00b0. Trojuholn\u00edk 20\u00b0 je dostupn\u00fd v \u0161tyroch ve\u013ekostiach, \u010do umo\u017e\u0148uje r\u00f4znu kombin\u00e1ciu na <a href=\"https:\/\/www.anatomic.sk\/realizacie-lezeckych-stien\/\" target=\"_blank\" rel=\"noopener\">stene<\/a>.<\/p>\n<p>Oce\u013eov\u00e9 vlo\u017eky M5 v mont\u00e1\u017enych otvoroch u\u013eah\u010duj\u00fa in\u0161tal\u00e1ciu a chr\u00e1nia otvory pri \u010dastej prestavbe ciest.<\/p>\n<p>Povrchov\u00e1 \u00faprava zabezpe\u010duje dobr\u00e9 trenie a odolnos\u0165 aj pri intenz\u00edvnom pou\u017e\u00edvan\u00ed.<\/p>\n<p>\u00a9 Anatomic 2021<\/p>\n\n    <div class=\"xs_social_share_widget xs_share_url after_content \t\tmain_content  wslu-style-1 wslu-share-box-shaped wslu-fill-colored wslu-none wslu-share-horizontal wslu-theme-font-no wslu-main_content\">\n\n\t\t\n        <ul>\n\t\t\t        <\/ul>\n    <\/div> \n","protected":false},"excerpt":{"rendered":"<table>\n<tbody>\n<tr>\n<td>Ve\u013ekos\u0165 -variant<\/td>\n<td>S<\/td>\n<\/tr>\n<tr>\n<td>Rozmery (cm)<\/td>\n<td>27 x 5,7<\/td>\n<\/tr>\n<tr>\n<td colspan=\"3\"><img fetchpriority=\"high\" decoding=\"async\" class=\"alignnone size-medium wp-image-11046\" src=\"https:\/\/www.anatomic.sk\/eshop\/wp-content\/uploads\/2025\/12\/plywood-volumes-triangle-20-family-300x178.png\" alt=\"Trojuholn\u00edky 20\u00b0 | Triangles - Plywood Volumes Anatomic\" width=\"300\" height=\"178\" srcset=\"https:\/\/www.anatomic.sk\/eshop\/wp-content\/uploads\/2025\/12\/plywood-volumes-triangle-20-family-300x178.png 300w, https:\/\/www.anatomic.sk\/eshop\/wp-content\/uploads\/2025\/12\/plywood-volumes-triangle-20-family.png 600w\" sizes=\"(max-width: 300px) 100vw, 300px\" \/><\/td>\n<\/tr>\n<tr>\n<td style=\"vertical-align: middle;\">Mont\u00e1\u017e<\/td>\n<td style=\"vertical-align: middle;\">3x<\/td>\n<td style=\"vertical-align: middle;\"><img decoding=\"async\" class=\"aligncenter wp-image-10985 size-full\" src=\"https:\/\/www.anatomic.sk\/eshop\/wp-content\/uploads\/2025\/12\/screw.png\" alt=\"\" width=\"50\" height=\"50\" \/><\/td>\n<\/tr>\n<tr>\n<td style=\"vertical-align: middle;\">Pou\u017eitie<\/td>\n<td style=\"vertical-align: middle;\"><img decoding=\"async\" class=\"aligncenter wp-image-10989\" src=\"https:\/\/www.anatomic.sk\/eshop\/wp-content\/uploads\/2025\/12\/90-angle.jpg\" alt=\"\" width=\"45\" height=\"45\" srcset=\"https:\/\/www.anatomic.sk\/eshop\/wp-content\/uploads\/2025\/12\/90-angle.jpg 60w, https:\/\/www.anatomic.sk\/eshop\/wp-content\/uploads\/2025\/12\/90-angle-50x50.jpg 50w\" sizes=\"(max-width: 45px) 100vw, 45px\" \/><\/td>\n<td style=\"vertical-align: middle;\"><img loading=\"lazy\" decoding=\"async\" class=\"aligncenter wp-image-10987\" src=\"https:\/\/www.anatomic.sk\/eshop\/wp-content\/uploads\/2025\/12\/0-angle.jpg\" alt=\"\" width=\"45\" height=\"45\" srcset=\"https:\/\/www.anatomic.sk\/eshop\/wp-content\/uploads\/2025\/12\/0-angle.jpg 60w, https:\/\/www.anatomic.sk\/eshop\/wp-content\/uploads\/2025\/12\/0-angle-50x50.jpg 50w\" sizes=\"(max-width: 45px) 100vw, 45px\" \/><\/td>\n<\/tr>\n<\/tbody>\n<\/table>\n","protected":false},"featured_media":6918,"template":"","meta":{"_acf_changed":false},"product_brand":[],"product_cat":[327,329],"product_tag":[],"class_list":{"0":"post-11182","1":"product","2":"type-product","3":"status-publish","4":"has-post-thumbnail","6":"product_cat-drevene-struktury","7":"product_cat-trojuholniky","8":"product_shipping_class-hmotnost-nad-5kg","10":"first","11":"instock","12":"taxable","13":"shipping-taxable","14":"purchasable","15":"product-type-variable","16":"has-default-attributes"},"acf":[],"yoast_head":"<!-- This site is optimized with the Yoast SEO plugin v27.4 - https:\/\/yoast.com\/product\/yoast-seo-wordpress\/ -->\n<title>Trojuholn\u00edk 20\u00b0, ve\u013e. S - Mini klasick\u00e1 trojuholn\u00edkov\u00e1 \u0161trukt\u00fara<\/title>\n<meta name=\"description\" content=\"Trojuholn\u00edk 20\u00b0, ve\u013e. S - Najmen\u0161\u00ed variant klasickej trojuholn\u00edkovej \u0161trukt\u00fary s v\u00fd\u0161kou iba 5,7cm. Vhodn\u00e9 najm\u00e4 na technick\u00e9 kroky a pr\u00e1cu s telom\" \/>\n<meta name=\"robots\" content=\"index, follow, max-snippet:-1, max-image-preview:large, max-video-preview:-1\" \/>\n<link rel=\"canonical\" href=\"https:\/\/www.anatomic.sk\/eshop\/produkt\/trojuholnik-20-vel-s\/\" \/>\n<meta property=\"og:locale\" content=\"sk_SK\" \/>\n<meta property=\"og:type\" content=\"article\" \/>\n<meta property=\"og:title\" content=\"Trojuholn\u00edk 20\u00b0, ve\u013e. S - Mini klasick\u00e1 trojuholn\u00edkov\u00e1 \u0161trukt\u00fara\" \/>\n<meta property=\"og:description\" content=\"Trojuholn\u00edk 20\u00b0, ve\u013e. S - Najmen\u0161\u00ed variant klasickej trojuholn\u00edkovej \u0161trukt\u00fary s v\u00fd\u0161kou iba 5,7cm. Vhodn\u00e9 najm\u00e4 na technick\u00e9 kroky a pr\u00e1cu s telom\" \/>\n<meta property=\"og:url\" content=\"https:\/\/www.anatomic.sk\/eshop\/produkt\/trojuholnik-20-vel-s\/\" \/>\n<meta property=\"og:site_name\" content=\"Anatomic.sk\" \/>\n<meta property=\"article:publisher\" content=\"https:\/\/www.facebook.com\/anatomic.sk\" \/>\n<meta property=\"article:modified_time\" content=\"2026-03-18T10:27:54+00:00\" \/>\n<meta property=\"og:image\" content=\"https:\/\/www.anatomic.sk\/eshop\/wp-content\/uploads\/2025\/12\/climbing-volumes-s-low-1-1.jpg\" \/>\n\t<meta property=\"og:image:width\" content=\"1024\" \/>\n\t<meta property=\"og:image:height\" content=\"1024\" \/>\n\t<meta property=\"og:image:type\" content=\"image\/jpeg\" \/>\n<meta name=\"twitter:card\" content=\"summary_large_image\" \/>\n<meta name=\"twitter:label1\" content=\"Predpokladan\u00fd \u010das \u010d\u00edtania\" \/>\n\t<meta name=\"twitter:data1\" content=\"1 min\u00fata\" \/>\n<script type=\"application\/ld+json\" class=\"yoast-schema-graph\">{\"@context\":\"https:\\\/\\\/schema.org\",\"@graph\":[{\"@type\":\"WebPage\",\"@id\":\"https:\\\/\\\/www.anatomic.sk\\\/eshop\\\/produkt\\\/trojuholnik-20-vel-s\\\/\",\"url\":\"https:\\\/\\\/www.anatomic.sk\\\/eshop\\\/produkt\\\/trojuholnik-20-vel-s\\\/\",\"name\":\"Trojuholn\u00edk 20\u00b0, ve\u013e. S - Mini klasick\u00e1 trojuholn\u00edkov\u00e1 \u0161trukt\u00fara\",\"isPartOf\":{\"@id\":\"https:\\\/\\\/www.anatomic.sk\\\/eshop\\\/#website\"},\"primaryImageOfPage\":{\"@id\":\"https:\\\/\\\/www.anatomic.sk\\\/eshop\\\/produkt\\\/trojuholnik-20-vel-s\\\/#primaryimage\"},\"image\":{\"@id\":\"https:\\\/\\\/www.anatomic.sk\\\/eshop\\\/produkt\\\/trojuholnik-20-vel-s\\\/#primaryimage\"},\"thumbnailUrl\":\"https:\\\/\\\/www.anatomic.sk\\\/eshop\\\/wp-content\\\/uploads\\\/2025\\\/12\\\/climbing-volumes-s-low-1-1.jpg\",\"datePublished\":\"2026-01-19T07:24:05+00:00\",\"dateModified\":\"2026-03-18T10:27:54+00:00\",\"description\":\"Trojuholn\u00edk 20\u00b0, ve\u013e. S - Najmen\u0161\u00ed variant klasickej trojuholn\u00edkovej \u0161trukt\u00fary s v\u00fd\u0161kou iba 5,7cm. Vhodn\u00e9 najm\u00e4 na technick\u00e9 kroky a pr\u00e1cu s telom\",\"breadcrumb\":{\"@id\":\"https:\\\/\\\/www.anatomic.sk\\\/eshop\\\/produkt\\\/trojuholnik-20-vel-s\\\/#breadcrumb\"},\"inLanguage\":\"sk-SK\",\"potentialAction\":[{\"@type\":\"ReadAction\",\"target\":[\"https:\\\/\\\/www.anatomic.sk\\\/eshop\\\/produkt\\\/trojuholnik-20-vel-s\\\/\"]}]},{\"@type\":\"ImageObject\",\"inLanguage\":\"sk-SK\",\"@id\":\"https:\\\/\\\/www.anatomic.sk\\\/eshop\\\/produkt\\\/trojuholnik-20-vel-s\\\/#primaryimage\",\"url\":\"https:\\\/\\\/www.anatomic.sk\\\/eshop\\\/wp-content\\\/uploads\\\/2025\\\/12\\\/climbing-volumes-s-low-1-1.jpg\",\"contentUrl\":\"https:\\\/\\\/www.anatomic.sk\\\/eshop\\\/wp-content\\\/uploads\\\/2025\\\/12\\\/climbing-volumes-s-low-1-1.jpg\",\"width\":1024,\"height\":1024,\"caption\":\"Triangle 20\u00b0 | Plywood Volume Anatomic\"},{\"@type\":\"BreadcrumbList\",\"@id\":\"https:\\\/\\\/www.anatomic.sk\\\/eshop\\\/produkt\\\/trojuholnik-20-vel-s\\\/#breadcrumb\",\"itemListElement\":[{\"@type\":\"ListItem\",\"position\":1,\"name\":\"Domovsk\u00e1 str\u00e1nka\",\"item\":\"https:\\\/\\\/www.anatomic.sk\\\/eshop\\\/\"},{\"@type\":\"ListItem\",\"position\":2,\"name\":\"Obchod\",\"item\":\"https:\\\/\\\/www.anatomic.sk\\\/eshop\\\/obchod\\\/\"},{\"@type\":\"ListItem\",\"position\":3,\"name\":\"Trojuholn\u00edk 20\u00b0, ve\u013e. S\"}]},{\"@type\":\"WebSite\",\"@id\":\"https:\\\/\\\/www.anatomic.sk\\\/eshop\\\/#website\",\"url\":\"https:\\\/\\\/www.anatomic.sk\\\/eshop\\\/\",\"name\":\"Anatomic Climbing Holds\",\"description\":\"Lezeck\u00e9 chyty a \u0161trukt\u00fary\",\"publisher\":{\"@id\":\"https:\\\/\\\/www.anatomic.sk\\\/eshop\\\/#organization\"},\"potentialAction\":[{\"@type\":\"SearchAction\",\"target\":{\"@type\":\"EntryPoint\",\"urlTemplate\":\"https:\\\/\\\/www.anatomic.sk\\\/eshop\\\/?s={search_term_string}\"},\"query-input\":{\"@type\":\"PropertyValueSpecification\",\"valueRequired\":true,\"valueName\":\"search_term_string\"}}],\"inLanguage\":\"sk-SK\"},{\"@type\":\"Organization\",\"@id\":\"https:\\\/\\\/www.anatomic.sk\\\/eshop\\\/#organization\",\"name\":\"Anatomic Climbing Holds\",\"url\":\"https:\\\/\\\/www.anatomic.sk\\\/eshop\\\/\",\"logo\":{\"@type\":\"ImageObject\",\"inLanguage\":\"sk-SK\",\"@id\":\"https:\\\/\\\/www.anatomic.sk\\\/eshop\\\/#\\\/schema\\\/logo\\\/image\\\/\",\"url\":\"https:\\\/\\\/www.anatomic.sk\\\/eshop\\\/wp-content\\\/uploads\\\/2025\\\/12\\\/cropped-logo-anatomic-sk.png\",\"contentUrl\":\"https:\\\/\\\/www.anatomic.sk\\\/eshop\\\/wp-content\\\/uploads\\\/2025\\\/12\\\/cropped-logo-anatomic-sk.png\",\"width\":200,\"height\":67,\"caption\":\"Anatomic Climbing Holds\"},\"image\":{\"@id\":\"https:\\\/\\\/www.anatomic.sk\\\/eshop\\\/#\\\/schema\\\/logo\\\/image\\\/\"},\"sameAs\":[\"https:\\\/\\\/www.facebook.com\\\/anatomic.sk\",\"https:\\\/\\\/www.instagram.com\\\/anatomic_holds_walls\\\/\"]}]}<\/script>\n<!-- \/ Yoast SEO plugin. -->","yoast_head_json":{"title":"Trojuholn\u00edk 20\u00b0, ve\u013e. S - Mini klasick\u00e1 trojuholn\u00edkov\u00e1 \u0161trukt\u00fara","description":"Trojuholn\u00edk 20\u00b0, ve\u013e. S - Najmen\u0161\u00ed variant klasickej trojuholn\u00edkovej \u0161trukt\u00fary s v\u00fd\u0161kou iba 5,7cm. Vhodn\u00e9 najm\u00e4 na technick\u00e9 kroky a pr\u00e1cu s telom","robots":{"index":"index","follow":"follow","max-snippet":"max-snippet:-1","max-image-preview":"max-image-preview:large","max-video-preview":"max-video-preview:-1"},"canonical":"https:\/\/www.anatomic.sk\/eshop\/produkt\/trojuholnik-20-vel-s\/","og_locale":"sk_SK","og_type":"article","og_title":"Trojuholn\u00edk 20\u00b0, ve\u013e. S - Mini klasick\u00e1 trojuholn\u00edkov\u00e1 \u0161trukt\u00fara","og_description":"Trojuholn\u00edk 20\u00b0, ve\u013e. S - Najmen\u0161\u00ed variant klasickej trojuholn\u00edkovej \u0161trukt\u00fary s v\u00fd\u0161kou iba 5,7cm. Vhodn\u00e9 najm\u00e4 na technick\u00e9 kroky a pr\u00e1cu s telom","og_url":"https:\/\/www.anatomic.sk\/eshop\/produkt\/trojuholnik-20-vel-s\/","og_site_name":"Anatomic.sk","article_publisher":"https:\/\/www.facebook.com\/anatomic.sk","article_modified_time":"2026-03-18T10:27:54+00:00","og_image":[{"width":1024,"height":1024,"url":"https:\/\/www.anatomic.sk\/eshop\/wp-content\/uploads\/2025\/12\/climbing-volumes-s-low-1-1.jpg","type":"image\/jpeg"}],"twitter_card":"summary_large_image","twitter_misc":{"Predpokladan\u00fd \u010das \u010d\u00edtania":"1 min\u00fata"},"schema":{"@context":"https:\/\/schema.org","@graph":[{"@type":"WebPage","@id":"https:\/\/www.anatomic.sk\/eshop\/produkt\/trojuholnik-20-vel-s\/","url":"https:\/\/www.anatomic.sk\/eshop\/produkt\/trojuholnik-20-vel-s\/","name":"Trojuholn\u00edk 20\u00b0, ve\u013e. S - Mini klasick\u00e1 trojuholn\u00edkov\u00e1 \u0161trukt\u00fara","isPartOf":{"@id":"https:\/\/www.anatomic.sk\/eshop\/#website"},"primaryImageOfPage":{"@id":"https:\/\/www.anatomic.sk\/eshop\/produkt\/trojuholnik-20-vel-s\/#primaryimage"},"image":{"@id":"https:\/\/www.anatomic.sk\/eshop\/produkt\/trojuholnik-20-vel-s\/#primaryimage"},"thumbnailUrl":"https:\/\/www.anatomic.sk\/eshop\/wp-content\/uploads\/2025\/12\/climbing-volumes-s-low-1-1.jpg","datePublished":"2026-01-19T07:24:05+00:00","dateModified":"2026-03-18T10:27:54+00:00","description":"Trojuholn\u00edk 20\u00b0, ve\u013e. S - Najmen\u0161\u00ed variant klasickej trojuholn\u00edkovej \u0161trukt\u00fary s v\u00fd\u0161kou iba 5,7cm. Vhodn\u00e9 najm\u00e4 na technick\u00e9 kroky a pr\u00e1cu s telom","breadcrumb":{"@id":"https:\/\/www.anatomic.sk\/eshop\/produkt\/trojuholnik-20-vel-s\/#breadcrumb"},"inLanguage":"sk-SK","potentialAction":[{"@type":"ReadAction","target":["https:\/\/www.anatomic.sk\/eshop\/produkt\/trojuholnik-20-vel-s\/"]}]},{"@type":"ImageObject","inLanguage":"sk-SK","@id":"https:\/\/www.anatomic.sk\/eshop\/produkt\/trojuholnik-20-vel-s\/#primaryimage","url":"https:\/\/www.anatomic.sk\/eshop\/wp-content\/uploads\/2025\/12\/climbing-volumes-s-low-1-1.jpg","contentUrl":"https:\/\/www.anatomic.sk\/eshop\/wp-content\/uploads\/2025\/12\/climbing-volumes-s-low-1-1.jpg","width":1024,"height":1024,"caption":"Triangle 20\u00b0 | Plywood Volume Anatomic"},{"@type":"BreadcrumbList","@id":"https:\/\/www.anatomic.sk\/eshop\/produkt\/trojuholnik-20-vel-s\/#breadcrumb","itemListElement":[{"@type":"ListItem","position":1,"name":"Domovsk\u00e1 str\u00e1nka","item":"https:\/\/www.anatomic.sk\/eshop\/"},{"@type":"ListItem","position":2,"name":"Obchod","item":"https:\/\/www.anatomic.sk\/eshop\/obchod\/"},{"@type":"ListItem","position":3,"name":"Trojuholn\u00edk 20\u00b0, ve\u013e. S"}]},{"@type":"WebSite","@id":"https:\/\/www.anatomic.sk\/eshop\/#website","url":"https:\/\/www.anatomic.sk\/eshop\/","name":"Anatomic Climbing Holds","description":"Lezeck\u00e9 chyty a \u0161trukt\u00fary","publisher":{"@id":"https:\/\/www.anatomic.sk\/eshop\/#organization"},"potentialAction":[{"@type":"SearchAction","target":{"@type":"EntryPoint","urlTemplate":"https:\/\/www.anatomic.sk\/eshop\/?s={search_term_string}"},"query-input":{"@type":"PropertyValueSpecification","valueRequired":true,"valueName":"search_term_string"}}],"inLanguage":"sk-SK"},{"@type":"Organization","@id":"https:\/\/www.anatomic.sk\/eshop\/#organization","name":"Anatomic Climbing Holds","url":"https:\/\/www.anatomic.sk\/eshop\/","logo":{"@type":"ImageObject","inLanguage":"sk-SK","@id":"https:\/\/www.anatomic.sk\/eshop\/#\/schema\/logo\/image\/","url":"https:\/\/www.anatomic.sk\/eshop\/wp-content\/uploads\/2025\/12\/cropped-logo-anatomic-sk.png","contentUrl":"https:\/\/www.anatomic.sk\/eshop\/wp-content\/uploads\/2025\/12\/cropped-logo-anatomic-sk.png","width":200,"height":67,"caption":"Anatomic Climbing Holds"},"image":{"@id":"https:\/\/www.anatomic.sk\/eshop\/#\/schema\/logo\/image\/"},"sameAs":["https:\/\/www.facebook.com\/anatomic.sk","https:\/\/www.instagram.com\/anatomic_holds_walls\/"]}]}},"_links":{"self":[{"href":"https:\/\/www.anatomic.sk\/eshop\/wp-json\/wp\/v2\/product\/11182","targetHints":{"allow":["GET"]}}],"collection":[{"href":"https:\/\/www.anatomic.sk\/eshop\/wp-json\/wp\/v2\/product"}],"about":[{"href":"https:\/\/www.anatomic.sk\/eshop\/wp-json\/wp\/v2\/types\/product"}],"version-history":[{"count":8,"href":"https:\/\/www.anatomic.sk\/eshop\/wp-json\/wp\/v2\/product\/11182\/revisions"}],"predecessor-version":[{"id":12061,"href":"https:\/\/www.anatomic.sk\/eshop\/wp-json\/wp\/v2\/product\/11182\/revisions\/12061"}],"wp:featuredmedia":[{"embeddable":true,"href":"https:\/\/www.anatomic.sk\/eshop\/wp-json\/wp\/v2\/media\/6918"}],"wp:attachment":[{"href":"https:\/\/www.anatomic.sk\/eshop\/wp-json\/wp\/v2\/media?parent=11182"}],"wp:term":[{"taxonomy":"product_brand","embeddable":true,"href":"https:\/\/www.anatomic.sk\/eshop\/wp-json\/wp\/v2\/product_brand?post=11182"},{"taxonomy":"product_cat","embeddable":true,"href":"https:\/\/www.anatomic.sk\/eshop\/wp-json\/wp\/v2\/product_cat?post=11182"},{"taxonomy":"product_tag","embeddable":true,"href":"https:\/\/www.anatomic.sk\/eshop\/wp-json\/wp\/v2\/product_tag?post=11182"}],"curies":[{"name":"wp","href":"https:\/\/api.w.org\/{rel}","templated":true}]}}