{"id":3,"date":"2025-12-03T07:25:46","date_gmt":"2025-12-03T06:25:46","guid":{"rendered":"https:\/\/www.anatomic.sk\/eshop\/?page_id=3"},"modified":"2026-04-23T12:36:37","modified_gmt":"2026-04-23T10:36:37","slug":"obchodne-podmienky-gdpr","status":"publish","type":"page","link":"https:\/\/www.anatomic.sk\/eshop\/obchodne-podmienky-gdpr\/","title":{"rendered":"Obchodn\u00e9 podmienky, Reklama\u010dn\u00fd poriadok a GDPR"},"content":{"rendered":"\t\t<div data-elementor-type=\"wp-page\" data-elementor-id=\"3\" class=\"elementor elementor-3\">\n\t\t\t\t\t\t<section class=\"elementor-section elementor-top-section elementor-element elementor-element-34bb40f elementor-section-stretched elementor-section-height-min-height elementor-section-boxed elementor-section-height-default elementor-section-items-middle\" data-id=\"34bb40f\" data-element_type=\"section\" data-e-type=\"section\" data-settings=\"{&quot;background_background&quot;:&quot;classic&quot;,&quot;stretch_section&quot;:&quot;section-stretched&quot;,&quot;shape_divider_bottom&quot;:&quot;tilt&quot;}\">\n\t\t\t\t\t\t\t<div class=\"elementor-background-overlay\"><\/div>\n\t\t\t\t\t\t<div class=\"elementor-shape elementor-shape-bottom\" aria-hidden=\"true\" data-negative=\"false\">\n\t\t\t<svg xmlns=\"http:\/\/www.w3.org\/2000\/svg\" viewBox=\"0 0 1000 100\" preserveAspectRatio=\"none\">\n\t<path class=\"elementor-shape-fill\" d=\"M0,6V0h1000v100L0,6z\"\/>\n<\/svg>\t\t<\/div>\n\t\t\t\t\t<div class=\"elementor-container elementor-column-gap-default\">\n\t\t\t\t\t<div class=\"elementor-column elementor-col-100 elementor-top-column elementor-element elementor-element-deaad09\" data-id=\"deaad09\" data-element_type=\"column\" data-e-type=\"column\">\n\t\t\t<div class=\"elementor-widget-wrap elementor-element-populated\">\n\t\t\t\t<div class=\"elementor-element elementor-element-3ed4178 e-flex e-con-boxed e-con e-parent\" data-id=\"3ed4178\" data-element_type=\"container\" data-e-type=\"container\">\n\t\t\t\t\t<div class=\"e-con-inner\">\n\t\t\t\t<div class=\"elementor-element elementor-element-b03d73e elementor-widget-mobile__width-inherit elementor-widget-tablet__width-initial elementor-widget elementor-widget-elementskit-heading\" data-id=\"b03d73e\" data-element_type=\"widget\" data-e-type=\"widget\" data-widget_type=\"elementskit-heading.default\">\n\t\t\t\t\t<div class=\"ekit-wid-con\" ><div class=\"ekit-heading elementskit-section-title-wraper text_left   ekit_heading_tablet-   ekit_heading_mobile-\"><h2 class=\"ekit-heading--title elementskit-section-title \">Obchodn\u00e9 podmienky, Reklama\u010dn\u00fd poriadok a Ochrana osobn\u00fdch \u00fadajov<\/h2><h3 class=\"ekit-heading--subtitle elementskit-section-subtitle  \">\n\t\t\t\t\t\t \u2013 Anatomic.sk\n\t\t\t\t\t<\/h3><\/div><\/div>\t\t\t\t<\/div>\n\t\t\t\t\t<\/div>\n\t\t\t\t<\/div>\n\t\t\t\t\t<\/div>\n\t\t<\/div>\n\t\t\t\t\t<\/div>\n\t\t<\/section>\n\t\t<div class=\"elementor-element elementor-element-7c84490a e-flex e-con-boxed e-con e-parent\" data-id=\"7c84490a\" data-element_type=\"container\" data-e-type=\"container\">\n\t\t\t\t\t<div class=\"e-con-inner\">\n\t\t\t\t<div class=\"elementor-element elementor-element-60eec3ac elementor-widget elementor-widget-text-editor\" data-id=\"60eec3ac\" data-element_type=\"widget\" data-e-type=\"widget\" data-widget_type=\"text-editor.default\">\n\t\t\t\t\t\t\t\t\t<h2>1. Obchodn\u00e9 podmienky<\/h2><h3>1.1 Ceny<\/h3><p>Pre z\u00e1kazn\u00edka plat\u00ed aktu\u00e1lna cena pri z\u00e1v\u00e4znom objedn\u00e1van\u00ed. Ceny tovaru a slu\u017eieb s\u00fa vr\u00e1tane 23% DPH. Akciov\u00e9 ceny s\u00fa platn\u00e9 do d\u00e1tumu uveden\u00e9ho pri produkte alebo do vypredania z\u00e1sob.<\/p><h3>1.2 Zobrazovanie cien<\/h3><p>Ceny sa neregistrovan\u00fdm a pri z\u00e1kladnej registr\u00e1cii zobrazuj\u00fa s 23% DPH. Pri registr\u00e1cii B2B Eur\u00f3pa a B2B svet sa ceny zobrazuj\u00fa bez DPH.<\/p><h3>1.2 Objedn\u00e1vanie tovaru<\/h3><p>Pri k\u00fape kliknite na obr\u00e1zok ko\u0161\u00edka, tovar sa vlo\u017e\u00ed do n\u00e1kupn\u00e9ho ko\u0161\u00edka. Potom sa m\u00f4\u017eete rozhodn\u00fa\u0165 dokon\u010di\u0165 objedn\u00e1vku alebo pokra\u010dova\u0165 v n\u00e1kupe. Po z\u00e1v\u00e4znom potvrden\u00ed obdr\u017e\u00edte e-mail s potvrden\u00edm prijatia objedn\u00e1vky.<\/p><h3>1.3 Dodacie lehoty<\/h3><p>Dodacia lehota mal\u00fdch objedn\u00e1vok je obvykle 3 &#8211; 7 pracovn\u00fdch dn\u00ed pre slovensk\u00fdch a \u010desk\u00fdch z\u00e1kazn\u00edkov.<\/p><p>V\u00e4\u010d\u0161ie objedn\u00e1vky, ktor\u00e9 zah\u0155\u0148aj\u00fa najm\u00e4 lezeck\u00e9 \u0161trukt\u00fary dod\u00e1vame od 2 &#8211; 8 t\u00fd\u017ed\u0148ov, v z\u00e1vislosti od aktu\u00e1lneho vy\u0165a\u017eenia v\u00fdroby.<\/p><h3>1.4 Sp\u00f4sob dodania tovaru<\/h3><p>Tovar posielame kuri\u00e9rom alebo paletovou doru\u010dovaciou slu\u017ebou. Pre in\u00fa mo\u017enos\u0165 doru\u010denia n\u00e1s kontaktujte e-mailom: <a href=\"mailto:anatomic@anatomic.sk\">anatomic@anatomic.sk<\/a> alebo tel.: +421948308898.<\/p><table><tbody><tr><td><h3>Anatomic.sk nenesie zodpovednos\u0165 za:<\/h3><\/td><\/tr><tr><td>Oneskoren\u00e9 doru\u010denie sp\u00f4soben\u00e9 doru\u010dovate\u013eom (po\u0161ta, kuri\u00e9r)<\/td><\/tr><tr><td>Oneskoren\u00e9 doru\u010denie sp\u00f4soben\u00e9 nespr\u00e1vnou adresou prij\u00edmate\u013ea<\/td><\/tr><tr><td>Po\u0161kodenie sp\u00f4soben\u00e9 doru\u010dovate\u013eom<\/td><\/tr><tr><td><strong>Vidite\u013ene po\u0161koden\u00fd tovar nepreberajte!<\/strong><\/td><\/tr><\/tbody><\/table><h3>1.5 Sp\u00f4sob platby<\/h3><ul><li>Dobierka<\/li><li>Bankov\u00fdm prevodom<\/li><li>Platba kartou online<\/li><\/ul><h3>1.6 Stornovanie objedn\u00e1vky<\/h3><p>Kontaktujte n\u00e1s \u010do najsk\u00f4r e-mailom: <a href=\"mailto:anatomic@anatomic.sk\">anatomic@anatomic.sk<\/a> alebo tel.: +421948308898, ak chcete zru\u0161i\u0165 nevybaven\u00fa objedn\u00e1vku.<\/p>\t\t\t\t\t\t\t\t<\/div>\n\t\t\t\t\t<\/div>\n\t\t\t\t<\/div>\n\t\t<div class=\"elementor-element elementor-element-15b74aa e-flex e-con-boxed e-con e-parent\" data-id=\"15b74aa\" data-element_type=\"container\" data-e-type=\"container\">\n\t\t\t\t\t<div class=\"e-con-inner\">\n\t\t\t\t<div class=\"elementor-element elementor-element-23d5f3c elementor-widget elementor-widget-text-editor\" data-id=\"23d5f3c\" data-element_type=\"widget\" data-e-type=\"widget\" data-widget_type=\"text-editor.default\">\n\t\t\t\t\t\t\t\t\t<h2>2. Reklama\u010dn\u00fd poriadok<\/h2><h3>2.1 Z\u00e1ru\u010dn\u00e1 doba<\/h3><p>Z\u00e1ru\u010dn\u00e1 doba na v\u0161etok tovar je 24 mesiacov od prevzatia tovaru z\u00e1kazn\u00edkom.<\/p><h3>2.2 Postup pri reklamovan\u00ed<\/h3><p>Pred reklam\u00e1ciou n\u00e1s kontaktujte. Reklamovan\u00fd tovar za\u0161lite na:<\/p><ul><li>Anatomic s.r.o.<\/li><li>Na Str\u00e1ni \u017dilinsk\u00e1 Lehota 122<\/li><li>01001 \u017dilina<\/li><\/ul><p>Odpor\u00fa\u010dame zasla\u0165 doporu\u010denou z\u00e1sielkou, neprij\u00edmame dobierku. Prilo\u017ete k\u00f3piu da\u0148ov\u00e9ho dokladu a \u00fastri\u017eok od doru\u010dovate\u013ea.<\/p><p>Mo\u017enosti rie\u0161enia reklam\u00e1cie:<\/p><ul><li>V\u00fdmena tovaru kus za kus<\/li><li>V\u00fdmena za in\u00fd tovar do hodnoty reklamovan\u00e9ho tovaru<\/li><li>Vr\u00e1tenie pe\u0148az\u00ed<\/li><\/ul><p>Reklam\u00e1cia bude vybaven\u00e1 do 30 dn\u00ed od prijatia tovaru. N\u00e1klady na doru\u010denie reklamovan\u00e9ho tovaru nevraciame.<\/p><h3>2.3 Vr\u00e1tenie tovaru<\/h3><p>Spotrebite\u013e m\u00f4\u017ee odst\u00fapi\u0165 od zmluvy do 14 dn\u00ed od prevzatia tovaru. Tovar zasielajte na rovnak\u00fa adresu doporu\u010denou z\u00e1sielkou. Neposielajte dobierkou.<\/p><p>Peniaze V\u00e1m vr\u00e1time do 10 pracovn\u00fdch dn\u00ed od prijatia z\u00e1sielky. Odst\u00fapenie od zmluvy nie je mo\u017en\u00e9, ak:<\/p><ul><li>Tovar je mechanicky po\u0161koden\u00fd<\/li><li>Tovar m\u00e1 zn\u00e1mky pou\u017e\u00edvania<\/li><li>Tovar bol vyroben\u00fd na mieru alebo upraven\u00fd pre z\u00e1kazn\u00edka<\/li><\/ul><h3>2.4 Nekompletnos\u0165 alebo po\u0161kodenie<\/h3><p>Nahl\u00e1ste do 48 hod\u00edn od prevzatia e-mailom: <a href=\"mailto:anatomic@anatomic.sk\">anatomic@anatomic.sk<\/a>. Neskor\u0161ie reklam\u00e1cie nemusia by\u0165 uznan\u00e9.<\/p>\t\t\t\t\t\t\t\t<\/div>\n\t\t\t\t\t<\/div>\n\t\t\t\t<\/div>\n\t\t<div class=\"elementor-element elementor-element-c422f6e e-flex e-con-boxed e-con e-parent\" data-id=\"c422f6e\" data-element_type=\"container\" data-e-type=\"container\">\n\t\t\t\t\t<div class=\"e-con-inner\">\n\t\t\t\t<div class=\"elementor-element elementor-element-aa51c88 elementor-widget elementor-widget-text-editor\" data-id=\"aa51c88\" data-element_type=\"widget\" data-e-type=\"widget\" data-widget_type=\"text-editor.default\">\n\t\t\t\t\t\t\t\t\t<h2>3. Ochrana osobn\u00fdch \u00fadajov (GDPR)<\/h2><p>\u00a0<\/p><h3>3.1 \u00davod<\/h3><p>Va\u0161e osobn\u00e9 \u00fadaje sprac\u00favame v s\u00falade s legislat\u00edvou SR (2025), Nariaden\u00edm (E\u00da) 2016\/679 a z\u00e1konom \u010d. 18\/2018 Z.z. Pou\u017e\u00edvame len \u00fadaje, ktor\u00e9 s\u00fa nevyhnutn\u00e9 pre predaj tovaru a komunik\u00e1ciu so z\u00e1kazn\u00edkom.<\/p><h3>3.2 Prev\u00e1dzkovate\u013e a kontakt<\/h3><ul><li>Anatomic s.r.o., Na Str\u00e1ni \u017dilinsk\u00e1 Lehota 122, 01001 \u017dilina<\/li><li>I\u010cO: 50 457 161<\/li><li>E-mail: <a href=\"mailto:anatomic@anatomic.sk\">anatomic@anatomic.sk<\/a><\/li><li>Tel.: +421948255307<\/li><\/ul><h3>3.3 Zhroma\u017e\u010fovan\u00e9 osobn\u00e9 \u00fadaje<\/h3><table><thead><tr><th>Sp\u00f4sob z\u00edskania osobn\u00fdch \u00fadajov<\/th><th>Kateg\u00f3rie osobn\u00fdch \u00fadajov<\/th><\/tr><\/thead><tbody><tr><td>Registr\u00e1cia a n\u00e1kup v e-shope<\/td><td>Meno, priezvisko, adresa, faktura\u010dn\u00e9\/dodacie \u00fadaje, e-mail, telef\u00f3n, inform\u00e1cie o n\u00e1kupoch, prihlasovacie \u00fadaje<\/td><\/tr><tr><td>Newsletter<\/td><td>E-mail (iba so s\u00fahlasom)<\/td><\/tr><tr><td>Koment\u00e1re na str\u00e1nke<\/td><td>Meno, e-mail, IP adresa, User Agent, profilov\u00e1 fotografia Gravatar<\/td><\/tr><\/tbody><\/table><h3>3.4 \u00da\u010del a pr\u00e1vny z\u00e1klad<\/h3><ul><li>Plnenie zmluvy \u2013 spracovanie objedn\u00e1vky a doru\u010denie tovaru<\/li><li>Opr\u00e1vnen\u00fd z\u00e1ujem \u2013 rie\u0161enie reklam\u00e1ci\u00ed, s\u0165a\u017enost\u00ed<\/li><li>S\u00fahlas \u2013 newsletter alebo marketingov\u00e9 aktivity<\/li><\/ul><h3>3.5 Poskytnutie \u00fadajov<\/h3><p>M\u00f4\u017eeme zdie\u013ea\u0165 \u00fadaje s poskytovate\u013emi slu\u017eieb (IT, kuri\u00e9r, platobn\u00e9 br\u00e1ny, marketing, \u00fa\u010dtovn\u00edctvo) a so \u0161t\u00e1tnymi org\u00e1nmi, ak to vy\u017eaduje z\u00e1kon.<\/p><h3>3.6 Doba uchov\u00e1vania<\/h3><p>Osobn\u00e9 \u00fadaje uchov\u00e1vame max. 10 rokov, alebo pod\u013ea pr\u00e1vnych predpisov, pokia\u013e je potrebn\u00e9 pred\u013a\u017eenie (z\u00e1ruky, reklam\u00e1cie, intern\u00e9 vy\u0161etrovanie).<\/p><h3>3.7 Pr\u00e1va dotknutej osoby<\/h3><ul><li>Pr\u00edstup k \u00fadajom<\/li><li>Oprava alebo doplnenie \u00fadajov<\/li><li>Vymazanie \u00fadajov (pr\u00e1vo na zabudnutie)<\/li><li>Obmedzenie sprac\u00favania<\/li><li>Pr\u00e1vo na prenosnos\u0165 \u00fadajov<\/li><li>Pr\u00e1vo poda\u0165 s\u0165a\u017enos\u0165 dozorn\u00e9mu org\u00e1nu (\u00darad na ochranu osobn\u00fdch \u00fadajov)<\/li><\/ul><h3>3.8 Cookies a vlo\u017een\u00fd obsah<\/h3><p>Str\u00e1nka pou\u017e\u00edva cookies pre pohodlie, prihl\u00e1senie a koment\u00e1re. Vlo\u017een\u00fd obsah tret\u00edch str\u00e1n m\u00f4\u017ee zbiera\u0165 \u00fadaje, pou\u017e\u00edva\u0165 cookies a sledova\u0165 interakciu s obsahom.<\/p><hr \/><p style=\"text-align: right;\"><strong>Dokument platn\u00fd od 1.1.2025<br \/>Za Anatomic s.r.o.<br \/>Ing. Marek Rep\u010d\u00edk<\/strong><\/p>\t\t\t\t\t\t\t\t<\/div>\n\t\t\t\t\t<\/div>\n\t\t\t\t<\/div>\n\t\t\t\t<\/div>\n\t\t\n    <div class=\"xs_social_share_widget xs_share_url after_content \t\tmain_content  wslu-style-1 wslu-share-box-shaped wslu-fill-colored wslu-none wslu-share-horizontal wslu-theme-font-no wslu-main_content\">\n\n\t\t\n        <ul>\n\t\t\t        <\/ul>\n    <\/div> \n","protected":false},"excerpt":{"rendered":"<p>Obchodn\u00e9 podmienky, Reklama\u010dn\u00fd poriadok a Ochrana osobn\u00fdch \u00fadajov \u2013 Anatomic.sk 1. Obchodn\u00e9 podmienky 1.1 Ceny Pre z\u00e1kazn\u00edka plat\u00ed aktu\u00e1lna cena pri z\u00e1v\u00e4znom objedn\u00e1van\u00ed. Ceny tovaru a slu\u017eieb s\u00fa vr\u00e1tane 23%<\/p>\n","protected":false},"author":1,"featured_media":14860,"parent":0,"menu_order":0,"comment_status":"closed","ping_status":"open","template":"","meta":{"_acf_changed":false,"footnotes":""},"class_list":["post-3","page","type-page","status-publish","has-post-thumbnail","hentry"],"acf":[],"yoast_head":"<!-- This site is optimized with the Yoast SEO plugin v27.4 - https:\/\/yoast.com\/product\/yoast-seo-wordpress\/ -->\n<title>Obchodn\u00e9 podmienky, Reklama\u010dn\u00fd poriadok a GDPR - Anatomic.sk<\/title>\n<meta name=\"description\" content=\"Obchodn\u00e9 podmienky, reklama\u010dn\u00fd poriadok a GDPR. Inform\u00e1cie o n\u00e1kupoch, reklam\u00e1ci\u00e1ch a ochrane osobn\u00fdch \u00fadajov v Anatomic.\" \/>\n<meta name=\"robots\" content=\"index, follow, max-snippet:-1, max-image-preview:large, max-video-preview:-1\" \/>\n<link rel=\"canonical\" href=\"https:\/\/www.anatomic.sk\/eshop\/obchodne-podmienky-gdpr\/\" \/>\n<meta property=\"og:locale\" content=\"sk_SK\" \/>\n<meta property=\"og:type\" content=\"article\" \/>\n<meta property=\"og:title\" content=\"Obchodn\u00e9 podmienky, Reklama\u010dn\u00fd poriadok a GDPR - Anatomic.sk\" \/>\n<meta property=\"og:description\" content=\"Obchodn\u00e9 podmienky, reklama\u010dn\u00fd poriadok a GDPR. Inform\u00e1cie o n\u00e1kupoch, reklam\u00e1ci\u00e1ch a ochrane osobn\u00fdch \u00fadajov v Anatomic.\" \/>\n<meta property=\"og:url\" content=\"https:\/\/www.anatomic.sk\/eshop\/obchodne-podmienky-gdpr\/\" \/>\n<meta property=\"og:site_name\" content=\"Anatomic.sk\" \/>\n<meta property=\"article:publisher\" content=\"https:\/\/www.facebook.com\/anatomic.sk\" \/>\n<meta property=\"article:modified_time\" content=\"2026-04-23T10:36:37+00:00\" \/>\n<meta property=\"og:image\" content=\"https:\/\/www.anatomic.sk\/eshop\/wp-content\/uploads\/2026\/04\/climbing-holds-boards-2-5.jpg\" \/>\n\t<meta property=\"og:image:width\" content=\"1024\" \/>\n\t<meta property=\"og:image:height\" content=\"1024\" \/>\n\t<meta property=\"og:image:type\" content=\"image\/jpeg\" \/>\n<meta name=\"twitter:card\" content=\"summary_large_image\" \/>\n<meta name=\"twitter:label1\" content=\"Predpokladan\u00fd \u010das \u010d\u00edtania\" \/>\n\t<meta name=\"twitter:data1\" content=\"4 min\u00faty\" \/>\n<script type=\"application\/ld+json\" class=\"yoast-schema-graph\">{\"@context\":\"https:\\\/\\\/schema.org\",\"@graph\":[{\"@type\":\"WebPage\",\"@id\":\"https:\\\/\\\/www.anatomic.sk\\\/eshop\\\/obchodne-podmienky-gdpr\\\/\",\"url\":\"https:\\\/\\\/www.anatomic.sk\\\/eshop\\\/obchodne-podmienky-gdpr\\\/\",\"name\":\"Obchodn\u00e9 podmienky, Reklama\u010dn\u00fd poriadok a GDPR - Anatomic.sk\",\"isPartOf\":{\"@id\":\"https:\\\/\\\/www.anatomic.sk\\\/eshop\\\/#website\"},\"primaryImageOfPage\":{\"@id\":\"https:\\\/\\\/www.anatomic.sk\\\/eshop\\\/obchodne-podmienky-gdpr\\\/#primaryimage\"},\"image\":{\"@id\":\"https:\\\/\\\/www.anatomic.sk\\\/eshop\\\/obchodne-podmienky-gdpr\\\/#primaryimage\"},\"thumbnailUrl\":\"https:\\\/\\\/www.anatomic.sk\\\/eshop\\\/wp-content\\\/uploads\\\/2026\\\/04\\\/climbing-holds-boards-2-5.jpg\",\"datePublished\":\"2025-12-03T06:25:46+00:00\",\"dateModified\":\"2026-04-23T10:36:37+00:00\",\"description\":\"Obchodn\u00e9 podmienky, reklama\u010dn\u00fd poriadok a GDPR. Inform\u00e1cie o n\u00e1kupoch, reklam\u00e1ci\u00e1ch a ochrane osobn\u00fdch \u00fadajov v Anatomic.\",\"breadcrumb\":{\"@id\":\"https:\\\/\\\/www.anatomic.sk\\\/eshop\\\/obchodne-podmienky-gdpr\\\/#breadcrumb\"},\"inLanguage\":\"sk-SK\",\"potentialAction\":[{\"@type\":\"ReadAction\",\"target\":[\"https:\\\/\\\/www.anatomic.sk\\\/eshop\\\/obchodne-podmienky-gdpr\\\/\"]}]},{\"@type\":\"ImageObject\",\"inLanguage\":\"sk-SK\",\"@id\":\"https:\\\/\\\/www.anatomic.sk\\\/eshop\\\/obchodne-podmienky-gdpr\\\/#primaryimage\",\"url\":\"https:\\\/\\\/www.anatomic.sk\\\/eshop\\\/wp-content\\\/uploads\\\/2026\\\/04\\\/climbing-holds-boards-2-5.jpg\",\"contentUrl\":\"https:\\\/\\\/www.anatomic.sk\\\/eshop\\\/wp-content\\\/uploads\\\/2026\\\/04\\\/climbing-holds-boards-2-5.jpg\",\"width\":1024,\"height\":1024,\"caption\":\"Boards 2 Anatomic Climbing Holds\"},{\"@type\":\"BreadcrumbList\",\"@id\":\"https:\\\/\\\/www.anatomic.sk\\\/eshop\\\/obchodne-podmienky-gdpr\\\/#breadcrumb\",\"itemListElement\":[{\"@type\":\"ListItem\",\"position\":1,\"name\":\"Domovsk\u00e1 str\u00e1nka\",\"item\":\"https:\\\/\\\/www.anatomic.sk\\\/eshop\\\/\"},{\"@type\":\"ListItem\",\"position\":2,\"name\":\"Obchodn\u00e9 podmienky, Reklama\u010dn\u00fd poriadok a GDPR\"}]},{\"@type\":\"WebSite\",\"@id\":\"https:\\\/\\\/www.anatomic.sk\\\/eshop\\\/#website\",\"url\":\"https:\\\/\\\/www.anatomic.sk\\\/eshop\\\/\",\"name\":\"Anatomic Climbing Holds\",\"description\":\"Lezeck\u00e9 chyty a \u0161trukt\u00fary\",\"publisher\":{\"@id\":\"https:\\\/\\\/www.anatomic.sk\\\/eshop\\\/#organization\"},\"potentialAction\":[{\"@type\":\"SearchAction\",\"target\":{\"@type\":\"EntryPoint\",\"urlTemplate\":\"https:\\\/\\\/www.anatomic.sk\\\/eshop\\\/?s={search_term_string}\"},\"query-input\":{\"@type\":\"PropertyValueSpecification\",\"valueRequired\":true,\"valueName\":\"search_term_string\"}}],\"inLanguage\":\"sk-SK\"},{\"@type\":\"Organization\",\"@id\":\"https:\\\/\\\/www.anatomic.sk\\\/eshop\\\/#organization\",\"name\":\"Anatomic Climbing Holds\",\"url\":\"https:\\\/\\\/www.anatomic.sk\\\/eshop\\\/\",\"logo\":{\"@type\":\"ImageObject\",\"inLanguage\":\"sk-SK\",\"@id\":\"https:\\\/\\\/www.anatomic.sk\\\/eshop\\\/#\\\/schema\\\/logo\\\/image\\\/\",\"url\":\"https:\\\/\\\/www.anatomic.sk\\\/eshop\\\/wp-content\\\/uploads\\\/2025\\\/12\\\/cropped-logo-anatomic-sk.png\",\"contentUrl\":\"https:\\\/\\\/www.anatomic.sk\\\/eshop\\\/wp-content\\\/uploads\\\/2025\\\/12\\\/cropped-logo-anatomic-sk.png\",\"width\":200,\"height\":67,\"caption\":\"Anatomic Climbing Holds\"},\"image\":{\"@id\":\"https:\\\/\\\/www.anatomic.sk\\\/eshop\\\/#\\\/schema\\\/logo\\\/image\\\/\"},\"sameAs\":[\"https:\\\/\\\/www.facebook.com\\\/anatomic.sk\",\"https:\\\/\\\/www.instagram.com\\\/anatomic_holds_walls\\\/\"]}]}<\/script>\n<!-- \/ Yoast SEO plugin. -->","yoast_head_json":{"title":"Obchodn\u00e9 podmienky, Reklama\u010dn\u00fd poriadok a GDPR - Anatomic.sk","description":"Obchodn\u00e9 podmienky, reklama\u010dn\u00fd poriadok a GDPR. Inform\u00e1cie o n\u00e1kupoch, reklam\u00e1ci\u00e1ch a ochrane osobn\u00fdch \u00fadajov v Anatomic.","robots":{"index":"index","follow":"follow","max-snippet":"max-snippet:-1","max-image-preview":"max-image-preview:large","max-video-preview":"max-video-preview:-1"},"canonical":"https:\/\/www.anatomic.sk\/eshop\/obchodne-podmienky-gdpr\/","og_locale":"sk_SK","og_type":"article","og_title":"Obchodn\u00e9 podmienky, Reklama\u010dn\u00fd poriadok a GDPR - Anatomic.sk","og_description":"Obchodn\u00e9 podmienky, reklama\u010dn\u00fd poriadok a GDPR. Inform\u00e1cie o n\u00e1kupoch, reklam\u00e1ci\u00e1ch a ochrane osobn\u00fdch \u00fadajov v Anatomic.","og_url":"https:\/\/www.anatomic.sk\/eshop\/obchodne-podmienky-gdpr\/","og_site_name":"Anatomic.sk","article_publisher":"https:\/\/www.facebook.com\/anatomic.sk","article_modified_time":"2026-04-23T10:36:37+00:00","og_image":[{"width":1024,"height":1024,"url":"https:\/\/www.anatomic.sk\/eshop\/wp-content\/uploads\/2026\/04\/climbing-holds-boards-2-5.jpg","type":"image\/jpeg"}],"twitter_card":"summary_large_image","twitter_misc":{"Predpokladan\u00fd \u010das \u010d\u00edtania":"4 min\u00faty"},"schema":{"@context":"https:\/\/schema.org","@graph":[{"@type":"WebPage","@id":"https:\/\/www.anatomic.sk\/eshop\/obchodne-podmienky-gdpr\/","url":"https:\/\/www.anatomic.sk\/eshop\/obchodne-podmienky-gdpr\/","name":"Obchodn\u00e9 podmienky, Reklama\u010dn\u00fd poriadok a GDPR - Anatomic.sk","isPartOf":{"@id":"https:\/\/www.anatomic.sk\/eshop\/#website"},"primaryImageOfPage":{"@id":"https:\/\/www.anatomic.sk\/eshop\/obchodne-podmienky-gdpr\/#primaryimage"},"image":{"@id":"https:\/\/www.anatomic.sk\/eshop\/obchodne-podmienky-gdpr\/#primaryimage"},"thumbnailUrl":"https:\/\/www.anatomic.sk\/eshop\/wp-content\/uploads\/2026\/04\/climbing-holds-boards-2-5.jpg","datePublished":"2025-12-03T06:25:46+00:00","dateModified":"2026-04-23T10:36:37+00:00","description":"Obchodn\u00e9 podmienky, reklama\u010dn\u00fd poriadok a GDPR. Inform\u00e1cie o n\u00e1kupoch, reklam\u00e1ci\u00e1ch a ochrane osobn\u00fdch \u00fadajov v Anatomic.","breadcrumb":{"@id":"https:\/\/www.anatomic.sk\/eshop\/obchodne-podmienky-gdpr\/#breadcrumb"},"inLanguage":"sk-SK","potentialAction":[{"@type":"ReadAction","target":["https:\/\/www.anatomic.sk\/eshop\/obchodne-podmienky-gdpr\/"]}]},{"@type":"ImageObject","inLanguage":"sk-SK","@id":"https:\/\/www.anatomic.sk\/eshop\/obchodne-podmienky-gdpr\/#primaryimage","url":"https:\/\/www.anatomic.sk\/eshop\/wp-content\/uploads\/2026\/04\/climbing-holds-boards-2-5.jpg","contentUrl":"https:\/\/www.anatomic.sk\/eshop\/wp-content\/uploads\/2026\/04\/climbing-holds-boards-2-5.jpg","width":1024,"height":1024,"caption":"Boards 2 Anatomic Climbing Holds"},{"@type":"BreadcrumbList","@id":"https:\/\/www.anatomic.sk\/eshop\/obchodne-podmienky-gdpr\/#breadcrumb","itemListElement":[{"@type":"ListItem","position":1,"name":"Domovsk\u00e1 str\u00e1nka","item":"https:\/\/www.anatomic.sk\/eshop\/"},{"@type":"ListItem","position":2,"name":"Obchodn\u00e9 podmienky, Reklama\u010dn\u00fd poriadok a GDPR"}]},{"@type":"WebSite","@id":"https:\/\/www.anatomic.sk\/eshop\/#website","url":"https:\/\/www.anatomic.sk\/eshop\/","name":"Anatomic Climbing Holds","description":"Lezeck\u00e9 chyty a \u0161trukt\u00fary","publisher":{"@id":"https:\/\/www.anatomic.sk\/eshop\/#organization"},"potentialAction":[{"@type":"SearchAction","target":{"@type":"EntryPoint","urlTemplate":"https:\/\/www.anatomic.sk\/eshop\/?s={search_term_string}"},"query-input":{"@type":"PropertyValueSpecification","valueRequired":true,"valueName":"search_term_string"}}],"inLanguage":"sk-SK"},{"@type":"Organization","@id":"https:\/\/www.anatomic.sk\/eshop\/#organization","name":"Anatomic Climbing Holds","url":"https:\/\/www.anatomic.sk\/eshop\/","logo":{"@type":"ImageObject","inLanguage":"sk-SK","@id":"https:\/\/www.anatomic.sk\/eshop\/#\/schema\/logo\/image\/","url":"https:\/\/www.anatomic.sk\/eshop\/wp-content\/uploads\/2025\/12\/cropped-logo-anatomic-sk.png","contentUrl":"https:\/\/www.anatomic.sk\/eshop\/wp-content\/uploads\/2025\/12\/cropped-logo-anatomic-sk.png","width":200,"height":67,"caption":"Anatomic Climbing Holds"},"image":{"@id":"https:\/\/www.anatomic.sk\/eshop\/#\/schema\/logo\/image\/"},"sameAs":["https:\/\/www.facebook.com\/anatomic.sk","https:\/\/www.instagram.com\/anatomic_holds_walls\/"]}]}},"_links":{"self":[{"href":"https:\/\/www.anatomic.sk\/eshop\/wp-json\/wp\/v2\/pages\/3","targetHints":{"allow":["GET"]}}],"collection":[{"href":"https:\/\/www.anatomic.sk\/eshop\/wp-json\/wp\/v2\/pages"}],"about":[{"href":"https:\/\/www.anatomic.sk\/eshop\/wp-json\/wp\/v2\/types\/page"}],"author":[{"embeddable":true,"href":"https:\/\/www.anatomic.sk\/eshop\/wp-json\/wp\/v2\/users\/1"}],"replies":[{"embeddable":true,"href":"https:\/\/www.anatomic.sk\/eshop\/wp-json\/wp\/v2\/comments?post=3"}],"version-history":[{"count":10,"href":"https:\/\/www.anatomic.sk\/eshop\/wp-json\/wp\/v2\/pages\/3\/revisions"}],"predecessor-version":[{"id":15474,"href":"https:\/\/www.anatomic.sk\/eshop\/wp-json\/wp\/v2\/pages\/3\/revisions\/15474"}],"wp:featuredmedia":[{"embeddable":true,"href":"https:\/\/www.anatomic.sk\/eshop\/wp-json\/wp\/v2\/media\/14860"}],"wp:attachment":[{"href":"https:\/\/www.anatomic.sk\/eshop\/wp-json\/wp\/v2\/media?parent=3"}],"curies":[{"name":"wp","href":"https:\/\/api.w.org\/{rel}","templated":true}]}}